{"id":12608,"date":"2025-03-27T11:35:04","date_gmt":"2025-03-27T10:35:04","guid":{"rendered":"https:\/\/elixfpv.com\/?page_id=12608"},"modified":"2026-03-10T08:40:12","modified_gmt":"2026-03-10T07:40:12","slug":"systeme-video-hd","status":"publish","type":"page","link":"https:\/\/elixfpv.com\/ja\/systeme-video-hd\/","title":{"rendered":"Syst\u00e8me vid\u00e9o HD"},"content":{"rendered":"<div data-elementor-type=\"wp-page\" data-elementor-id=\"12608\" class=\"elementor elementor-12608\" data-elementor-settings=\"{&quot;element_pack_global_tooltip_width&quot;:{&quot;unit&quot;:&quot;px&quot;,&quot;size&quot;:&quot;&quot;,&quot;sizes&quot;:[]},&quot;element_pack_global_tooltip_width_tablet&quot;:{&quot;unit&quot;:&quot;px&quot;,&quot;size&quot;:&quot;&quot;,&quot;sizes&quot;:[]},&quot;element_pack_global_tooltip_width_mobile&quot;:{&quot;unit&quot;:&quot;px&quot;,&quot;size&quot;:&quot;&quot;,&quot;sizes&quot;:[]},&quot;element_pack_global_tooltip_padding&quot;:{&quot;unit&quot;:&quot;px&quot;,&quot;top&quot;:&quot;&quot;,&quot;right&quot;:&quot;&quot;,&quot;bottom&quot;:&quot;&quot;,&quot;left&quot;:&quot;&quot;,&quot;isLinked&quot;:true},&quot;element_pack_global_tooltip_padding_tablet&quot;:{&quot;unit&quot;:&quot;px&quot;,&quot;top&quot;:&quot;&quot;,&quot;right&quot;:&quot;&quot;,&quot;bottom&quot;:&quot;&quot;,&quot;left&quot;:&quot;&quot;,&quot;isLinked&quot;:true},&quot;element_pack_global_tooltip_padding_mobile&quot;:{&quot;unit&quot;:&quot;px&quot;,&quot;top&quot;:&quot;&quot;,&quot;right&quot;:&quot;&quot;,&quot;bottom&quot;:&quot;&quot;,&quot;left&quot;:&quot;&quot;,&quot;isLinked&quot;:true},&quot;element_pack_global_tooltip_border_radius&quot;:{&quot;unit&quot;:&quot;px&quot;,&quot;top&quot;:&quot;&quot;,&quot;right&quot;:&quot;&quot;,&quot;bottom&quot;:&quot;&quot;,&quot;left&quot;:&quot;&quot;,&quot;isLinked&quot;:true},&quot;element_pack_global_tooltip_border_radius_tablet&quot;:{&quot;unit&quot;:&quot;px&quot;,&quot;top&quot;:&quot;&quot;,&quot;right&quot;:&quot;&quot;,&quot;bottom&quot;:&quot;&quot;,&quot;left&quot;:&quot;&quot;,&quot;isLinked&quot;:true},&quot;element_pack_global_tooltip_border_radius_mobile&quot;:{&quot;unit&quot;:&quot;px&quot;,&quot;top&quot;:&quot;&quot;,&quot;right&quot;:&quot;&quot;,&quot;bottom&quot;:&quot;&quot;,&quot;left&quot;:&quot;&quot;,&quot;isLinked&quot;:true}}\" data-elementor-post-type=\"page\">\n\t\t\t\t<div class=\"elementor-element elementor-element-6634d3bb e-flex e-con-boxed e-con e-parent\" data-id=\"6634d3bb\" data-element_type=\"container\" data-e-type=\"container\">\n\t\t\t\t\t<div class=\"e-con-inner\">\n\t\t\t\t<div class=\"elementor-element elementor-element-1faa4f14 elementor-widget__width-initial elementor-widget elementor-widget-html\" data-id=\"1faa4f14\" data-element_type=\"widget\" data-e-type=\"widget\" data-widget_type=\"html.default\">\n\t\t\t\t<div class=\"elementor-widget-container\">\n\t\t\t\t\t<style>\r\n    \/* Conteneur global pour aligner Titre et Bouton *\/\r\n    .elix-header-layout {\r\n        display: flex;\r\n        flex-direction: column; \/* Les empile verticalement *\/\r\n        gap: 20px; \/* Espace entre le titre et le bouton *\/\r\n        align-items: flex-start; \/* Align\u00e9 \u00e0 gauche *\/\r\n        margin-bottom: 40px; \/* Espace sous le bloc *\/\r\n    }\r\n\r\n    \/* Le Titre du Drone *\/\r\n    .elix-drone-title {\r\n        color: #fff;\r\n        font-family: \"Helvetica Neue\", Helvetica, Arial, sans-serif;\r\n        font-weight: 700;\r\n        text-transform: uppercase;\r\n        font-size: 32px; \/* Taille du titre *\/\r\n        line-height: 1.2;\r\n        margin: 0;\r\n        letter-spacing: 1px;\r\n    }\r\n\r\n    \/* Le Bouton Carr\u00e9 (Retour) *\/\r\n    .elix-back-box {\r\n        display: flex;\r\n        align-items: center;\r\n        justify-content: center;\r\n        width: 50px;  \/* Largeur du carr\u00e9 *\/\r\n        height: 50px; \/* Hauteur du carr\u00e9 *\/\r\n        border: 2px solid #ffffff; \/* Cadre blanc *\/\r\n        background: transparent;\r\n        color: #ffffff;\r\n        transition: all 0.3s ease;\r\n        text-decoration: none; \/* Pas de soulignement *\/\r\n        box-sizing: border-box; \/* Assure que la bordure ne change pas la taille *\/\r\n    }\r\n\r\n    \/* Effet au survol : Fond blanc, fl\u00e8che noire *\/\r\n    .elix-back-box:hover {\r\n        background-color: #ffffff;\r\n        color: #000000;\r\n        box-shadow: 0 0 15px rgba(255, 255, 255, 0.3);\r\n    }\r\n    \r\n     .elix-back-box svg:hover {\r\n        width: 18px;\r\n        height: 18px;\r\n        fill: black!important; \/* La couleur suit le texte (blanc puis noir) *\/\r\n    }\r\n\r\n    \/* L'ic\u00f4ne Fl\u00e8che (SVG) *\/\r\n    .elix-back-box svg {\r\n        width: 18px;\r\n        height: 18px;\r\n        fill: white; \/* La couleur suit le texte (blanc puis noir) *\/\r\n    }\r\n<\/style>\r\n\r\n<div class=\"elix-header-layout\">\r\n    \r\n\r\n\r\n    <a href=\"https:\/\/elixfpv.com\/ja\/cameras\/\" class=\"elix-back-box\" aria-label=\"Retour aux drones\">\r\n        <svg viewbox=\"0 0 320 512\">\r\n            <path d=\"M34.52 239.03L228.87 44.69c9.37-9.37 24.57-9.37 33.94 0l22.67 22.67c9.36 9.36 9.37 24.52.04 33.9L131.49 256l154.02 154.75c9.34 9.38 9.32 24.54-.04 33.9l-22.67 22.67c-9.37 9.37-24.57 9.37-33.94 0L34.52 272.97c-9.37-9.37-9.37-24.57 0-33.94z\"\/>\r\n        <\/svg>\r\n    <\/a>\r\n\r\n<\/div>\t\t\t\t<\/div>\n\t\t\t\t<\/div>\n\t\t\t\t\t<\/div>\n\t\t\t\t<\/div>\n\t\t<div class=\"elementor-element elementor-element-70db316b e-flex e-con-boxed e-con e-parent\" data-id=\"70db316b\" data-element_type=\"container\" data-e-type=\"container\" data-settings=\"{&quot;background_background&quot;:&quot;video&quot;}\">\n\t\t\t\t\t<div class=\"e-con-inner\">\n\t\t\t\t<div class=\"elementor-element elementor-element-705ed1db elementor-widget elementor-widget-image\" data-id=\"705ed1db\" data-element_type=\"widget\" data-e-type=\"widget\" data-widget_type=\"image.default\">\n\t\t\t\t<div class=\"elementor-widget-container\">\n\t\t\t\t\t\t\t\t\t\t\t\t\t\t\t<img fetchpriority=\"high\" decoding=\"async\" width=\"689\" height=\"693\" src=\"https:\/\/elixfpv.com\/wp-content\/uploads\/2026\/01\/Systeme-Video-HD.png\" class=\"attachment-large size-large wp-image-14561\" alt=\"\" srcset=\"https:\/\/elixfpv.com\/wp-content\/uploads\/2026\/01\/Systeme-Video-HD.png 689w, https:\/\/elixfpv.com\/wp-content\/uploads\/2026\/01\/Systeme-Video-HD-298x300.png 298w, https:\/\/elixfpv.com\/wp-content\/uploads\/2026\/01\/Systeme-Video-HD-150x150.png 150w\" sizes=\"(max-width: 689px) 100vw, 689px\" \/>\t\t\t\t\t\t\t\t\t\t\t\t\t\t\t<\/div>\n\t\t\t\t<\/div>\n\t\t\t\t\t<\/div>\n\t\t\t\t<\/div>\n\t\t<div class=\"elementor-element elementor-element-5950b875 e-flex e-con-boxed e-con e-parent\" data-id=\"5950b875\" data-element_type=\"container\" data-e-type=\"container\">\n\t\t\t\t\t<div class=\"e-con-inner\">\n\t\t\t\t<div class=\"elementor-element elementor-element-78a32957 elementor-widget elementor-widget-heading\" data-id=\"78a32957\" data-element_type=\"widget\" data-e-type=\"widget\" data-widget_type=\"heading.default\">\n\t\t\t\t<div class=\"elementor-widget-container\">\n\t\t\t\t\t<h2 class=\"elementor-heading-title elementor-size-default\">CAMERA FPV HD<\/h2>\t\t\t\t<\/div>\n\t\t\t\t<\/div>\n\t\t\t\t\t<\/div>\n\t\t\t\t<\/div>\n\t\t<div class=\"elementor-element elementor-element-3443e936 e-flex e-con-boxed e-con e-parent\" data-id=\"3443e936\" data-element_type=\"container\" data-e-type=\"container\">\n\t\t\t\t\t<div class=\"e-con-inner\">\n\t\t<div class=\"elementor-element elementor-element-5edc7343 e-grid e-con-full e-con e-child\" data-id=\"5edc7343\" data-element_type=\"container\" data-e-type=\"container\">\n\t\t\t\t<div class=\"elementor-element elementor-element-72cbcce5 elementor-widget elementor-widget-image\" data-id=\"72cbcce5\" data-element_type=\"widget\" data-e-type=\"widget\" data-widget_type=\"image.default\">\n\t\t\t\t<div class=\"elementor-widget-container\">\n\t\t\t\t\t\t\t\t\t\t\t\t\t\t\t\t<a href=\"#elementor-action%3Aaction%3Dpopup%3Aopen%26settings%3DeyJpZCI6IjE0MDIzIiwidG9nZ2xlIjpmYWxzZX0%3D\">\n\t\t\t\t\t\t\t<img decoding=\"async\" width=\"800\" height=\"450\" src=\"https:\/\/elixfpv.com\/wp-content\/uploads\/2025\/11\/photo-1497436072909-60f360e1d4b1-1024x576.jpeg\" class=\"attachment-large size-large wp-image-14022\" alt=\"\" srcset=\"https:\/\/elixfpv.com\/wp-content\/uploads\/2025\/11\/photo-1497436072909-60f360e1d4b1-1024x576.jpeg 1024w, https:\/\/elixfpv.com\/wp-content\/uploads\/2025\/11\/photo-1497436072909-60f360e1d4b1-300x169.jpeg 300w, https:\/\/elixfpv.com\/wp-content\/uploads\/2025\/11\/photo-1497436072909-60f360e1d4b1-768x432.jpeg 768w, https:\/\/elixfpv.com\/wp-content\/uploads\/2025\/11\/photo-1497436072909-60f360e1d4b1-1536x864.jpeg 1536w, https:\/\/elixfpv.com\/wp-content\/uploads\/2025\/11\/photo-1497436072909-60f360e1d4b1-2048x1152.jpeg 2048w\" sizes=\"(max-width: 800px) 100vw, 800px\" \/>\t\t\t\t\t\t\t\t<\/a>\n\t\t\t\t\t\t\t\t\t\t\t\t\t\t\t<\/div>\n\t\t\t\t<\/div>\n\t\t\t\t<div class=\"elementor-element elementor-element-57e40ca elementor-widget elementor-widget-image\" data-id=\"57e40ca\" data-element_type=\"widget\" data-e-type=\"widget\" data-widget_type=\"image.default\">\n\t\t\t\t<div class=\"elementor-widget-container\">\n\t\t\t\t\t\t\t\t\t\t\t\t\t\t\t\t<a href=\"#elementor-action%3Aaction%3Dpopup%3Aopen%26settings%3DeyJpZCI6IjE0MDIzIiwidG9nZ2xlIjpmYWxzZX0%3D\">\n\t\t\t\t\t\t\t<img decoding=\"async\" width=\"800\" height=\"450\" src=\"https:\/\/elixfpv.com\/wp-content\/uploads\/2025\/11\/matt-wang-dBp9dbQCh4Q-unsplash-1024x576.jpg\" class=\"attachment-large size-large wp-image-14021\" alt=\"\" srcset=\"https:\/\/elixfpv.com\/wp-content\/uploads\/2025\/11\/matt-wang-dBp9dbQCh4Q-unsplash-1024x576.jpg 1024w, https:\/\/elixfpv.com\/wp-content\/uploads\/2025\/11\/matt-wang-dBp9dbQCh4Q-unsplash-300x169.jpg 300w, https:\/\/elixfpv.com\/wp-content\/uploads\/2025\/11\/matt-wang-dBp9dbQCh4Q-unsplash-768x432.jpg 768w, https:\/\/elixfpv.com\/wp-content\/uploads\/2025\/11\/matt-wang-dBp9dbQCh4Q-unsplash-1536x864.jpg 1536w, https:\/\/elixfpv.com\/wp-content\/uploads\/2025\/11\/matt-wang-dBp9dbQCh4Q-unsplash-2048x1152.jpg 2048w\" sizes=\"(max-width: 800px) 100vw, 800px\" \/>\t\t\t\t\t\t\t\t<\/a>\n\t\t\t\t\t\t\t\t\t\t\t\t\t\t\t<\/div>\n\t\t\t\t<\/div>\n\t\t\t\t<div class=\"elementor-element elementor-element-372719a8 elementor-widget elementor-widget-image\" data-id=\"372719a8\" data-element_type=\"widget\" data-e-type=\"widget\" data-widget_type=\"image.default\">\n\t\t\t\t<div class=\"elementor-widget-container\">\n\t\t\t\t\t\t\t\t\t\t\t\t\t\t\t\t<a href=\"#elementor-action%3Aaction%3Dpopup%3Aopen%26settings%3DeyJpZCI6IjE0MDIzIiwidG9nZ2xlIjpmYWxzZX0%3D\">\n\t\t\t\t\t\t\t<img loading=\"lazy\" decoding=\"async\" width=\"800\" height=\"500\" src=\"https:\/\/elixfpv.com\/wp-content\/uploads\/2025\/11\/luka-verc-grPhIvFoDGM-unsplash-1024x640.jpg\" class=\"attachment-large size-large wp-image-14020\" alt=\"\" srcset=\"https:\/\/elixfpv.com\/wp-content\/uploads\/2025\/11\/luka-verc-grPhIvFoDGM-unsplash-1024x640.jpg 1024w, https:\/\/elixfpv.com\/wp-content\/uploads\/2025\/11\/luka-verc-grPhIvFoDGM-unsplash-300x188.jpg 300w, https:\/\/elixfpv.com\/wp-content\/uploads\/2025\/11\/luka-verc-grPhIvFoDGM-unsplash-768x480.jpg 768w, https:\/\/elixfpv.com\/wp-content\/uploads\/2025\/11\/luka-verc-grPhIvFoDGM-unsplash-1536x960.jpg 1536w, https:\/\/elixfpv.com\/wp-content\/uploads\/2025\/11\/luka-verc-grPhIvFoDGM-unsplash-2048x1280.jpg 2048w\" sizes=\"(max-width: 800px) 100vw, 800px\" \/>\t\t\t\t\t\t\t\t<\/a>\n\t\t\t\t\t\t\t\t\t\t\t\t\t\t\t<\/div>\n\t\t\t\t<\/div>\n\t\t\t\t<\/div>\n\t\t\t\t\t<\/div>\n\t\t\t\t<\/div>\n\t\t<div class=\"elementor-element elementor-element-7ac6dfab e-flex e-con-boxed e-con e-parent\" data-id=\"7ac6dfab\" data-element_type=\"container\" data-e-type=\"container\" data-settings=\"{&quot;background_background&quot;:&quot;classic&quot;}\">\n\t\t\t\t\t<div class=\"e-con-inner\">\n\t\t\t\t<div class=\"elementor-element elementor-element-3dca1593 elementor-widget elementor-widget-text-editor\" data-id=\"3dca1593\" data-element_type=\"widget\" data-e-type=\"widget\" data-widget_type=\"text-editor.default\">\n\t\t\t\t<div class=\"elementor-widget-container\">\n\t\t\t\t\t\t\t\t\t<p><strong>La cam\u00e9ra FPV est l&rsquo;\u0153il du pilote<\/strong>:<\/p><p>Situ\u00e9e \u00e0 l&rsquo;avant du drone, elle est branch\u00e9e \u00e0 un transmetteur vid\u00e9o (V.T.X), qui diffuse le flux vid\u00e9o en quasi-instantan\u00e9e dans les lunettes port\u00e9es par le pilote.<\/p><p>Elle est diff\u00e9rente de la cam\u00e9ra utilis\u00e9e pour filmer, mais peut s&rsquo;envisager comme une bonne solution dans certaines situations.<\/p><p>Le syst\u00e8me vid\u00e9o HD est pr\u00e9sent dans le FPV depuis quelques ann\u00e9es, mais il est depuis peu une option pour filmer. Son avantage principal est de ne plus avoir besoin d&rsquo;une cam\u00e9ra externe, permettant d&rsquo;all\u00e9ger le drone, ou de filmer en HD sur des formats de drone FPV de plus en plus petits.<\/p><p>DJI est pour le moment <strong>la seule marque<\/strong> qui propose un syst\u00e8me vid\u00e9o HD int\u00e9ressant pour les tournages (Hormis la diffusion en live.)<\/p><p>J&rsquo;ai trouv\u00e9 un r\u00e9el int\u00e9r\u00eat \u00e0 l&rsquo;utiliser pour les <span style=\"text-decoration: underline;\"><a href=\"https:\/\/elixfpv.com\/ja\/vol-en-interieur\/\" target=\"_blank\" rel=\"noopener\"><strong>vols en int\u00e9rieur<\/strong><\/a>,<\/span> ainsi que les formats de drones FPV ultra compact.<\/p><p>J&rsquo;utilise ce syst\u00e8me vid\u00e9o sur mon Cinewhoop 85mm \/ Cinewhoop 2.5&Prime; Double op\u00e9rateur \/ <a href=\"https:\/\/elixfpv.com\/ja\/kayoumini\/\" target=\"_blank\" rel=\"noopener\"><span style=\"text-decoration: underline;\"><strong>Kayoumini<\/strong><\/span><\/a>.<\/p>\t\t\t\t\t\t\t\t<\/div>\n\t\t\t\t<\/div>\n\t\t\t\t<div class=\"elementor-element elementor-element-257e6463 animated-slow elementor-invisible elementor-widget elementor-widget-html\" data-id=\"257e6463\" data-element_type=\"widget\" data-e-type=\"widget\" data-settings=\"{&quot;_animation&quot;:&quot;fadeInUp&quot;}\" data-widget_type=\"html.default\">\n\t\t\t\t<div class=\"elementor-widget-container\">\n\t\t\t\t\t<table border=\"1\" cellpadding=\"8\" cellspacing=\"0\">\n  <thead>\n    <tr>\n      <th colspan=\"2\">FICHE TECHNIQUE<\/th>\n    <\/tr>\n  <\/thead>\n  <tbody>\n    <tr>\n      <td>Nom<\/td>\n      <td>DJI Air Unit 04 Pro \/ DJI air unit 04 lite<\/td>\n    <\/tr>\n    <tr>\n      <td>Marque<\/td>\n      <td>DJI<\/td>\n    <\/tr>\n    <tr>\n      <td>Poids<\/td>\n      <td>04 Pro: 32 gr<br><br>04 Lite: 8,2 gr<\/td>\n    <\/tr>\n    <tr>\n      <td>Dimensions<\/td>\n      <td>04 Pro : 25,55 \u00d7 20 \u00d7 23,30 mm<br><br>04 Lite : 13,44 \u00d7 12,36 \u00d7 16,50 mm<\/td>\n    <\/tr>\n    <tr>\n      <td>Waterproof ?<\/td>\n      <td>Oui (Peut supporter de fortes pluies)<\/td>\n    <\/tr>\n <tr>\n      <td>F.O.V<\/td>\n      <td>155\u00b0<\/td>\n    <\/tr>\n     <tr>\n      <td>Resolution et FPS\n      <td> 04 Pro :<br>4K 4:3 (50\/60FPS)<br>4K 16:9 (50\/60\/100\/120FPS)<br><br>04 Lite:<br>4K 4:3 (50\/60FPS)\n      <\/tr>\n      <tr>\n      <td>Plage ISO min \u00e0 max <\/td>\n      <td>04 Pro: 100-12800<br><br>04 Lite: 100-6400<\/td>\n    <\/tr>\n    <tr>\n      <td>Plage obturateur min \u00e0 max<\/td>\n      <td>1\/25-1\/8000<\/td>\n    <\/tr>\n    <tr>\n      <td>Profil couleur<\/td>\n      <td>04 Pro: D-Log \/ M 10-bit \/ Rec.709 <br><br>04 Lite: Mode \"normal\" \/ 8bit \/ Rec.709 <\/td>\n    <\/tr>\n    <tr>\n      <td>Format Fichier<\/td>\n      <td>.MP4<\/td>\n    <\/tr>\n    <tr>\n      <td>Codec<\/td>\n      <td>HEVC<\/td>\n    <\/tr>\n    <tr>\n      <td>Capteur<\/td>\n      <td>04 Pro:  1\/1,3 pouce CMOS (4:3 ratio)<br><br>04 Lite: 1\/2 pouce CMOS (4:3 ratio)\n    <\/tr>\n    <tr>\n      <td>Stockage<\/td>\n      <td>04 Pro: Micro SD de 512go Max <br><br>04 Lite: 25 go interne<\/td>\n    <\/tr>\n     <tr>\n      <td>Max Bitrate<\/td>\n      <td>130mb\/s\n    <\/tr>\n  <\/tbody>\n<\/table>\n\t\t\t\t<\/div>\n\t\t\t\t<\/div>\n\t\t\t\t\t<\/div>\n\t\t\t\t<\/div>\n\t\t<div class=\"elementor-element elementor-element-5cc89dc4 e-flex e-con-boxed e-con e-parent\" data-id=\"5cc89dc4\" data-element_type=\"container\" data-e-type=\"container\">\n\t\t\t\t\t<div class=\"e-con-inner\">\n\t\t\t\t\t<\/div>\n\t\t\t\t<\/div>\n\t\t\t\t<\/div>","protected":false},"excerpt":{"rendered":"<p>CAMERA FPV HD La cam\u00e9ra FPV est l&rsquo;\u0153il du pilote: Situ\u00e9e \u00e0 l&rsquo;avant du drone, elle est branch\u00e9e \u00e0 un transmetteur vid\u00e9o (V.T.X), qui diffuse le flux vid\u00e9o en quasi-instantan\u00e9e dans les lunettes port\u00e9es par le pilote. Elle est diff\u00e9rente de la cam\u00e9ra utilis\u00e9e pour filmer, mais peut s&rsquo;envisager comme une bonne solution dans certaines situations. Le syst\u00e8me vid\u00e9o HD est pr\u00e9sent dans le FPV depuis quelques ann\u00e9es, mais il est depuis peu une option pour filmer. Son avantage principal est de ne plus avoir besoin d&rsquo;une cam\u00e9ra externe, permettant d&rsquo;all\u00e9ger le drone, ou de filmer en HD sur des formats de drone FPV de plus en plus petits. DJI [&hellip;]<\/p>","protected":false},"author":2,"featured_media":0,"parent":0,"menu_order":0,"comment_status":"closed","ping_status":"closed","template":"","meta":{"footnotes":""},"class_list":["post-12608","page","type-page","status-publish","hentry"],"_links":{"self":[{"href":"https:\/\/elixfpv.com\/ja\/wp-json\/wp\/v2\/pages\/12608","targetHints":{"allow":["GET"]}}],"collection":[{"href":"https:\/\/elixfpv.com\/ja\/wp-json\/wp\/v2\/pages"}],"about":[{"href":"https:\/\/elixfpv.com\/ja\/wp-json\/wp\/v2\/types\/page"}],"author":[{"embeddable":true,"href":"https:\/\/elixfpv.com\/ja\/wp-json\/wp\/v2\/users\/2"}],"replies":[{"embeddable":true,"href":"https:\/\/elixfpv.com\/ja\/wp-json\/wp\/v2\/comments?post=12608"}],"version-history":[{"count":57,"href":"https:\/\/elixfpv.com\/ja\/wp-json\/wp\/v2\/pages\/12608\/revisions"}],"predecessor-version":[{"id":15395,"href":"https:\/\/elixfpv.com\/ja\/wp-json\/wp\/v2\/pages\/12608\/revisions\/15395"}],"wp:attachment":[{"href":"https:\/\/elixfpv.com\/ja\/wp-json\/wp\/v2\/media?parent=12608"}],"curies":[{"name":"wp","href":"https:\/\/api.w.org\/{rel}","templated":true}]}}