{"id":12600,"date":"2025-03-27T11:34:09","date_gmt":"2025-03-27T10:34:09","guid":{"rendered":"https:\/\/elixfpv.com\/?page_id=12600"},"modified":"2026-04-28T16:26:06","modified_gmt":"2026-04-28T14:26:06","slug":"dji-action-2","status":"publish","type":"page","link":"https:\/\/elixfpv.com\/ja\/dji-action-2\/","title":{"rendered":"DJi action 2"},"content":{"rendered":"<div data-elementor-type=\"wp-page\" data-elementor-id=\"12600\" class=\"elementor elementor-12600\" data-elementor-settings=\"{&quot;element_pack_global_tooltip_width&quot;:{&quot;unit&quot;:&quot;px&quot;,&quot;size&quot;:&quot;&quot;,&quot;sizes&quot;:[]},&quot;element_pack_global_tooltip_width_tablet&quot;:{&quot;unit&quot;:&quot;px&quot;,&quot;size&quot;:&quot;&quot;,&quot;sizes&quot;:[]},&quot;element_pack_global_tooltip_width_mobile&quot;:{&quot;unit&quot;:&quot;px&quot;,&quot;size&quot;:&quot;&quot;,&quot;sizes&quot;:[]},&quot;element_pack_global_tooltip_padding&quot;:{&quot;unit&quot;:&quot;px&quot;,&quot;top&quot;:&quot;&quot;,&quot;right&quot;:&quot;&quot;,&quot;bottom&quot;:&quot;&quot;,&quot;left&quot;:&quot;&quot;,&quot;isLinked&quot;:true},&quot;element_pack_global_tooltip_padding_tablet&quot;:{&quot;unit&quot;:&quot;px&quot;,&quot;top&quot;:&quot;&quot;,&quot;right&quot;:&quot;&quot;,&quot;bottom&quot;:&quot;&quot;,&quot;left&quot;:&quot;&quot;,&quot;isLinked&quot;:true},&quot;element_pack_global_tooltip_padding_mobile&quot;:{&quot;unit&quot;:&quot;px&quot;,&quot;top&quot;:&quot;&quot;,&quot;right&quot;:&quot;&quot;,&quot;bottom&quot;:&quot;&quot;,&quot;left&quot;:&quot;&quot;,&quot;isLinked&quot;:true},&quot;element_pack_global_tooltip_border_radius&quot;:{&quot;unit&quot;:&quot;px&quot;,&quot;top&quot;:&quot;&quot;,&quot;right&quot;:&quot;&quot;,&quot;bottom&quot;:&quot;&quot;,&quot;left&quot;:&quot;&quot;,&quot;isLinked&quot;:true},&quot;element_pack_global_tooltip_border_radius_tablet&quot;:{&quot;unit&quot;:&quot;px&quot;,&quot;top&quot;:&quot;&quot;,&quot;right&quot;:&quot;&quot;,&quot;bottom&quot;:&quot;&quot;,&quot;left&quot;:&quot;&quot;,&quot;isLinked&quot;:true},&quot;element_pack_global_tooltip_border_radius_mobile&quot;:{&quot;unit&quot;:&quot;px&quot;,&quot;top&quot;:&quot;&quot;,&quot;right&quot;:&quot;&quot;,&quot;bottom&quot;:&quot;&quot;,&quot;left&quot;:&quot;&quot;,&quot;isLinked&quot;:true}}\" data-elementor-post-type=\"page\">\n\t\t\t\t<div class=\"elementor-element elementor-element-5665ab84 e-flex e-con-boxed e-con e-parent\" data-id=\"5665ab84\" data-element_type=\"container\" data-e-type=\"container\">\n\t\t\t\t\t<div class=\"e-con-inner\">\n\t\t\t\t<div class=\"elementor-element elementor-element-2b84f125 elementor-widget__width-initial elementor-widget elementor-widget-html\" data-id=\"2b84f125\" data-element_type=\"widget\" data-e-type=\"widget\" data-widget_type=\"html.default\">\n\t\t\t\t<div class=\"elementor-widget-container\">\n\t\t\t\t\t<style>\r\n    \/* Conteneur global pour aligner Titre et Bouton *\/\r\n    .elix-header-layout {\r\n        display: flex;\r\n        flex-direction: column; \/* Les empile verticalement *\/\r\n        gap: 20px; \/* Espace entre le titre et le bouton *\/\r\n        align-items: flex-start; \/* Align\u00e9 \u00e0 gauche *\/\r\n        margin-bottom: 40px; \/* Espace sous le bloc *\/\r\n    }\r\n\r\n    \/* Le Titre du Drone *\/\r\n    .elix-drone-title {\r\n        color: #fff;\r\n        font-family: \"Helvetica Neue\", Helvetica, Arial, sans-serif;\r\n        font-weight: 700;\r\n        text-transform: uppercase;\r\n        font-size: 32px; \/* Taille du titre *\/\r\n        line-height: 1.2;\r\n        margin: 0;\r\n        letter-spacing: 1px;\r\n    }\r\n\r\n    \/* Le Bouton Carr\u00e9 (Retour) *\/\r\n    .elix-back-box {\r\n        display: flex;\r\n        align-items: center;\r\n        justify-content: center;\r\n        width: 50px;  \/* Largeur du carr\u00e9 *\/\r\n        height: 50px; \/* Hauteur du carr\u00e9 *\/\r\n        border: 2px solid #ffffff; \/* Cadre blanc *\/\r\n        background: transparent;\r\n        color: #ffffff;\r\n        transition: all 0.3s ease;\r\n        text-decoration: none; \/* Pas de soulignement *\/\r\n        box-sizing: border-box; \/* Assure que la bordure ne change pas la taille *\/\r\n    }\r\n\r\n    \/* Effet au survol : Fond blanc, fl\u00e8che noire *\/\r\n    .elix-back-box:hover {\r\n        background-color: #ffffff;\r\n        color: #000000;\r\n        box-shadow: 0 0 15px rgba(255, 255, 255, 0.3);\r\n    }\r\n    \r\n     .elix-back-box svg:hover {\r\n        width: 18px;\r\n        height: 18px;\r\n        fill: black!important; \/* La couleur suit le texte (blanc puis noir) *\/\r\n    }\r\n\r\n    \/* L'ic\u00f4ne Fl\u00e8che (SVG) *\/\r\n    .elix-back-box svg {\r\n        width: 18px;\r\n        height: 18px;\r\n        fill: white; \/* La couleur suit le texte (blanc puis noir) *\/\r\n    }\r\n<\/style>\r\n\r\n<div class=\"elix-header-layout\">\r\n    \r\n\r\n\r\n    <a href=\"https:\/\/elixfpv.com\/ja\/cameras\/\" class=\"elix-back-box\" aria-label=\"Retour aux drones\">\r\n        <svg viewbox=\"0 0 320 512\">\r\n            <path d=\"M34.52 239.03L228.87 44.69c9.37-9.37 24.57-9.37 33.94 0l22.67 22.67c9.36 9.36 9.37 24.52.04 33.9L131.49 256l154.02 154.75c9.34 9.38 9.32 24.54-.04 33.9l-22.67 22.67c-9.37 9.37-24.57 9.37-33.94 0L34.52 272.97c-9.37-9.37-9.37-24.57 0-33.94z\"\/>\r\n        <\/svg>\r\n    <\/a>\r\n\r\n<\/div>\t\t\t\t<\/div>\n\t\t\t\t<\/div>\n\t\t\t\t\t<\/div>\n\t\t\t\t<\/div>\n\t\t<div class=\"elementor-element elementor-element-4d77f547 e-flex e-con-boxed e-con e-parent\" data-id=\"4d77f547\" data-element_type=\"container\" data-e-type=\"container\" data-settings=\"{&quot;background_background&quot;:&quot;video&quot;}\">\n\t\t\t\t\t<div class=\"e-con-inner\">\n\t\t\t\t<div class=\"elementor-element elementor-element-1988ce7 elementor-widget elementor-widget-image\" data-id=\"1988ce7\" data-element_type=\"widget\" data-e-type=\"widget\" data-widget_type=\"image.default\">\n\t\t\t\t<div class=\"elementor-widget-container\">\n\t\t\t\t\t\t\t\t\t\t\t\t\t\t\t<img fetchpriority=\"high\" decoding=\"async\" width=\"800\" height=\"800\" src=\"https:\/\/elixfpv.com\/wp-content\/uploads\/2026\/01\/Dji-Action-2-1024x1024.png\" class=\"attachment-large size-large wp-image-14555\" alt=\"\" srcset=\"https:\/\/elixfpv.com\/wp-content\/uploads\/2026\/01\/Dji-Action-2-1024x1024.png 1024w, https:\/\/elixfpv.com\/wp-content\/uploads\/2026\/01\/Dji-Action-2-300x300.png 300w, https:\/\/elixfpv.com\/wp-content\/uploads\/2026\/01\/Dji-Action-2-150x150.png 150w, https:\/\/elixfpv.com\/wp-content\/uploads\/2026\/01\/Dji-Action-2-768x768.png 768w, https:\/\/elixfpv.com\/wp-content\/uploads\/2026\/01\/Dji-Action-2.png 1280w\" sizes=\"(max-width: 800px) 100vw, 800px\" \/>\t\t\t\t\t\t\t\t\t\t\t\t\t\t\t<\/div>\n\t\t\t\t<\/div>\n\t\t\t\t\t<\/div>\n\t\t\t\t<\/div>\n\t\t<div class=\"elementor-element elementor-element-c7f679d e-flex e-con-boxed e-con e-parent\" data-id=\"c7f679d\" data-element_type=\"container\" data-e-type=\"container\">\n\t\t\t\t\t<div class=\"e-con-inner\">\n\t\t\t\t<div class=\"elementor-element elementor-element-368b59ee elementor-widget elementor-widget-heading\" data-id=\"368b59ee\" data-element_type=\"widget\" data-e-type=\"widget\" data-widget_type=\"heading.default\">\n\t\t\t\t<div class=\"elementor-widget-container\">\n\t\t\t\t\t<h2 class=\"elementor-heading-title elementor-size-default\">DJI ACTION 2<\/h2>\t\t\t\t<\/div>\n\t\t\t\t<\/div>\n\t\t\t\t\t<\/div>\n\t\t\t\t<\/div>\n\t\t<div class=\"elementor-element elementor-element-44f275ca e-flex e-con-boxed e-con e-parent\" data-id=\"44f275ca\" data-element_type=\"container\" data-e-type=\"container\">\n\t\t\t\t\t<div class=\"e-con-inner\">\n\t\t<div class=\"elementor-element elementor-element-bcdfcd e-grid e-con-full e-con e-child\" data-id=\"bcdfcd\" data-element_type=\"container\" data-e-type=\"container\">\n\t\t\t\t<div class=\"elementor-element elementor-element-18984f60 elementor-widget elementor-widget-image\" data-id=\"18984f60\" data-element_type=\"widget\" data-e-type=\"widget\" data-widget_type=\"image.default\">\n\t\t\t\t<div class=\"elementor-widget-container\">\n\t\t\t\t\t\t\t\t\t\t\t\t\t\t\t\t<a href=\"#elementor-action%3Aaction%3Dpopup%3Aopen%26settings%3DeyJpZCI6IjE0MDIzIiwidG9nZ2xlIjpmYWxzZX0%3D\">\n\t\t\t\t\t\t\t<img decoding=\"async\" width=\"800\" height=\"450\" src=\"https:\/\/elixfpv.com\/wp-content\/uploads\/2025\/11\/photo-1497436072909-60f360e1d4b1-1024x576.jpeg\" class=\"attachment-large size-large wp-image-14022\" alt=\"\" srcset=\"https:\/\/elixfpv.com\/wp-content\/uploads\/2025\/11\/photo-1497436072909-60f360e1d4b1-1024x576.jpeg 1024w, https:\/\/elixfpv.com\/wp-content\/uploads\/2025\/11\/photo-1497436072909-60f360e1d4b1-300x169.jpeg 300w, https:\/\/elixfpv.com\/wp-content\/uploads\/2025\/11\/photo-1497436072909-60f360e1d4b1-768x432.jpeg 768w, https:\/\/elixfpv.com\/wp-content\/uploads\/2025\/11\/photo-1497436072909-60f360e1d4b1-1536x864.jpeg 1536w, https:\/\/elixfpv.com\/wp-content\/uploads\/2025\/11\/photo-1497436072909-60f360e1d4b1-2048x1152.jpeg 2048w\" sizes=\"(max-width: 800px) 100vw, 800px\" \/>\t\t\t\t\t\t\t\t<\/a>\n\t\t\t\t\t\t\t\t\t\t\t\t\t\t\t<\/div>\n\t\t\t\t<\/div>\n\t\t\t\t<div class=\"elementor-element elementor-element-633f762a elementor-widget elementor-widget-image\" data-id=\"633f762a\" data-element_type=\"widget\" data-e-type=\"widget\" data-widget_type=\"image.default\">\n\t\t\t\t<div class=\"elementor-widget-container\">\n\t\t\t\t\t\t\t\t\t\t\t\t\t\t\t\t<a href=\"#elementor-action%3Aaction%3Dpopup%3Aopen%26settings%3DeyJpZCI6IjE0MDIzIiwidG9nZ2xlIjpmYWxzZX0%3D\">\n\t\t\t\t\t\t\t<img decoding=\"async\" width=\"800\" height=\"450\" src=\"https:\/\/elixfpv.com\/wp-content\/uploads\/2025\/11\/matt-wang-dBp9dbQCh4Q-unsplash-1024x576.jpg\" class=\"attachment-large size-large wp-image-14021\" alt=\"\" srcset=\"https:\/\/elixfpv.com\/wp-content\/uploads\/2025\/11\/matt-wang-dBp9dbQCh4Q-unsplash-1024x576.jpg 1024w, https:\/\/elixfpv.com\/wp-content\/uploads\/2025\/11\/matt-wang-dBp9dbQCh4Q-unsplash-300x169.jpg 300w, https:\/\/elixfpv.com\/wp-content\/uploads\/2025\/11\/matt-wang-dBp9dbQCh4Q-unsplash-768x432.jpg 768w, https:\/\/elixfpv.com\/wp-content\/uploads\/2025\/11\/matt-wang-dBp9dbQCh4Q-unsplash-1536x864.jpg 1536w, https:\/\/elixfpv.com\/wp-content\/uploads\/2025\/11\/matt-wang-dBp9dbQCh4Q-unsplash-2048x1152.jpg 2048w\" sizes=\"(max-width: 800px) 100vw, 800px\" \/>\t\t\t\t\t\t\t\t<\/a>\n\t\t\t\t\t\t\t\t\t\t\t\t\t\t\t<\/div>\n\t\t\t\t<\/div>\n\t\t\t\t<div class=\"elementor-element elementor-element-5d660754 elementor-widget elementor-widget-image\" data-id=\"5d660754\" data-element_type=\"widget\" data-e-type=\"widget\" data-widget_type=\"image.default\">\n\t\t\t\t<div class=\"elementor-widget-container\">\n\t\t\t\t\t\t\t\t\t\t\t\t\t\t\t\t<a href=\"#elementor-action%3Aaction%3Dpopup%3Aopen%26settings%3DeyJpZCI6IjE0MDIzIiwidG9nZ2xlIjpmYWxzZX0%3D\">\n\t\t\t\t\t\t\t<img loading=\"lazy\" decoding=\"async\" width=\"800\" height=\"500\" src=\"https:\/\/elixfpv.com\/wp-content\/uploads\/2025\/11\/luka-verc-grPhIvFoDGM-unsplash-1024x640.jpg\" class=\"attachment-large size-large wp-image-14020\" alt=\"\" srcset=\"https:\/\/elixfpv.com\/wp-content\/uploads\/2025\/11\/luka-verc-grPhIvFoDGM-unsplash-1024x640.jpg 1024w, https:\/\/elixfpv.com\/wp-content\/uploads\/2025\/11\/luka-verc-grPhIvFoDGM-unsplash-300x188.jpg 300w, https:\/\/elixfpv.com\/wp-content\/uploads\/2025\/11\/luka-verc-grPhIvFoDGM-unsplash-768x480.jpg 768w, https:\/\/elixfpv.com\/wp-content\/uploads\/2025\/11\/luka-verc-grPhIvFoDGM-unsplash-1536x960.jpg 1536w, https:\/\/elixfpv.com\/wp-content\/uploads\/2025\/11\/luka-verc-grPhIvFoDGM-unsplash-2048x1280.jpg 2048w\" sizes=\"(max-width: 800px) 100vw, 800px\" \/>\t\t\t\t\t\t\t\t<\/a>\n\t\t\t\t\t\t\t\t\t\t\t\t\t\t\t<\/div>\n\t\t\t\t<\/div>\n\t\t\t\t<\/div>\n\t\t\t\t\t<\/div>\n\t\t\t\t<\/div>\n\t\t<div class=\"elementor-element elementor-element-22f205a9 e-flex e-con-boxed e-con e-parent\" data-id=\"22f205a9\" data-element_type=\"container\" data-e-type=\"container\" data-settings=\"{&quot;background_background&quot;:&quot;classic&quot;}\">\n\t\t\t\t\t<div class=\"e-con-inner\">\n\t\t\t\t<div class=\"elementor-element elementor-element-76df5436 elementor-widget elementor-widget-text-editor\" data-id=\"76df5436\" data-element_type=\"widget\" data-e-type=\"widget\" data-widget_type=\"text-editor.default\">\n\t\t\t\t<div class=\"elementor-widget-container\">\n\t\t\t\t\t\t\t\t\t<p>La <strong>DJI Action 2<\/strong> est une action cam compact avec un <strong>F.O.V ultra large<\/strong>, ce qui en fait la cam\u00e9ra par <strong>excellence pour filmer des s\u00e9quences \u00e0 haute vitesse et du FPV freestyle.<\/strong><\/p><p>Elle poss\u00e8de une plage dynamique similaire \u00e0 une <span style=\"text-decoration: underline;\"><strong><a href=\"https:\/\/elixfpv.com\/ja\/go-pro\/\" target=\"_blank\" rel=\"noopener\">Gopro<\/a><\/strong><\/span>, m\u00eame si son image parait plus plate.<\/p><p>C&rsquo;est une cam\u00e9ra que je monte sur mon drone <a href=\"https:\/\/elixfpv.com\/ja\/7-longue-distance\/\" target=\"_blank\" rel=\"noopener\"><span style=\"text-decoration: underline;\"><strong>7&Prime; Longue distance<\/strong><\/span><\/a>, <a href=\"https:\/\/elixfpv.com\/ja\/5-freestyle\/\" target=\"_blank\" rel=\"noopener\"><span style=\"text-decoration: underline;\"><strong>5&Prime; Freestyle<\/strong><\/span><\/a>, <a href=\"https:\/\/elixfpv.com\/ja\/5-3d\/\" target=\"_blank\" rel=\"noopener\"><span style=\"text-decoration: underline;\"><strong>5&Prime; 3D<\/strong><\/span><\/a>, mais il est possible de l&rsquo;adapter \u00e0 mes autres drones si besoin.<\/p><p>Je consid\u00e8re que c&rsquo;est <strong>ma cam\u00e9ra avec le meilleur rapport poids\/qualit\u00e9. <a href=\"https:\/\/elixfpv.com\/ja\/faq\/\" target=\"_blank\" rel=\"noopener\">(<span style=\"text-decoration: underline;\">F.A.Q)<\/span><\/a><\/strong><\/p><p>Pour conclure, la gamme d&rsquo;action-cam de DJI se place en concurrence contre Gopro, et pourrait s&rsquo;imposer comme un standard d&rsquo;ici peu.<\/p>\t\t\t\t\t\t\t\t<\/div>\n\t\t\t\t<\/div>\n\t\t\t\t<div class=\"elementor-element elementor-element-6d99c0a0 animated-slow elementor-invisible elementor-widget elementor-widget-html\" data-id=\"6d99c0a0\" data-element_type=\"widget\" data-e-type=\"widget\" data-settings=\"{&quot;_animation&quot;:&quot;fadeInUp&quot;}\" data-widget_type=\"html.default\">\n\t\t\t\t<div class=\"elementor-widget-container\">\n\t\t\t\t\t<table border=\"1\" cellpadding=\"8\" cellspacing=\"0\">\n  <thead>\n    <tr>\n      <th colspan=\"2\">FICHE TECHNIQUE<\/th>\n    <\/tr>\n  <\/thead>\n  <tbody>\n    <tr>\n      <td>Nom<\/td>\n      <td>Action 2<\/td>\n    <\/tr>\n    <tr>\n      <td>Marque<\/td>\n      <td>DJI<\/td>\n    <\/tr>\n    <tr>\n      <td>Poids<\/td>\n      <td>56g<\/td>\n    <\/tr>\n    <tr>\n      <td>Dimensions<\/td>\n      <td>39X39X22.3mm<\/td>\n    <\/tr>\n    <tr>\n      <td>Waterproof ?<\/td>\n      <td>Oui (-10m max)<\/td>\n    <\/tr>\n <tr>\n      <td>F.O.V<\/td>\n      <td>155\u00b0<\/td>\n    <\/tr>\n     <tr>\n      <td>Resolution et FPS\n      <td>4K et 2.7K 4:3 &nbsp;(24,25,30,48,50,60 fps) <br> 4K et 2.7K 16:9 (24,25,30,48,50,60,100,120 fps)<br> 1080P 16:9 &nbsp;&nbsp;&nbsp;&nbsp;&nbsp;&nbsp;&nbsp;(24,25,30,48,50,60,100,120,200,240 fps) \n      <\/tr>\n      <tr>\n      <td>Plage ISO min \u00e0 max <\/td>\n      <td>100-6400<\/td>\n    <\/tr>\n    <tr>\n      <td>Plage obturateur min \u00e0 max<\/td>\n      <td>1\/25-1\/8000<\/td>\n    <\/tr>\n    <tr>\n      <td>Profil couleur<\/td>\n      <td>D-Cinelike (Rec.709) , 8bit <\/td>\n    <\/tr>\n    <tr>\n      <td>Format Fichier<\/td>\n      <td>.MP4<\/td>\n    <\/tr>\n    <tr>\n      <td>Codec<\/td>\n      <td>H.264\/HEVC<\/td>\n    <\/tr>\n    <tr>\n      <td>Capteur<\/td>\n      <td>1\/1.7\" CMOS (4:3 ratio)\n    <\/tr>\n    <tr>\n      <td>Stockage<\/td>\n      <td>22.3Go interne (35 min de rec \u00e0 4K 30fps) <br> La cam\u00e9ra se vide sur sa baie de recharge qui poss\u00e8de un emplacement micro SD. un transfert complet prend environ 10 min.<\/td>\n    <\/tr>\n     <tr>\n      <td>Max Bitrate<\/td>\n      <td>130mbp\/s\n    <\/tr>\n  <\/tbody>\n<\/table>\n\t\t\t\t<\/div>\n\t\t\t\t<\/div>\n\t\t\t\t\t<\/div>\n\t\t\t\t<\/div>\n\t\t<div class=\"elementor-element elementor-element-29489b40 e-flex e-con-boxed e-con e-parent\" data-id=\"29489b40\" data-element_type=\"container\" data-e-type=\"container\">\n\t\t\t\t\t<div class=\"e-con-inner\">\n\t\t\t\t\t<\/div>\n\t\t\t\t<\/div>\n\t\t\t\t<\/div>","protected":false},"excerpt":{"rendered":"<p>DJI ACTION 2 La DJI Action 2 est une action cam compact avec un F.O.V ultra large, ce qui en fait la cam\u00e9ra par excellence pour filmer des s\u00e9quences \u00e0 haute vitesse et du FPV freestyle. Elle poss\u00e8de une plage dynamique similaire \u00e0 une Gopro, m\u00eame si son image parait plus plate. C&rsquo;est une cam\u00e9ra que je monte sur mon drone 7&Prime; Longue distance, 5&Prime; Freestyle, 5&Prime; 3D, mais il est possible de l&rsquo;adapter \u00e0 mes autres drones si besoin. Je consid\u00e8re que c&rsquo;est ma cam\u00e9ra avec le meilleur rapport poids\/qualit\u00e9. (F.A.Q) Pour conclure, la gamme d&rsquo;action-cam de DJI se place en concurrence contre Gopro, et pourrait s&rsquo;imposer comme un [&hellip;]<\/p>","protected":false},"author":2,"featured_media":0,"parent":0,"menu_order":0,"comment_status":"closed","ping_status":"closed","template":"","meta":{"footnotes":""},"class_list":["post-12600","page","type-page","status-publish","hentry"],"_links":{"self":[{"href":"https:\/\/elixfpv.com\/ja\/wp-json\/wp\/v2\/pages\/12600","targetHints":{"allow":["GET"]}}],"collection":[{"href":"https:\/\/elixfpv.com\/ja\/wp-json\/wp\/v2\/pages"}],"about":[{"href":"https:\/\/elixfpv.com\/ja\/wp-json\/wp\/v2\/types\/page"}],"author":[{"embeddable":true,"href":"https:\/\/elixfpv.com\/ja\/wp-json\/wp\/v2\/users\/2"}],"replies":[{"embeddable":true,"href":"https:\/\/elixfpv.com\/ja\/wp-json\/wp\/v2\/comments?post=12600"}],"version-history":[{"count":57,"href":"https:\/\/elixfpv.com\/ja\/wp-json\/wp\/v2\/pages\/12600\/revisions"}],"predecessor-version":[{"id":15778,"href":"https:\/\/elixfpv.com\/ja\/wp-json\/wp\/v2\/pages\/12600\/revisions\/15778"}],"wp:attachment":[{"href":"https:\/\/elixfpv.com\/ja\/wp-json\/wp\/v2\/media?parent=12600"}],"curies":[{"name":"wp","href":"https:\/\/api.w.org\/{rel}","templated":true}]}}