{"id":12594,"date":"2025-03-27T11:33:30","date_gmt":"2025-03-27T10:33:30","guid":{"rendered":"https:\/\/elixfpv.com\/?page_id=12594"},"modified":"2026-04-25T08:14:52","modified_gmt":"2026-04-25T06:14:52","slug":"r3d-komodo","status":"publish","type":"page","link":"https:\/\/elixfpv.com\/ja\/r3d-komodo\/","title":{"rendered":"R3D Komodo"},"content":{"rendered":"<div data-elementor-type=\"wp-page\" data-elementor-id=\"12594\" class=\"elementor elementor-12594\" data-elementor-settings=\"{&quot;element_pack_global_tooltip_width&quot;:{&quot;unit&quot;:&quot;px&quot;,&quot;size&quot;:&quot;&quot;,&quot;sizes&quot;:[]},&quot;element_pack_global_tooltip_width_tablet&quot;:{&quot;unit&quot;:&quot;px&quot;,&quot;size&quot;:&quot;&quot;,&quot;sizes&quot;:[]},&quot;element_pack_global_tooltip_width_mobile&quot;:{&quot;unit&quot;:&quot;px&quot;,&quot;size&quot;:&quot;&quot;,&quot;sizes&quot;:[]},&quot;element_pack_global_tooltip_padding&quot;:{&quot;unit&quot;:&quot;px&quot;,&quot;top&quot;:&quot;&quot;,&quot;right&quot;:&quot;&quot;,&quot;bottom&quot;:&quot;&quot;,&quot;left&quot;:&quot;&quot;,&quot;isLinked&quot;:true},&quot;element_pack_global_tooltip_padding_tablet&quot;:{&quot;unit&quot;:&quot;px&quot;,&quot;top&quot;:&quot;&quot;,&quot;right&quot;:&quot;&quot;,&quot;bottom&quot;:&quot;&quot;,&quot;left&quot;:&quot;&quot;,&quot;isLinked&quot;:true},&quot;element_pack_global_tooltip_padding_mobile&quot;:{&quot;unit&quot;:&quot;px&quot;,&quot;top&quot;:&quot;&quot;,&quot;right&quot;:&quot;&quot;,&quot;bottom&quot;:&quot;&quot;,&quot;left&quot;:&quot;&quot;,&quot;isLinked&quot;:true},&quot;element_pack_global_tooltip_border_radius&quot;:{&quot;unit&quot;:&quot;px&quot;,&quot;top&quot;:&quot;&quot;,&quot;right&quot;:&quot;&quot;,&quot;bottom&quot;:&quot;&quot;,&quot;left&quot;:&quot;&quot;,&quot;isLinked&quot;:true},&quot;element_pack_global_tooltip_border_radius_tablet&quot;:{&quot;unit&quot;:&quot;px&quot;,&quot;top&quot;:&quot;&quot;,&quot;right&quot;:&quot;&quot;,&quot;bottom&quot;:&quot;&quot;,&quot;left&quot;:&quot;&quot;,&quot;isLinked&quot;:true},&quot;element_pack_global_tooltip_border_radius_mobile&quot;:{&quot;unit&quot;:&quot;px&quot;,&quot;top&quot;:&quot;&quot;,&quot;right&quot;:&quot;&quot;,&quot;bottom&quot;:&quot;&quot;,&quot;left&quot;:&quot;&quot;,&quot;isLinked&quot;:true}}\" data-elementor-post-type=\"page\">\n\t\t\t\t<div class=\"elementor-element elementor-element-397096f6 e-flex e-con-boxed e-con e-parent\" data-id=\"397096f6\" data-element_type=\"container\" data-e-type=\"container\">\n\t\t\t\t\t<div class=\"e-con-inner\">\n\t\t\t\t<div class=\"elementor-element elementor-element-5fdefcb7 elementor-widget__width-initial elementor-widget elementor-widget-html\" data-id=\"5fdefcb7\" data-element_type=\"widget\" data-e-type=\"widget\" data-widget_type=\"html.default\">\n\t\t\t\t<div class=\"elementor-widget-container\">\n\t\t\t\t\t<style>\r\n    \/* Conteneur global pour aligner Titre et Bouton *\/\r\n    .elix-header-layout {\r\n        display: flex;\r\n        flex-direction: column; \/* Les empile verticalement *\/\r\n        gap: 20px; \/* Espace entre le titre et le bouton *\/\r\n        align-items: flex-start; \/* Align\u00e9 \u00e0 gauche *\/\r\n        margin-bottom: 40px; \/* Espace sous le bloc *\/\r\n    }\r\n\r\n    \/* Le Titre du Drone *\/\r\n    .elix-drone-title {\r\n        color: #fff;\r\n        font-family: \"Helvetica Neue\", Helvetica, Arial, sans-serif;\r\n        font-weight: 700;\r\n        text-transform: uppercase;\r\n        font-size: 32px; \/* Taille du titre *\/\r\n        line-height: 1.2;\r\n        margin: 0;\r\n        letter-spacing: 1px;\r\n    }\r\n\r\n    \/* Le Bouton Carr\u00e9 (Retour) *\/\r\n    .elix-back-box {\r\n        display: flex;\r\n        align-items: center;\r\n        justify-content: center;\r\n        width: 50px;  \/* Largeur du carr\u00e9 *\/\r\n        height: 50px; \/* Hauteur du carr\u00e9 *\/\r\n        border: 2px solid #ffffff; \/* Cadre blanc *\/\r\n        background: transparent;\r\n        color: #ffffff;\r\n        transition: all 0.3s ease;\r\n        text-decoration: none; \/* Pas de soulignement *\/\r\n        box-sizing: border-box; \/* Assure que la bordure ne change pas la taille *\/\r\n    }\r\n\r\n    \/* Effet au survol : Fond blanc, fl\u00e8che noire *\/\r\n    .elix-back-box:hover {\r\n        background-color: #ffffff;\r\n        color: #000000;\r\n        box-shadow: 0 0 15px rgba(255, 255, 255, 0.3);\r\n    }\r\n    \r\n     .elix-back-box svg:hover {\r\n        width: 18px;\r\n        height: 18px;\r\n        fill: black!important; \/* La couleur suit le texte (blanc puis noir) *\/\r\n    }\r\n\r\n    \/* L'ic\u00f4ne Fl\u00e8che (SVG) *\/\r\n    .elix-back-box svg {\r\n        width: 18px;\r\n        height: 18px;\r\n        fill: white; \/* La couleur suit le texte (blanc puis noir) *\/\r\n    }\r\n<\/style>\r\n\r\n<div class=\"elix-header-layout\">\r\n    \r\n\r\n\r\n    <a href=\"https:\/\/elixfpv.com\/ja\/cameras\/\" class=\"elix-back-box\" aria-label=\"Retour aux drones\">\r\n        <svg viewbox=\"0 0 320 512\">\r\n            <path d=\"M34.52 239.03L228.87 44.69c9.37-9.37 24.57-9.37 33.94 0l22.67 22.67c9.36 9.36 9.37 24.52.04 33.9L131.49 256l154.02 154.75c9.34 9.38 9.32 24.54-.04 33.9l-22.67 22.67c-9.37 9.37-24.57 9.37-33.94 0L34.52 272.97c-9.37-9.37-9.37-24.57 0-33.94z\"\/>\r\n        <\/svg>\r\n    <\/a>\r\n\r\n<\/div>\t\t\t\t<\/div>\n\t\t\t\t<\/div>\n\t\t\t\t\t<\/div>\n\t\t\t\t<\/div>\n\t\t<div class=\"elementor-element elementor-element-4f6e8ba9 e-flex e-con-boxed e-con e-parent\" data-id=\"4f6e8ba9\" data-element_type=\"container\" data-e-type=\"container\" data-settings=\"{&quot;background_background&quot;:&quot;video&quot;}\">\n\t\t\t\t\t<div class=\"e-con-inner\">\n\t\t\t\t<div class=\"elementor-element elementor-element-a5f5797 elementor-widget elementor-widget-image\" data-id=\"a5f5797\" data-element_type=\"widget\" data-e-type=\"widget\" data-widget_type=\"image.default\">\n\t\t\t\t<div class=\"elementor-widget-container\">\n\t\t\t\t\t\t\t\t\t\t\t\t\t\t\t<img fetchpriority=\"high\" decoding=\"async\" width=\"600\" height=\"609\" src=\"https:\/\/elixfpv.com\/wp-content\/uploads\/2026\/01\/Red-Komodo.png\" class=\"attachment-large size-large wp-image-14558\" alt=\"\" srcset=\"https:\/\/elixfpv.com\/wp-content\/uploads\/2026\/01\/Red-Komodo.png 600w, https:\/\/elixfpv.com\/wp-content\/uploads\/2026\/01\/Red-Komodo-296x300.png 296w\" sizes=\"(max-width: 600px) 100vw, 600px\" \/>\t\t\t\t\t\t\t\t\t\t\t\t\t\t\t<\/div>\n\t\t\t\t<\/div>\n\t\t\t\t\t<\/div>\n\t\t\t\t<\/div>\n\t\t<div class=\"elementor-element elementor-element-6fc6ff4 e-flex e-con-boxed e-con e-parent\" data-id=\"6fc6ff4\" data-element_type=\"container\" data-e-type=\"container\">\n\t\t\t\t\t<div class=\"e-con-inner\">\n\t\t\t\t<div class=\"elementor-element elementor-element-57069a7 elementor-widget elementor-widget-heading\" data-id=\"57069a7\" data-element_type=\"widget\" data-e-type=\"widget\" data-widget_type=\"heading.default\">\n\t\t\t\t<div class=\"elementor-widget-container\">\n\t\t\t\t\t<h2 class=\"elementor-heading-title elementor-size-default\">red komodo<\/h2>\t\t\t\t<\/div>\n\t\t\t\t<\/div>\n\t\t\t\t\t<\/div>\n\t\t\t\t<\/div>\n\t\t<div class=\"elementor-element elementor-element-5ef96585 e-flex e-con-boxed e-con e-parent\" data-id=\"5ef96585\" data-element_type=\"container\" data-e-type=\"container\">\n\t\t\t\t\t<div class=\"e-con-inner\">\n\t\t<div class=\"elementor-element elementor-element-5ae02699 e-grid e-con-full e-con e-child\" data-id=\"5ae02699\" data-element_type=\"container\" data-e-type=\"container\">\n\t\t\t\t<div class=\"elementor-element elementor-element-2d567e65 elementor-widget elementor-widget-image\" data-id=\"2d567e65\" data-element_type=\"widget\" data-e-type=\"widget\" data-widget_type=\"image.default\">\n\t\t\t\t<div class=\"elementor-widget-container\">\n\t\t\t\t\t\t\t\t\t\t\t\t\t\t\t\t<a href=\"#elementor-action%3Aaction%3Dpopup%3Aopen%26settings%3DeyJpZCI6IjE0MDIzIiwidG9nZ2xlIjpmYWxzZX0%3D\">\n\t\t\t\t\t\t\t<img decoding=\"async\" width=\"800\" height=\"450\" src=\"https:\/\/elixfpv.com\/wp-content\/uploads\/2025\/11\/photo-1497436072909-60f360e1d4b1-1024x576.jpeg\" class=\"attachment-large size-large wp-image-14022\" alt=\"\" srcset=\"https:\/\/elixfpv.com\/wp-content\/uploads\/2025\/11\/photo-1497436072909-60f360e1d4b1-1024x576.jpeg 1024w, https:\/\/elixfpv.com\/wp-content\/uploads\/2025\/11\/photo-1497436072909-60f360e1d4b1-300x169.jpeg 300w, https:\/\/elixfpv.com\/wp-content\/uploads\/2025\/11\/photo-1497436072909-60f360e1d4b1-768x432.jpeg 768w, https:\/\/elixfpv.com\/wp-content\/uploads\/2025\/11\/photo-1497436072909-60f360e1d4b1-1536x864.jpeg 1536w, https:\/\/elixfpv.com\/wp-content\/uploads\/2025\/11\/photo-1497436072909-60f360e1d4b1-2048x1152.jpeg 2048w\" sizes=\"(max-width: 800px) 100vw, 800px\" \/>\t\t\t\t\t\t\t\t<\/a>\n\t\t\t\t\t\t\t\t\t\t\t\t\t\t\t<\/div>\n\t\t\t\t<\/div>\n\t\t\t\t<div class=\"elementor-element elementor-element-3c5f10ac elementor-widget elementor-widget-image\" data-id=\"3c5f10ac\" data-element_type=\"widget\" data-e-type=\"widget\" data-widget_type=\"image.default\">\n\t\t\t\t<div class=\"elementor-widget-container\">\n\t\t\t\t\t\t\t\t\t\t\t\t\t\t\t\t<a href=\"#elementor-action%3Aaction%3Dpopup%3Aopen%26settings%3DeyJpZCI6IjE0MDIzIiwidG9nZ2xlIjpmYWxzZX0%3D\">\n\t\t\t\t\t\t\t<img decoding=\"async\" width=\"800\" height=\"450\" src=\"https:\/\/elixfpv.com\/wp-content\/uploads\/2025\/11\/matt-wang-dBp9dbQCh4Q-unsplash-1024x576.jpg\" class=\"attachment-large size-large wp-image-14021\" alt=\"\" srcset=\"https:\/\/elixfpv.com\/wp-content\/uploads\/2025\/11\/matt-wang-dBp9dbQCh4Q-unsplash-1024x576.jpg 1024w, https:\/\/elixfpv.com\/wp-content\/uploads\/2025\/11\/matt-wang-dBp9dbQCh4Q-unsplash-300x169.jpg 300w, https:\/\/elixfpv.com\/wp-content\/uploads\/2025\/11\/matt-wang-dBp9dbQCh4Q-unsplash-768x432.jpg 768w, https:\/\/elixfpv.com\/wp-content\/uploads\/2025\/11\/matt-wang-dBp9dbQCh4Q-unsplash-1536x864.jpg 1536w, https:\/\/elixfpv.com\/wp-content\/uploads\/2025\/11\/matt-wang-dBp9dbQCh4Q-unsplash-2048x1152.jpg 2048w\" sizes=\"(max-width: 800px) 100vw, 800px\" \/>\t\t\t\t\t\t\t\t<\/a>\n\t\t\t\t\t\t\t\t\t\t\t\t\t\t\t<\/div>\n\t\t\t\t<\/div>\n\t\t\t\t<div class=\"elementor-element elementor-element-55338346 elementor-widget elementor-widget-image\" data-id=\"55338346\" data-element_type=\"widget\" data-e-type=\"widget\" data-widget_type=\"image.default\">\n\t\t\t\t<div class=\"elementor-widget-container\">\n\t\t\t\t\t\t\t\t\t\t\t\t\t\t\t\t<a href=\"#elementor-action%3Aaction%3Dpopup%3Aopen%26settings%3DeyJpZCI6IjE0MDIzIiwidG9nZ2xlIjpmYWxzZX0%3D\">\n\t\t\t\t\t\t\t<img loading=\"lazy\" decoding=\"async\" width=\"800\" height=\"500\" src=\"https:\/\/elixfpv.com\/wp-content\/uploads\/2025\/11\/luka-verc-grPhIvFoDGM-unsplash-1024x640.jpg\" class=\"attachment-large size-large wp-image-14020\" alt=\"\" srcset=\"https:\/\/elixfpv.com\/wp-content\/uploads\/2025\/11\/luka-verc-grPhIvFoDGM-unsplash-1024x640.jpg 1024w, https:\/\/elixfpv.com\/wp-content\/uploads\/2025\/11\/luka-verc-grPhIvFoDGM-unsplash-300x188.jpg 300w, https:\/\/elixfpv.com\/wp-content\/uploads\/2025\/11\/luka-verc-grPhIvFoDGM-unsplash-768x480.jpg 768w, https:\/\/elixfpv.com\/wp-content\/uploads\/2025\/11\/luka-verc-grPhIvFoDGM-unsplash-1536x960.jpg 1536w, https:\/\/elixfpv.com\/wp-content\/uploads\/2025\/11\/luka-verc-grPhIvFoDGM-unsplash-2048x1280.jpg 2048w\" sizes=\"(max-width: 800px) 100vw, 800px\" \/>\t\t\t\t\t\t\t\t<\/a>\n\t\t\t\t\t\t\t\t\t\t\t\t\t\t\t<\/div>\n\t\t\t\t<\/div>\n\t\t\t\t<\/div>\n\t\t\t\t\t<\/div>\n\t\t\t\t<\/div>\n\t\t<div class=\"elementor-element elementor-element-02a27c4 e-flex e-con-boxed e-con e-parent\" data-id=\"02a27c4\" data-element_type=\"container\" data-e-type=\"container\">\n\t\t\t\t\t<div class=\"e-con-inner\">\n\t\t\t\t<div class=\"elementor-element elementor-element-1c577f18 elementor-widget elementor-widget-text-editor\" data-id=\"1c577f18\" data-element_type=\"widget\" data-e-type=\"widget\" data-widget_type=\"text-editor.default\">\n\t\t\t\t<div class=\"elementor-widget-container\">\n\t\t\t\t\t\t\t\t\t<p><span style=\"font-weight: 400;\">La RED Komodo est un bo\u00eetier qui s\u2019impose comme la solution parfaite pour le cin\u00e9ma : elle p\u00e8se 915 Grammes \u00e0 nue, elle est ultra compacte et optimis\u00e9e pour encaisser des crash.\u00a0<\/span><\/p><p><span style=\"font-weight: 400;\">Son <strong>global shutter<\/strong> est id\u00e9al pour garder une image lisse durant les mouvements dynamiques, et son <strong>capteur Super 35mm<\/strong> avec sa plage dynamique de <strong>16+ stops<\/strong> offre une qualit\u00e9 d&rsquo;image \u00e0 couper le souffle.<\/span><\/p><p><span style=\"font-weight: 400;\">C&rsquo;est un r\u00e9el avantage face \u00e0 une <\/span><b><i>Sony FX6<\/i><\/b><span style=\"font-weight: 400;\"> qui est une cam\u00e9ra excellente, mais va se<\/span><b> d\u00e9sint\u00e9grer<\/b><span style=\"font-weight: 400;\"> au moindre<\/span><b> crash. <\/b><\/p><p><span style=\"font-weight: 400;\">Je l&rsquo;utilise pour le moment uniquement\u00a0 sur<\/span><b> L\u2019Atlas 8\u201d, un cinelifter confectionn\u00e9 sur mesure avec <a href=\"https:\/\/www.drone-fpv-racer.com\/en\/brand\/204-parallax\" target=\"_blank\" rel=\"noopener\"><span style=\"text-decoration: underline;\">Parallax FPV<\/span>,<\/a><\/b> dont je propose son utilisation avec un <span style=\"font-weight: 400;\">objectif <strong>Canon <\/strong><\/span><b>10-18mm.<\/b><\/p><p><span style=\"font-weight: 400;\">Il est<\/span><b> possible de monter votre propre objectif dessus.<\/b><\/p><p><i><span style=\"font-weight: 400;\">Si vous souhaitez utiliser un objectif perso , SVP contactez-moi bien \u00e0 l\u2019avance, que je puisse m&rsquo;assurer qu\u2019il sera possible de l\u2019utiliser.<\/span><\/i><\/p><p><span style=\"font-weight: 400;\">Je conseille L\u2019utilisation de la R3D Komodo pour le grand \u00e9cran et les productions les plus ambitieuses.<\/span><\/p>\t\t\t\t\t\t\t\t<\/div>\n\t\t\t\t<\/div>\n\t\t\t\t\t<\/div>\n\t\t\t\t<\/div>\n\t\t<div class=\"elementor-element elementor-element-1340f487 e-flex e-con-boxed e-con e-parent\" data-id=\"1340f487\" data-element_type=\"container\" data-e-type=\"container\" data-settings=\"{&quot;background_background&quot;:&quot;classic&quot;}\">\n\t\t\t\t\t<div class=\"e-con-inner\">\n\t\t\t\t<div class=\"elementor-element elementor-element-3eca5dba animated-slow elementor-invisible elementor-widget elementor-widget-html\" data-id=\"3eca5dba\" data-element_type=\"widget\" data-e-type=\"widget\" data-settings=\"{&quot;_animation&quot;:&quot;fadeInUp&quot;}\" data-widget_type=\"html.default\">\n\t\t\t\t<div class=\"elementor-widget-container\">\n\t\t\t\t\t<table border=\"1\" cellpadding=\"8\" cellspacing=\"0\">\n  <thead>\n    <tr>\n      <th colspan=\"2\">FICHE TECHNIQUE<\/th>\n    <\/tr>\n  <\/thead>\n  <tbody>\n    <tr>\n      <td>Nom<\/td>\n      <td>RED KOMODO 6K<\/td>\n    <\/tr>\n    <tr>\n      <td>Marque<\/td>\n      <td>RED<\/td>\n    <\/tr>\n    <tr>\n      <td>Poids<\/td>\n      <td>Nue = 915grammes  \/ Full setup = 1552 grammes<\/td>\n    <\/tr>\n    <tr>\n      <td>Dimensions<\/td>\n      <td> 101.23 X 101.26mm X 95,26mm<\/td>\n    <\/tr>\n    <tr>\n      <td>Waterproof ?<\/td>\n      <td>Non<\/td>\n    <\/tr>\n    <tr>\n      <td>Type de monture <\/td>\n      <td>Monture RF d'origine \/ Monture RF vers EF-EOS R disponible<\/td>\n    <\/tr>\n <tr>\n      <td> Objectif<\/td>\n      <td>Canon 10-18mm (Autres objectifs possibles, veuillez me pr\u00e9venir en avance svp)<\/td>\n    <\/tr>\n     <tr>\n      <td>Resolution et FPS (Min \u00e0 Max)\n      <td> \n     6K 17:9 (3.8 \u00e0 40 FPS)<br> 6K 2:1 (3.77 \u00e0 42.09 FPS) <br> 6K 2.4:1 (3.82 \u00e0 50 FPS) <br> 6K 16:9 (3.75 \u00e0 40FPS) <br> 6K 4:3 2x (3.75 \u00e0 40 FPS) <br> 6K 6:5 2x (3.75 \u00e0 40 FPS) <br> 6K 3:2 1.8x (3.75 \u00e0 40 FPS) <br> 6K 4:3 1.8x (3.75 \u00e0 40 FPS) <br> 6K 3:2 1.6x (3.75 \u00e0 40 FPS) <br> 6K 16:9 1.5x (3.75 \u00e0 40 FPS) <br> 6K 17:9 1.3x (3.75 \u00e0 40 FPS) <br> 6K 17:9 1.25x (3.75 \u00e0 40 FPS) <br> 5K 17:9 (3.81 \u00e0 48.01 FPS) <br> 4K 17:9 (3.87 \u00e0 60 FPS) <br> 4K 16:9 (3.87 \u00e0 60 <br> 2K 17:9 (3.99 \u00e0 120 FPS)\n      <\/tr>\n      <tr>\n      <td>Projet FPS<\/td>\n      <td>23.98\/24\/25\/29.97\/30\/50\/59.94\/60 FPS\n    <\/tr>\n    <tr>\n      <td>Capteur<\/td>\n      <td>19,9 MP Super 35mm CMOS - Global Shutter ( 1.90:1 ratio)\n    <\/tr>\n      <tr>\n      <td>Plage ISO<\/td>\n      <td>250-12800<\/td>\n    <\/tr>\n    <tr>\n      <td>Plage obturateur (Min \u00e0 Max)<\/td>\n      <td>0.1\u00b0 \u00e0 360\u00b0 <br> <\/td>\n    <\/tr>\n        <tr>\n      <td>Plage dynamique<\/td>\n      <td> 16+ stops\n    <\/tr>\n    <tr>\n      <td>Espace colorim\u00e9trique \/ Gamma<\/td>\n      <td>REDWideGamutRGB \/ Log3G10 <\/td>\n    <\/tr>\n    <tr>\n      <td>Gestion des couleurs<\/td>\n      <td>Image Processing Pipeline 2 (IPP2) <br> Supporte 33\u00d733\u00d733 3D LUTs <br> Supporte l'importation de CDL<\/td>\n    <\/tr>\n    <tr>\n      <td>Espace colorim\u00e9trique de sortie<\/td>\n      <td>DCI-P3 \/ Rec.709 \/ Rec.2020 \/ REDWideGamutRGB<br> <\/td>\n    <\/tr>\n    <tr>\n      <td>Format Fichier<\/td>\n      <td>.R3D \/ .MOV<\/td>\n    <\/tr>\n    <tr>\n      <td>Codec<\/td>\n      <td>REDCODE RAW \/ Apple ProRes (! le ProRes peut utiliser l'enti\u00e8ret\u00e9 du capteur 6K, mais est limit\u00e9 \u00e0 4K max en enregistrement !)<\/td>\n    <\/tr>\n        <tr>\n      <td>Stockage<\/td>\n      <td> AV PRO C Fast 2.0 512 GB (2 cartes disponibles, backup complet dure environ 16min)<\/td>\n    <\/tr>\n     <tr>\n      <td>Retour vid\u00e9o ?<\/td>\n      <td>Oui - Possbile avec le DJI SDR\n    <\/tr>\n  <\/tbody>\n<\/table>\n\t\t\t\t<\/div>\n\t\t\t\t<\/div>\n\t\t\t\t\t<\/div>\n\t\t\t\t<\/div>\n\t\t<div class=\"elementor-element elementor-element-eddac79 e-flex e-con-boxed e-con e-parent\" data-id=\"eddac79\" data-element_type=\"container\" data-e-type=\"container\">\n\t\t\t\t\t<div class=\"e-con-inner\">\n\t\t\t\t\t<\/div>\n\t\t\t\t<\/div>\n\t\t\t\t<\/div>","protected":false},"excerpt":{"rendered":"<p>red komodo La RED Komodo est un bo\u00eetier qui s\u2019impose comme la solution parfaite pour le cin\u00e9ma : elle p\u00e8se 915 Grammes \u00e0 nue, elle est ultra compacte et optimis\u00e9e pour encaisser des crash.\u00a0 Son global shutter est id\u00e9al pour garder une image lisse durant les mouvements dynamiques, et son capteur Super 35mm avec sa plage dynamique de 16+ stops offre une qualit\u00e9 d&rsquo;image \u00e0 couper le souffle. C&rsquo;est un r\u00e9el avantage face \u00e0 une Sony FX6 qui est une cam\u00e9ra excellente, mais va se d\u00e9sint\u00e9grer au moindre crash. Je l&rsquo;utilise pour le moment uniquement\u00a0 sur L\u2019Atlas 8\u201d, un cinelifter confectionn\u00e9 sur mesure avec Parallax FPV, dont je propose son [&hellip;]<\/p>","protected":false},"author":2,"featured_media":0,"parent":0,"menu_order":0,"comment_status":"closed","ping_status":"closed","template":"","meta":{"footnotes":""},"class_list":["post-12594","page","type-page","status-publish","hentry"],"_links":{"self":[{"href":"https:\/\/elixfpv.com\/ja\/wp-json\/wp\/v2\/pages\/12594","targetHints":{"allow":["GET"]}}],"collection":[{"href":"https:\/\/elixfpv.com\/ja\/wp-json\/wp\/v2\/pages"}],"about":[{"href":"https:\/\/elixfpv.com\/ja\/wp-json\/wp\/v2\/types\/page"}],"author":[{"embeddable":true,"href":"https:\/\/elixfpv.com\/ja\/wp-json\/wp\/v2\/users\/2"}],"replies":[{"embeddable":true,"href":"https:\/\/elixfpv.com\/ja\/wp-json\/wp\/v2\/comments?post=12594"}],"version-history":[{"count":159,"href":"https:\/\/elixfpv.com\/ja\/wp-json\/wp\/v2\/pages\/12594\/revisions"}],"predecessor-version":[{"id":15561,"href":"https:\/\/elixfpv.com\/ja\/wp-json\/wp\/v2\/pages\/12594\/revisions\/15561"}],"wp:attachment":[{"href":"https:\/\/elixfpv.com\/ja\/wp-json\/wp\/v2\/media?parent=12594"}],"curies":[{"name":"wp","href":"https:\/\/api.w.org\/{rel}","templated":true}]}}