{"id":12592,"date":"2025-03-27T11:30:01","date_gmt":"2025-03-27T10:30:01","guid":{"rendered":"https:\/\/elixfpv.com\/?page_id=12592"},"modified":"2026-04-24T11:21:59","modified_gmt":"2026-04-24T09:21:59","slug":"5-3d","status":"publish","type":"page","link":"https:\/\/elixfpv.com\/ja\/5-3d\/","title":{"rendered":"5&Prime; 3D"},"content":{"rendered":"<div data-elementor-type=\"wp-page\" data-elementor-id=\"12592\" class=\"elementor elementor-12592\" data-elementor-settings=\"{&quot;element_pack_global_tooltip_width&quot;:{&quot;unit&quot;:&quot;px&quot;,&quot;size&quot;:&quot;&quot;,&quot;sizes&quot;:[]},&quot;element_pack_global_tooltip_width_tablet&quot;:{&quot;unit&quot;:&quot;px&quot;,&quot;size&quot;:&quot;&quot;,&quot;sizes&quot;:[]},&quot;element_pack_global_tooltip_width_mobile&quot;:{&quot;unit&quot;:&quot;px&quot;,&quot;size&quot;:&quot;&quot;,&quot;sizes&quot;:[]},&quot;element_pack_global_tooltip_padding&quot;:{&quot;unit&quot;:&quot;px&quot;,&quot;top&quot;:&quot;&quot;,&quot;right&quot;:&quot;&quot;,&quot;bottom&quot;:&quot;&quot;,&quot;left&quot;:&quot;&quot;,&quot;isLinked&quot;:true},&quot;element_pack_global_tooltip_padding_tablet&quot;:{&quot;unit&quot;:&quot;px&quot;,&quot;top&quot;:&quot;&quot;,&quot;right&quot;:&quot;&quot;,&quot;bottom&quot;:&quot;&quot;,&quot;left&quot;:&quot;&quot;,&quot;isLinked&quot;:true},&quot;element_pack_global_tooltip_padding_mobile&quot;:{&quot;unit&quot;:&quot;px&quot;,&quot;top&quot;:&quot;&quot;,&quot;right&quot;:&quot;&quot;,&quot;bottom&quot;:&quot;&quot;,&quot;left&quot;:&quot;&quot;,&quot;isLinked&quot;:true},&quot;element_pack_global_tooltip_border_radius&quot;:{&quot;unit&quot;:&quot;px&quot;,&quot;top&quot;:&quot;&quot;,&quot;right&quot;:&quot;&quot;,&quot;bottom&quot;:&quot;&quot;,&quot;left&quot;:&quot;&quot;,&quot;isLinked&quot;:true},&quot;element_pack_global_tooltip_border_radius_tablet&quot;:{&quot;unit&quot;:&quot;px&quot;,&quot;top&quot;:&quot;&quot;,&quot;right&quot;:&quot;&quot;,&quot;bottom&quot;:&quot;&quot;,&quot;left&quot;:&quot;&quot;,&quot;isLinked&quot;:true},&quot;element_pack_global_tooltip_border_radius_mobile&quot;:{&quot;unit&quot;:&quot;px&quot;,&quot;top&quot;:&quot;&quot;,&quot;right&quot;:&quot;&quot;,&quot;bottom&quot;:&quot;&quot;,&quot;left&quot;:&quot;&quot;,&quot;isLinked&quot;:true}}\" data-elementor-post-type=\"page\">\n\t\t\t\t<div class=\"elementor-element elementor-element-3da737e e-flex e-con-boxed e-con e-parent\" data-id=\"3da737e\" data-element_type=\"container\" data-e-type=\"container\">\n\t\t\t\t\t<div class=\"e-con-inner\">\n\t\t\t\t<div class=\"elementor-element elementor-element-1780f02 elementor-widget__width-initial elementor-widget elementor-widget-html\" data-id=\"1780f02\" data-element_type=\"widget\" data-e-type=\"widget\" data-widget_type=\"html.default\">\n\t\t\t\t<div class=\"elementor-widget-container\">\n\t\t\t\t\t<style>\r\n    \/* Conteneur global pour aligner Titre et Bouton *\/\r\n    .elix-header-layout {\r\n        display: flex;\r\n        flex-direction: column; \/* Les empile verticalement *\/\r\n        gap: 20px; \/* Espace entre le titre et le bouton *\/\r\n        align-items: flex-start; \/* Align\u00e9 \u00e0 gauche *\/\r\n        margin-bottom: 40px; \/* Espace sous le bloc *\/\r\n    }\r\n\r\n    \/* Le Titre du Drone *\/\r\n    .elix-drone-title {\r\n        color: #fff;\r\n        font-family: \"Helvetica Neue\", Helvetica, Arial, sans-serif;\r\n        font-weight: 700;\r\n        text-transform: uppercase;\r\n        font-size: 32px; \/* Taille du titre *\/\r\n        line-height: 1.2;\r\n        margin: 0;\r\n        letter-spacing: 1px;\r\n    }\r\n\r\n    \/* Le Bouton Carr\u00e9 (Retour) *\/\r\n    .elix-back-box {\r\n        display: flex;\r\n        align-items: center;\r\n        justify-content: center;\r\n        width: 50px;  \/* Largeur du carr\u00e9 *\/\r\n        height: 50px; \/* Hauteur du carr\u00e9 *\/\r\n        border: 2px solid #ffffff; \/* Cadre blanc *\/\r\n        background: transparent;\r\n        color: #ffffff;\r\n        transition: all 0.3s ease;\r\n        text-decoration: none; \/* Pas de soulignement *\/\r\n        box-sizing: border-box; \/* Assure que la bordure ne change pas la taille *\/\r\n    }\r\n\r\n    \/* Effet au survol : Fond blanc, fl\u00e8che noire *\/\r\n    .elix-back-box:hover {\r\n        background-color: #ffffff;\r\n        color: #000000;\r\n        box-shadow: 0 0 15px rgba(255, 255, 255, 0.3);\r\n    }\r\n    \r\n     .elix-back-box svg:hover {\r\n        width: 18px;\r\n        height: 18px;\r\n        fill: black!important; \/* La couleur suit le texte (blanc puis noir) *\/\r\n    }\r\n\r\n    \/* L'ic\u00f4ne Fl\u00e8che (SVG) *\/\r\n    .elix-back-box svg {\r\n        width: 18px;\r\n        height: 18px;\r\n        fill: white; \/* La couleur suit le texte (blanc puis noir) *\/\r\n    }\r\n<\/style>\r\n\r\n<div class=\"elix-header-layout\">\r\n    \r\n\r\n\r\n    <a href=\"https:\/\/elixfpv.com\/ja\/mes-drones\/\" class=\"elix-back-box\" aria-label=\"Retour aux drones\">\r\n        <svg viewbox=\"0 0 320 512\">\r\n            <path d=\"M34.52 239.03L228.87 44.69c9.37-9.37 24.57-9.37 33.94 0l22.67 22.67c9.36 9.36 9.37 24.52.04 33.9L131.49 256l154.02 154.75c9.34 9.38 9.32 24.54-.04 33.9l-22.67 22.67c-9.37 9.37-24.57 9.37-33.94 0L34.52 272.97c-9.37-9.37-9.37-24.57 0-33.94z\"\/>\r\n        <\/svg>\r\n    <\/a>\r\n\r\n<\/div>\t\t\t\t<\/div>\n\t\t\t\t<\/div>\n\t\t\t\t\t<\/div>\n\t\t\t\t<\/div>\n\t\t<div class=\"elementor-element elementor-element-7a8e355f e-flex e-con-boxed e-con e-parent\" data-id=\"7a8e355f\" data-element_type=\"container\" data-e-type=\"container\" data-settings=\"{&quot;background_background&quot;:&quot;video&quot;}\">\n\t\t\t\t\t<div class=\"e-con-inner\">\n\t\t\t\t<div class=\"elementor-element elementor-element-8396d65 elementor-widget__width-initial elementor-widget elementor-widget-html\" data-id=\"8396d65\" data-element_type=\"widget\" data-e-type=\"widget\" data-widget_type=\"html.default\">\n\t\t\t\t<div class=\"elementor-widget-container\">\n\t\t\t\t\t<iframe  id=\"viewer\" width=\"9  00\" height=\"300\" allow=\"fullscreen; xr-spatial-tracking\" src=\"https:\/\/superspl.at\/s?id=fc22553c&noui\"><\/iframe>\t\t\t\t<\/div>\n\t\t\t\t<\/div>\n\t\t\t\t\t<\/div>\n\t\t\t\t<\/div>\n\t\t<div class=\"elementor-element elementor-element-7a5676cf e-flex e-con-boxed e-con e-parent\" data-id=\"7a5676cf\" data-element_type=\"container\" data-e-type=\"container\">\n\t\t\t\t\t<div class=\"e-con-inner\">\n\t\t<div class=\"elementor-element elementor-element-b554794 e-grid e-con-full e-con e-child\" data-id=\"b554794\" data-element_type=\"container\" data-e-type=\"container\">\n\t\t\t\t<div class=\"elementor-element elementor-element-50614f0 elementor-widget elementor-widget-text-editor\" data-id=\"50614f0\" data-element_type=\"widget\" data-e-type=\"widget\" data-widget_type=\"text-editor.default\">\n\t\t\t\t<div class=\"elementor-widget-container\">\n\t\t\t\t\t\t\t\t\t<div class=\"space100%\">\u00a0<\/div>\t\t\t\t\t\t\t\t<\/div>\n\t\t\t\t<\/div>\n\t\t\t\t<div class=\"elementor-element elementor-element-823108b elementor-widget elementor-widget-heading\" data-id=\"823108b\" data-element_type=\"widget\" data-e-type=\"widget\" data-widget_type=\"heading.default\">\n\t\t\t\t<div class=\"elementor-widget-container\">\n\t\t\t\t\t<h2 class=\"elementor-heading-title elementor-size-default\">5\" 3D<\/h2>\t\t\t\t<\/div>\n\t\t\t\t<\/div>\n\t\t\t\t<div class=\"elementor-element elementor-element-99cd21f elementor-widget elementor-widget-text-editor\" data-id=\"99cd21f\" data-element_type=\"widget\" data-e-type=\"widget\" data-widget_type=\"text-editor.default\">\n\t\t\t\t<div class=\"elementor-widget-container\">\n\t\t\t\t\t\t\t\t\t<div><span style=\"font-family: tahoma, sans-serif;\"><b>Clic Gauche:<\/b>\u00a0Orbit<\/span><\/div><div><span style=\"font-family: tahoma, sans-serif;\"><b>Scroll molette:<\/b>\u00a0Zoom\/Dezoom<\/span><\/div><div><span style=\"font-family: tahoma, sans-serif;\"><b>Espace:\u00a0<\/b>Reset<\/span><\/div>\t\t\t\t\t\t\t\t<\/div>\n\t\t\t\t<\/div>\n\t\t\t\t<\/div>\n\t\t\t\t\t<\/div>\n\t\t\t\t<\/div>\n\t\t<div class=\"elementor-element elementor-element-4a64741e e-flex e-con-boxed e-con e-parent\" data-id=\"4a64741e\" data-element_type=\"container\" data-e-type=\"container\">\n\t\t\t\t\t<div class=\"e-con-inner\">\n\t\t<div class=\"elementor-element elementor-element-7a909658 e-grid e-con-full e-con e-child\" data-id=\"7a909658\" data-element_type=\"container\" data-e-type=\"container\">\n\t\t\t\t<div class=\"elementor-element elementor-element-787a90b4 elementor-widget elementor-widget-image\" data-id=\"787a90b4\" data-element_type=\"widget\" data-e-type=\"widget\" data-widget_type=\"image.default\">\n\t\t\t\t<div class=\"elementor-widget-container\">\n\t\t\t\t\t\t\t\t\t\t\t\t\t\t\t\t<a href=\"#elementor-action%3Aaction%3Dpopup%3Aopen%26settings%3DeyJpZCI6IjE0MDIzIiwidG9nZ2xlIjpmYWxzZX0%3D\">\n\t\t\t\t\t\t\t<img fetchpriority=\"high\" decoding=\"async\" width=\"800\" height=\"450\" src=\"https:\/\/elixfpv.com\/wp-content\/uploads\/2025\/11\/photo-1497436072909-60f360e1d4b1-1024x576.jpeg\" class=\"attachment-large size-large wp-image-14022\" alt=\"\" srcset=\"https:\/\/elixfpv.com\/wp-content\/uploads\/2025\/11\/photo-1497436072909-60f360e1d4b1-1024x576.jpeg 1024w, https:\/\/elixfpv.com\/wp-content\/uploads\/2025\/11\/photo-1497436072909-60f360e1d4b1-300x169.jpeg 300w, https:\/\/elixfpv.com\/wp-content\/uploads\/2025\/11\/photo-1497436072909-60f360e1d4b1-768x432.jpeg 768w, https:\/\/elixfpv.com\/wp-content\/uploads\/2025\/11\/photo-1497436072909-60f360e1d4b1-1536x864.jpeg 1536w, https:\/\/elixfpv.com\/wp-content\/uploads\/2025\/11\/photo-1497436072909-60f360e1d4b1-2048x1152.jpeg 2048w\" sizes=\"(max-width: 800px) 100vw, 800px\" \/>\t\t\t\t\t\t\t\t<\/a>\n\t\t\t\t\t\t\t\t\t\t\t\t\t\t\t<\/div>\n\t\t\t\t<\/div>\n\t\t\t\t<div class=\"elementor-element elementor-element-369d6a0a elementor-widget elementor-widget-image\" data-id=\"369d6a0a\" data-element_type=\"widget\" data-e-type=\"widget\" data-widget_type=\"image.default\">\n\t\t\t\t<div class=\"elementor-widget-container\">\n\t\t\t\t\t\t\t\t\t\t\t\t\t\t\t\t<a href=\"#elementor-action%3Aaction%3Dpopup%3Aopen%26settings%3DeyJpZCI6IjE0MDIzIiwidG9nZ2xlIjpmYWxzZX0%3D\">\n\t\t\t\t\t\t\t<img decoding=\"async\" width=\"800\" height=\"450\" src=\"https:\/\/elixfpv.com\/wp-content\/uploads\/2025\/11\/matt-wang-dBp9dbQCh4Q-unsplash-1024x576.jpg\" class=\"attachment-large size-large wp-image-14021\" alt=\"\" srcset=\"https:\/\/elixfpv.com\/wp-content\/uploads\/2025\/11\/matt-wang-dBp9dbQCh4Q-unsplash-1024x576.jpg 1024w, https:\/\/elixfpv.com\/wp-content\/uploads\/2025\/11\/matt-wang-dBp9dbQCh4Q-unsplash-300x169.jpg 300w, https:\/\/elixfpv.com\/wp-content\/uploads\/2025\/11\/matt-wang-dBp9dbQCh4Q-unsplash-768x432.jpg 768w, https:\/\/elixfpv.com\/wp-content\/uploads\/2025\/11\/matt-wang-dBp9dbQCh4Q-unsplash-1536x864.jpg 1536w, https:\/\/elixfpv.com\/wp-content\/uploads\/2025\/11\/matt-wang-dBp9dbQCh4Q-unsplash-2048x1152.jpg 2048w\" sizes=\"(max-width: 800px) 100vw, 800px\" \/>\t\t\t\t\t\t\t\t<\/a>\n\t\t\t\t\t\t\t\t\t\t\t\t\t\t\t<\/div>\n\t\t\t\t<\/div>\n\t\t\t\t<div class=\"elementor-element elementor-element-2b467234 elementor-widget elementor-widget-image\" data-id=\"2b467234\" data-element_type=\"widget\" data-e-type=\"widget\" data-widget_type=\"image.default\">\n\t\t\t\t<div class=\"elementor-widget-container\">\n\t\t\t\t\t\t\t\t\t\t\t\t\t\t\t\t<a href=\"#elementor-action%3Aaction%3Dpopup%3Aopen%26settings%3DeyJpZCI6IjE0MDIzIiwidG9nZ2xlIjpmYWxzZX0%3D\">\n\t\t\t\t\t\t\t<img decoding=\"async\" width=\"800\" height=\"500\" src=\"https:\/\/elixfpv.com\/wp-content\/uploads\/2025\/11\/luka-verc-grPhIvFoDGM-unsplash-1024x640.jpg\" class=\"attachment-large size-large wp-image-14020\" alt=\"\" srcset=\"https:\/\/elixfpv.com\/wp-content\/uploads\/2025\/11\/luka-verc-grPhIvFoDGM-unsplash-1024x640.jpg 1024w, https:\/\/elixfpv.com\/wp-content\/uploads\/2025\/11\/luka-verc-grPhIvFoDGM-unsplash-300x188.jpg 300w, https:\/\/elixfpv.com\/wp-content\/uploads\/2025\/11\/luka-verc-grPhIvFoDGM-unsplash-768x480.jpg 768w, https:\/\/elixfpv.com\/wp-content\/uploads\/2025\/11\/luka-verc-grPhIvFoDGM-unsplash-1536x960.jpg 1536w, https:\/\/elixfpv.com\/wp-content\/uploads\/2025\/11\/luka-verc-grPhIvFoDGM-unsplash-2048x1280.jpg 2048w\" sizes=\"(max-width: 800px) 100vw, 800px\" \/>\t\t\t\t\t\t\t\t<\/a>\n\t\t\t\t\t\t\t\t\t\t\t\t\t\t\t<\/div>\n\t\t\t\t<\/div>\n\t\t\t\t<\/div>\n\t\t\t\t\t<\/div>\n\t\t\t\t<\/div>\n\t\t<div class=\"elementor-element elementor-element-3bfd78f3 e-flex e-con-boxed e-con e-parent\" data-id=\"3bfd78f3\" data-element_type=\"container\" data-e-type=\"container\" data-settings=\"{&quot;background_background&quot;:&quot;classic&quot;}\">\n\t\t\t\t\t<div class=\"e-con-inner\">\n\t\t\t\t<div class=\"elementor-element elementor-element-6f28f44d elementor-widget elementor-widget-text-editor\" data-id=\"6f28f44d\" data-element_type=\"widget\" data-e-type=\"widget\" data-widget_type=\"text-editor.default\">\n\t\t\t\t<div class=\"elementor-widget-container\">\n\t\t\t\t\t\t\t\t\t<p>Le 3D est une technique de vol unique dans laquelle le drone est configur\u00e9 de mani\u00e8re \u00e0 pouvoir inverser le sens de rotation de ses moteurs durant le vol, une sorte d&rsquo;option marche si on veut simplifier.<\/p><p>Cette inversion des moteurs offre de nouvelles possibilit\u00e9s, comme voler \u00e0 l&rsquo;envers, se coller aux murs, changer de direction en quasi-instantan\u00e9, et bien d&rsquo;autre encore.<\/p><p>Pour le moment, le 3D est encore un domaine dans lequel j&rsquo;exp\u00e9rimente gr\u00e2ce au ch\u00e2ssis <strong>5&Prime; Kayoulight<\/strong>, de la marque fran\u00e7aise <a href=\"https:\/\/www.kayou-frames.com\/\" target=\"_blank\" rel=\"noopener\"><strong><span style=\"text-decoration: underline;\">Kayou frames<\/span><\/strong><\/a>. J&rsquo;utilise uniquement la <a href=\"https:\/\/elixfpv.com\/ja\/dji-action-2\/\" target=\"_blank\" rel=\"noopener\"><span style=\"text-decoration: underline;\"><strong>Dji Action 2<\/strong><\/span><\/a> pour des raisons d&rsquo;optimisation, meme si il est possible de montrer d&rsquo;autres cam\u00e9ras dessus.<\/p><p><span style=\"font-weight: 400;\">Je ne peux donc que le recommander \u00e0 titre exp\u00e9rimental, \u00e0 ceux qui sont assez avant-gardiste pour vouloir l&rsquo;utiliser dans un projet.<\/span><\/p>\t\t\t\t\t\t\t\t<\/div>\n\t\t\t\t<\/div>\n\t\t\t\t<div class=\"elementor-element elementor-element-1660be80 animated-slow elementor-invisible elementor-widget elementor-widget-html\" data-id=\"1660be80\" data-element_type=\"widget\" data-e-type=\"widget\" data-settings=\"{&quot;_animation&quot;:&quot;fadeInUp&quot;}\" data-widget_type=\"html.default\">\n\t\t\t\t<div class=\"elementor-widget-container\">\n\t\t\t\t\t<table border=\"1\" cellpadding=\"8\" cellspacing=\"0\">\n  <thead>\n    <tr>\n      <th colspan=\"2\">Fiche technique<\/th>\n    <\/tr>\n  <\/thead>\n  <tbody>\n    <tr>\n      <td>Nom<\/td>\n      <td>5\"Kayoulight- By Kayou Frames<\/td>\n    <\/tr>\n    <tr>\n      <td>Poids<\/td>\n      <td>697 grammes<\/td>\n    <\/tr>\n    <tr>\n      <td>Cam\u00e9ra<\/td>\n      <td>Dji Action 2<\/td>\n    <\/tr>\n    <tr>\n      <td>Vitesse Moyenne<\/td>\n      <td>60 Km\/h<\/td>\n    <\/tr>\n    <tr>\n      <td>Vitesse Max<\/td>\n      <td>120 Km\/h<\/td>\n    <\/tr>\n    <tr>\n      <td>Autonomie de vol<\/td>\n      <td>5\/6 minutes<\/td>\n    <\/tr>\n    <tr>\n      <td>Waterproof ?<\/td>\n      <td>Oui\n<\/td>\n    <\/tr>\n    <tr>\n      <td>Syt\u00e8me vid\u00e9o (VTX)<\/td>\n      <td> Speedybee tx800\n<\/td>\n    <\/tr>\n    <tr>\n      <td>Cam\u00e9ra FPV<\/td>\n      <td>Caddx ratel V2\n<\/td>\n    <\/tr>\n    <tr>\n      <td>Moteurs<\/td>\n      <td>Axisflying 2207\/ 2010 KV\n<\/td>\n    <\/tr>\n    <tr>\n      <td>Batterie<\/td>\n      <td>Lipos Ovonic 6s\/ 1100 mah<\/td>\n    <\/tr>\n    <tr>\n      <td>Helices<\/td>\n      <td>Zoe Zurple 5135D<\/td>\n    <\/tr>\n    <tr>\n      <td>Stack<\/td>\n      <td>FC: BrotherHobby Xrotor F7 \/ ESC: Rush Extreme 60A<\/td>\n          <tr>\n      <td>RX<\/td>\n      <td> Happymodel EP1 TCX0 2.4 Ghz<\/td>\n    <\/tr>\n    <tr>\n  <\/tbody>\n<\/table>\n\t\t\t\t<\/div>\n\t\t\t\t<\/div>\n\t\t\t\t\t<\/div>\n\t\t\t\t<\/div>\n\t\t<div class=\"elementor-element elementor-element-59d76a1 e-flex e-con-boxed e-con e-parent\" data-id=\"59d76a1\" data-element_type=\"container\" data-e-type=\"container\">\n\t\t\t\t\t<div class=\"e-con-inner\">\n\t\t\t\t\t<\/div>\n\t\t\t\t<\/div>\n\t\t\t\t<\/div>","protected":false},"excerpt":{"rendered":"<p>\u00a0 5&Prime; 3D Clic Gauche:\u00a0OrbitScroll molette:\u00a0Zoom\/DezoomEspace:\u00a0Reset Le 3D est une technique de vol unique dans laquelle le drone est configur\u00e9 de mani\u00e8re \u00e0 pouvoir inverser le sens de rotation de ses moteurs durant le vol, une sorte d&rsquo;option marche si on veut simplifier. Cette inversion des moteurs offre de nouvelles possibilit\u00e9s, comme voler \u00e0 l&rsquo;envers, se coller aux murs, changer de direction en quasi-instantan\u00e9, et bien d&rsquo;autre encore. Pour le moment, le 3D est encore un domaine dans lequel j&rsquo;exp\u00e9rimente gr\u00e2ce au ch\u00e2ssis 5&Prime; Kayoulight, de la marque fran\u00e7aise Kayou frames. J&rsquo;utilise uniquement la Dji Action 2 pour des raisons d&rsquo;optimisation, meme si il est possible de montrer d&rsquo;autres cam\u00e9ras [&hellip;]<\/p>","protected":false},"author":2,"featured_media":0,"parent":0,"menu_order":0,"comment_status":"closed","ping_status":"closed","template":"","meta":{"footnotes":""},"class_list":["post-12592","page","type-page","status-publish","hentry"],"_links":{"self":[{"href":"https:\/\/elixfpv.com\/ja\/wp-json\/wp\/v2\/pages\/12592","targetHints":{"allow":["GET"]}}],"collection":[{"href":"https:\/\/elixfpv.com\/ja\/wp-json\/wp\/v2\/pages"}],"about":[{"href":"https:\/\/elixfpv.com\/ja\/wp-json\/wp\/v2\/types\/page"}],"author":[{"embeddable":true,"href":"https:\/\/elixfpv.com\/ja\/wp-json\/wp\/v2\/users\/2"}],"replies":[{"embeddable":true,"href":"https:\/\/elixfpv.com\/ja\/wp-json\/wp\/v2\/comments?post=12592"}],"version-history":[{"count":72,"href":"https:\/\/elixfpv.com\/ja\/wp-json\/wp\/v2\/pages\/12592\/revisions"}],"predecessor-version":[{"id":15515,"href":"https:\/\/elixfpv.com\/ja\/wp-json\/wp\/v2\/pages\/12592\/revisions\/15515"}],"wp:attachment":[{"href":"https:\/\/elixfpv.com\/ja\/wp-json\/wp\/v2\/media?parent=12592"}],"curies":[{"name":"wp","href":"https:\/\/api.w.org\/{rel}","templated":true}]}}