{"id":12582,"date":"2025-03-27T11:28:41","date_gmt":"2025-03-27T10:28:41","guid":{"rendered":"https:\/\/elixfpv.com\/?page_id=12582"},"modified":"2026-04-25T06:04:29","modified_gmt":"2026-04-25T04:04:29","slug":"kayoumini","status":"publish","type":"page","link":"https:\/\/elixfpv.com\/ja\/kayoumini\/","title":{"rendered":"Kayoumini"},"content":{"rendered":"<div data-elementor-type=\"wp-page\" data-elementor-id=\"12582\" class=\"elementor elementor-12582\" data-elementor-settings=\"{&quot;element_pack_global_tooltip_width&quot;:{&quot;unit&quot;:&quot;px&quot;,&quot;size&quot;:&quot;&quot;,&quot;sizes&quot;:[]},&quot;element_pack_global_tooltip_width_tablet&quot;:{&quot;unit&quot;:&quot;px&quot;,&quot;size&quot;:&quot;&quot;,&quot;sizes&quot;:[]},&quot;element_pack_global_tooltip_width_mobile&quot;:{&quot;unit&quot;:&quot;px&quot;,&quot;size&quot;:&quot;&quot;,&quot;sizes&quot;:[]},&quot;element_pack_global_tooltip_padding&quot;:{&quot;unit&quot;:&quot;px&quot;,&quot;top&quot;:&quot;&quot;,&quot;right&quot;:&quot;&quot;,&quot;bottom&quot;:&quot;&quot;,&quot;left&quot;:&quot;&quot;,&quot;isLinked&quot;:true},&quot;element_pack_global_tooltip_padding_tablet&quot;:{&quot;unit&quot;:&quot;px&quot;,&quot;top&quot;:&quot;&quot;,&quot;right&quot;:&quot;&quot;,&quot;bottom&quot;:&quot;&quot;,&quot;left&quot;:&quot;&quot;,&quot;isLinked&quot;:true},&quot;element_pack_global_tooltip_padding_mobile&quot;:{&quot;unit&quot;:&quot;px&quot;,&quot;top&quot;:&quot;&quot;,&quot;right&quot;:&quot;&quot;,&quot;bottom&quot;:&quot;&quot;,&quot;left&quot;:&quot;&quot;,&quot;isLinked&quot;:true},&quot;element_pack_global_tooltip_border_radius&quot;:{&quot;unit&quot;:&quot;px&quot;,&quot;top&quot;:&quot;&quot;,&quot;right&quot;:&quot;&quot;,&quot;bottom&quot;:&quot;&quot;,&quot;left&quot;:&quot;&quot;,&quot;isLinked&quot;:true},&quot;element_pack_global_tooltip_border_radius_tablet&quot;:{&quot;unit&quot;:&quot;px&quot;,&quot;top&quot;:&quot;&quot;,&quot;right&quot;:&quot;&quot;,&quot;bottom&quot;:&quot;&quot;,&quot;left&quot;:&quot;&quot;,&quot;isLinked&quot;:true},&quot;element_pack_global_tooltip_border_radius_mobile&quot;:{&quot;unit&quot;:&quot;px&quot;,&quot;top&quot;:&quot;&quot;,&quot;right&quot;:&quot;&quot;,&quot;bottom&quot;:&quot;&quot;,&quot;left&quot;:&quot;&quot;,&quot;isLinked&quot;:true}}\" data-elementor-post-type=\"page\">\n\t\t\t\t<div class=\"elementor-element elementor-element-14e5f016 e-flex e-con-boxed e-con e-parent\" data-id=\"14e5f016\" data-element_type=\"container\" data-e-type=\"container\">\n\t\t\t\t\t<div class=\"e-con-inner\">\n\t\t\t\t<div class=\"elementor-element elementor-element-34cea7e9 elementor-widget__width-initial elementor-widget elementor-widget-html\" data-id=\"34cea7e9\" data-element_type=\"widget\" data-e-type=\"widget\" data-widget_type=\"html.default\">\n\t\t\t\t<div class=\"elementor-widget-container\">\n\t\t\t\t\t<style>\r\n    \/* Conteneur global pour aligner Titre et Bouton *\/\r\n    .elix-header-layout {\r\n        display: flex;\r\n        flex-direction: column; \/* Les empile verticalement *\/\r\n        gap: 20px; \/* Espace entre le titre et le bouton *\/\r\n        align-items: flex-start; \/* Align\u00e9 \u00e0 gauche *\/\r\n        margin-bottom: 40px; \/* Espace sous le bloc *\/\r\n    }\r\n\r\n    \/* Le Titre du Drone *\/\r\n    .elix-drone-title {\r\n        color: #fff;\r\n        font-family: \"Helvetica Neue\", Helvetica, Arial, sans-serif;\r\n        font-weight: 700;\r\n        text-transform: uppercase;\r\n        font-size: 32px; \/* Taille du titre *\/\r\n        line-height: 1.2;\r\n        margin: 0;\r\n        letter-spacing: 1px;\r\n    }\r\n\r\n    \/* Le Bouton Carr\u00e9 (Retour) *\/\r\n    .elix-back-box {\r\n        display: flex;\r\n        align-items: center;\r\n        justify-content: center;\r\n        width: 50px;  \/* Largeur du carr\u00e9 *\/\r\n        height: 50px; \/* Hauteur du carr\u00e9 *\/\r\n        border: 2px solid #ffffff; \/* Cadre blanc *\/\r\n        background: transparent;\r\n        color: #ffffff;\r\n        transition: all 0.3s ease;\r\n        text-decoration: none; \/* Pas de soulignement *\/\r\n        box-sizing: border-box; \/* Assure que la bordure ne change pas la taille *\/\r\n    }\r\n\r\n    \/* Effet au survol : Fond blanc, fl\u00e8che noire *\/\r\n    .elix-back-box:hover {\r\n        background-color: #ffffff;\r\n        color: #000000;\r\n        box-shadow: 0 0 15px rgba(255, 255, 255, 0.3);\r\n    }\r\n    \r\n     .elix-back-box svg:hover {\r\n        width: 18px;\r\n        height: 18px;\r\n        fill: black!important; \/* La couleur suit le texte (blanc puis noir) *\/\r\n    }\r\n\r\n    \/* L'ic\u00f4ne Fl\u00e8che (SVG) *\/\r\n    .elix-back-box svg {\r\n        width: 18px;\r\n        height: 18px;\r\n        fill: white; \/* La couleur suit le texte (blanc puis noir) *\/\r\n    }\r\n<\/style>\r\n\r\n<div class=\"elix-header-layout\">\r\n    \r\n\r\n\r\n    <a href=\"https:\/\/elixfpv.com\/ja\/mes-drones\/\" class=\"elix-back-box\" aria-label=\"Retour aux drones\">\r\n        <svg viewbox=\"0 0 320 512\">\r\n            <path d=\"M34.52 239.03L228.87 44.69c9.37-9.37 24.57-9.37 33.94 0l22.67 22.67c9.36 9.36 9.37 24.52.04 33.9L131.49 256l154.02 154.75c9.34 9.38 9.32 24.54-.04 33.9l-22.67 22.67c-9.37 9.37-24.57 9.37-33.94 0L34.52 272.97c-9.37-9.37-9.37-24.57 0-33.94z\"\/>\r\n        <\/svg>\r\n    <\/a>\r\n\r\n<\/div>\t\t\t\t<\/div>\n\t\t\t\t<\/div>\n\t\t\t\t\t<\/div>\n\t\t\t\t<\/div>\n\t\t<div class=\"elementor-element elementor-element-155983bd e-flex e-con-boxed e-con e-parent\" data-id=\"155983bd\" data-element_type=\"container\" data-e-type=\"container\" data-settings=\"{&quot;background_background&quot;:&quot;video&quot;}\">\n\t\t\t\t\t<div class=\"e-con-inner\">\n\t\t\t\t<div class=\"elementor-element elementor-element-96a7222 elementor-widget__width-initial elementor-widget elementor-widget-html\" data-id=\"96a7222\" data-element_type=\"widget\" data-e-type=\"widget\" data-widget_type=\"html.default\">\n\t\t\t\t<div class=\"elementor-widget-container\">\n\t\t\t\t\t<iframe  id=\"viewer\" width=\"9  00\" height=\"300\" allow=\"fullscreen; xr-spatial-tracking\" src=\"https:\/\/superspl.at\/s?id=a9808421&noui\"><\/iframe>\t\t\t\t<\/div>\n\t\t\t\t<\/div>\n\t\t\t\t\t<\/div>\n\t\t\t\t<\/div>\n\t\t<div class=\"elementor-element elementor-element-6f08ace5 e-flex e-con-boxed e-con e-parent\" data-id=\"6f08ace5\" data-element_type=\"container\" data-e-type=\"container\">\n\t\t\t\t\t<div class=\"e-con-inner\">\n\t\t<div class=\"elementor-element elementor-element-3da053a6 e-grid e-con-full e-con e-child\" data-id=\"3da053a6\" data-element_type=\"container\" data-e-type=\"container\">\n\t\t\t\t<div class=\"elementor-element elementor-element-1a32cd68 elementor-widget elementor-widget-text-editor\" data-id=\"1a32cd68\" data-element_type=\"widget\" data-e-type=\"widget\" data-widget_type=\"text-editor.default\">\n\t\t\t\t<div class=\"elementor-widget-container\">\n\t\t\t\t\t\t\t\t\t<div class=\"space100%\">\u00a0<\/div>\t\t\t\t\t\t\t\t<\/div>\n\t\t\t\t<\/div>\n\t\t\t\t<div class=\"elementor-element elementor-element-200673c1 elementor-widget elementor-widget-heading\" data-id=\"200673c1\" data-element_type=\"widget\" data-e-type=\"widget\" data-widget_type=\"heading.default\">\n\t\t\t\t<div class=\"elementor-widget-container\">\n\t\t\t\t\t<h2 class=\"elementor-heading-title elementor-size-default\">KAYOUMINI<\/h2>\t\t\t\t<\/div>\n\t\t\t\t<\/div>\n\t\t\t\t<div class=\"elementor-element elementor-element-7fc285a6 elementor-widget elementor-widget-text-editor\" data-id=\"7fc285a6\" data-element_type=\"widget\" data-e-type=\"widget\" data-widget_type=\"text-editor.default\">\n\t\t\t\t<div class=\"elementor-widget-container\">\n\t\t\t\t\t\t\t\t\t<div><span style=\"font-family: tahoma, sans-serif;\"><b>Clic Gauche:<\/b>\u00a0Orbit<\/span><\/div><div><span style=\"font-family: tahoma, sans-serif;\"><b>Scroll molette:<\/b>\u00a0Zoom\/Dezoom<\/span><\/div><div><span style=\"font-family: tahoma, sans-serif;\"><b>Espace:\u00a0<\/b>Reset<\/span><\/div>\t\t\t\t\t\t\t\t<\/div>\n\t\t\t\t<\/div>\n\t\t\t\t<\/div>\n\t\t\t\t\t<\/div>\n\t\t\t\t<\/div>\n\t\t<div class=\"elementor-element elementor-element-13045155 e-flex e-con-boxed e-con e-parent\" data-id=\"13045155\" data-element_type=\"container\" data-e-type=\"container\">\n\t\t\t\t\t<div class=\"e-con-inner\">\n\t\t<div class=\"elementor-element elementor-element-78e2e686 e-grid e-con-full e-con e-child\" data-id=\"78e2e686\" data-element_type=\"container\" data-e-type=\"container\">\n\t\t\t\t<div class=\"elementor-element elementor-element-5b1b0fd2 elementor-widget elementor-widget-image\" data-id=\"5b1b0fd2\" data-element_type=\"widget\" data-e-type=\"widget\" data-widget_type=\"image.default\">\n\t\t\t\t<div class=\"elementor-widget-container\">\n\t\t\t\t\t\t\t\t\t\t\t\t\t\t\t\t<a href=\"#elementor-action%3Aaction%3Dpopup%3Aopen%26settings%3DeyJpZCI6IjE0MDIzIiwidG9nZ2xlIjpmYWxzZX0%3D\">\n\t\t\t\t\t\t\t<img fetchpriority=\"high\" decoding=\"async\" width=\"800\" height=\"450\" src=\"https:\/\/elixfpv.com\/wp-content\/uploads\/2026\/02\/Minaiture-Web-1024x576.jpg\" class=\"attachment-large size-large wp-image-14708\" alt=\"\" srcset=\"https:\/\/elixfpv.com\/wp-content\/uploads\/2026\/02\/Minaiture-Web-1024x576.jpg 1024w, https:\/\/elixfpv.com\/wp-content\/uploads\/2026\/02\/Minaiture-Web-300x169.jpg 300w, https:\/\/elixfpv.com\/wp-content\/uploads\/2026\/02\/Minaiture-Web-768x432.jpg 768w, https:\/\/elixfpv.com\/wp-content\/uploads\/2026\/02\/Minaiture-Web-1536x864.jpg 1536w, https:\/\/elixfpv.com\/wp-content\/uploads\/2026\/02\/Minaiture-Web.jpg 1920w\" sizes=\"(max-width: 800px) 100vw, 800px\" \/>\t\t\t\t\t\t\t\t<\/a>\n\t\t\t\t\t\t\t\t\t\t\t\t\t\t\t<\/div>\n\t\t\t\t<\/div>\n\t\t\t\t<div class=\"elementor-element elementor-element-2c3a76a elementor-widget elementor-widget-image\" data-id=\"2c3a76a\" data-element_type=\"widget\" data-e-type=\"widget\" data-widget_type=\"image.default\">\n\t\t\t\t<div class=\"elementor-widget-container\">\n\t\t\t\t\t\t\t\t\t\t\t\t\t\t\t\t<a href=\"#elementor-action%3Aaction%3Dpopup%3Aopen%26settings%3DeyJpZCI6IjE0MDIzIiwidG9nZ2xlIjpmYWxzZX0%3D\">\n\t\t\t\t\t\t\t<img decoding=\"async\" width=\"800\" height=\"450\" src=\"https:\/\/elixfpv.com\/wp-content\/uploads\/2025\/11\/matt-wang-dBp9dbQCh4Q-unsplash-1024x576.jpg\" class=\"attachment-large size-large wp-image-14021\" alt=\"\" srcset=\"https:\/\/elixfpv.com\/wp-content\/uploads\/2025\/11\/matt-wang-dBp9dbQCh4Q-unsplash-1024x576.jpg 1024w, https:\/\/elixfpv.com\/wp-content\/uploads\/2025\/11\/matt-wang-dBp9dbQCh4Q-unsplash-300x169.jpg 300w, https:\/\/elixfpv.com\/wp-content\/uploads\/2025\/11\/matt-wang-dBp9dbQCh4Q-unsplash-768x432.jpg 768w, https:\/\/elixfpv.com\/wp-content\/uploads\/2025\/11\/matt-wang-dBp9dbQCh4Q-unsplash-1536x864.jpg 1536w, https:\/\/elixfpv.com\/wp-content\/uploads\/2025\/11\/matt-wang-dBp9dbQCh4Q-unsplash-2048x1152.jpg 2048w\" sizes=\"(max-width: 800px) 100vw, 800px\" \/>\t\t\t\t\t\t\t\t<\/a>\n\t\t\t\t\t\t\t\t\t\t\t\t\t\t\t<\/div>\n\t\t\t\t<\/div>\n\t\t\t\t<div class=\"elementor-element elementor-element-2e31693 elementor-widget elementor-widget-image\" data-id=\"2e31693\" data-element_type=\"widget\" data-e-type=\"widget\" data-widget_type=\"image.default\">\n\t\t\t\t<div class=\"elementor-widget-container\">\n\t\t\t\t\t\t\t\t\t\t\t\t\t\t\t\t<a href=\"#elementor-action%3Aaction%3Dpopup%3Aopen%26settings%3DeyJpZCI6IjE0MDIzIiwidG9nZ2xlIjpmYWxzZX0%3D\">\n\t\t\t\t\t\t\t<img decoding=\"async\" width=\"800\" height=\"500\" src=\"https:\/\/elixfpv.com\/wp-content\/uploads\/2025\/11\/luka-verc-grPhIvFoDGM-unsplash-1024x640.jpg\" class=\"attachment-large size-large wp-image-14020\" alt=\"\" srcset=\"https:\/\/elixfpv.com\/wp-content\/uploads\/2025\/11\/luka-verc-grPhIvFoDGM-unsplash-1024x640.jpg 1024w, https:\/\/elixfpv.com\/wp-content\/uploads\/2025\/11\/luka-verc-grPhIvFoDGM-unsplash-300x188.jpg 300w, https:\/\/elixfpv.com\/wp-content\/uploads\/2025\/11\/luka-verc-grPhIvFoDGM-unsplash-768x480.jpg 768w, https:\/\/elixfpv.com\/wp-content\/uploads\/2025\/11\/luka-verc-grPhIvFoDGM-unsplash-1536x960.jpg 1536w, https:\/\/elixfpv.com\/wp-content\/uploads\/2025\/11\/luka-verc-grPhIvFoDGM-unsplash-2048x1280.jpg 2048w\" sizes=\"(max-width: 800px) 100vw, 800px\" \/>\t\t\t\t\t\t\t\t<\/a>\n\t\t\t\t\t\t\t\t\t\t\t\t\t\t\t<\/div>\n\t\t\t\t<\/div>\n\t\t\t\t<\/div>\n\t\t\t\t\t<\/div>\n\t\t\t\t<\/div>\n\t\t<div class=\"elementor-element elementor-element-36962eb9 e-flex e-con-boxed e-con e-parent\" data-id=\"36962eb9\" data-element_type=\"container\" data-e-type=\"container\" data-settings=\"{&quot;background_background&quot;:&quot;classic&quot;}\">\n\t\t\t\t\t<div class=\"e-con-inner\">\n\t\t\t\t<div class=\"elementor-element elementor-element-3abebe45 elementor-widget elementor-widget-text-editor\" data-id=\"3abebe45\" data-element_type=\"widget\" data-e-type=\"widget\" data-widget_type=\"text-editor.default\">\n\t\t\t\t<div class=\"elementor-widget-container\">\n\t\t\t\t\t\t\t\t\t<p>Incomparable, La<strong> kayoumini<\/strong> est un FPV de 2.5&Prime; d&rsquo;exception qui <strong>rassemble l&rsquo;agilit\u00e9 et les atouts d&rsquo;un 5&Prime; Freestyle, <\/strong><\/p><p><strong>tout en gardant la taille et le poids d&rsquo;un micro drone.<\/strong><\/p><p>Confectionn\u00e9e par la marque fran\u00e7aise <a href=\"https:\/\/www.kayou-frames.com\/\" target=\"_blank\" rel=\"noopener\"><span style=\"text-decoration: underline;\"><strong>Kayouframes<\/strong><\/span><\/a>,j&rsquo;ai eu la chance de faire partie des beta-testeurs, et d&rsquo;etre le premier \u00e0 mettre ma main dessus (pour le lore).<\/p><p>Son atout r\u00e9side dans son choix de miser sur la miniaturisation du mat\u00e9riel vid\u00e9o FPV, repoussant les limites de ce qu&rsquo;il est possible de filmer avec un drone aussi petit.<\/p><p>Pens\u00e9e \u00e0 l&rsquo;origine pour n&rsquo;accueillir que le <a href=\"https:\/\/elixfpv.com\/ja\/systeme-video-analogique\/\" target=\"_blank\" rel=\"noopener\"><span style=\"text-decoration: underline;\"><strong>syst\u00e8me vid\u00e9o analogique<\/strong><\/span><\/a> (car les+l\u00e9g\u00e9rs), il est maintenant possible d&rsquo;y monter le <a href=\"https:\/\/elixfpv.com\/ja\/systeme-video-hd\/\" target=\"_blank\" rel=\"noopener\"><span style=\"text-decoration: underline;\"><strong>syst\u00e8me vid\u00e9o HD<\/strong><\/span><\/a> de la Marque <strong>DJI<\/strong>, capable de filmer en <strong>4K 60fps<\/strong>, pour un drone pesant au total <strong>98g<\/strong>.<\/p><p>C&rsquo;est un choix d&rsquo;excellence \u00e0 consid\u00e9rer pour les sc\u00e9narios de vol ou la s\u00e9curit\u00e9 d&rsquo;autrui et la discr\u00e9tion est indispensable, tout en gardant l&rsquo;agilit\u00e9 et la maniabilit\u00e9 d&rsquo;un drone freestyle classique.<\/p><p>Aujoud&rsquo;hui, la Kayoumini est devenue une<strong> r\u00e9f\u00e9rence mondiale dans le FPV<\/strong>, dont le design et les id\u00e9es sont <strong>constamment r\u00e9cup\u00e9r\u00e9s<\/strong>, mais <strong>jamais \u00e9gal\u00e9s<\/strong>.<\/p><p><em>Pas mal non ? c&rsquo;est fran\u00e7ais.<\/em><\/p>\t\t\t\t\t\t\t\t<\/div>\n\t\t\t\t<\/div>\n\t\t\t\t<div class=\"elementor-element elementor-element-154867c1 animated-slow elementor-invisible elementor-widget elementor-widget-html\" data-id=\"154867c1\" data-element_type=\"widget\" data-e-type=\"widget\" data-settings=\"{&quot;_animation&quot;:&quot;fadeInUp&quot;}\" data-widget_type=\"html.default\">\n\t\t\t\t<div class=\"elementor-widget-container\">\n\t\t\t\t\t<table border=\"1\" cellpadding=\"8\" cellspacing=\"0\">\n  <thead>\n    <tr>\n      <th colspan=\"2\">Fiche technique<\/th>\n    <\/tr>\n  <\/thead>\n  <tbody>\n    <tr>\n      <td>Nom<\/td>\n      <td>2.5\" Kayoumini - By Kayou Frames<\/td>\n    <\/tr>\n    <tr>\n      <td>Poids<\/td>\n      <td>85g (Analog Version) \/ 98g (HD version) <\/td>\n    <\/tr>\n    <tr>\n      <td>Cam\u00e9ra<\/td>\n      <td>Analog FPV camera (analog version) \/ DJI O4 Lite (HD version) \/ RuncamThumbpro 4K<\/td>\n    <\/tr>\n    <tr>\n      <td>Vitesse Moyenne<\/td>\n      <td>30 Km\/h<\/td>\n    <\/tr>\n    <tr>\n      <td>Vitesse Max<\/td>\n      <td>80 Km\/h<\/td>\n    <\/tr>\n    <tr>\n      <td>Autonomie de vol<\/td>\n      <td>3\/4 minutes<\/td>\n    <\/tr>\n    <tr>\n      <td>Waterproof ?<\/td>\n      <td>oui\n<\/td>\n    <\/tr>\n    <tr>\n      <td>Syt\u00e8me vid\u00e9o (VTX)<\/td>\n      <td> Inboard vtx (Analog version) \/ Dji O4 lite (Hd version)\n<\/td>\n    <\/tr>\n    <tr>\n      <td>Cam\u00e9ra FPV<\/td>\n      <td>Analog FPV camera (analog version) \/ DJI O4 Lite (HD version)<\/td>\n    <\/tr>\n    <tr>\n      <td>Moteurs<\/td>\n      <td>Sparkhobby 1103 \/ 8000KV<\/td>\n    <\/tr>\n    <tr>\n      <td>Batterie<\/td>\n      <td>2s 400 mah - By Flywoo<\/td>\n    <\/tr>\n    <tr>\n      <td>Helices<\/td>\n      <td>Avan rush 2.5\u201d<\/td>\n    <\/tr>\n    <tr>\n      <td>Stack<\/td>\n      <td>Happymodel X12\n AIO<\/td>\n          <tr>\n      <td>RX<\/td>\n      <td>Inboard Elrs 2.4ghz<\/td>\n    <\/tr>\n    <tr>\n  <\/tbody>\n<\/table>\n\t\t\t\t<\/div>\n\t\t\t\t<\/div>\n\t\t\t\t\t<\/div>\n\t\t\t\t<\/div>\n\t\t\t\t<\/div>","protected":false},"excerpt":{"rendered":"<p>\u00a0 KAYOUMINI Clic Gauche:\u00a0OrbitScroll molette:\u00a0Zoom\/DezoomEspace:\u00a0Reset Incomparable, La kayoumini est un FPV de 2.5&Prime; d&rsquo;exception qui rassemble l&rsquo;agilit\u00e9 et les atouts d&rsquo;un 5&Prime; Freestyle, tout en gardant la taille et le poids d&rsquo;un micro drone. Confectionn\u00e9e par la marque fran\u00e7aise Kayouframes,j&rsquo;ai eu la chance de faire partie des beta-testeurs, et d&rsquo;etre le premier \u00e0 mettre ma main dessus (pour le lore). Son atout r\u00e9side dans son choix de miser sur la miniaturisation du mat\u00e9riel vid\u00e9o FPV, repoussant les limites de ce qu&rsquo;il est possible de filmer avec un drone aussi petit. Pens\u00e9e \u00e0 l&rsquo;origine pour n&rsquo;accueillir que le syst\u00e8me vid\u00e9o analogique (car les+l\u00e9g\u00e9rs), il est maintenant possible d&rsquo;y monter le syst\u00e8me [&hellip;]<\/p>","protected":false},"author":2,"featured_media":0,"parent":0,"menu_order":0,"comment_status":"closed","ping_status":"closed","template":"","meta":{"footnotes":""},"class_list":["post-12582","page","type-page","status-publish","hentry"],"_links":{"self":[{"href":"https:\/\/elixfpv.com\/ja\/wp-json\/wp\/v2\/pages\/12582","targetHints":{"allow":["GET"]}}],"collection":[{"href":"https:\/\/elixfpv.com\/ja\/wp-json\/wp\/v2\/pages"}],"about":[{"href":"https:\/\/elixfpv.com\/ja\/wp-json\/wp\/v2\/types\/page"}],"author":[{"embeddable":true,"href":"https:\/\/elixfpv.com\/ja\/wp-json\/wp\/v2\/users\/2"}],"replies":[{"embeddable":true,"href":"https:\/\/elixfpv.com\/ja\/wp-json\/wp\/v2\/comments?post=12582"}],"version-history":[{"count":30,"href":"https:\/\/elixfpv.com\/ja\/wp-json\/wp\/v2\/pages\/12582\/revisions"}],"predecessor-version":[{"id":15540,"href":"https:\/\/elixfpv.com\/ja\/wp-json\/wp\/v2\/pages\/12582\/revisions\/15540"}],"wp:attachment":[{"href":"https:\/\/elixfpv.com\/ja\/wp-json\/wp\/v2\/media?parent=12582"}],"curies":[{"name":"wp","href":"https:\/\/api.w.org\/{rel}","templated":true}]}}