{"id":12574,"date":"2025-03-27T11:25:46","date_gmt":"2025-03-27T10:25:46","guid":{"rendered":"https:\/\/elixfpv.com\/?page_id=12574"},"modified":"2026-04-27T05:20:48","modified_gmt":"2026-04-27T03:20:48","slug":"7-longue-distance","status":"publish","type":"page","link":"https:\/\/elixfpv.com\/ja\/7-longue-distance\/","title":{"rendered":"7&Prime; Longue distance"},"content":{"rendered":"<div data-elementor-type=\"wp-page\" data-elementor-id=\"12574\" class=\"elementor elementor-12574\" data-elementor-settings=\"{&quot;element_pack_global_tooltip_width&quot;:{&quot;unit&quot;:&quot;px&quot;,&quot;size&quot;:&quot;&quot;,&quot;sizes&quot;:[]},&quot;element_pack_global_tooltip_width_tablet&quot;:{&quot;unit&quot;:&quot;px&quot;,&quot;size&quot;:&quot;&quot;,&quot;sizes&quot;:[]},&quot;element_pack_global_tooltip_width_mobile&quot;:{&quot;unit&quot;:&quot;px&quot;,&quot;size&quot;:&quot;&quot;,&quot;sizes&quot;:[]},&quot;element_pack_global_tooltip_padding&quot;:{&quot;unit&quot;:&quot;px&quot;,&quot;top&quot;:&quot;&quot;,&quot;right&quot;:&quot;&quot;,&quot;bottom&quot;:&quot;&quot;,&quot;left&quot;:&quot;&quot;,&quot;isLinked&quot;:true},&quot;element_pack_global_tooltip_padding_tablet&quot;:{&quot;unit&quot;:&quot;px&quot;,&quot;top&quot;:&quot;&quot;,&quot;right&quot;:&quot;&quot;,&quot;bottom&quot;:&quot;&quot;,&quot;left&quot;:&quot;&quot;,&quot;isLinked&quot;:true},&quot;element_pack_global_tooltip_padding_mobile&quot;:{&quot;unit&quot;:&quot;px&quot;,&quot;top&quot;:&quot;&quot;,&quot;right&quot;:&quot;&quot;,&quot;bottom&quot;:&quot;&quot;,&quot;left&quot;:&quot;&quot;,&quot;isLinked&quot;:true},&quot;element_pack_global_tooltip_border_radius&quot;:{&quot;unit&quot;:&quot;px&quot;,&quot;top&quot;:&quot;&quot;,&quot;right&quot;:&quot;&quot;,&quot;bottom&quot;:&quot;&quot;,&quot;left&quot;:&quot;&quot;,&quot;isLinked&quot;:true},&quot;element_pack_global_tooltip_border_radius_tablet&quot;:{&quot;unit&quot;:&quot;px&quot;,&quot;top&quot;:&quot;&quot;,&quot;right&quot;:&quot;&quot;,&quot;bottom&quot;:&quot;&quot;,&quot;left&quot;:&quot;&quot;,&quot;isLinked&quot;:true},&quot;element_pack_global_tooltip_border_radius_mobile&quot;:{&quot;unit&quot;:&quot;px&quot;,&quot;top&quot;:&quot;&quot;,&quot;right&quot;:&quot;&quot;,&quot;bottom&quot;:&quot;&quot;,&quot;left&quot;:&quot;&quot;,&quot;isLinked&quot;:true}}\" data-elementor-post-type=\"page\">\n\t\t\t\t<div class=\"elementor-element elementor-element-68590c72 e-flex e-con-boxed e-con e-parent\" data-id=\"68590c72\" data-element_type=\"container\" data-e-type=\"container\">\n\t\t\t\t\t<div class=\"e-con-inner\">\n\t\t\t\t<div class=\"elementor-element elementor-element-37fd2b05 elementor-widget__width-initial elementor-widget elementor-widget-html\" data-id=\"37fd2b05\" data-element_type=\"widget\" data-e-type=\"widget\" data-widget_type=\"html.default\">\n\t\t\t\t<div class=\"elementor-widget-container\">\n\t\t\t\t\t<style>\r\n    \/* Conteneur global pour aligner Titre et Bouton *\/\r\n    .elix-header-layout {\r\n        display: flex;\r\n        flex-direction: column; \/* Les empile verticalement *\/\r\n        gap: 20px; \/* Espace entre le titre et le bouton *\/\r\n        align-items: flex-start; \/* Align\u00e9 \u00e0 gauche *\/\r\n        margin-bottom: 40px; \/* Espace sous le bloc *\/\r\n    }\r\n\r\n    \/* Le Titre du Drone *\/\r\n    .elix-drone-title {\r\n        color: #fff;\r\n        font-family: \"Helvetica Neue\", Helvetica, Arial, sans-serif;\r\n        font-weight: 700;\r\n        text-transform: uppercase;\r\n        font-size: 32px; \/* Taille du titre *\/\r\n        line-height: 1.2;\r\n        margin: 0;\r\n        letter-spacing: 1px;\r\n    }\r\n\r\n    \/* Le Bouton Carr\u00e9 (Retour) *\/\r\n    .elix-back-box {\r\n        display: flex;\r\n        align-items: center;\r\n        justify-content: center;\r\n        width: 50px;  \/* Largeur du carr\u00e9 *\/\r\n        height: 50px; \/* Hauteur du carr\u00e9 *\/\r\n        border: 2px solid #ffffff; \/* Cadre blanc *\/\r\n        background: transparent;\r\n        color: #ffffff;\r\n        transition: all 0.3s ease;\r\n        text-decoration: none; \/* Pas de soulignement *\/\r\n        box-sizing: border-box; \/* Assure que la bordure ne change pas la taille *\/\r\n    }\r\n\r\n    \/* Effet au survol : Fond blanc, fl\u00e8che noire *\/\r\n    .elix-back-box:hover {\r\n        background-color: #ffffff;\r\n        color: #000000;\r\n        box-shadow: 0 0 15px rgba(255, 255, 255, 0.3);\r\n    }\r\n    \r\n     .elix-back-box svg:hover {\r\n        width: 18px;\r\n        height: 18px;\r\n        fill: black!important; \/* La couleur suit le texte (blanc puis noir) *\/\r\n    }\r\n\r\n    \/* L'ic\u00f4ne Fl\u00e8che (SVG) *\/\r\n    .elix-back-box svg {\r\n        width: 18px;\r\n        height: 18px;\r\n        fill: white; \/* La couleur suit le texte (blanc puis noir) *\/\r\n    }\r\n<\/style>\r\n\r\n<div class=\"elix-header-layout\">\r\n    \r\n\r\n\r\n    <a href=\"https:\/\/elixfpv.com\/ja\/mes-drones\/\" class=\"elix-back-box\" aria-label=\"Retour aux drones\">\r\n        <svg viewbox=\"0 0 320 512\">\r\n            <path d=\"M34.52 239.03L228.87 44.69c9.37-9.37 24.57-9.37 33.94 0l22.67 22.67c9.36 9.36 9.37 24.52.04 33.9L131.49 256l154.02 154.75c9.34 9.38 9.32 24.54-.04 33.9l-22.67 22.67c-9.37 9.37-24.57 9.37-33.94 0L34.52 272.97c-9.37-9.37-9.37-24.57 0-33.94z\"\/>\r\n        <\/svg>\r\n    <\/a>\r\n\r\n<\/div>\t\t\t\t<\/div>\n\t\t\t\t<\/div>\n\t\t\t\t\t<\/div>\n\t\t\t\t<\/div>\n\t\t<div class=\"elementor-element elementor-element-51815d4b e-flex e-con-boxed e-con e-parent\" data-id=\"51815d4b\" data-element_type=\"container\" data-e-type=\"container\" data-settings=\"{&quot;background_background&quot;:&quot;video&quot;}\">\n\t\t\t\t\t<div class=\"e-con-inner\">\n\t\t\t\t<div class=\"elementor-element elementor-element-4e6cf9a4 elementor-widget__width-initial elementor-widget elementor-widget-html\" data-id=\"4e6cf9a4\" data-element_type=\"widget\" data-e-type=\"widget\" data-widget_type=\"html.default\">\n\t\t\t\t<div class=\"elementor-widget-container\">\n\t\t\t\t\t<iframe id=\"viewer\" width=\"900\" height=\"400\" allow=\"fullscreen; xr-spatial-tracking\" src=\"https:\/\/superspl.at\/s?id=bddf5456&noui\"><\/iframe>\t\t\t\t<\/div>\n\t\t\t\t<\/div>\n\t\t\t\t\t<\/div>\n\t\t\t\t<\/div>\n\t\t<div class=\"elementor-element elementor-element-56ca621c e-flex e-con-boxed e-con e-parent\" data-id=\"56ca621c\" data-element_type=\"container\" data-e-type=\"container\">\n\t\t\t\t\t<div class=\"e-con-inner\">\n\t\t<div class=\"elementor-element elementor-element-213e26be e-grid e-con-full e-con e-child\" data-id=\"213e26be\" data-element_type=\"container\" data-e-type=\"container\">\n\t\t\t\t<div class=\"elementor-element elementor-element-2b246844 elementor-widget elementor-widget-text-editor\" data-id=\"2b246844\" data-element_type=\"widget\" data-e-type=\"widget\" data-widget_type=\"text-editor.default\">\n\t\t\t\t<div class=\"elementor-widget-container\">\n\t\t\t\t\t\t\t\t\t<div class=\"space100%\">\u00a0<\/div>\t\t\t\t\t\t\t\t<\/div>\n\t\t\t\t<\/div>\n\t\t\t\t<div class=\"elementor-element elementor-element-58ea784b elementor-widget elementor-widget-heading\" data-id=\"58ea784b\" data-element_type=\"widget\" data-e-type=\"widget\" data-widget_type=\"heading.default\">\n\t\t\t\t<div class=\"elementor-widget-container\">\n\t\t\t\t\t<h2 class=\"elementor-heading-title elementor-size-default\">7\" Longue distance<\/h2>\t\t\t\t<\/div>\n\t\t\t\t<\/div>\n\t\t\t\t<div class=\"elementor-element elementor-element-490fe6f8 elementor-widget elementor-widget-text-editor\" data-id=\"490fe6f8\" data-element_type=\"widget\" data-e-type=\"widget\" data-widget_type=\"text-editor.default\">\n\t\t\t\t<div class=\"elementor-widget-container\">\n\t\t\t\t\t\t\t\t\t<div><span style=\"font-family: tahoma, sans-serif;\"><b>Clic Gauche:<\/b>\u00a0Orbit<\/span><\/div><div><span style=\"font-family: tahoma, sans-serif;\"><b>Scroll molette:<\/b>\u00a0Zoom\/Dezoom<\/span><\/div><div><span style=\"font-family: tahoma, sans-serif;\"><b>Espace:\u00a0<\/b>Reset<\/span><\/div>\t\t\t\t\t\t\t\t<\/div>\n\t\t\t\t<\/div>\n\t\t\t\t<\/div>\n\t\t\t\t\t<\/div>\n\t\t\t\t<\/div>\n\t\t<div class=\"elementor-element elementor-element-668c18fc e-flex e-con-boxed e-con e-parent\" data-id=\"668c18fc\" data-element_type=\"container\" data-e-type=\"container\">\n\t\t\t\t\t<div class=\"e-con-inner\">\n\t\t<div class=\"elementor-element elementor-element-d03f0e2 e-grid e-con-full e-con e-child\" data-id=\"d03f0e2\" data-element_type=\"container\" data-e-type=\"container\">\n\t\t\t\t<div class=\"elementor-element elementor-element-6ea3e95 elementor-widget elementor-widget-image\" data-id=\"6ea3e95\" data-element_type=\"widget\" data-e-type=\"widget\" data-widget_type=\"image.default\">\n\t\t\t\t<div class=\"elementor-widget-container\">\n\t\t\t\t\t\t\t\t\t\t\t\t\t\t\t\t<a href=\"#elementor-action%3Aaction%3Dpopup%3Aopen%26settings%3DeyJpZCI6IjE1NjE3IiwidG9nZ2xlIjpmYWxzZX0%3D\">\n\t\t\t\t\t\t\t<img fetchpriority=\"high\" decoding=\"async\" width=\"800\" height=\"450\" src=\"https:\/\/elixfpv.com\/wp-content\/uploads\/2026\/02\/Nagano-Minaiture-Web-1024x576.jpg\" class=\"attachment-large size-large wp-image-14692\" alt=\"\" srcset=\"https:\/\/elixfpv.com\/wp-content\/uploads\/2026\/02\/Nagano-Minaiture-Web-1024x576.jpg 1024w, https:\/\/elixfpv.com\/wp-content\/uploads\/2026\/02\/Nagano-Minaiture-Web-300x169.jpg 300w, https:\/\/elixfpv.com\/wp-content\/uploads\/2026\/02\/Nagano-Minaiture-Web-768x432.jpg 768w, https:\/\/elixfpv.com\/wp-content\/uploads\/2026\/02\/Nagano-Minaiture-Web-1536x864.jpg 1536w, https:\/\/elixfpv.com\/wp-content\/uploads\/2026\/02\/Nagano-Minaiture-Web.jpg 1920w\" sizes=\"(max-width: 800px) 100vw, 800px\" \/>\t\t\t\t\t\t\t\t<\/a>\n\t\t\t\t\t\t\t\t\t\t\t\t\t\t\t<\/div>\n\t\t\t\t<\/div>\n\t\t\t\t<div class=\"elementor-element elementor-element-35dde7e6 elementor-widget elementor-widget-image\" data-id=\"35dde7e6\" data-element_type=\"widget\" data-e-type=\"widget\" data-widget_type=\"image.default\">\n\t\t\t\t<div class=\"elementor-widget-container\">\n\t\t\t\t\t\t\t\t\t\t\t\t\t\t\t\t<a href=\"#elementor-action%3Aaction%3Dpopup%3Aopen%26settings%3DeyJpZCI6IjE0MDIzIiwidG9nZ2xlIjpmYWxzZX0%3D\">\n\t\t\t\t\t\t\t<img decoding=\"async\" width=\"800\" height=\"450\" src=\"https:\/\/elixfpv.com\/wp-content\/uploads\/2025\/11\/matt-wang-dBp9dbQCh4Q-unsplash-1024x576.jpg\" class=\"attachment-large size-large wp-image-14021\" alt=\"\" srcset=\"https:\/\/elixfpv.com\/wp-content\/uploads\/2025\/11\/matt-wang-dBp9dbQCh4Q-unsplash-1024x576.jpg 1024w, https:\/\/elixfpv.com\/wp-content\/uploads\/2025\/11\/matt-wang-dBp9dbQCh4Q-unsplash-300x169.jpg 300w, https:\/\/elixfpv.com\/wp-content\/uploads\/2025\/11\/matt-wang-dBp9dbQCh4Q-unsplash-768x432.jpg 768w, https:\/\/elixfpv.com\/wp-content\/uploads\/2025\/11\/matt-wang-dBp9dbQCh4Q-unsplash-1536x864.jpg 1536w, https:\/\/elixfpv.com\/wp-content\/uploads\/2025\/11\/matt-wang-dBp9dbQCh4Q-unsplash-2048x1152.jpg 2048w\" sizes=\"(max-width: 800px) 100vw, 800px\" \/>\t\t\t\t\t\t\t\t<\/a>\n\t\t\t\t\t\t\t\t\t\t\t\t\t\t\t<\/div>\n\t\t\t\t<\/div>\n\t\t\t\t<div class=\"elementor-element elementor-element-34511f62 elementor-widget elementor-widget-image\" data-id=\"34511f62\" data-element_type=\"widget\" data-e-type=\"widget\" data-widget_type=\"image.default\">\n\t\t\t\t<div class=\"elementor-widget-container\">\n\t\t\t\t\t\t\t\t\t\t\t\t\t\t\t\t<a href=\"#elementor-action%3Aaction%3Dpopup%3Aopen%26settings%3DeyJpZCI6IjE0MDIzIiwidG9nZ2xlIjpmYWxzZX0%3D\">\n\t\t\t\t\t\t\t<img decoding=\"async\" width=\"800\" height=\"500\" src=\"https:\/\/elixfpv.com\/wp-content\/uploads\/2025\/11\/luka-verc-grPhIvFoDGM-unsplash-1024x640.jpg\" class=\"attachment-large size-large wp-image-14020\" alt=\"\" srcset=\"https:\/\/elixfpv.com\/wp-content\/uploads\/2025\/11\/luka-verc-grPhIvFoDGM-unsplash-1024x640.jpg 1024w, https:\/\/elixfpv.com\/wp-content\/uploads\/2025\/11\/luka-verc-grPhIvFoDGM-unsplash-300x188.jpg 300w, https:\/\/elixfpv.com\/wp-content\/uploads\/2025\/11\/luka-verc-grPhIvFoDGM-unsplash-768x480.jpg 768w, https:\/\/elixfpv.com\/wp-content\/uploads\/2025\/11\/luka-verc-grPhIvFoDGM-unsplash-1536x960.jpg 1536w, https:\/\/elixfpv.com\/wp-content\/uploads\/2025\/11\/luka-verc-grPhIvFoDGM-unsplash-2048x1280.jpg 2048w\" sizes=\"(max-width: 800px) 100vw, 800px\" \/>\t\t\t\t\t\t\t\t<\/a>\n\t\t\t\t\t\t\t\t\t\t\t\t\t\t\t<\/div>\n\t\t\t\t<\/div>\n\t\t\t\t<\/div>\n\t\t\t\t\t<\/div>\n\t\t\t\t<\/div>\n\t\t<div class=\"elementor-element elementor-element-6d70f845 e-flex e-con-boxed e-con e-parent\" data-id=\"6d70f845\" data-element_type=\"container\" data-e-type=\"container\" data-settings=\"{&quot;background_background&quot;:&quot;classic&quot;}\">\n\t\t\t\t\t<div class=\"e-con-inner\">\n\t\t\t\t<div class=\"elementor-element elementor-element-4be50e9e elementor-widget elementor-widget-text-editor\" data-id=\"4be50e9e\" data-element_type=\"widget\" data-e-type=\"widget\" data-widget_type=\"text-editor.default\">\n\t\t\t\t<div class=\"elementor-widget-container\">\n\t\t\t\t\t\t\t\t\t<p>Le 7&Prime; est le format de drone FPV optimal pour les vols de longues distances et le conditions m\u00e9t\u00e9os compliqu\u00e9s.<\/p><p>Que ce soit en haute montagne, au-dessus de l&rsquo;oc\u00e9an ou durant des vents violents, Il s&rsquo;impose comme la solution.<\/p><p>Le chassis que j&rsquo;utilise se nomme le <strong>Kayouloin<\/strong>, confectionn\u00e9 par la marque fran\u00e7aise <strong><a href=\"https:\/\/www.kayou-frames.com\/\" target=\"_blank\" rel=\"noopener\"><span style=\"text-decoration: underline;\">Kayouframes<\/span><\/a> <\/strong>dont je suis partenaire.<\/p><p>C&rsquo;est un drone optimis\u00e9 pour porter une action cam tel que la <a href=\"https:\/\/elixfpv.com\/ja\/dji-action-2\/\" target=\"_blank\" rel=\"noopener\"><span style=\"text-decoration: underline;\"><strong>DJI Action 2<\/strong><\/span><\/a> ou la <a href=\"https:\/\/elixfpv.com\/ja\/go-pro\/\" target=\"_blank\" rel=\"noopener\"><span style=\"text-decoration: underline;\"><strong>Gopro<\/strong><\/span><\/a>, avec une vitesse moyenne de <strong>80km\/h<\/strong>, et une distance de vol pouvant atteindre les <strong>7Km.<\/strong><\/p><p>Malgr\u00e9 sa taille et son poids, c&rsquo;est un drone finement pens\u00e9 pour rester agile et maniable.<\/p><p>Il est sans aucun doute le<strong>\u00a0meilleur 7&Prime; longue distance du march\u00e9.<\/strong><\/p>\t\t\t\t\t\t\t\t<\/div>\n\t\t\t\t<\/div>\n\t\t\t\t<div class=\"elementor-element elementor-element-61f83dae animated-slow elementor-invisible elementor-widget elementor-widget-html\" data-id=\"61f83dae\" data-element_type=\"widget\" data-e-type=\"widget\" data-settings=\"{&quot;_animation&quot;:&quot;fadeInUp&quot;}\" data-widget_type=\"html.default\">\n\t\t\t\t<div class=\"elementor-widget-container\">\n\t\t\t\t\t<table border=\"1\" cellpadding=\"8\" cellspacing=\"0\">\n  <thead>\n    <tr>\n      <th colspan=\"2\">Fiche technique<\/th>\n    <\/tr>\n  <\/thead>\n  <tbody>\n    <tr>\n      <td>Nom<\/td>\n      <td>7\"Kayouloin- By Kayouframes<\/td>\n    <\/tr>\n    <tr>\n      <td>Poids<\/td>\n      <td>1371 grammes<\/td>\n    <\/tr>\n    <tr>\n      <td>Cam\u00e9ra<\/td>\n      <td>DJI ACTION 2\/ GoPro 10 Black (Action Cam)<\/td>\n    <\/tr>\n    <tr>\n      <td>Vitesse Moyenne<\/td>\n      <td>90 Km\/h<\/td>\n    <\/tr>\n    <tr>\n      <td>Vitesse Max<\/td>\n      <td>140 Km\/h<\/td>\n    <\/tr>\n    <tr>\n      <td>Autonomie de vol<\/td>\n      <td>15\/20 minutes<\/td>\n    <\/tr>\n    <tr>\n      <td>Watrerproof ?<\/td>\n      <td>Oui\n<\/td>\n    <\/tr>\n    <tr>\n      <td>Syt\u00e8me vid\u00e9o (VTX)<\/td>\n      <td> Foxeer Reaper Extreme (Syst\u00e8me vid\u00e9o analogique)\n<\/td>\n    <\/tr>\n    <tr>\n      <td>Cam\u00e9ra FPV<\/td>\n      <td> Caddx ratel V2\n<\/td>\n    <\/tr>\n    <tr>\n      <td>Moteurs<\/td>\n      <td>Brother Hobby LPD 2805.6,1300KV\n<\/td>\n    <\/tr>\n    <tr>\n      <td>Batterie<\/td>\n      <td>CNHL Lipos 6s 3300 MAH\/ Li-ion Fait Maison 6s 4000 mah<\/td>\n    <\/tr>\n    <tr>\n      <td>Helices<\/td>\n      <td>Gemfan 7035<\/td>\n    <\/tr>\n    <tr>\n      <td>Stack<\/td>\n      <td>FC: Mamba F722 MK1 \/ ESC: Rush Blade extreme 60A<\/td>\n          <tr>\n      <td>RX<\/td>\n      <td>Diversity SuperD ELRS 2.4ghz<\/td>\n    <\/tr>\n    <tr>\n  <\/tbody>\n<\/table>\n\t\t\t\t<\/div>\n\t\t\t\t<\/div>\n\t\t\t\t\t<\/div>\n\t\t\t\t<\/div>\n\t\t<div class=\"elementor-element elementor-element-78a7a522 e-flex e-con-boxed e-con e-parent\" data-id=\"78a7a522\" data-element_type=\"container\" data-e-type=\"container\">\n\t\t\t\t\t<div class=\"e-con-inner\">\n\t\t\t\t\t<\/div>\n\t\t\t\t<\/div>\n\t\t\t\t<\/div>","protected":false},"excerpt":{"rendered":"<p>\u00a0 7&Prime; Longue distance Clic Gauche:\u00a0OrbitScroll molette:\u00a0Zoom\/DezoomEspace:\u00a0Reset Le 7&Prime; est le format de drone FPV optimal pour les vols de longues distances et le conditions m\u00e9t\u00e9os compliqu\u00e9s. Que ce soit en haute montagne, au-dessus de l&rsquo;oc\u00e9an ou durant des vents violents, Il s&rsquo;impose comme la solution. Le chassis que j&rsquo;utilise se nomme le Kayouloin, confectionn\u00e9 par la marque fran\u00e7aise Kayouframes dont je suis partenaire. C&rsquo;est un drone optimis\u00e9 pour porter une action cam tel que la DJI Action 2 ou la Gopro, avec une vitesse moyenne de 80km\/h, et une distance de vol pouvant atteindre les 7Km. Malgr\u00e9 sa taille et son poids, c&rsquo;est un drone finement pens\u00e9 pour rester [&hellip;]<\/p>","protected":false},"author":2,"featured_media":0,"parent":0,"menu_order":0,"comment_status":"closed","ping_status":"closed","template":"","meta":{"footnotes":""},"class_list":["post-12574","page","type-page","status-publish","hentry"],"_links":{"self":[{"href":"https:\/\/elixfpv.com\/ja\/wp-json\/wp\/v2\/pages\/12574","targetHints":{"allow":["GET"]}}],"collection":[{"href":"https:\/\/elixfpv.com\/ja\/wp-json\/wp\/v2\/pages"}],"about":[{"href":"https:\/\/elixfpv.com\/ja\/wp-json\/wp\/v2\/types\/page"}],"author":[{"embeddable":true,"href":"https:\/\/elixfpv.com\/ja\/wp-json\/wp\/v2\/users\/2"}],"replies":[{"embeddable":true,"href":"https:\/\/elixfpv.com\/ja\/wp-json\/wp\/v2\/comments?post=12574"}],"version-history":[{"count":48,"href":"https:\/\/elixfpv.com\/ja\/wp-json\/wp\/v2\/pages\/12574\/revisions"}],"predecessor-version":[{"id":15655,"href":"https:\/\/elixfpv.com\/ja\/wp-json\/wp\/v2\/pages\/12574\/revisions\/15655"}],"wp:attachment":[{"href":"https:\/\/elixfpv.com\/ja\/wp-json\/wp\/v2\/media?parent=12574"}],"curies":[{"name":"wp","href":"https:\/\/api.w.org\/{rel}","templated":true}]}}