{"id":12562,"date":"2025-03-27T11:22:25","date_gmt":"2025-03-27T10:22:25","guid":{"rendered":"https:\/\/elixfpv.com\/?page_id=12562"},"modified":"2025-04-25T11:38:43","modified_gmt":"2025-04-25T09:38:43","slug":"faq","status":"publish","type":"page","link":"https:\/\/elixfpv.com\/ja\/faq\/","title":{"rendered":"FAQ"},"content":{"rendered":"<div data-elementor-type=\"wp-page\" data-elementor-id=\"12562\" class=\"elementor elementor-12562\" data-elementor-settings=\"{&quot;element_pack_global_tooltip_width&quot;:{&quot;unit&quot;:&quot;px&quot;,&quot;size&quot;:&quot;&quot;,&quot;sizes&quot;:[]},&quot;element_pack_global_tooltip_width_tablet&quot;:{&quot;unit&quot;:&quot;px&quot;,&quot;size&quot;:&quot;&quot;,&quot;sizes&quot;:[]},&quot;element_pack_global_tooltip_width_mobile&quot;:{&quot;unit&quot;:&quot;px&quot;,&quot;size&quot;:&quot;&quot;,&quot;sizes&quot;:[]},&quot;element_pack_global_tooltip_padding&quot;:{&quot;unit&quot;:&quot;px&quot;,&quot;top&quot;:&quot;&quot;,&quot;right&quot;:&quot;&quot;,&quot;bottom&quot;:&quot;&quot;,&quot;left&quot;:&quot;&quot;,&quot;isLinked&quot;:true},&quot;element_pack_global_tooltip_padding_tablet&quot;:{&quot;unit&quot;:&quot;px&quot;,&quot;top&quot;:&quot;&quot;,&quot;right&quot;:&quot;&quot;,&quot;bottom&quot;:&quot;&quot;,&quot;left&quot;:&quot;&quot;,&quot;isLinked&quot;:true},&quot;element_pack_global_tooltip_padding_mobile&quot;:{&quot;unit&quot;:&quot;px&quot;,&quot;top&quot;:&quot;&quot;,&quot;right&quot;:&quot;&quot;,&quot;bottom&quot;:&quot;&quot;,&quot;left&quot;:&quot;&quot;,&quot;isLinked&quot;:true},&quot;element_pack_global_tooltip_border_radius&quot;:{&quot;unit&quot;:&quot;px&quot;,&quot;top&quot;:&quot;&quot;,&quot;right&quot;:&quot;&quot;,&quot;bottom&quot;:&quot;&quot;,&quot;left&quot;:&quot;&quot;,&quot;isLinked&quot;:true},&quot;element_pack_global_tooltip_border_radius_tablet&quot;:{&quot;unit&quot;:&quot;px&quot;,&quot;top&quot;:&quot;&quot;,&quot;right&quot;:&quot;&quot;,&quot;bottom&quot;:&quot;&quot;,&quot;left&quot;:&quot;&quot;,&quot;isLinked&quot;:true},&quot;element_pack_global_tooltip_border_radius_mobile&quot;:{&quot;unit&quot;:&quot;px&quot;,&quot;top&quot;:&quot;&quot;,&quot;right&quot;:&quot;&quot;,&quot;bottom&quot;:&quot;&quot;,&quot;left&quot;:&quot;&quot;,&quot;isLinked&quot;:true}}\" data-elementor-post-type=\"page\">\n\t\t\t\t<div class=\"elementor-element elementor-element-ebe5c5f e-flex e-con-boxed e-con e-parent\" data-id=\"ebe5c5f\" data-element_type=\"container\" data-e-type=\"container\">\n\t\t\t\t\t<div class=\"e-con-inner\">\n\t\t\t\t<div class=\"elementor-element elementor-element-f906f5c elementor-widget elementor-widget-heading\" data-id=\"f906f5c\" data-element_type=\"widget\" data-e-type=\"widget\" data-widget_type=\"heading.default\">\n\t\t\t\t<div class=\"elementor-widget-container\">\n\t\t\t\t\t<h2 class=\"elementor-heading-title elementor-size-default\">F.A.Q.<\/h2>\t\t\t\t<\/div>\n\t\t\t\t<\/div>\n\t\t\t\t\t<\/div>\n\t\t\t\t<\/div>\n\t\t<div class=\"elementor-element elementor-element-b84f902 e-flex e-con-boxed e-con e-parent\" data-id=\"b84f902\" data-element_type=\"container\" data-e-type=\"container\">\n\t\t\t\t\t<div class=\"e-con-inner\">\n\t\t\t\t<div class=\"elementor-element elementor-element-a49debe elementor-widget elementor-widget-text-editor\" data-id=\"a49debe\" data-element_type=\"widget\" data-e-type=\"widget\" data-widget_type=\"text-editor.default\">\n\t\t\t\t<div class=\"elementor-widget-container\">\n\t\t\t\t\t\t\t\t\t<p><b>Si la r\u00e9ponse \u00e0 votre question n\u2019est pas ici, contactez-moi !<\/b><\/p>\t\t\t\t\t\t\t\t<\/div>\n\t\t\t\t<\/div>\n\t\t\t\t\t<\/div>\n\t\t\t\t<\/div>\n\t\t<div class=\"elementor-element elementor-element-556f622 e-flex e-con-boxed e-con e-parent\" data-id=\"556f622\" data-element_type=\"container\" data-e-type=\"container\">\n\t\t\t\t\t<div class=\"e-con-inner\">\n\t\t\t\t<div class=\"elementor-element elementor-element-154dee3 elementor-widget elementor-widget-n-accordion\" data-id=\"154dee3\" data-element_type=\"widget\" data-e-type=\"widget\" data-settings=\"{&quot;default_state&quot;:&quot;expanded&quot;,&quot;max_items_expended&quot;:&quot;one&quot;,&quot;n_accordion_animation_duration&quot;:{&quot;unit&quot;:&quot;ms&quot;,&quot;size&quot;:400,&quot;sizes&quot;:[]}}\" data-widget_type=\"nested-accordion.default\">\n\t\t\t\t<div class=\"elementor-widget-container\">\n\t\t\t\t\t\t\t<div class=\"e-n-accordion\" aria-label=\"Accordion. Open links with Enter or Space, close with Escape, and navigate with Arrow Keys\">\n\t\t\t\t\t\t<details id=\"e-n-accordion-item-2230\" class=\"e-n-accordion-item\" open>\n\t\t\t\t<summary class=\"e-n-accordion-item-title\" data-accordion-index=\"1\" tabindex=\"0\" aria-expanded=\"true\" aria-controls=\"e-n-accordion-item-2230\" >\n\t\t\t\t\t<span class='e-n-accordion-item-title-header'><div class=\"e-n-accordion-item-title-text\"> C\u2019est quoi un drone FPV ? <\/div><\/span>\n\t\t\t\t\t\t\t<span class='e-n-accordion-item-title-icon'>\n\t\t\t<span class='e-opened' ><svg aria-hidden=\"true\" class=\"e-font-icon-svg e-fas-minus\" viewbox=\"0 0 448 512\" xmlns=\"http:\/\/www.w3.org\/2000\/svg\"><path d=\"M416 208H32c-17.67 0-32 14.33-32 32v32c0 17.67 14.33 32 32 32h384c17.67 0 32-14.33 32-32v-32c0-17.67-14.33-32-32-32z\"><\/path><\/svg><\/span>\n\t\t\t<span class='e-closed'><svg aria-hidden=\"true\" class=\"e-font-icon-svg e-fas-plus\" viewbox=\"0 0 448 512\" xmlns=\"http:\/\/www.w3.org\/2000\/svg\"><path d=\"M416 208H272V64c0-17.67-14.33-32-32-32h-32c-17.67 0-32 14.33-32 32v144H32c-17.67 0-32 14.33-32 32v32c0 17.67 14.33 32 32 32h144v144c0 17.67 14.33 32 32 32h32c17.67 0 32-14.33 32-32V304h144c17.67 0 32-14.33 32-32v-32c0-17.67-14.33-32-32-32z\"><\/path><\/svg><\/span>\n\t\t<\/span>\n\n\t\t\t\t\t\t<\/summary>\n\t\t\t\t<div role=\"region\" aria-labelledby=\"e-n-accordion-item-2230\" class=\"elementor-element elementor-element-c5960c2 e-con-full e-flex e-con e-child\" data-id=\"c5960c2\" data-element_type=\"container\" data-e-type=\"container\">\n\t\t<div role=\"region\" aria-labelledby=\"e-n-accordion-item-2230\" class=\"elementor-element elementor-element-90d13ce e-flex e-con-boxed e-con e-child\" data-id=\"90d13ce\" data-element_type=\"container\" data-e-type=\"container\">\n\t\t\t\t\t<div class=\"e-con-inner\">\n\t\t\t\t<div class=\"elementor-element elementor-element-3c14493 elementor-widget elementor-widget-text-editor\" data-id=\"3c14493\" data-element_type=\"widget\" data-e-type=\"widget\" data-widget_type=\"text-editor.default\">\n\t\t\t\t<div class=\"elementor-widget-container\">\n\t\t\t\t\t\t\t\t\t<p><span style=\"font-weight: 400;\">Un drone F.P.V (First Person View), est un drone qui se pilote gr\u00e2ce \u00e0 une cam\u00e9ra plac\u00e9e \u00e0 l\u2019avant du drone, dont la vid\u00e9o est transmise en quasi instantan\u00e9 dans un casque vid\u00e9o.<\/span><\/p><p><span style=\"font-weight: 400;\">Assez similaire \u00e0 un Casque de VR, Le casque est plac\u00e9 devant les yeux de l\u2019op\u00e9rateur du drone, permettant de piloter en immersion totale, en \u00e9tant du point de vue du drone, d&rsquo;o\u00f9 le terme <\/span><b>FPV.<\/b><\/p><p><span style=\"font-weight: 400;\">Le drone se pilote tout de m\u00eame avec une radiocommande, les lunettes ne servant qu\u2019\u00e0 recevoir la vid\u00e9o, ou contr\u00f4ler l\u2019angle de la cam\u00e9ra gr\u00e2ce \u00e0 un head tracking, dans le cas d\u2019un servo.<\/span><\/p>\t\t\t\t\t\t\t\t<\/div>\n\t\t\t\t<\/div>\n\t\t\t\t\t<\/div>\n\t\t\t\t<\/div>\n\t\t\t\t<\/div>\n\t\t\t\t\t<\/details>\n\t\t\t\t\t\t<details id=\"e-n-accordion-item-2231\" class=\"e-n-accordion-item\" >\n\t\t\t\t<summary class=\"e-n-accordion-item-title\" data-accordion-index=\"2\" tabindex=\"-1\" aria-expanded=\"false\" aria-controls=\"e-n-accordion-item-2231\" >\n\t\t\t\t\t<span class='e-n-accordion-item-title-header'><div class=\"e-n-accordion-item-title-text\"> Quelle est la diff\u00e9rence entre un drone FPV et un drone classique ? <\/div><\/span>\n\t\t\t\t\t\t\t<span class='e-n-accordion-item-title-icon'>\n\t\t\t<span class='e-opened' ><svg aria-hidden=\"true\" class=\"e-font-icon-svg e-fas-minus\" viewbox=\"0 0 448 512\" xmlns=\"http:\/\/www.w3.org\/2000\/svg\"><path d=\"M416 208H32c-17.67 0-32 14.33-32 32v32c0 17.67 14.33 32 32 32h384c17.67 0 32-14.33 32-32v-32c0-17.67-14.33-32-32-32z\"><\/path><\/svg><\/span>\n\t\t\t<span class='e-closed'><svg aria-hidden=\"true\" class=\"e-font-icon-svg e-fas-plus\" viewbox=\"0 0 448 512\" xmlns=\"http:\/\/www.w3.org\/2000\/svg\"><path d=\"M416 208H272V64c0-17.67-14.33-32-32-32h-32c-17.67 0-32 14.33-32 32v144H32c-17.67 0-32 14.33-32 32v32c0 17.67 14.33 32 32 32h144v144c0 17.67 14.33 32 32 32h32c17.67 0 32-14.33 32-32V304h144c17.67 0 32-14.33 32-32v-32c0-17.67-14.33-32-32-32z\"><\/path><\/svg><\/span>\n\t\t<\/span>\n\n\t\t\t\t\t\t<\/summary>\n\t\t\t\t<div role=\"region\" aria-labelledby=\"e-n-accordion-item-2231\" class=\"elementor-element elementor-element-83a37ea e-con-full e-flex e-con e-child\" data-id=\"83a37ea\" data-element_type=\"container\" data-e-type=\"container\">\n\t\t<div role=\"region\" aria-labelledby=\"e-n-accordion-item-2231\" class=\"elementor-element elementor-element-2a750d1 e-flex e-con-boxed e-con e-child\" data-id=\"2a750d1\" data-element_type=\"container\" data-e-type=\"container\">\n\t\t\t\t\t<div class=\"e-con-inner\">\n\t\t\t\t<div class=\"elementor-element elementor-element-34b9212 elementor-widget elementor-widget-text-editor\" data-id=\"34b9212\" data-element_type=\"widget\" data-e-type=\"widget\" data-widget_type=\"text-editor.default\">\n\t\t\t\t<div class=\"elementor-widget-container\">\n\t\t\t\t\t\t\t\t\t<p><span style=\"font-weight: 400;\">Un drone FPV se diff\u00e9rencie d\u2019un drone classique principalement par son pilotage avec un casque, mais aussi par son mode de vol:<\/span><\/p><p><b>Un drone FPV<\/b><span style=\"font-weight: 400;\"> vole dans un mode nomm\u00e9<\/span><b> accro<\/b><span style=\"font-weight: 400;\">.<\/span><\/p><p><span style=\"font-weight: 400;\">Ce mode consiste \u00e0 ne pas mettre de limite quant \u00e0 la rotation du drone dans ses axes, lui permettant de faire des acrobaties a\u00e9riennes et tourner dans le sens qu\u2019il veut.<\/span><\/p><p><span style=\"font-weight: 400;\">C\u2019est le mode \u201cmanuel\u201d des drones.<\/span><\/p><p><span style=\"font-weight: 400;\">Il est bien plus compliqu\u00e9 \u00e0 prendre en main et demande beaucoup d&rsquo;entra\u00eenement pour avoir une bonne ma\u00eetrise.<\/span><\/p><p><b>Un drone classique<\/b><span style=\"font-weight: 400;\"> vole dans un mode nomm\u00e9 <\/span><b><i>angle<\/i><\/b><span style=\"font-weight: 400;\">.\u00a0<\/span><\/p><p><span style=\"font-weight: 400;\">Ce mode restreint le drone \u00e0 un angle maximum d\u2019inclinaison, emp\u00eachant d\u2019avoir un contr\u00f4le total sur les mouvements du drone.<\/span><\/p><p><span style=\"font-weight: 400;\">C\u2019est une technique de vol bien plus facile et accessible, mais elle est bien plus limit\u00e9e qu\u2019un vol en <\/span><b>accro<\/b><span style=\"font-weight: 400;\">, emp\u00eachant de faire la moindre acrobatie.<\/span><\/p><p><span style=\"font-weight: 400;\">Pour conclure, car il est important de le noter, <\/span><b>un drone FPV est dans la capacit\u00e9 de voler en mode angle<\/b><span style=\"font-weight: 400;\">, et<\/span><b> certains drones classiques peuvent aussi se piloter avec un syst\u00e8me vid\u00e9o FPV .<\/b><\/p><p><span style=\"font-weight: 400;\">C\u2019est un abus de langage de dire \u201cDrone FPV\u201d quand on parle de ces drones acrobatiques, mais \u00e7a permet de faire la diff\u00e9rence rapidement avec des drones classiques.<\/span><\/p>\t\t\t\t\t\t\t\t<\/div>\n\t\t\t\t<\/div>\n\t\t\t\t\t<\/div>\n\t\t\t\t<\/div>\n\t\t\t\t<\/div>\n\t\t\t\t\t<\/details>\n\t\t\t\t\t\t<details id=\"e-n-accordion-item-2232\" class=\"e-n-accordion-item\" >\n\t\t\t\t<summary class=\"e-n-accordion-item-title\" data-accordion-index=\"3\" tabindex=\"-1\" aria-expanded=\"false\" aria-controls=\"e-n-accordion-item-2232\" >\n\t\t\t\t\t<span class='e-n-accordion-item-title-header'><div class=\"e-n-accordion-item-title-text\"> Pourquoi le poids est important sur un drone FPV ? <\/div><\/span>\n\t\t\t\t\t\t\t<span class='e-n-accordion-item-title-icon'>\n\t\t\t<span class='e-opened' ><svg aria-hidden=\"true\" class=\"e-font-icon-svg e-fas-minus\" viewbox=\"0 0 448 512\" xmlns=\"http:\/\/www.w3.org\/2000\/svg\"><path d=\"M416 208H32c-17.67 0-32 14.33-32 32v32c0 17.67 14.33 32 32 32h384c17.67 0 32-14.33 32-32v-32c0-17.67-14.33-32-32-32z\"><\/path><\/svg><\/span>\n\t\t\t<span class='e-closed'><svg aria-hidden=\"true\" class=\"e-font-icon-svg e-fas-plus\" viewbox=\"0 0 448 512\" xmlns=\"http:\/\/www.w3.org\/2000\/svg\"><path d=\"M416 208H272V64c0-17.67-14.33-32-32-32h-32c-17.67 0-32 14.33-32 32v144H32c-17.67 0-32 14.33-32 32v32c0 17.67 14.33 32 32 32h144v144c0 17.67 14.33 32 32 32h32c17.67 0 32-14.33 32-32V304h144c17.67 0 32-14.33 32-32v-32c0-17.67-14.33-32-32-32z\"><\/path><\/svg><\/span>\n\t\t<\/span>\n\n\t\t\t\t\t\t<\/summary>\n\t\t\t\t<div role=\"region\" aria-labelledby=\"e-n-accordion-item-2232\" class=\"elementor-element elementor-element-fe71897 e-con-full e-flex e-con e-child\" data-id=\"fe71897\" data-element_type=\"container\" data-e-type=\"container\">\n\t\t<div role=\"region\" aria-labelledby=\"e-n-accordion-item-2232\" class=\"elementor-element elementor-element-ed7776c e-flex e-con-boxed e-con e-child\" data-id=\"ed7776c\" data-element_type=\"container\" data-e-type=\"container\">\n\t\t\t\t\t<div class=\"e-con-inner\">\n\t\t\t\t<div class=\"elementor-element elementor-element-3beae03 elementor-widget elementor-widget-text-editor\" data-id=\"3beae03\" data-element_type=\"widget\" data-e-type=\"widget\" data-widget_type=\"text-editor.default\">\n\t\t\t\t<div class=\"elementor-widget-container\">\n\t\t\t\t\t\t\t\t\t<p><span style=\"font-weight: 400;\">M\u00eame si la confection du ch\u00e2ssis, les composants et pleins d\u2019autres aspects du drones sont importants, le poids et l\u2019un des \u00e9l\u00e9ments cruciaux quand on monte un drone FPV.<\/span><\/p><p><span style=\"font-weight: 400;\">Le poids impacte principalement le temps de vol, l\u2019agilit\u00e9 du drone et sa r\u00e9sistance lors d\u2019un crash.<\/span><\/p><p><span style=\"font-weight: 400;\">Quand le drone est grand tel que le <\/span><b>7\u201d Longue distance<\/b><span style=\"font-weight: 400;\">, une l\u00e9g\u00e8re diff\u00e9rence de poids n&rsquo;a pas un impact significatif.<\/span><\/p><p><span style=\"font-weight: 400;\">Mais quand il s\u2019agit de micro drones tels que le<\/span><b> Kayoumini <\/b><span style=\"font-weight: 400;\">ou le <\/span><b>Tinywhoop<\/b><span style=\"font-weight: 400;\">, le moindre grammes en plus peut <\/span><b>grandement impacter<\/b><span style=\"font-weight: 400;\"> la mani\u00e8re pour le drone de voler.<\/span><\/p><p><span style=\"font-weight: 400;\">C\u2019est pour cette raison qu\u2019il est bien plus difficile de mettre des cam\u00e9ras de haute qualit\u00e9 sur des micro drones, et que <\/span><b>l\u2019analogique<\/b><span style=\"font-weight: 400;\"> est la solution parfaite pour un drone l\u00e9ger.<\/span><\/p>\t\t\t\t\t\t\t\t<\/div>\n\t\t\t\t<\/div>\n\t\t\t\t\t<\/div>\n\t\t\t\t<\/div>\n\t\t\t\t<\/div>\n\t\t\t\t\t<\/details>\n\t\t\t\t\t\t<details id=\"e-n-accordion-item-2233\" class=\"e-n-accordion-item\" >\n\t\t\t\t<summary class=\"e-n-accordion-item-title\" data-accordion-index=\"4\" tabindex=\"-1\" aria-expanded=\"false\" aria-controls=\"e-n-accordion-item-2233\" >\n\t\t\t\t\t<span class='e-n-accordion-item-title-header'><div class=\"e-n-accordion-item-title-text\"> Pourquoi l'angle de la cam\u00e9ra est important en FPV ? <\/div><\/span>\n\t\t\t\t\t\t\t<span class='e-n-accordion-item-title-icon'>\n\t\t\t<span class='e-opened' ><svg aria-hidden=\"true\" class=\"e-font-icon-svg e-fas-minus\" viewbox=\"0 0 448 512\" xmlns=\"http:\/\/www.w3.org\/2000\/svg\"><path d=\"M416 208H32c-17.67 0-32 14.33-32 32v32c0 17.67 14.33 32 32 32h384c17.67 0 32-14.33 32-32v-32c0-17.67-14.33-32-32-32z\"><\/path><\/svg><\/span>\n\t\t\t<span class='e-closed'><svg aria-hidden=\"true\" class=\"e-font-icon-svg e-fas-plus\" viewbox=\"0 0 448 512\" xmlns=\"http:\/\/www.w3.org\/2000\/svg\"><path d=\"M416 208H272V64c0-17.67-14.33-32-32-32h-32c-17.67 0-32 14.33-32 32v144H32c-17.67 0-32 14.33-32 32v32c0 17.67 14.33 32 32 32h144v144c0 17.67 14.33 32 32 32h32c17.67 0 32-14.33 32-32V304h144c17.67 0 32-14.33 32-32v-32c0-17.67-14.33-32-32-32z\"><\/path><\/svg><\/span>\n\t\t<\/span>\n\n\t\t\t\t\t\t<\/summary>\n\t\t\t\t<div role=\"region\" aria-labelledby=\"e-n-accordion-item-2233\" class=\"elementor-element elementor-element-9b3f38b e-flex e-con-boxed e-con e-child\" data-id=\"9b3f38b\" data-element_type=\"container\" data-e-type=\"container\">\n\t\t\t\t\t<div class=\"e-con-inner\">\n\t\t<div role=\"region\" aria-labelledby=\"e-n-accordion-item-2233\" class=\"elementor-element elementor-element-c7a07dd e-con-full e-flex e-con e-child\" data-id=\"c7a07dd\" data-element_type=\"container\" data-e-type=\"container\">\n\t\t\t\t<div class=\"elementor-element elementor-element-cc0fa03 elementor-widget elementor-widget-text-editor\" data-id=\"cc0fa03\" data-element_type=\"widget\" data-e-type=\"widget\" data-widget_type=\"text-editor.default\">\n\t\t\t\t<div class=\"elementor-widget-container\">\n\t\t\t\t\t\t\t\t\t<p><span style=\"font-weight: 400;\">L\u2019angle de la cam\u00e9ra sur un drone FPV classique est important car<\/span><b> il impacte la vitesse et le style des cadrages<\/b><span style=\"font-weight: 400;\">:\u00a0<\/span><\/p><p><span style=\"font-weight: 400;\">L\u2019une des contraintes d\u2019un drone FPV classique style <\/span><b>5<\/b><b>\u201d freestyle<\/b><b>,<\/b><span style=\"font-weight: 400;\"> est que l\u2019angle de la cam\u00e9ra <\/span><b>ne peut pas \u00eatre chang\u00e9 durant le vol.<\/b><\/p><p><span style=\"font-weight: 400;\">Cette contrainte entra\u00eene une incapacit\u00e9 \u00e0 cadrer des plans z\u00e9nithaux, sans placer le drone dans une position de plongeon.<\/span><span style=\"font-weight: 400;\">Pour conclure, l\u2019angle de la cam\u00e9ra sur un FPV classique est aussi <\/span><b>tr\u00e8s important car il est \u00e0 l\u2019origine de styles de vols tr\u00e8s vari\u00e9s<\/b><span style=\"font-weight: 400;\"> : un angle assez faible <\/span><b>(15-20 degr\u00e9s)<\/b><span style=\"font-weight: 400;\"> va \u00eatre assez lin\u00e9aire, tandis qu\u2019un angle \u00e9lev\u00e9 (<\/span><b>45-70 degr\u00e9s)<\/b><span style=\"font-weight: 400;\"> va \u00eatre beaucoup plus propice pour voler \u00e0 l\u2019envers et en arri\u00e8re.<\/span><\/p>\t\t\t\t\t\t\t\t<\/div>\n\t\t\t\t<\/div>\n\t\t\t\t<\/div>\n\t\t\t\t\t<\/div>\n\t\t\t\t<\/div>\n\t\t\t\t\t<\/details>\n\t\t\t\t\t\t<details id=\"e-n-accordion-item-2234\" class=\"e-n-accordion-item\" >\n\t\t\t\t<summary class=\"e-n-accordion-item-title\" data-accordion-index=\"5\" tabindex=\"-1\" aria-expanded=\"false\" aria-controls=\"e-n-accordion-item-2234\" >\n\t\t\t\t\t<span class='e-n-accordion-item-title-header'><div class=\"e-n-accordion-item-title-text\"> C'est quoi un syst\u00e8me \u00e0 tilt variable sur un  drone FPV ? <\/div><\/span>\n\t\t\t\t\t\t\t<span class='e-n-accordion-item-title-icon'>\n\t\t\t<span class='e-opened' ><svg aria-hidden=\"true\" class=\"e-font-icon-svg e-fas-minus\" viewbox=\"0 0 448 512\" xmlns=\"http:\/\/www.w3.org\/2000\/svg\"><path d=\"M416 208H32c-17.67 0-32 14.33-32 32v32c0 17.67 14.33 32 32 32h384c17.67 0 32-14.33 32-32v-32c0-17.67-14.33-32-32-32z\"><\/path><\/svg><\/span>\n\t\t\t<span class='e-closed'><svg aria-hidden=\"true\" class=\"e-font-icon-svg e-fas-plus\" viewbox=\"0 0 448 512\" xmlns=\"http:\/\/www.w3.org\/2000\/svg\"><path d=\"M416 208H272V64c0-17.67-14.33-32-32-32h-32c-17.67 0-32 14.33-32 32v144H32c-17.67 0-32 14.33-32 32v32c0 17.67 14.33 32 32 32h144v144c0 17.67 14.33 32 32 32h32c17.67 0 32-14.33 32-32V304h144c17.67 0 32-14.33 32-32v-32c0-17.67-14.33-32-32-32z\"><\/path><\/svg><\/span>\n\t\t<\/span>\n\n\t\t\t\t\t\t<\/summary>\n\t\t\t\t<div role=\"region\" aria-labelledby=\"e-n-accordion-item-2234\" class=\"elementor-element elementor-element-d862b99 e-flex e-con-boxed e-con e-child\" data-id=\"d862b99\" data-element_type=\"container\" data-e-type=\"container\">\n\t\t\t\t\t<div class=\"e-con-inner\">\n\t\t<div role=\"region\" aria-labelledby=\"e-n-accordion-item-2234\" class=\"elementor-element elementor-element-bbfa95d e-con-full e-flex e-con e-child\" data-id=\"bbfa95d\" data-element_type=\"container\" data-e-type=\"container\">\n\t\t\t\t<div class=\"elementor-element elementor-element-e75c453 elementor-widget elementor-widget-text-editor\" data-id=\"e75c453\" data-element_type=\"widget\" data-e-type=\"widget\" data-widget_type=\"text-editor.default\">\n\t\t\t\t<div class=\"elementor-widget-container\">\n\t\t\t\t\t\t\t\t\t<p><span style=\"font-weight: 400;\">Un syst\u00e8me \u00e0 tilt variable est un syst\u00e8me permettant d&rsquo;incliner, gr\u00e2ce \u00e0 un traqueur de mouvement situ\u00e9 dans les lunettes, l\u2019angle de la cam\u00e9ra sur l\u2019axe vertical durant le Vol.<\/span><\/p><p><span style=\"font-weight: 400;\">C\u2019est un nouveau syst\u00e8me que j\u2019ai confectionn\u00e9, inspir\u00e9 du travail de Josh Medlin.<\/span><\/p><p><span style=\"font-weight: 400;\">Il a comme objectif de permettre de changer l\u2019angle de la cam\u00e9ra s\u00e9par\u00e9ment du drone.<\/span><\/p><p><span style=\"font-weight: 400;\">L\u2019axe de la cam\u00e9ra est uniquement contr\u00f4lable sur l\u2019axe vertical.<\/span><\/p><p><span style=\"font-weight: 400;\">C\u2019est un syst\u00e8me tr\u00e8s int\u00e9ressant, mais ajoute du poids au drones et le rend plus propice \u00e0 de la casse en cas de crash.<\/span><\/p>\t\t\t\t\t\t\t\t<\/div>\n\t\t\t\t<\/div>\n\t\t\t\t<\/div>\n\t\t\t\t\t<\/div>\n\t\t\t\t<\/div>\n\t\t\t\t\t<\/details>\n\t\t\t\t\t<\/div>\n\t\t\t\t\t\t<\/div>\n\t\t\t\t<\/div>\n\t\t\t\t\t<\/div>\n\t\t\t\t<\/div>\n\t\t\t\t<\/div>","protected":false},"excerpt":{"rendered":"<p>F.A.Q. Si la r\u00e9ponse \u00e0 votre question n\u2019est pas ici, contactez-moi ! C\u2019est quoi un drone FPV ? Un drone F.P.V (First Person View), est un drone qui se pilote gr\u00e2ce \u00e0 une cam\u00e9ra plac\u00e9e \u00e0 l\u2019avant du drone, dont la vid\u00e9o est transmise en quasi instantan\u00e9 dans un casque vid\u00e9o. Assez similaire \u00e0 un Casque de VR, Le casque est plac\u00e9 devant les yeux de l\u2019op\u00e9rateur du drone, permettant de piloter en immersion totale, en \u00e9tant du point de vue du drone, d&rsquo;o\u00f9 le terme FPV. Le drone se pilote tout de m\u00eame avec une radiocommande, les lunettes ne servant qu\u2019\u00e0 recevoir la vid\u00e9o, ou contr\u00f4ler l\u2019angle de la [&hellip;]<\/p>","protected":false},"author":2,"featured_media":0,"parent":0,"menu_order":0,"comment_status":"closed","ping_status":"closed","template":"","meta":{"footnotes":""},"class_list":["post-12562","page","type-page","status-publish","hentry"],"_links":{"self":[{"href":"https:\/\/elixfpv.com\/ja\/wp-json\/wp\/v2\/pages\/12562","targetHints":{"allow":["GET"]}}],"collection":[{"href":"https:\/\/elixfpv.com\/ja\/wp-json\/wp\/v2\/pages"}],"about":[{"href":"https:\/\/elixfpv.com\/ja\/wp-json\/wp\/v2\/types\/page"}],"author":[{"embeddable":true,"href":"https:\/\/elixfpv.com\/ja\/wp-json\/wp\/v2\/users\/2"}],"replies":[{"embeddable":true,"href":"https:\/\/elixfpv.com\/ja\/wp-json\/wp\/v2\/comments?post=12562"}],"version-history":[{"count":7,"href":"https:\/\/elixfpv.com\/ja\/wp-json\/wp\/v2\/pages\/12562\/revisions"}],"predecessor-version":[{"id":14684,"href":"https:\/\/elixfpv.com\/ja\/wp-json\/wp\/v2\/pages\/12562\/revisions\/14684"}],"wp:attachment":[{"href":"https:\/\/elixfpv.com\/ja\/wp-json\/wp\/v2\/media?parent=12562"}],"curies":[{"name":"wp","href":"https:\/\/api.w.org\/{rel}","templated":true}]}}