{"id":12543,"date":"2025-03-27T11:18:20","date_gmt":"2025-03-27T10:18:20","guid":{"rendered":"https:\/\/elixfpv.com\/?page_id=12543"},"modified":"2026-04-26T12:18:35","modified_gmt":"2026-04-26T10:18:35","slug":"vol-en-interieur","status":"publish","type":"page","link":"https:\/\/elixfpv.com\/ja\/vol-en-interieur\/","title":{"rendered":"Vol en int\u00e9rieur"},"content":{"rendered":"<div data-elementor-type=\"wp-page\" data-elementor-id=\"12543\" class=\"elementor elementor-12543\" data-elementor-settings=\"{&quot;element_pack_global_tooltip_width&quot;:{&quot;unit&quot;:&quot;px&quot;,&quot;size&quot;:&quot;&quot;,&quot;sizes&quot;:[]},&quot;element_pack_global_tooltip_width_tablet&quot;:{&quot;unit&quot;:&quot;px&quot;,&quot;size&quot;:&quot;&quot;,&quot;sizes&quot;:[]},&quot;element_pack_global_tooltip_width_mobile&quot;:{&quot;unit&quot;:&quot;px&quot;,&quot;size&quot;:&quot;&quot;,&quot;sizes&quot;:[]},&quot;element_pack_global_tooltip_padding&quot;:{&quot;unit&quot;:&quot;px&quot;,&quot;top&quot;:&quot;&quot;,&quot;right&quot;:&quot;&quot;,&quot;bottom&quot;:&quot;&quot;,&quot;left&quot;:&quot;&quot;,&quot;isLinked&quot;:true},&quot;element_pack_global_tooltip_padding_tablet&quot;:{&quot;unit&quot;:&quot;px&quot;,&quot;top&quot;:&quot;&quot;,&quot;right&quot;:&quot;&quot;,&quot;bottom&quot;:&quot;&quot;,&quot;left&quot;:&quot;&quot;,&quot;isLinked&quot;:true},&quot;element_pack_global_tooltip_padding_mobile&quot;:{&quot;unit&quot;:&quot;px&quot;,&quot;top&quot;:&quot;&quot;,&quot;right&quot;:&quot;&quot;,&quot;bottom&quot;:&quot;&quot;,&quot;left&quot;:&quot;&quot;,&quot;isLinked&quot;:true},&quot;element_pack_global_tooltip_border_radius&quot;:{&quot;unit&quot;:&quot;px&quot;,&quot;top&quot;:&quot;&quot;,&quot;right&quot;:&quot;&quot;,&quot;bottom&quot;:&quot;&quot;,&quot;left&quot;:&quot;&quot;,&quot;isLinked&quot;:true},&quot;element_pack_global_tooltip_border_radius_tablet&quot;:{&quot;unit&quot;:&quot;px&quot;,&quot;top&quot;:&quot;&quot;,&quot;right&quot;:&quot;&quot;,&quot;bottom&quot;:&quot;&quot;,&quot;left&quot;:&quot;&quot;,&quot;isLinked&quot;:true},&quot;element_pack_global_tooltip_border_radius_mobile&quot;:{&quot;unit&quot;:&quot;px&quot;,&quot;top&quot;:&quot;&quot;,&quot;right&quot;:&quot;&quot;,&quot;bottom&quot;:&quot;&quot;,&quot;left&quot;:&quot;&quot;,&quot;isLinked&quot;:true}}\" data-elementor-post-type=\"page\">\n\t\t\t\t<div class=\"elementor-element elementor-element-413e67f6 e-flex e-con-boxed e-con e-parent\" data-id=\"413e67f6\" data-element_type=\"container\" data-e-type=\"container\" data-settings=\"{&quot;background_background&quot;:&quot;video&quot;,&quot;background_video_link&quot;:&quot;http:\\\/\\\/elixfpv.com\\\/wp-content\\\/uploads\\\/2026\\\/01\\\/Drone-FPV-1055.mp4&quot;,&quot;background_video_start&quot;:5}\">\n\t\t\t\t\t<div class=\"e-con-inner\">\n\t\t<div class=\"elementor-background-video-container elementor-hidden-mobile\">\n\t\t\t\t\t\t\t<video class=\"elementor-background-video-hosted\" role=\"presentation\" autoplay muted playsinline loop><\/video>\n\t\t\t\t\t<\/div><div class=\"elementor-element elementor-element-a471d17 e-con-full e-flex e-con e-child\" data-id=\"a471d17\" data-element_type=\"container\" data-e-type=\"container\">\n\t\t\t\t<div class=\"elementor-element elementor-element-4f3fef83 elementor-widget elementor-widget-heading\" data-id=\"4f3fef83\" data-element_type=\"widget\" data-e-type=\"widget\" data-widget_type=\"heading.default\">\n\t\t\t\t<div class=\"elementor-widget-container\">\n\t\t\t\t\t<h2 class=\"elementor-heading-title elementor-size-default\">Vol en int\u00e9rieur<\/h2>\t\t\t\t<\/div>\n\t\t\t\t<\/div>\n\t\t\t\t<\/div>\n\t\t<div class=\"elementor-element elementor-element-6d34ef54 e-con-full e-flex e-con e-child\" data-id=\"6d34ef54\" data-element_type=\"container\" data-e-type=\"container\">\n\t\t\t\t<div class=\"elementor-element elementor-element-da1e958 elementor-align-center elementor-invisible elementor-widget elementor-widget-button\" data-id=\"da1e958\" data-element_type=\"widget\" data-e-type=\"widget\" data-settings=\"{&quot;_animation&quot;:&quot;fadeIn&quot;}\" data-widget_type=\"button.default\">\n\t\t\t\t<div class=\"elementor-widget-container\">\n\t\t\t\t\t\t\t\t\t<div class=\"elementor-button-wrapper\">\n\t\t\t\t\t<a class=\"elementor-button elementor-button-link elementor-size-sm\" href=\"#travail\">\n\t\t\t\t\t\t<span class=\"elementor-button-content-wrapper\">\n\t\t\t\t\t\t<span class=\"elementor-button-icon\">\n\t\t\t\t<svg xmlns=\"http:\/\/www.w3.org\/2000\/svg\" id=\"Layer_1\" viewbox=\"0 0 800 800\"><defs><style>      .st0 {        fill: #fff;      }    <\/style><\/defs><path class=\"st0\" d=\"M737.9,337.9l-337.9,337.9L62.1,337.9c-14.2-14.2-37.2-14.2-51.4,0-14.2,14.2-14.2,37.2,0,51.4l363.6,363.6c6.8,6.8,16.1,10.6,25.7,10.6s18.9-3.8,25.7-10.7l363.6-363.6c14.2-14.2,14.2-37.2,0-51.4-14.2-14.2-37.2-14.2-51.4,0Z\"><\/path><path class=\"st0\" d=\"M374.3,462.1c6.8,6.8,16.1,10.6,25.7,10.6s18.9-3.8,25.7-10.7L789.3,98.4c14.2-14.2,14.2-37.2,0-51.4-14.2-14.2-37.2-14.2-51.4,0l-337.9,337.9L62.1,47c-14.2-14.2-37.2-14.2-51.4,0s-14.2,37.2,0,51.4l363.6,363.6Z\"><\/path><\/svg>\t\t\t<\/span>\n\t\t\t\t\t\t\t\t<\/span>\n\t\t\t\t\t<\/a>\n\t\t\t\t<\/div>\n\t\t\t\t\t\t\t\t<\/div>\n\t\t\t\t<\/div>\n\t\t\t\t<\/div>\n\t\t\t\t\t<\/div>\n\t\t\t\t<\/div>\n\t\t<div class=\"elementor-element elementor-element-19b0d34a e-flex e-con-boxed e-con e-parent\" data-id=\"19b0d34a\" data-element_type=\"container\" data-e-type=\"container\" data-settings=\"{&quot;background_background&quot;:&quot;classic&quot;}\">\n\t\t\t\t\t<div class=\"e-con-inner\">\n\t\t<div class=\"elementor-element elementor-element-556fb479 e-con-full e-flex e-con e-child\" data-id=\"556fb479\" data-element_type=\"container\" data-e-type=\"container\">\n\t\t<div class=\"elementor-element elementor-element-223aa06 e-grid e-con-full e-con e-child\" data-id=\"223aa06\" data-element_type=\"container\" data-e-type=\"container\">\n\t\t\t\t<div class=\"elementor-element elementor-element-3051ebad elementor-widget elementor-widget-image\" data-id=\"3051ebad\" data-element_type=\"widget\" data-e-type=\"widget\" data-widget_type=\"image.default\">\n\t\t\t\t<div class=\"elementor-widget-container\">\n\t\t\t\t\t\t\t\t\t\t\t\t\t\t\t\t<a href=\"#elementor-action%3Aaction%3Dpopup%3Aopen%26settings%3DeyJpZCI6IjE1NTkzIiwidG9nZ2xlIjpmYWxzZX0%3D\">\n\t\t\t\t\t\t\t<img fetchpriority=\"high\" decoding=\"async\" width=\"800\" height=\"450\" src=\"https:\/\/elixfpv.com\/wp-content\/uploads\/2026\/02\/Eva.GG-minia-WEB-1024x576.jpg\" class=\"attachment-large size-large wp-image-14686\" alt=\"\" srcset=\"https:\/\/elixfpv.com\/wp-content\/uploads\/2026\/02\/Eva.GG-minia-WEB-1024x576.jpg 1024w, https:\/\/elixfpv.com\/wp-content\/uploads\/2026\/02\/Eva.GG-minia-WEB-300x169.jpg 300w, https:\/\/elixfpv.com\/wp-content\/uploads\/2026\/02\/Eva.GG-minia-WEB-768x432.jpg 768w, https:\/\/elixfpv.com\/wp-content\/uploads\/2026\/02\/Eva.GG-minia-WEB-1536x864.jpg 1536w, https:\/\/elixfpv.com\/wp-content\/uploads\/2026\/02\/Eva.GG-minia-WEB.jpg 1920w\" sizes=\"(max-width: 800px) 100vw, 800px\" \/>\t\t\t\t\t\t\t\t<\/a>\n\t\t\t\t\t\t\t\t\t\t\t\t\t\t\t<\/div>\n\t\t\t\t<\/div>\n\t\t\t\t<div class=\"elementor-element elementor-element-1f25c6e5 elementor-widget elementor-widget-image\" data-id=\"1f25c6e5\" data-element_type=\"widget\" data-e-type=\"widget\" data-widget_type=\"image.default\">\n\t\t\t\t<div class=\"elementor-widget-container\">\n\t\t\t\t\t\t\t\t\t\t\t\t\t\t\t\t<a href=\"#elementor-action%3Aaction%3Dpopup%3Aopen%26settings%3DeyJpZCI6IjE1NjIwIiwidG9nZ2xlIjpmYWxzZX0%3D\">\n\t\t\t\t\t\t\t<img decoding=\"async\" width=\"800\" height=\"450\" src=\"https:\/\/elixfpv.com\/wp-content\/uploads\/2026\/02\/Minia-Web-test-2-1024x576.jpg\" class=\"attachment-large size-large wp-image-14717\" alt=\"\" srcset=\"https:\/\/elixfpv.com\/wp-content\/uploads\/2026\/02\/Minia-Web-test-2-1024x576.jpg 1024w, https:\/\/elixfpv.com\/wp-content\/uploads\/2026\/02\/Minia-Web-test-2-300x169.jpg 300w, https:\/\/elixfpv.com\/wp-content\/uploads\/2026\/02\/Minia-Web-test-2-768x432.jpg 768w, https:\/\/elixfpv.com\/wp-content\/uploads\/2026\/02\/Minia-Web-test-2-1536x864.jpg 1536w, https:\/\/elixfpv.com\/wp-content\/uploads\/2026\/02\/Minia-Web-test-2.jpg 1920w\" sizes=\"(max-width: 800px) 100vw, 800px\" \/>\t\t\t\t\t\t\t\t<\/a>\n\t\t\t\t\t\t\t\t\t\t\t\t\t\t\t<\/div>\n\t\t\t\t<\/div>\n\t\t\t\t<div class=\"elementor-element elementor-element-225fd639 elementor-widget elementor-widget-image\" data-id=\"225fd639\" data-element_type=\"widget\" data-e-type=\"widget\" data-widget_type=\"image.default\">\n\t\t\t\t<div class=\"elementor-widget-container\">\n\t\t\t\t\t\t\t\t\t\t\t\t\t\t\t\t<a href=\"#elementor-action%3Aaction%3Dpopup%3Aopen%26settings%3DeyJpZCI6IjE0MDIzIiwidG9nZ2xlIjpmYWxzZX0%3D\">\n\t\t\t\t\t\t\t<img decoding=\"async\" width=\"800\" height=\"500\" src=\"https:\/\/elixfpv.com\/wp-content\/uploads\/2025\/11\/luka-verc-grPhIvFoDGM-unsplash-1024x640.jpg\" class=\"attachment-large size-large wp-image-14020\" alt=\"\" srcset=\"https:\/\/elixfpv.com\/wp-content\/uploads\/2025\/11\/luka-verc-grPhIvFoDGM-unsplash-1024x640.jpg 1024w, https:\/\/elixfpv.com\/wp-content\/uploads\/2025\/11\/luka-verc-grPhIvFoDGM-unsplash-300x188.jpg 300w, https:\/\/elixfpv.com\/wp-content\/uploads\/2025\/11\/luka-verc-grPhIvFoDGM-unsplash-768x480.jpg 768w, https:\/\/elixfpv.com\/wp-content\/uploads\/2025\/11\/luka-verc-grPhIvFoDGM-unsplash-1536x960.jpg 1536w, https:\/\/elixfpv.com\/wp-content\/uploads\/2025\/11\/luka-verc-grPhIvFoDGM-unsplash-2048x1280.jpg 2048w\" sizes=\"(max-width: 800px) 100vw, 800px\" \/>\t\t\t\t\t\t\t\t<\/a>\n\t\t\t\t\t\t\t\t\t\t\t\t\t\t\t<\/div>\n\t\t\t\t<\/div>\n\t\t\t\t<\/div>\n\t\t\t\t<\/div>\n\t\t\t\t\t<\/div>\n\t\t\t\t<\/div>\n\t\t<div class=\"elementor-element elementor-element-40c19ec1 e-flex e-con-boxed e-con e-parent\" data-id=\"40c19ec1\" data-element_type=\"container\" data-e-type=\"container\">\n\t\t\t\t\t<div class=\"e-con-inner\">\n\t\t\t\t<div class=\"elementor-element elementor-element-616a2498 elementor-widget elementor-widget-text-editor\" data-id=\"616a2498\" data-element_type=\"widget\" data-e-type=\"widget\" data-widget_type=\"text-editor.default\">\n\t\t\t\t<div class=\"elementor-widget-container\">\n\t\t\t\t\t\t\t\t\t<p data-start=\"372\" data-end=\"714\" class=\"translation-block\">This is a japanese test for a block<\/p><p data-start=\"716\" data-end=\"1090\">Le FPV permet d\u2019\u00e9pouser l\u2019\u00e9nergie d\u2019un morceau, de suivre les artistes au plus pr\u00e8s, de jouer avec la vitesse, l\u2019espace et les perspectives pour cr\u00e9er des plans qui amplifient l\u2019\u00e9motion.<br data-start=\"902\" data-end=\"905\" \/>Qu\u2019il s\u2019agisse d\u2019une ambiance douce et a\u00e9rienne ou d\u2019un univers plus dynamique et percutant, chaque vol est pens\u00e9 comme un <strong data-start=\"1028\" data-end=\"1052\">cadrage chor\u00e9graphi\u00e9<\/strong>, synchronis\u00e9 au rythme de la musique.<\/p><p data-start=\"1092\" data-end=\"1466\">J\u2019accorde une importance particuli\u00e8re \u00e0 la <strong data-start=\"1135\" data-end=\"1152\">mise en sc\u00e8ne<\/strong>, \u00e0 la <strong data-start=\"1159\" data-end=\"1185\">pr\u00e9paration artistique<\/strong> et \u00e0 la fa\u00e7on dont chaque mouvement de cam\u00e9ra peut raconter quelque chose.<br data-start=\"1260\" data-end=\"1263\" \/>Le FPV est une v\u00e9ritable extension du langage cin\u00e9matographique : il cr\u00e9e des transitions, ouvre des espaces, traverse les environnements et capte des instants de mani\u00e8re organique, fluide et expressive.<\/p><p data-start=\"1468\" data-end=\"1672\">Gr\u00e2ce \u00e0 cette approche, j\u2019ai eu la chance de collaborer avec des artistes aux univers tr\u00e8s diff\u00e9rents, en adaptant toujours mes drones, mes trajectoires et mes intentions d\u2019image \u00e0 leur identit\u00e9 visuelle.<\/p>\t\t\t\t\t\t\t\t<\/div>\n\t\t\t\t<\/div>\n\t\t\t\t\t<\/div>\n\t\t\t\t<\/div>\n\t\t<div class=\"elementor-element elementor-element-af15bc7 e-flex e-con-boxed e-con e-parent\" data-id=\"af15bc7\" data-element_type=\"container\" data-e-type=\"container\">\n\t\t\t\t\t<div class=\"e-con-inner\">\n\t\t\t\t<div class=\"elementor-element elementor-element-67134ce4 elementor-invisible elementor-widget elementor-widget-text-editor\" data-id=\"67134ce4\" data-element_type=\"widget\" data-e-type=\"widget\" data-settings=\"{&quot;_animation&quot;:&quot;fadeInUp&quot;}\" data-widget_type=\"text-editor.default\">\n\t\t\t\t<div class=\"elementor-widget-container\">\n\t\t\t\t\t\t\t\t\t<p>Ils m&rsquo;ont fais confiance<\/p>\t\t\t\t\t\t\t\t<\/div>\n\t\t\t\t<\/div>\n\t\t\t\t\t<\/div>\n\t\t\t\t<\/div>\n\t\t<div class=\"elementor-element elementor-element-2a9e02ce e-flex e-con-boxed e-con e-parent\" data-id=\"2a9e02ce\" data-element_type=\"container\" data-e-type=\"container\">\n\t\t\t\t\t<div class=\"e-con-inner\">\n\t\t<div class=\"elementor-element elementor-element-67bd6aee e-con-full e-flex e-con e-child\" data-id=\"67bd6aee\" data-element_type=\"container\" data-e-type=\"container\" data-settings=\"{&quot;background_background&quot;:&quot;classic&quot;}\">\n\t\t\t\t<div class=\"elementor-element elementor-element-10da5c6 elementor-widget elementor-widget-html\" data-id=\"10da5c6\" data-element_type=\"widget\" data-e-type=\"widget\" data-widget_type=\"html.default\">\n\t\t\t\t<div class=\"elementor-widget-container\">\n\t\t\t\t\t<style>\r\n    \/* 1. Le Conteneur principal *\/\r\n    .elix-logo-marquee {\r\n        width: 100%;\r\n        overflow: hidden; \/* Cache ce qui d\u00e9passe *\/\r\n        position: relative;\r\n        background: transparent; \/* Fond transparent *\/\r\n        padding: 40px 0; \/* Espace en haut et en bas *\/\r\n        mask-image: linear-gradient(to right, transparent, black 10%, black 90%, transparent); \/* Optionnel : fondu sur les bords *\/\r\n        -webkit-mask-image: linear-gradient(to right, transparent, black 10%, black 90%, transparent);\r\n    }\r\n\r\n    \/* 2. La Piste qui d\u00e9file *\/\r\n    .elix-marquee-track {\r\n        display: flex;\r\n        gap: 60px; \/* Espace entre chaque logo *\/\r\n        width: max-content; \/* S'adapte au contenu *\/\r\n        animation: logo-scroll 30s linear infinite; \/* Vitesse (30s = assez lent\/\u00e9l\u00e9gant) *\/\r\n    }\r\n\r\n    \/* L'Animation infinie *\/\r\n    @keyframes logo-scroll {\r\n        0% { transform: translateX(0); }\r\n        100% { transform: translateX(-50%); } \/* On d\u00e9place de la moiti\u00e9 (car contenu dupliqu\u00e9) *\/\r\n    }\r\n\r\n    \/* Pause au survol de la souris *\/\r\n    .elix-logo-marquee:hover .elix-marquee-track {\r\n        animation-play-state: paused;\r\n    }\r\n\r\n    \/* 3. Style de chaque Logo *\/\r\n    .elix-logo-item {\r\n        flex: 0 0 auto;\r\n        height: 80px; \/* Hauteur fixe des logos (ajustez si besoin) *\/\r\n        width: 150px; \/* Largeur max allou\u00e9e par logo *\/\r\n        display: flex;\r\n        align-items: center;\r\n        justify-content: center;\r\n        \r\n        \/* Effet visuel sur les logos (Optionnel : l\u00e9g\u00e8re opacit\u00e9 par d\u00e9faut) *\/\r\n        opacity: 0.7;\r\n        transition: opacity 0.3s ease;\r\n    }\r\n\r\n    \/* Logo devient 100% visible au survol *\/\r\n    .elix-logo-item:hover {\r\n        opacity: 1;\r\n    }\r\n\r\n    .elix-logo-item img {\r\n        max-height: 100%;\r\n        max-width: 100%;\r\n        object-fit: contain; \/* GARANTIT que le logo n'est pas coup\u00e9 *\/\r\n        display: block;\r\n    }\r\n<\/style>\r\n\r\n<div class=\"elix-logo-marquee\">\r\n    <div class=\"elix-marquee-track\">\r\n\r\n        <div class=\"elix-logo-item\">\r\n            <img decoding=\"async\" src=\"https:\/\/elixfpv.com\/wp-content\/uploads\/2025\/10\/enna.png\" alt=\"Enna\">\r\n        <\/div>\r\n\r\n        <div class=\"elix-logo-item\">\r\n            <img decoding=\"async\" src=\"https:\/\/elixfpv.com\/wp-content\/uploads\/2025\/10\/pelican.png\" alt=\"Pelican\">\r\n        <\/div>\r\n\r\n        <div class=\"elix-logo-item\">\r\n            <img decoding=\"async\" src=\"https:\/\/elixfpv.com\/wp-content\/uploads\/2025\/10\/rec118_gd.png\" alt=\"REC 118\">\r\n        <\/div>\r\n\r\n        <div class=\"elix-logo-item\">\r\n            <img decoding=\"async\" src=\"https:\/\/elixfpv.com\/wp-content\/uploads\/2025\/05\/piege-blanc-75x41-2.png\" alt=\"Piege Blanc\">\r\n        <\/div>\r\n\r\n        <div class=\"elix-logo-item\">\r\n            <img decoding=\"async\" src=\"https:\/\/elixfpv.com\/wp-content\/uploads\/2025\/05\/AD_25_LOGO_LOGO_white_54adb35812-scaled.png\" alt=\"AD 25\">\r\n        <\/div>\r\n\r\n\r\n        <div class=\"elix-logo-item\">\r\n            <img decoding=\"async\" src=\"https:\/\/elixfpv.com\/wp-content\/uploads\/2025\/10\/enna.png\" alt=\"Enna\">\r\n        <\/div>\r\n\r\n        <div class=\"elix-logo-item\">\r\n            <img decoding=\"async\" src=\"https:\/\/elixfpv.com\/wp-content\/uploads\/2025\/10\/pelican.png\" alt=\"Pelican\">\r\n        <\/div>\r\n\r\n        <div class=\"elix-logo-item\">\r\n            <img decoding=\"async\" src=\"https:\/\/elixfpv.com\/wp-content\/uploads\/2025\/10\/rec118_gd.png\" alt=\"REC 118\">\r\n        <\/div>\r\n\r\n        <div class=\"elix-logo-item\">\r\n            <img decoding=\"async\" src=\"https:\/\/elixfpv.com\/wp-content\/uploads\/2025\/05\/piege-blanc-75x41-2.png\" alt=\"Piege Blanc\">\r\n        <\/div>\r\n\r\n        <div class=\"elix-logo-item\">\r\n            <img decoding=\"async\" src=\"https:\/\/elixfpv.com\/wp-content\/uploads\/2025\/05\/AD_25_LOGO_LOGO_white_54adb35812-scaled.png\" alt=\"AD 25\">\r\n        <\/div>\r\n\r\n    <\/div>\r\n<\/div>\t\t\t\t<\/div>\n\t\t\t\t<\/div>\n\t\t\t\t<\/div>\n\t\t\t\t\t<\/div>\n\t\t\t\t<\/div>\n\t\t\t\t<\/div>","protected":false},"excerpt":{"rendered":"<p>Vol en int\u00e9rieur La r\u00e9alisation de clips musicaux en drone FPV m\u2019a permis d\u2019explorer une mani\u00e8re totalement nouvelle de raconter la musique en image.Gr\u00e2ce \u00e0 la libert\u00e9 de mouvement du FPV \u2014 impossible \u00e0 obtenir avec un drone classique ou une cam\u00e9ra au sol \u2014 chaque clip devient une exp\u00e9rience immersive, rythm\u00e9e et profond\u00e9ment sensorielle. Le FPV permet d\u2019\u00e9pouser l\u2019\u00e9nergie d\u2019un morceau, de suivre les artistes au plus pr\u00e8s, de jouer avec la vitesse, l\u2019espace et les perspectives pour cr\u00e9er des plans qui amplifient l\u2019\u00e9motion.Qu\u2019il s\u2019agisse d\u2019une ambiance douce et a\u00e9rienne ou d\u2019un univers plus dynamique et percutant, chaque vol est pens\u00e9 comme un cadrage chor\u00e9graphi\u00e9, synchronis\u00e9 au rythme de [&hellip;]<\/p>","protected":false},"author":2,"featured_media":0,"parent":0,"menu_order":0,"comment_status":"closed","ping_status":"closed","template":"","meta":{"footnotes":""},"class_list":["post-12543","page","type-page","status-publish","hentry"],"_links":{"self":[{"href":"https:\/\/elixfpv.com\/ja\/wp-json\/wp\/v2\/pages\/12543","targetHints":{"allow":["GET"]}}],"collection":[{"href":"https:\/\/elixfpv.com\/ja\/wp-json\/wp\/v2\/pages"}],"about":[{"href":"https:\/\/elixfpv.com\/ja\/wp-json\/wp\/v2\/types\/page"}],"author":[{"embeddable":true,"href":"https:\/\/elixfpv.com\/ja\/wp-json\/wp\/v2\/users\/2"}],"replies":[{"embeddable":true,"href":"https:\/\/elixfpv.com\/ja\/wp-json\/wp\/v2\/comments?post=12543"}],"version-history":[{"count":18,"href":"https:\/\/elixfpv.com\/ja\/wp-json\/wp\/v2\/pages\/12543\/revisions"}],"predecessor-version":[{"id":15633,"href":"https:\/\/elixfpv.com\/ja\/wp-json\/wp\/v2\/pages\/12543\/revisions\/15633"}],"wp:attachment":[{"href":"https:\/\/elixfpv.com\/ja\/wp-json\/wp\/v2\/media?parent=12543"}],"curies":[{"name":"wp","href":"https:\/\/api.w.org\/{rel}","templated":true}]}}