{"id":12541,"date":"2025-03-27T11:16:54","date_gmt":"2025-03-27T10:16:54","guid":{"rendered":"https:\/\/elixfpv.com\/?page_id=12541"},"modified":"2026-04-26T10:53:10","modified_gmt":"2026-04-26T08:53:10","slug":"commercial-publicite","status":"publish","type":"page","link":"https:\/\/elixfpv.com\/ja\/commercial-publicite\/","title":{"rendered":"Commercial\/publicit\u00e9"},"content":{"rendered":"<div data-elementor-type=\"wp-page\" data-elementor-id=\"12541\" class=\"elementor elementor-12541\" data-elementor-settings=\"{&quot;element_pack_global_tooltip_width&quot;:{&quot;unit&quot;:&quot;px&quot;,&quot;size&quot;:&quot;&quot;,&quot;sizes&quot;:[]},&quot;element_pack_global_tooltip_width_tablet&quot;:{&quot;unit&quot;:&quot;px&quot;,&quot;size&quot;:&quot;&quot;,&quot;sizes&quot;:[]},&quot;element_pack_global_tooltip_width_mobile&quot;:{&quot;unit&quot;:&quot;px&quot;,&quot;size&quot;:&quot;&quot;,&quot;sizes&quot;:[]},&quot;element_pack_global_tooltip_padding&quot;:{&quot;unit&quot;:&quot;px&quot;,&quot;top&quot;:&quot;&quot;,&quot;right&quot;:&quot;&quot;,&quot;bottom&quot;:&quot;&quot;,&quot;left&quot;:&quot;&quot;,&quot;isLinked&quot;:true},&quot;element_pack_global_tooltip_padding_tablet&quot;:{&quot;unit&quot;:&quot;px&quot;,&quot;top&quot;:&quot;&quot;,&quot;right&quot;:&quot;&quot;,&quot;bottom&quot;:&quot;&quot;,&quot;left&quot;:&quot;&quot;,&quot;isLinked&quot;:true},&quot;element_pack_global_tooltip_padding_mobile&quot;:{&quot;unit&quot;:&quot;px&quot;,&quot;top&quot;:&quot;&quot;,&quot;right&quot;:&quot;&quot;,&quot;bottom&quot;:&quot;&quot;,&quot;left&quot;:&quot;&quot;,&quot;isLinked&quot;:true},&quot;element_pack_global_tooltip_border_radius&quot;:{&quot;unit&quot;:&quot;px&quot;,&quot;top&quot;:&quot;&quot;,&quot;right&quot;:&quot;&quot;,&quot;bottom&quot;:&quot;&quot;,&quot;left&quot;:&quot;&quot;,&quot;isLinked&quot;:true},&quot;element_pack_global_tooltip_border_radius_tablet&quot;:{&quot;unit&quot;:&quot;px&quot;,&quot;top&quot;:&quot;&quot;,&quot;right&quot;:&quot;&quot;,&quot;bottom&quot;:&quot;&quot;,&quot;left&quot;:&quot;&quot;,&quot;isLinked&quot;:true},&quot;element_pack_global_tooltip_border_radius_mobile&quot;:{&quot;unit&quot;:&quot;px&quot;,&quot;top&quot;:&quot;&quot;,&quot;right&quot;:&quot;&quot;,&quot;bottom&quot;:&quot;&quot;,&quot;left&quot;:&quot;&quot;,&quot;isLinked&quot;:true}}\" data-elementor-post-type=\"page\">\n\t\t\t\t<div class=\"elementor-element elementor-element-109f8174 e-flex e-con-boxed e-con e-parent\" data-id=\"109f8174\" data-element_type=\"container\" data-e-type=\"container\" data-settings=\"{&quot;background_background&quot;:&quot;video&quot;,&quot;background_video_link&quot;:&quot;https:\\\/\\\/www.pexels.com\\\/fr-fr\\\/download\\\/video\\\/5803086\\\/&quot;,&quot;background_video_start&quot;:5}\">\n\t\t\t\t\t<div class=\"e-con-inner\">\n\t\t<div class=\"elementor-background-video-container elementor-hidden-mobile\">\n\t\t\t\t\t\t\t<video class=\"elementor-background-video-hosted\" role=\"presentation\" autoplay muted playsinline loop><\/video>\n\t\t\t\t\t<\/div><div class=\"elementor-element elementor-element-670b98bf e-con-full e-flex e-con e-child\" data-id=\"670b98bf\" data-element_type=\"container\" data-e-type=\"container\">\n\t\t\t\t<div class=\"elementor-element elementor-element-175ddeea elementor-widget elementor-widget-heading\" data-id=\"175ddeea\" data-element_type=\"widget\" data-e-type=\"widget\" data-widget_type=\"heading.default\">\n\t\t\t\t<div class=\"elementor-widget-container\">\n\t\t\t\t\t<h2 class=\"elementor-heading-title elementor-size-default\">Commercial \/ Publicit\u00e9<\/h2>\t\t\t\t<\/div>\n\t\t\t\t<\/div>\n\t\t\t\t<\/div>\n\t\t<div class=\"elementor-element elementor-element-2799b27d e-con-full e-flex e-con e-child\" data-id=\"2799b27d\" data-element_type=\"container\" data-e-type=\"container\">\n\t\t\t\t<div class=\"elementor-element elementor-element-40b9ebde elementor-align-center elementor-invisible elementor-widget elementor-widget-button\" data-id=\"40b9ebde\" data-element_type=\"widget\" data-e-type=\"widget\" data-settings=\"{&quot;_animation&quot;:&quot;fadeIn&quot;}\" data-widget_type=\"button.default\">\n\t\t\t\t<div class=\"elementor-widget-container\">\n\t\t\t\t\t\t\t\t\t<div class=\"elementor-button-wrapper\">\n\t\t\t\t\t<a class=\"elementor-button elementor-button-link elementor-size-sm\" href=\"#travail\">\n\t\t\t\t\t\t<span class=\"elementor-button-content-wrapper\">\n\t\t\t\t\t\t<span class=\"elementor-button-icon\">\n\t\t\t\t<svg xmlns=\"http:\/\/www.w3.org\/2000\/svg\" id=\"Layer_1\" viewbox=\"0 0 800 800\"><defs><style>      .st0 {        fill: #fff;      }    <\/style><\/defs><path class=\"st0\" d=\"M737.9,337.9l-337.9,337.9L62.1,337.9c-14.2-14.2-37.2-14.2-51.4,0-14.2,14.2-14.2,37.2,0,51.4l363.6,363.6c6.8,6.8,16.1,10.6,25.7,10.6s18.9-3.8,25.7-10.7l363.6-363.6c14.2-14.2,14.2-37.2,0-51.4-14.2-14.2-37.2-14.2-51.4,0Z\"><\/path><path class=\"st0\" d=\"M374.3,462.1c6.8,6.8,16.1,10.6,25.7,10.6s18.9-3.8,25.7-10.7L789.3,98.4c14.2-14.2,14.2-37.2,0-51.4-14.2-14.2-37.2-14.2-51.4,0l-337.9,337.9L62.1,47c-14.2-14.2-37.2-14.2-51.4,0s-14.2,37.2,0,51.4l363.6,363.6Z\"><\/path><\/svg>\t\t\t<\/span>\n\t\t\t\t\t\t\t\t<\/span>\n\t\t\t\t\t<\/a>\n\t\t\t\t<\/div>\n\t\t\t\t\t\t\t\t<\/div>\n\t\t\t\t<\/div>\n\t\t\t\t<\/div>\n\t\t\t\t\t<\/div>\n\t\t\t\t<\/div>\n\t\t<div class=\"elementor-element elementor-element-6c75603d e-flex e-con-boxed e-con e-parent\" data-id=\"6c75603d\" data-element_type=\"container\" data-e-type=\"container\">\n\t\t\t\t\t<div class=\"e-con-inner\">\n\t\t<div class=\"elementor-element elementor-element-1f747af2 e-con-full e-flex e-con e-child\" data-id=\"1f747af2\" data-element_type=\"container\" data-e-type=\"container\">\n\t\t\t\t<div class=\"elementor-element elementor-element-24e0053f elementor-invisible elementor-widget elementor-widget-text-editor\" data-id=\"24e0053f\" data-element_type=\"widget\" data-e-type=\"widget\" data-settings=\"{&quot;_animation&quot;:&quot;fadeInUp&quot;}\" data-widget_type=\"text-editor.default\">\n\t\t\t\t<div class=\"elementor-widget-container\">\n\t\t\t\t\t\t\t\t\t<p>Exemples en vid\u00e9o<\/p>\t\t\t\t\t\t\t\t<\/div>\n\t\t\t\t<\/div>\n\t\t\t\t<\/div>\n\t\t\t\t\t<\/div>\n\t\t\t\t<\/div>\n\t\t<div class=\"elementor-element elementor-element-3bc2fb1a e-flex e-con-boxed e-con e-parent\" data-id=\"3bc2fb1a\" data-element_type=\"container\" data-e-type=\"container\" data-settings=\"{&quot;background_background&quot;:&quot;classic&quot;}\">\n\t\t\t\t\t<div class=\"e-con-inner\">\n\t\t<div class=\"elementor-element elementor-element-26956702 e-con-full e-flex e-con e-child\" data-id=\"26956702\" data-element_type=\"container\" data-e-type=\"container\">\n\t\t<div class=\"elementor-element elementor-element-68b0b999 e-grid e-con-full e-con e-child\" data-id=\"68b0b999\" data-element_type=\"container\" data-e-type=\"container\">\n\t\t\t\t<div class=\"elementor-element elementor-element-9595513 elementor-widget elementor-widget-image\" data-id=\"9595513\" data-element_type=\"widget\" data-e-type=\"widget\" data-widget_type=\"image.default\">\n\t\t\t\t<div class=\"elementor-widget-container\">\n\t\t\t\t\t\t\t\t\t\t\t\t\t\t\t\t<a href=\"#elementor-action%3Aaction%3Dpopup%3Aopen%26settings%3DeyJpZCI6IjE1NTkzIiwidG9nZ2xlIjpmYWxzZX0%3D\">\n\t\t\t\t\t\t\t<img fetchpriority=\"high\" decoding=\"async\" width=\"800\" height=\"450\" src=\"https:\/\/elixfpv.com\/wp-content\/uploads\/2026\/02\/Eva.GG-minia-WEB-1024x576.jpg\" class=\"attachment-large size-large wp-image-14686\" alt=\"\" srcset=\"https:\/\/elixfpv.com\/wp-content\/uploads\/2026\/02\/Eva.GG-minia-WEB-1024x576.jpg 1024w, https:\/\/elixfpv.com\/wp-content\/uploads\/2026\/02\/Eva.GG-minia-WEB-300x169.jpg 300w, https:\/\/elixfpv.com\/wp-content\/uploads\/2026\/02\/Eva.GG-minia-WEB-768x432.jpg 768w, https:\/\/elixfpv.com\/wp-content\/uploads\/2026\/02\/Eva.GG-minia-WEB-1536x864.jpg 1536w, https:\/\/elixfpv.com\/wp-content\/uploads\/2026\/02\/Eva.GG-minia-WEB.jpg 1920w\" sizes=\"(max-width: 800px) 100vw, 800px\" \/>\t\t\t\t\t\t\t\t<\/a>\n\t\t\t\t\t\t\t\t\t\t\t\t\t\t\t<\/div>\n\t\t\t\t<\/div>\n\t\t\t\t<div class=\"elementor-element elementor-element-4ade8325 elementor-widget elementor-widget-image\" data-id=\"4ade8325\" data-element_type=\"widget\" data-e-type=\"widget\" data-widget_type=\"image.default\">\n\t\t\t\t<div class=\"elementor-widget-container\">\n\t\t\t\t\t\t\t\t\t\t\t\t\t\t\t\t<a href=\"#elementor-action%3Aaction%3Dpopup%3Aopen%26settings%3DeyJpZCI6IjE0MDIzIiwidG9nZ2xlIjpmYWxzZX0%3D\">\n\t\t\t\t\t\t\t<img decoding=\"async\" width=\"800\" height=\"450\" src=\"https:\/\/elixfpv.com\/wp-content\/uploads\/2025\/11\/matt-wang-dBp9dbQCh4Q-unsplash-1024x576.jpg\" class=\"attachment-large size-large wp-image-14021\" alt=\"\" srcset=\"https:\/\/elixfpv.com\/wp-content\/uploads\/2025\/11\/matt-wang-dBp9dbQCh4Q-unsplash-1024x576.jpg 1024w, https:\/\/elixfpv.com\/wp-content\/uploads\/2025\/11\/matt-wang-dBp9dbQCh4Q-unsplash-300x169.jpg 300w, https:\/\/elixfpv.com\/wp-content\/uploads\/2025\/11\/matt-wang-dBp9dbQCh4Q-unsplash-768x432.jpg 768w, https:\/\/elixfpv.com\/wp-content\/uploads\/2025\/11\/matt-wang-dBp9dbQCh4Q-unsplash-1536x864.jpg 1536w, https:\/\/elixfpv.com\/wp-content\/uploads\/2025\/11\/matt-wang-dBp9dbQCh4Q-unsplash-2048x1152.jpg 2048w\" sizes=\"(max-width: 800px) 100vw, 800px\" \/>\t\t\t\t\t\t\t\t<\/a>\n\t\t\t\t\t\t\t\t\t\t\t\t\t\t\t<\/div>\n\t\t\t\t<\/div>\n\t\t\t\t<div class=\"elementor-element elementor-element-60bd3784 elementor-widget elementor-widget-image\" data-id=\"60bd3784\" data-element_type=\"widget\" data-e-type=\"widget\" data-widget_type=\"image.default\">\n\t\t\t\t<div class=\"elementor-widget-container\">\n\t\t\t\t\t\t\t\t\t\t\t\t\t\t\t\t<a href=\"#elementor-action%3Aaction%3Dpopup%3Aopen%26settings%3DeyJpZCI6IjE0MDIzIiwidG9nZ2xlIjpmYWxzZX0%3D\">\n\t\t\t\t\t\t\t<img decoding=\"async\" width=\"800\" height=\"500\" src=\"https:\/\/elixfpv.com\/wp-content\/uploads\/2025\/11\/luka-verc-grPhIvFoDGM-unsplash-1024x640.jpg\" class=\"attachment-large size-large wp-image-14020\" alt=\"\" srcset=\"https:\/\/elixfpv.com\/wp-content\/uploads\/2025\/11\/luka-verc-grPhIvFoDGM-unsplash-1024x640.jpg 1024w, https:\/\/elixfpv.com\/wp-content\/uploads\/2025\/11\/luka-verc-grPhIvFoDGM-unsplash-300x188.jpg 300w, https:\/\/elixfpv.com\/wp-content\/uploads\/2025\/11\/luka-verc-grPhIvFoDGM-unsplash-768x480.jpg 768w, https:\/\/elixfpv.com\/wp-content\/uploads\/2025\/11\/luka-verc-grPhIvFoDGM-unsplash-1536x960.jpg 1536w, https:\/\/elixfpv.com\/wp-content\/uploads\/2025\/11\/luka-verc-grPhIvFoDGM-unsplash-2048x1280.jpg 2048w\" sizes=\"(max-width: 800px) 100vw, 800px\" \/>\t\t\t\t\t\t\t\t<\/a>\n\t\t\t\t\t\t\t\t\t\t\t\t\t\t\t<\/div>\n\t\t\t\t<\/div>\n\t\t\t\t<\/div>\n\t\t\t\t<\/div>\n\t\t\t\t\t<\/div>\n\t\t\t\t<\/div>\n\t\t<div class=\"elementor-element elementor-element-7740feb5 e-flex e-con-boxed e-con e-parent\" data-id=\"7740feb5\" data-element_type=\"container\" data-e-type=\"container\">\n\t\t\t\t\t<div class=\"e-con-inner\">\n\t\t\t\t<div class=\"elementor-element elementor-element-182aca05 elementor-widget elementor-widget-text-editor\" data-id=\"182aca05\" data-element_type=\"widget\" data-e-type=\"widget\" data-widget_type=\"text-editor.default\">\n\t\t\t\t<div class=\"elementor-widget-container\">\n\t\t\t\t\t\t\t\t\t<p data-start=\"372\" data-end=\"714\" class=\"translation-block\">This is a japanese test for a block<\/p><p data-start=\"716\" data-end=\"1090\">Le FPV permet d\u2019\u00e9pouser l\u2019\u00e9nergie d\u2019un morceau, de suivre les artistes au plus pr\u00e8s, de jouer avec la vitesse, l\u2019espace et les perspectives pour cr\u00e9er des plans qui amplifient l\u2019\u00e9motion.<br data-start=\"902\" data-end=\"905\" \/>Qu\u2019il s\u2019agisse d\u2019une ambiance douce et a\u00e9rienne ou d\u2019un univers plus dynamique et percutant, chaque vol est pens\u00e9 comme un <strong data-start=\"1028\" data-end=\"1052\">cadrage chor\u00e9graphi\u00e9<\/strong>, synchronis\u00e9 au rythme de la musique.<\/p><p data-start=\"1092\" data-end=\"1466\">J\u2019accorde une importance particuli\u00e8re \u00e0 la <strong data-start=\"1135\" data-end=\"1152\">mise en sc\u00e8ne<\/strong>, \u00e0 la <strong data-start=\"1159\" data-end=\"1185\">pr\u00e9paration artistique<\/strong> et \u00e0 la fa\u00e7on dont chaque mouvement de cam\u00e9ra peut raconter quelque chose.<br data-start=\"1260\" data-end=\"1263\" \/>Le FPV est une v\u00e9ritable extension du langage cin\u00e9matographique : il cr\u00e9e des transitions, ouvre des espaces, traverse les environnements et capte des instants de mani\u00e8re organique, fluide et expressive.<\/p><p data-start=\"1468\" data-end=\"1672\">Gr\u00e2ce \u00e0 cette approche, j\u2019ai eu la chance de collaborer avec des artistes aux univers tr\u00e8s diff\u00e9rents, en adaptant toujours mes drones, mes trajectoires et mes intentions d\u2019image \u00e0 leur identit\u00e9 visuelle.<\/p>\t\t\t\t\t\t\t\t<\/div>\n\t\t\t\t<\/div>\n\t\t\t\t\t<\/div>\n\t\t\t\t<\/div>\n\t\t<div class=\"elementor-element elementor-element-5099c24 e-flex e-con-boxed e-con e-parent\" data-id=\"5099c24\" data-element_type=\"container\" data-e-type=\"container\">\n\t\t\t\t\t<div class=\"e-con-inner\">\n\t\t\t\t<div class=\"elementor-element elementor-element-4bc4f3d7 elementor-invisible elementor-widget elementor-widget-text-editor\" data-id=\"4bc4f3d7\" data-element_type=\"widget\" data-e-type=\"widget\" data-settings=\"{&quot;_animation&quot;:&quot;fadeInUp&quot;}\" data-widget_type=\"text-editor.default\">\n\t\t\t\t<div class=\"elementor-widget-container\">\n\t\t\t\t\t\t\t\t\t<p>Ils m&rsquo;ont fais confiance<\/p>\t\t\t\t\t\t\t\t<\/div>\n\t\t\t\t<\/div>\n\t\t\t\t\t<\/div>\n\t\t\t\t<\/div>\n\t\t<div class=\"elementor-element elementor-element-5f7da4b5 e-flex e-con-boxed e-con e-parent\" data-id=\"5f7da4b5\" data-element_type=\"container\" data-e-type=\"container\">\n\t\t\t\t\t<div class=\"e-con-inner\">\n\t\t<div class=\"elementor-element elementor-element-25e3b299 e-con-full e-flex e-con e-child\" data-id=\"25e3b299\" data-element_type=\"container\" data-e-type=\"container\" data-settings=\"{&quot;background_background&quot;:&quot;classic&quot;}\">\n\t\t\t\t<div class=\"elementor-element elementor-element-767e1197 elementor-pagination-position-outside elementor-widget elementor-widget-image-carousel\" data-id=\"767e1197\" data-element_type=\"widget\" data-e-type=\"widget\" data-settings=\"{&quot;slides_to_show&quot;:&quot;5&quot;,&quot;slides_to_scroll&quot;:&quot;1&quot;,&quot;navigation&quot;:&quot;dots&quot;,&quot;image_spacing_custom&quot;:{&quot;unit&quot;:&quot;px&quot;,&quot;size&quot;:100,&quot;sizes&quot;:[]},&quot;autoplay&quot;:&quot;yes&quot;,&quot;pause_on_hover&quot;:&quot;yes&quot;,&quot;pause_on_interaction&quot;:&quot;yes&quot;,&quot;autoplay_speed&quot;:5000,&quot;infinite&quot;:&quot;yes&quot;,&quot;speed&quot;:500,&quot;image_spacing_custom_tablet&quot;:{&quot;unit&quot;:&quot;px&quot;,&quot;size&quot;:&quot;&quot;,&quot;sizes&quot;:[]},&quot;image_spacing_custom_mobile&quot;:{&quot;unit&quot;:&quot;px&quot;,&quot;size&quot;:&quot;&quot;,&quot;sizes&quot;:[]}}\" data-widget_type=\"image-carousel.default\">\n\t\t\t\t<div class=\"elementor-widget-container\">\n\t\t\t\t\t\t\t<div class=\"elementor-image-carousel-wrapper swiper\" role=\"region\" aria-roledescription=\"carousel\" aria-label=\"Carrousel d\u2019images\" dir=\"ltr\">\n\t\t\t<div class=\"elementor-image-carousel swiper-wrapper\" aria-live=\"off\">\n\t\t\t\t\t\t\t\t<div class=\"swiper-slide\" role=\"group\" aria-roledescription=\"slide\" aria-label=\"1 sur 5\"><figure class=\"swiper-slide-inner\"><img decoding=\"async\" class=\"swiper-slide-image\" src=\"https:\/\/elixfpv.com\/wp-content\/uploads\/elementor\/thumbs\/enna-rdmows2ydt2jo2dd6fo4f9dejj5r3bnlihdqh0pdd8.png\" alt=\"enna\" \/><\/figure><\/div><div class=\"swiper-slide\" role=\"group\" aria-roledescription=\"slide\" aria-label=\"2 sur 5\"><figure class=\"swiper-slide-inner\"><img decoding=\"async\" class=\"swiper-slide-image\" src=\"https:\/\/elixfpv.com\/wp-content\/uploads\/elementor\/thumbs\/pelican-rdmowt0skn3tzoc00y2qzr4v4x14b0rbum17yanz3e.png\" alt=\"pelican\" \/><\/figure><\/div><div class=\"swiper-slide\" role=\"group\" aria-roledescription=\"slide\" aria-label=\"3 sur 5\"><figure class=\"swiper-slide-inner\"><img decoding=\"async\" class=\"swiper-slide-image\" src=\"https:\/\/elixfpv.com\/wp-content\/uploads\/elementor\/thumbs\/rec118_gd-rdmowtymrh54baamvghdk8wbqawhipv26qopfkmlbc.png\" alt=\"rec118_gd\" \/><\/figure><\/div><div class=\"swiper-slide\" role=\"group\" aria-roledescription=\"slide\" aria-label=\"4 sur 5\"><figure class=\"swiper-slide-inner\"><img decoding=\"async\" class=\"swiper-slide-image\" src=\"https:\/\/elixfpv.com\/wp-content\/uploads\/elementor\/thumbs\/piege-blanc-75x41-2-r5cvglih0m90o4i1mu3cwzv0vmx2tmufxjtnzpi9be.png\" alt=\"piege-blanc-75x41\" \/><\/figure><\/div><div class=\"swiper-slide\" role=\"group\" aria-roledescription=\"slide\" aria-label=\"5 sur 5\"><figure class=\"swiper-slide-inner\"><img decoding=\"async\" class=\"swiper-slide-image\" src=\"https:\/\/elixfpv.com\/wp-content\/uploads\/elementor\/thumbs\/AD_25_LOGO_LOGO_white_54adb35812-scaled-r5cvgexlos00eurlp98yxjispxtibr4bkn99mrs05m.png\" alt=\"AD_25_LOGO_LOGO_white_54adb35812\" \/><\/figure><\/div>\t\t\t<\/div>\n\t\t\t\t\t\t\t\n\t\t\t\t\t\t\t\t\t<div class=\"swiper-pagination\"><\/div>\n\t\t\t\t\t\t\t\t\t<\/div>\n\t\t\t\t\t\t<\/div>\n\t\t\t\t<\/div>\n\t\t\t\t<\/div>\n\t\t\t\t\t<\/div>\n\t\t\t\t<\/div>\n\t\t\t\t<\/div>","protected":false},"excerpt":{"rendered":"<p>Commercial \/ Publicit\u00e9 Exemples en vid\u00e9o La r\u00e9alisation de clips musicaux en drone FPV m\u2019a permis d\u2019explorer une mani\u00e8re totalement nouvelle de raconter la musique en image.Gr\u00e2ce \u00e0 la libert\u00e9 de mouvement du FPV \u2014 impossible \u00e0 obtenir avec un drone classique ou une cam\u00e9ra au sol \u2014 chaque clip devient une exp\u00e9rience immersive, rythm\u00e9e et profond\u00e9ment sensorielle. Le FPV permet d\u2019\u00e9pouser l\u2019\u00e9nergie d\u2019un morceau, de suivre les artistes au plus pr\u00e8s, de jouer avec la vitesse, l\u2019espace et les perspectives pour cr\u00e9er des plans qui amplifient l\u2019\u00e9motion.Qu\u2019il s\u2019agisse d\u2019une ambiance douce et a\u00e9rienne ou d\u2019un univers plus dynamique et percutant, chaque vol est pens\u00e9 comme un cadrage chor\u00e9graphi\u00e9, synchronis\u00e9 [&hellip;]<\/p>","protected":false},"author":2,"featured_media":0,"parent":0,"menu_order":0,"comment_status":"closed","ping_status":"closed","template":"","meta":{"footnotes":""},"class_list":["post-12541","page","type-page","status-publish","hentry"],"_links":{"self":[{"href":"https:\/\/elixfpv.com\/ja\/wp-json\/wp\/v2\/pages\/12541","targetHints":{"allow":["GET"]}}],"collection":[{"href":"https:\/\/elixfpv.com\/ja\/wp-json\/wp\/v2\/pages"}],"about":[{"href":"https:\/\/elixfpv.com\/ja\/wp-json\/wp\/v2\/types\/page"}],"author":[{"embeddable":true,"href":"https:\/\/elixfpv.com\/ja\/wp-json\/wp\/v2\/users\/2"}],"replies":[{"embeddable":true,"href":"https:\/\/elixfpv.com\/ja\/wp-json\/wp\/v2\/comments?post=12541"}],"version-history":[{"count":21,"href":"https:\/\/elixfpv.com\/ja\/wp-json\/wp\/v2\/pages\/12541\/revisions"}],"predecessor-version":[{"id":15613,"href":"https:\/\/elixfpv.com\/ja\/wp-json\/wp\/v2\/pages\/12541\/revisions\/15613"}],"wp:attachment":[{"href":"https:\/\/elixfpv.com\/ja\/wp-json\/wp\/v2\/media?parent=12541"}],"curies":[{"name":"wp","href":"https:\/\/api.w.org\/{rel}","templated":true}]}}