{"id":12538,"date":"2025-03-27T11:03:20","date_gmt":"2025-03-27T10:03:20","guid":{"rendered":"https:\/\/elixfpv.com\/?page_id=12538"},"modified":"2026-04-29T04:50:48","modified_gmt":"2026-04-29T02:50:48","slug":"clip-musique","status":"publish","type":"page","link":"https:\/\/elixfpv.com\/ja\/clip-musique\/","title":{"rendered":"Clip musique"},"content":{"rendered":"<div data-elementor-type=\"wp-page\" data-elementor-id=\"12538\" class=\"elementor elementor-12538\" data-elementor-settings=\"{&quot;element_pack_global_tooltip_width&quot;:{&quot;unit&quot;:&quot;px&quot;,&quot;size&quot;:&quot;&quot;,&quot;sizes&quot;:[]},&quot;element_pack_global_tooltip_width_tablet&quot;:{&quot;unit&quot;:&quot;px&quot;,&quot;size&quot;:&quot;&quot;,&quot;sizes&quot;:[]},&quot;element_pack_global_tooltip_width_mobile&quot;:{&quot;unit&quot;:&quot;px&quot;,&quot;size&quot;:&quot;&quot;,&quot;sizes&quot;:[]},&quot;element_pack_global_tooltip_padding&quot;:{&quot;unit&quot;:&quot;px&quot;,&quot;top&quot;:&quot;&quot;,&quot;right&quot;:&quot;&quot;,&quot;bottom&quot;:&quot;&quot;,&quot;left&quot;:&quot;&quot;,&quot;isLinked&quot;:true},&quot;element_pack_global_tooltip_padding_tablet&quot;:{&quot;unit&quot;:&quot;px&quot;,&quot;top&quot;:&quot;&quot;,&quot;right&quot;:&quot;&quot;,&quot;bottom&quot;:&quot;&quot;,&quot;left&quot;:&quot;&quot;,&quot;isLinked&quot;:true},&quot;element_pack_global_tooltip_padding_mobile&quot;:{&quot;unit&quot;:&quot;px&quot;,&quot;top&quot;:&quot;&quot;,&quot;right&quot;:&quot;&quot;,&quot;bottom&quot;:&quot;&quot;,&quot;left&quot;:&quot;&quot;,&quot;isLinked&quot;:true},&quot;element_pack_global_tooltip_border_radius&quot;:{&quot;unit&quot;:&quot;px&quot;,&quot;top&quot;:&quot;&quot;,&quot;right&quot;:&quot;&quot;,&quot;bottom&quot;:&quot;&quot;,&quot;left&quot;:&quot;&quot;,&quot;isLinked&quot;:true},&quot;element_pack_global_tooltip_border_radius_tablet&quot;:{&quot;unit&quot;:&quot;px&quot;,&quot;top&quot;:&quot;&quot;,&quot;right&quot;:&quot;&quot;,&quot;bottom&quot;:&quot;&quot;,&quot;left&quot;:&quot;&quot;,&quot;isLinked&quot;:true},&quot;element_pack_global_tooltip_border_radius_mobile&quot;:{&quot;unit&quot;:&quot;px&quot;,&quot;top&quot;:&quot;&quot;,&quot;right&quot;:&quot;&quot;,&quot;bottom&quot;:&quot;&quot;,&quot;left&quot;:&quot;&quot;,&quot;isLinked&quot;:true}}\" data-elementor-post-type=\"page\">\n\t\t\t\t<div class=\"elementor-element elementor-element-b424942 e-flex e-con-boxed e-con e-parent\" data-id=\"b424942\" data-element_type=\"container\" data-e-type=\"container\" data-settings=\"{&quot;background_background&quot;:&quot;video&quot;,&quot;background_video_link&quot;:&quot;https:\\\/\\\/www.pexels.com\\\/fr-fr\\\/download\\\/video\\\/33299696\\\/&quot;,&quot;background_video_start&quot;:5}\">\n\t\t\t\t\t<div class=\"e-con-inner\">\n\t\t<div class=\"elementor-background-video-container elementor-hidden-mobile\">\n\t\t\t\t\t\t\t<video class=\"elementor-background-video-hosted\" role=\"presentation\" autoplay muted playsinline loop><\/video>\n\t\t\t\t\t<\/div><div class=\"elementor-element elementor-element-1ffdf6a e-con-full e-flex e-con e-child\" data-id=\"1ffdf6a\" data-element_type=\"container\" data-e-type=\"container\">\n\t\t\t\t<div class=\"elementor-element elementor-element-66f86ed elementor-widget elementor-widget-heading\" data-id=\"66f86ed\" data-element_type=\"widget\" data-e-type=\"widget\" data-widget_type=\"heading.default\">\n\t\t\t\t<div class=\"elementor-widget-container\">\n\t\t\t\t\t<h2 class=\"elementor-heading-title elementor-size-default\">Clip musicaux<\/h2>\t\t\t\t<\/div>\n\t\t\t\t<\/div>\n\t\t\t\t<\/div>\n\t\t<div class=\"elementor-element elementor-element-e39a494 e-con-full e-flex e-con e-child\" data-id=\"e39a494\" data-element_type=\"container\" data-e-type=\"container\">\n\t\t\t\t<div class=\"elementor-element elementor-element-ec3b51b elementor-align-center elementor-invisible elementor-widget elementor-widget-button\" data-id=\"ec3b51b\" data-element_type=\"widget\" data-e-type=\"widget\" data-settings=\"{&quot;_animation&quot;:&quot;fadeIn&quot;}\" data-widget_type=\"button.default\">\n\t\t\t\t<div class=\"elementor-widget-container\">\n\t\t\t\t\t\t\t\t\t<div class=\"elementor-button-wrapper\">\n\t\t\t\t\t<a class=\"elementor-button elementor-button-link elementor-size-sm\" href=\"#travail\">\n\t\t\t\t\t\t<span class=\"elementor-button-content-wrapper\">\n\t\t\t\t\t\t<span class=\"elementor-button-icon\">\n\t\t\t\t<svg xmlns=\"http:\/\/www.w3.org\/2000\/svg\" id=\"Layer_1\" viewbox=\"0 0 800 800\"><defs><style>      .st0 {        fill: #fff;      }    <\/style><\/defs><path class=\"st0\" d=\"M737.9,337.9l-337.9,337.9L62.1,337.9c-14.2-14.2-37.2-14.2-51.4,0-14.2,14.2-14.2,37.2,0,51.4l363.6,363.6c6.8,6.8,16.1,10.6,25.7,10.6s18.9-3.8,25.7-10.7l363.6-363.6c14.2-14.2,14.2-37.2,0-51.4-14.2-14.2-37.2-14.2-51.4,0Z\"><\/path><path class=\"st0\" d=\"M374.3,462.1c6.8,6.8,16.1,10.6,25.7,10.6s18.9-3.8,25.7-10.7L789.3,98.4c14.2-14.2,14.2-37.2,0-51.4-14.2-14.2-37.2-14.2-51.4,0l-337.9,337.9L62.1,47c-14.2-14.2-37.2-14.2-51.4,0s-14.2,37.2,0,51.4l363.6,363.6Z\"><\/path><\/svg>\t\t\t<\/span>\n\t\t\t\t\t\t\t\t<\/span>\n\t\t\t\t\t<\/a>\n\t\t\t\t<\/div>\n\t\t\t\t\t\t\t\t<\/div>\n\t\t\t\t<\/div>\n\t\t\t\t<\/div>\n\t\t\t\t\t<\/div>\n\t\t\t\t<\/div>\n\t\t<div class=\"elementor-element elementor-element-d87357f e-flex e-con-boxed e-con e-parent\" data-id=\"d87357f\" data-element_type=\"container\" data-e-type=\"container\">\n\t\t\t\t\t<div class=\"e-con-inner\">\n\t\t<div class=\"elementor-element elementor-element-ef262ad e-con-full e-flex e-con e-child\" data-id=\"ef262ad\" data-element_type=\"container\" data-e-type=\"container\">\n\t\t\t\t<div class=\"elementor-element elementor-element-1ef4503 elementor-cta--skin-cover elementor-widget elementor-widget-call-to-action\" data-id=\"1ef4503\" data-element_type=\"widget\" data-e-type=\"widget\" data-widget_type=\"call-to-action.default\">\n\t\t\t\t<div class=\"elementor-widget-container\">\n\t\t\t\t\t\t\t<a class=\"elementor-cta\" href=\"#elementor-action%3Aaction%3Dpopup%3Aopen%26settings%3DeyJpZCI6IjE1NzMwIiwidG9nZ2xlIjpmYWxzZX0%3D\">\r\n\t\t\t\t\t<div class=\"elementor-cta__bg-wrapper\">\r\n\t\t\t\t<div class=\"elementor-cta__bg elementor-bg\" style=\"background-image: url(https:\/\/elixfpv.com\/wp-content\/uploads\/2026\/02\/Assetto-Minia-Web.jpg);\" role=\"img\" aria-label=\"Assetto Minia Web\"><\/div>\r\n\t\t\t\t<div class=\"elementor-cta__bg-overlay\"><\/div>\r\n\t\t\t<\/div>\r\n\t\t\t\t\t\t\t<div class=\"elementor-cta__content\">\r\n\t\t\t\t\r\n\t\t\t\t\t\t\t\t\t<h1 class=\"elementor-cta__title elementor-cta__content-item elementor-content-item\">\r\n\t\t\t\t\t\tChasing dans Assetto corsa\t\t\t\t\t<\/h1>\r\n\t\t\t\t\r\n\t\t\t\t\r\n\t\t\t\t\t\t\t<\/div>\r\n\t\t\t\t\t\t<\/a>\r\n\t\t\t\t\t\t<\/div>\n\t\t\t\t<\/div>\n\t\t\t\t<\/div>\n\t\t<div class=\"elementor-element elementor-element-3a4455e e-con-full e-flex e-con e-child\" data-id=\"3a4455e\" data-element_type=\"container\" data-e-type=\"container\">\n\t\t\t\t<div class=\"elementor-element elementor-element-0c2d7d1 elementor-cta--skin-cover elementor-widget elementor-widget-call-to-action\" data-id=\"0c2d7d1\" data-element_type=\"widget\" data-e-type=\"widget\" data-widget_type=\"call-to-action.default\">\n\t\t\t\t<div class=\"elementor-widget-container\">\n\t\t\t\t\t\t\t<a class=\"elementor-cta\" href=\"#elementor-action%3Aaction%3Dpopup%3Aopen%26settings%3DeyJpZCI6IjE1NjYwIiwidG9nZ2xlIjpmYWxzZX0%3D\">\r\n\t\t\t\t\t<div class=\"elementor-cta__bg-wrapper\">\r\n\t\t\t\t<div class=\"elementor-cta__bg elementor-bg\" style=\"background-image: url(https:\/\/elixfpv.com\/wp-content\/uploads\/2026\/02\/Liberte-Minia-Web.jpg);\" role=\"img\" aria-label=\"Libert\u00e9 Minia Web\"><\/div>\r\n\t\t\t\t<div class=\"elementor-cta__bg-overlay\"><\/div>\r\n\t\t\t<\/div>\r\n\t\t\t\t\t\t\t<div class=\"elementor-cta__content\">\r\n\t\t\t\t\r\n\t\t\t\t\t\t\t\t\t<h1 class=\"elementor-cta__title elementor-cta__content-item elementor-content-item\">\r\n\t\t\t\t\t\tLibert\u00e9\t\t\t\t\t<\/h1>\r\n\t\t\t\t\r\n\t\t\t\t\r\n\t\t\t\t\t\t\t<\/div>\r\n\t\t\t\t\t\t<\/a>\r\n\t\t\t\t\t\t<\/div>\n\t\t\t\t<\/div>\n\t\t\t\t<\/div>\n\t\t<div class=\"elementor-element elementor-element-3683614 e-con-full e-flex e-con e-child\" data-id=\"3683614\" data-element_type=\"container\" data-e-type=\"container\">\n\t\t\t\t<div class=\"elementor-element elementor-element-7d64afa elementor-cta--skin-cover elementor-widget elementor-widget-call-to-action\" data-id=\"7d64afa\" data-element_type=\"widget\" data-e-type=\"widget\" data-widget_type=\"call-to-action.default\">\n\t\t\t\t<div class=\"elementor-widget-container\">\n\t\t\t\t\t\t\t<a class=\"elementor-cta\" href=\"#elementor-action%3Aaction%3Dpopup%3Aopen%26settings%3DeyJpZCI6IjE1NjYwIiwidG9nZ2xlIjpmYWxzZX0%3D\">\r\n\t\t\t\t\t<div class=\"elementor-cta__bg-wrapper\">\r\n\t\t\t\t<div class=\"elementor-cta__bg elementor-bg\" style=\"background-image: url(https:\/\/elixfpv.com\/wp-content\/uploads\/2026\/02\/Minaiture-Web.jpg);\" role=\"img\" aria-label=\"Freestyle in paris Vol.2 minia Web\"><\/div>\r\n\t\t\t\t<div class=\"elementor-cta__bg-overlay\"><\/div>\r\n\t\t\t<\/div>\r\n\t\t\t\t\t\t\t<div class=\"elementor-cta__content\">\r\n\t\t\t\t\r\n\t\t\t\t\t\t\t\t\t<h1 class=\"elementor-cta__title elementor-cta__content-item elementor-content-item\">\r\n\t\t\t\t\t\tReverse Car\t\t\t\t\t<\/h1>\r\n\t\t\t\t\r\n\t\t\t\t\r\n\t\t\t\t\t\t\t<\/div>\r\n\t\t\t\t\t\t<\/a>\r\n\t\t\t\t\t\t<\/div>\n\t\t\t\t<\/div>\n\t\t\t\t<\/div>\n\t\t<div class=\"elementor-element elementor-element-48fd8a0 e-con-full e-flex e-con e-child\" data-id=\"48fd8a0\" data-element_type=\"container\" data-e-type=\"container\">\n\t\t\t\t<div class=\"elementor-element elementor-element-6bb62cb elementor-cta--skin-cover elementor-widget elementor-widget-call-to-action\" data-id=\"6bb62cb\" data-element_type=\"widget\" data-e-type=\"widget\" data-widget_type=\"call-to-action.default\">\n\t\t\t\t<div class=\"elementor-widget-container\">\n\t\t\t\t\t\t\t<a class=\"elementor-cta\" href=\"#elementor-action%3Aaction%3Dpopup%3Aopen%26settings%3DeyJpZCI6IjE1NjYwIiwidG9nZ2xlIjpmYWxzZX0%3D\">\r\n\t\t\t\t\t<div class=\"elementor-cta__bg-wrapper\">\r\n\t\t\t\t<div class=\"elementor-cta__bg elementor-bg\" style=\"background-image: url(https:\/\/elixfpv.com\/wp-content\/uploads\/2026\/02\/Nagano-Minaiture-Web.jpg);\" role=\"img\" aria-label=\"Nagano Minaiture Web\"><\/div>\r\n\t\t\t\t<div class=\"elementor-cta__bg-overlay\"><\/div>\r\n\t\t\t<\/div>\r\n\t\t\t\t\t\t\t<div class=\"elementor-cta__content\">\r\n\t\t\t\t\r\n\t\t\t\t\t\t\t\t\t<h1 class=\"elementor-cta__title elementor-cta__content-item elementor-content-item\">\r\n\t\t\t\t\t\tNAGANO\t\t\t\t\t<\/h1>\r\n\t\t\t\t\r\n\t\t\t\t\r\n\t\t\t\t\t\t\t<\/div>\r\n\t\t\t\t\t\t<\/a>\r\n\t\t\t\t\t\t<\/div>\n\t\t\t\t<\/div>\n\t\t\t\t<\/div>\n\t\t<div class=\"elementor-element elementor-element-e6ccf48 e-con-full e-flex e-con e-child\" data-id=\"e6ccf48\" data-element_type=\"container\" data-e-type=\"container\">\n\t\t\t\t<div class=\"elementor-element elementor-element-c65bd32 elementor-cta--skin-cover elementor-widget elementor-widget-call-to-action\" data-id=\"c65bd32\" data-element_type=\"widget\" data-e-type=\"widget\" data-widget_type=\"call-to-action.default\">\n\t\t\t\t<div class=\"elementor-widget-container\">\n\t\t\t\t\t\t\t<a class=\"elementor-cta\" href=\"#elementor-action%3Aaction%3Dpopup%3Aopen%26settings%3DeyJpZCI6IjE1NjYwIiwidG9nZ2xlIjpmYWxzZX0%3D\">\r\n\t\t\t\t\t<div class=\"elementor-cta__bg-wrapper\">\r\n\t\t\t\t<div class=\"elementor-cta__bg elementor-bg\" style=\"background-image: url(https:\/\/elixfpv.com\/wp-content\/uploads\/2026\/02\/Nagano-Minaiture-Web.jpg);\" role=\"img\" aria-label=\"Nagano Minaiture Web\"><\/div>\r\n\t\t\t\t<div class=\"elementor-cta__bg-overlay\"><\/div>\r\n\t\t\t<\/div>\r\n\t\t\t\t\t\t\t<div class=\"elementor-cta__content\">\r\n\t\t\t\t\r\n\t\t\t\t\t\t\t\t\t<h1 class=\"elementor-cta__title elementor-cta__content-item elementor-content-item\">\r\n\t\t\t\t\t\tNAGANO\t\t\t\t\t<\/h1>\r\n\t\t\t\t\r\n\t\t\t\t\r\n\t\t\t\t\t\t\t<\/div>\r\n\t\t\t\t\t\t<\/a>\r\n\t\t\t\t\t\t<\/div>\n\t\t\t\t<\/div>\n\t\t\t\t<\/div>\n\t\t\t\t\t<\/div>\n\t\t\t\t<\/div>\n\t\t<div class=\"elementor-element elementor-element-2fb6f41 e-flex e-con-boxed e-con e-parent\" data-id=\"2fb6f41\" data-element_type=\"container\" data-e-type=\"container\">\n\t\t\t\t\t<div class=\"e-con-inner\">\n\t\t<div class=\"elementor-element elementor-element-1573a8a e-con-full e-flex e-con e-child\" data-id=\"1573a8a\" data-element_type=\"container\" data-e-type=\"container\">\n\t\t<div class=\"elementor-element elementor-element-d955a92 e-grid e-con-full e-con e-child\" data-id=\"d955a92\" data-element_type=\"container\" data-e-type=\"container\">\n\t\t\t\t<div class=\"elementor-element elementor-element-a12ef4d elementor-widget elementor-widget-image\" data-id=\"a12ef4d\" data-element_type=\"widget\" data-e-type=\"widget\" data-widget_type=\"image.default\">\n\t\t\t\t<div class=\"elementor-widget-container\">\n\t\t\t\t\t\t\t\t\t\t\t\t\t\t\t\t<a href=\"#elementor-action%3Aaction%3Dpopup%3Aopen%26settings%3DeyJpZCI6IjE1NjIwIiwidG9nZ2xlIjpmYWxzZX0%3D\">\n\t\t\t\t\t\t\t<img fetchpriority=\"high\" decoding=\"async\" width=\"800\" height=\"450\" src=\"https:\/\/elixfpv.com\/wp-content\/uploads\/2026\/02\/Minia-Web-test-2-1024x576.jpg\" class=\"attachment-large size-large wp-image-14717\" alt=\"\" srcset=\"https:\/\/elixfpv.com\/wp-content\/uploads\/2026\/02\/Minia-Web-test-2-1024x576.jpg 1024w, https:\/\/elixfpv.com\/wp-content\/uploads\/2026\/02\/Minia-Web-test-2-300x169.jpg 300w, https:\/\/elixfpv.com\/wp-content\/uploads\/2026\/02\/Minia-Web-test-2-768x432.jpg 768w, https:\/\/elixfpv.com\/wp-content\/uploads\/2026\/02\/Minia-Web-test-2-1536x864.jpg 1536w, https:\/\/elixfpv.com\/wp-content\/uploads\/2026\/02\/Minia-Web-test-2.jpg 1920w\" sizes=\"(max-width: 800px) 100vw, 800px\" \/>\t\t\t\t\t\t\t\t<\/a>\n\t\t\t\t\t\t\t\t\t\t\t\t\t\t\t<\/div>\n\t\t\t\t<\/div>\n\t\t\t\t<div class=\"elementor-element elementor-element-755bd81 elementor-widget elementor-widget-image\" data-id=\"755bd81\" data-element_type=\"widget\" data-e-type=\"widget\" data-widget_type=\"image.default\">\n\t\t\t\t<div class=\"elementor-widget-container\">\n\t\t\t\t\t\t\t\t\t\t\t\t\t\t\t\t<a href=\"#elementor-action%3Aaction%3Dpopup%3Aopen%26settings%3DeyJpZCI6IjE0MDIzIiwidG9nZ2xlIjpmYWxzZX0%3D\">\n\t\t\t\t\t\t\t<img decoding=\"async\" width=\"800\" height=\"450\" src=\"https:\/\/elixfpv.com\/wp-content\/uploads\/2026\/02\/Minia-KB9-Web-1024x576.jpg\" class=\"attachment-large size-large wp-image-14690\" alt=\"\" srcset=\"https:\/\/elixfpv.com\/wp-content\/uploads\/2026\/02\/Minia-KB9-Web-1024x576.jpg 1024w, https:\/\/elixfpv.com\/wp-content\/uploads\/2026\/02\/Minia-KB9-Web-300x169.jpg 300w, https:\/\/elixfpv.com\/wp-content\/uploads\/2026\/02\/Minia-KB9-Web-768x432.jpg 768w, https:\/\/elixfpv.com\/wp-content\/uploads\/2026\/02\/Minia-KB9-Web-1536x864.jpg 1536w, https:\/\/elixfpv.com\/wp-content\/uploads\/2026\/02\/Minia-KB9-Web.jpg 1920w\" sizes=\"(max-width: 800px) 100vw, 800px\" \/>\t\t\t\t\t\t\t\t<\/a>\n\t\t\t\t\t\t\t\t\t\t\t\t\t\t\t<\/div>\n\t\t\t\t<\/div>\n\t\t\t\t<div class=\"elementor-element elementor-element-97c7ee8 elementor-widget elementor-widget-image\" data-id=\"97c7ee8\" data-element_type=\"widget\" data-e-type=\"widget\" data-widget_type=\"image.default\">\n\t\t\t\t<div class=\"elementor-widget-container\">\n\t\t\t\t\t\t\t\t\t\t\t\t\t\t\t\t<a href=\"#elementor-action%3Aaction%3Dpopup%3Aopen%26settings%3DeyJpZCI6IjE1NjI0IiwidG9nZ2xlIjpmYWxzZX0%3D\">\n\t\t\t\t\t\t\t<img decoding=\"async\" width=\"800\" height=\"450\" src=\"https:\/\/elixfpv.com\/wp-content\/uploads\/2026\/02\/Minieture-Web-1024x576.jpg\" class=\"attachment-large size-large wp-image-14694\" alt=\"\" srcset=\"https:\/\/elixfpv.com\/wp-content\/uploads\/2026\/02\/Minieture-Web-1024x576.jpg 1024w, https:\/\/elixfpv.com\/wp-content\/uploads\/2026\/02\/Minieture-Web-300x169.jpg 300w, https:\/\/elixfpv.com\/wp-content\/uploads\/2026\/02\/Minieture-Web-768x432.jpg 768w, https:\/\/elixfpv.com\/wp-content\/uploads\/2026\/02\/Minieture-Web-1536x864.jpg 1536w, https:\/\/elixfpv.com\/wp-content\/uploads\/2026\/02\/Minieture-Web.jpg 1920w\" sizes=\"(max-width: 800px) 100vw, 800px\" \/>\t\t\t\t\t\t\t\t<\/a>\n\t\t\t\t\t\t\t\t\t\t\t\t\t\t\t<\/div>\n\t\t\t\t<\/div>\n\t\t\t\t<\/div>\n\t\t\t\t<\/div>\n\t\t\t\t\t<\/div>\n\t\t\t\t<\/div>\n\t\t<div class=\"elementor-element elementor-element-5049b94 e-flex e-con-boxed e-con e-parent\" data-id=\"5049b94\" data-element_type=\"container\" data-e-type=\"container\">\n\t\t\t\t\t<div class=\"e-con-inner\">\n\t\t\t\t<div class=\"elementor-element elementor-element-2b3e3bd elementor-widget elementor-widget-text-editor\" data-id=\"2b3e3bd\" data-element_type=\"widget\" data-e-type=\"widget\" data-widget_type=\"text-editor.default\">\n\t\t\t\t<div class=\"elementor-widget-container\">\n\t\t\t\t\t\t\t\t\t<p>Le drone FPV se pr\u00e9sente comme une solution indispensable pour les clips.<\/p><p>Les changements de rythme et la chor\u00e9graphie a\u00e9rienne \u00e0 laquelle ces drones peuvent s&rsquo;ex\u00e9cuter en font des solutions parfaites pour traduire et intensifier la musique \u00e0 travers le cadrage.<\/p><p>Au fil des ann\u00e9es, c&rsquo;est un m\u00e9dium qui m&rsquo;a ouvert des portes vers des projets avec des artistes tel que <strong>SCH, Ninho,PLK,Oboy<\/strong>,&#8230; et bien d&rsquo;autres encore.<\/p><p>Comme le clip musical est par nature cr\u00e9atif et exp\u00e9rimental, je ne pourrais que vous conseiller de d\u00e9couvrir l&rsquo;ensemble de <a href=\"https:\/\/elixfpv.com\/ja\/mes-drones\/\" target=\"_blank\" rel=\"noopener\"><span style=\"text-decoration: underline;\"><strong>mes drones<\/strong><\/span><\/a> pour se projeter sur tout les diff\u00e9rents sc\u00e9narios de vols possibles.<\/p>\t\t\t\t\t\t\t\t<\/div>\n\t\t\t\t<\/div>\n\t\t\t\t\t<\/div>\n\t\t\t\t<\/div>\n\t\t<div class=\"elementor-element elementor-element-469ac3a e-flex e-con-boxed e-con e-parent\" data-id=\"469ac3a\" data-element_type=\"container\" data-e-type=\"container\">\n\t\t\t\t\t<div class=\"e-con-inner\">\n\t\t\t\t<div class=\"elementor-element elementor-element-e7cb388 elementor-invisible elementor-widget elementor-widget-text-editor\" data-id=\"e7cb388\" data-element_type=\"widget\" data-e-type=\"widget\" data-settings=\"{&quot;_animation&quot;:&quot;fadeInUp&quot;}\" data-widget_type=\"text-editor.default\">\n\t\t\t\t<div class=\"elementor-widget-container\">\n\t\t\t\t\t\t\t\t\t<p>Ils m&rsquo;ont fait confiance<\/p>\t\t\t\t\t\t\t\t<\/div>\n\t\t\t\t<\/div>\n\t\t\t\t\t<\/div>\n\t\t\t\t<\/div>\n\t\t<div class=\"elementor-element elementor-element-66a8100 e-flex e-con-boxed e-con e-parent\" data-id=\"66a8100\" data-element_type=\"container\" data-e-type=\"container\">\n\t\t\t\t\t<div class=\"e-con-inner\">\n\t\t<div class=\"elementor-element elementor-element-e4cb899 e-con-full e-flex e-con e-child\" data-id=\"e4cb899\" data-element_type=\"container\" data-e-type=\"container\" data-settings=\"{&quot;background_background&quot;:&quot;classic&quot;}\">\n\t\t\t\t<div class=\"elementor-element elementor-element-7227315 elementor-pagination-position-outside elementor-widget elementor-widget-image-carousel\" data-id=\"7227315\" data-element_type=\"widget\" data-e-type=\"widget\" data-settings=\"{&quot;slides_to_show&quot;:&quot;5&quot;,&quot;slides_to_scroll&quot;:&quot;1&quot;,&quot;navigation&quot;:&quot;dots&quot;,&quot;image_spacing_custom&quot;:{&quot;unit&quot;:&quot;px&quot;,&quot;size&quot;:100,&quot;sizes&quot;:[]},&quot;autoplay&quot;:&quot;yes&quot;,&quot;pause_on_hover&quot;:&quot;yes&quot;,&quot;pause_on_interaction&quot;:&quot;yes&quot;,&quot;autoplay_speed&quot;:5000,&quot;infinite&quot;:&quot;yes&quot;,&quot;speed&quot;:500,&quot;image_spacing_custom_tablet&quot;:{&quot;unit&quot;:&quot;px&quot;,&quot;size&quot;:&quot;&quot;,&quot;sizes&quot;:[]},&quot;image_spacing_custom_mobile&quot;:{&quot;unit&quot;:&quot;px&quot;,&quot;size&quot;:&quot;&quot;,&quot;sizes&quot;:[]}}\" data-widget_type=\"image-carousel.default\">\n\t\t\t\t<div class=\"elementor-widget-container\">\n\t\t\t\t\t\t\t<div class=\"elementor-image-carousel-wrapper swiper\" role=\"region\" aria-roledescription=\"carousel\" aria-label=\"Carrousel d\u2019images\" dir=\"ltr\">\n\t\t\t<div class=\"elementor-image-carousel swiper-wrapper\" aria-live=\"off\">\n\t\t\t\t\t\t\t\t<div class=\"swiper-slide\" role=\"group\" aria-roledescription=\"slide\" aria-label=\"1 sur 5\"><figure class=\"swiper-slide-inner\"><img decoding=\"async\" class=\"swiper-slide-image\" src=\"https:\/\/elixfpv.com\/wp-content\/uploads\/elementor\/thumbs\/enna-rdmows2ydt2jo2dd6fo4f9dejj5r3bnlihdqh0pdd8.png\" alt=\"enna\" \/><\/figure><\/div><div class=\"swiper-slide\" role=\"group\" aria-roledescription=\"slide\" aria-label=\"2 sur 5\"><figure class=\"swiper-slide-inner\"><img decoding=\"async\" class=\"swiper-slide-image\" src=\"https:\/\/elixfpv.com\/wp-content\/uploads\/elementor\/thumbs\/pelican-rdmowt0skn3tzoc00y2qzr4v4x14b0rbum17yanz3e.png\" alt=\"pelican\" \/><\/figure><\/div><div class=\"swiper-slide\" role=\"group\" aria-roledescription=\"slide\" aria-label=\"3 sur 5\"><figure class=\"swiper-slide-inner\"><img decoding=\"async\" class=\"swiper-slide-image\" src=\"https:\/\/elixfpv.com\/wp-content\/uploads\/elementor\/thumbs\/rec118_gd-rdmowtymrh54baamvghdk8wbqawhipv26qopfkmlbc.png\" alt=\"rec118_gd\" \/><\/figure><\/div><div class=\"swiper-slide\" role=\"group\" aria-roledescription=\"slide\" aria-label=\"4 sur 5\"><figure class=\"swiper-slide-inner\"><img decoding=\"async\" class=\"swiper-slide-image\" src=\"https:\/\/elixfpv.com\/wp-content\/uploads\/elementor\/thumbs\/piege-blanc-75x41-2-r5cvglih0m90o4i1mu3cwzv0vmx2tmufxjtnzpi9be.png\" alt=\"piege-blanc-75x41\" \/><\/figure><\/div><div class=\"swiper-slide\" role=\"group\" aria-roledescription=\"slide\" aria-label=\"5 sur 5\"><figure class=\"swiper-slide-inner\"><img decoding=\"async\" class=\"swiper-slide-image\" src=\"https:\/\/elixfpv.com\/wp-content\/uploads\/elementor\/thumbs\/AD_25_LOGO_LOGO_white_54adb35812-scaled-r5cvgexlos00eurlp98yxjispxtibr4bkn99mrs05m.png\" alt=\"AD_25_LOGO_LOGO_white_54adb35812\" \/><\/figure><\/div>\t\t\t<\/div>\n\t\t\t\t\t\t\t\n\t\t\t\t\t\t\t\t\t<div class=\"swiper-pagination\"><\/div>\n\t\t\t\t\t\t\t\t\t<\/div>\n\t\t\t\t\t\t<\/div>\n\t\t\t\t<\/div>\n\t\t\t\t<\/div>\n\t\t\t\t\t<\/div>\n\t\t\t\t<\/div>\n\t\t\t\t<\/div>","protected":false},"excerpt":{"rendered":"<p>Clip musicaux Chasing dans Assetto corsa Libert\u00e9 Reverse Car NAGANO NAGANO Le drone FPV se pr\u00e9sente comme une solution indispensable pour les clips. Les changements de rythme et la chor\u00e9graphie a\u00e9rienne \u00e0 laquelle ces drones peuvent s&rsquo;ex\u00e9cuter en font des solutions parfaites pour traduire et intensifier la musique \u00e0 travers le cadrage. Au fil des ann\u00e9es, c&rsquo;est un m\u00e9dium qui m&rsquo;a ouvert des portes vers des projets avec des artistes tel que SCH, Ninho,PLK,Oboy,&#8230; et bien d&rsquo;autres encore. Comme le clip musical est par nature cr\u00e9atif et exp\u00e9rimental, je ne pourrais que vous conseiller de d\u00e9couvrir l&rsquo;ensemble de mes drones pour se projeter sur tout les diff\u00e9rents sc\u00e9narios de vols [&hellip;]<\/p>","protected":false},"author":2,"featured_media":0,"parent":0,"menu_order":0,"comment_status":"closed","ping_status":"closed","template":"","meta":{"footnotes":""},"class_list":["post-12538","page","type-page","status-publish","hentry"],"_links":{"self":[{"href":"https:\/\/elixfpv.com\/ja\/wp-json\/wp\/v2\/pages\/12538","targetHints":{"allow":["GET"]}}],"collection":[{"href":"https:\/\/elixfpv.com\/ja\/wp-json\/wp\/v2\/pages"}],"about":[{"href":"https:\/\/elixfpv.com\/ja\/wp-json\/wp\/v2\/types\/page"}],"author":[{"embeddable":true,"href":"https:\/\/elixfpv.com\/ja\/wp-json\/wp\/v2\/users\/2"}],"replies":[{"embeddable":true,"href":"https:\/\/elixfpv.com\/ja\/wp-json\/wp\/v2\/comments?post=12538"}],"version-history":[{"count":96,"href":"https:\/\/elixfpv.com\/ja\/wp-json\/wp\/v2\/pages\/12538\/revisions"}],"predecessor-version":[{"id":15796,"href":"https:\/\/elixfpv.com\/ja\/wp-json\/wp\/v2\/pages\/12538\/revisions\/15796"}],"wp:attachment":[{"href":"https:\/\/elixfpv.com\/ja\/wp-json\/wp\/v2\/media?parent=12538"}],"curies":[{"name":"wp","href":"https:\/\/api.w.org\/{rel}","templated":true}]}}