{"id":14635,"date":"2026-01-18T22:34:31","date_gmt":"2026-01-18T21:34:31","guid":{"rendered":"https:\/\/elixfpv.com\/?page_id=14635"},"modified":"2026-03-10T07:34:32","modified_gmt":"2026-03-10T06:34:32","slug":"go-pro","status":"publish","type":"page","link":"https:\/\/elixfpv.com\/en\/go-pro\/","title":{"rendered":"Go Pro"},"content":{"rendered":"<div data-elementor-type=\"wp-page\" data-elementor-id=\"14635\" class=\"elementor elementor-14635\" data-elementor-settings=\"{&quot;element_pack_global_tooltip_width&quot;:{&quot;unit&quot;:&quot;px&quot;,&quot;size&quot;:&quot;&quot;,&quot;sizes&quot;:[]},&quot;element_pack_global_tooltip_width_tablet&quot;:{&quot;unit&quot;:&quot;px&quot;,&quot;size&quot;:&quot;&quot;,&quot;sizes&quot;:[]},&quot;element_pack_global_tooltip_width_mobile&quot;:{&quot;unit&quot;:&quot;px&quot;,&quot;size&quot;:&quot;&quot;,&quot;sizes&quot;:[]},&quot;element_pack_global_tooltip_padding&quot;:{&quot;unit&quot;:&quot;px&quot;,&quot;top&quot;:&quot;&quot;,&quot;right&quot;:&quot;&quot;,&quot;bottom&quot;:&quot;&quot;,&quot;left&quot;:&quot;&quot;,&quot;isLinked&quot;:true},&quot;element_pack_global_tooltip_padding_tablet&quot;:{&quot;unit&quot;:&quot;px&quot;,&quot;top&quot;:&quot;&quot;,&quot;right&quot;:&quot;&quot;,&quot;bottom&quot;:&quot;&quot;,&quot;left&quot;:&quot;&quot;,&quot;isLinked&quot;:true},&quot;element_pack_global_tooltip_padding_mobile&quot;:{&quot;unit&quot;:&quot;px&quot;,&quot;top&quot;:&quot;&quot;,&quot;right&quot;:&quot;&quot;,&quot;bottom&quot;:&quot;&quot;,&quot;left&quot;:&quot;&quot;,&quot;isLinked&quot;:true},&quot;element_pack_global_tooltip_border_radius&quot;:{&quot;unit&quot;:&quot;px&quot;,&quot;top&quot;:&quot;&quot;,&quot;right&quot;:&quot;&quot;,&quot;bottom&quot;:&quot;&quot;,&quot;left&quot;:&quot;&quot;,&quot;isLinked&quot;:true},&quot;element_pack_global_tooltip_border_radius_tablet&quot;:{&quot;unit&quot;:&quot;px&quot;,&quot;top&quot;:&quot;&quot;,&quot;right&quot;:&quot;&quot;,&quot;bottom&quot;:&quot;&quot;,&quot;left&quot;:&quot;&quot;,&quot;isLinked&quot;:true},&quot;element_pack_global_tooltip_border_radius_mobile&quot;:{&quot;unit&quot;:&quot;px&quot;,&quot;top&quot;:&quot;&quot;,&quot;right&quot;:&quot;&quot;,&quot;bottom&quot;:&quot;&quot;,&quot;left&quot;:&quot;&quot;,&quot;isLinked&quot;:true}}\" data-elementor-post-type=\"page\">\n\t\t\t\t<div class=\"elementor-element elementor-element-69be8621 e-flex e-con-boxed e-con e-parent\" data-id=\"69be8621\" data-element_type=\"container\" data-e-type=\"container\">\n\t\t\t\t\t<div class=\"e-con-inner\">\n\t\t\t\t<div class=\"elementor-element elementor-element-3db6fa24 elementor-widget__width-initial elementor-widget elementor-widget-html\" data-id=\"3db6fa24\" data-element_type=\"widget\" data-e-type=\"widget\" data-widget_type=\"html.default\">\n\t\t\t\t<div class=\"elementor-widget-container\">\n\t\t\t\t\t<style>\r\n    \/* Conteneur global pour aligner Titre et Bouton *\/\r\n    .elix-header-layout {\r\n        display: flex;\r\n        flex-direction: column; \/* Les empile verticalement *\/\r\n        gap: 20px; \/* Espace entre le titre et le bouton *\/\r\n        align-items: flex-start; \/* Align\u00e9 \u00e0 gauche *\/\r\n        margin-bottom: 40px; \/* Espace sous le bloc *\/\r\n    }\r\n\r\n    \/* Le Titre du Drone *\/\r\n    .elix-drone-title {\r\n        color: #fff;\r\n        font-family: \"Helvetica Neue\", Helvetica, Arial, sans-serif;\r\n        font-weight: 700;\r\n        text-transform: uppercase;\r\n        font-size: 32px; \/* Taille du titre *\/\r\n        line-height: 1.2;\r\n        margin: 0;\r\n        letter-spacing: 1px;\r\n    }\r\n\r\n    \/* Le Bouton Carr\u00e9 (Retour) *\/\r\n    .elix-back-box {\r\n        display: flex;\r\n        align-items: center;\r\n        justify-content: center;\r\n        width: 50px;  \/* Largeur du carr\u00e9 *\/\r\n        height: 50px; \/* Hauteur du carr\u00e9 *\/\r\n        border: 2px solid #ffffff; \/* Cadre blanc *\/\r\n        background: transparent;\r\n        color: #ffffff;\r\n        transition: all 0.3s ease;\r\n        text-decoration: none; \/* Pas de soulignement *\/\r\n        box-sizing: border-box; \/* Assure que la bordure ne change pas la taille *\/\r\n    }\r\n\r\n    \/* Effet au survol : Fond blanc, fl\u00e8che noire *\/\r\n    .elix-back-box:hover {\r\n        background-color: #ffffff;\r\n        color: #000000;\r\n        box-shadow: 0 0 15px rgba(255, 255, 255, 0.3);\r\n    }\r\n    \r\n     .elix-back-box svg:hover {\r\n        width: 18px;\r\n        height: 18px;\r\n        fill: black!important; \/* La couleur suit le texte (blanc puis noir) *\/\r\n    }\r\n\r\n    \/* L'ic\u00f4ne Fl\u00e8che (SVG) *\/\r\n    .elix-back-box svg {\r\n        width: 18px;\r\n        height: 18px;\r\n        fill: white; \/* La couleur suit le texte (blanc puis noir) *\/\r\n    }\r\n<\/style>\r\n\r\n<div class=\"elix-header-layout\">\r\n    \r\n\r\n\r\n    <a href=\"https:\/\/elixfpv.com\/en\/cameras\/\" class=\"elix-back-box\" aria-label=\"Retour aux drones\">\r\n        <svg viewbox=\"0 0 320 512\">\r\n            <path d=\"M34.52 239.03L228.87 44.69c9.37-9.37 24.57-9.37 33.94 0l22.67 22.67c9.36 9.36 9.37 24.52.04 33.9L131.49 256l154.02 154.75c9.34 9.38 9.32 24.54-.04 33.9l-22.67 22.67c-9.37 9.37-24.57 9.37-33.94 0L34.52 272.97c-9.37-9.37-9.37-24.57 0-33.94z\"\/>\r\n        <\/svg>\r\n    <\/a>\r\n\r\n<\/div>\t\t\t\t<\/div>\n\t\t\t\t<\/div>\n\t\t\t\t\t<\/div>\n\t\t\t\t<\/div>\n\t\t<div class=\"elementor-element elementor-element-4f5e79e5 e-flex e-con-boxed e-con e-parent\" data-id=\"4f5e79e5\" data-element_type=\"container\" data-e-type=\"container\" data-settings=\"{&quot;background_background&quot;:&quot;video&quot;}\">\n\t\t\t\t\t<div class=\"e-con-inner\">\n\t\t\t\t<div class=\"elementor-element elementor-element-671390f1 elementor-widget elementor-widget-image\" data-id=\"671390f1\" data-element_type=\"widget\" data-e-type=\"widget\" data-widget_type=\"image.default\">\n\t\t\t\t<div class=\"elementor-widget-container\">\n\t\t\t\t\t\t\t\t\t\t\t\t\t\t\t<img fetchpriority=\"high\" decoding=\"async\" width=\"800\" height=\"688\" src=\"https:\/\/elixfpv.com\/wp-content\/uploads\/2026\/01\/Gopro-1024x881.png\" class=\"attachment-large size-large wp-image-14557\" alt=\"\" srcset=\"https:\/\/elixfpv.com\/wp-content\/uploads\/2026\/01\/Gopro-1024x881.png 1024w, https:\/\/elixfpv.com\/wp-content\/uploads\/2026\/01\/Gopro-300x258.png 300w, https:\/\/elixfpv.com\/wp-content\/uploads\/2026\/01\/Gopro-768x661.png 768w, https:\/\/elixfpv.com\/wp-content\/uploads\/2026\/01\/Gopro.png 1200w\" sizes=\"(max-width: 800px) 100vw, 800px\" \/>\t\t\t\t\t\t\t\t\t\t\t\t\t\t\t<\/div>\n\t\t\t\t<\/div>\n\t\t\t\t\t<\/div>\n\t\t\t\t<\/div>\n\t\t<div class=\"elementor-element elementor-element-670b9e0f e-flex e-con-boxed e-con e-parent\" data-id=\"670b9e0f\" data-element_type=\"container\" data-e-type=\"container\">\n\t\t\t\t\t<div class=\"e-con-inner\">\n\t\t\t\t<div class=\"elementor-element elementor-element-3ff7ff50 elementor-widget elementor-widget-heading\" data-id=\"3ff7ff50\" data-element_type=\"widget\" data-e-type=\"widget\" data-widget_type=\"heading.default\">\n\t\t\t\t<div class=\"elementor-widget-container\">\n\t\t\t\t\t<h2 class=\"elementor-heading-title elementor-size-default\">GO PRO<\/h2>\t\t\t\t<\/div>\n\t\t\t\t<\/div>\n\t\t\t\t\t<\/div>\n\t\t\t\t<\/div>\n\t\t<div class=\"elementor-element elementor-element-61f84a86 e-flex e-con-boxed e-con e-parent\" data-id=\"61f84a86\" data-element_type=\"container\" data-e-type=\"container\">\n\t\t\t\t\t<div class=\"e-con-inner\">\n\t\t<div class=\"elementor-element elementor-element-3412d25e e-grid e-con-full e-con e-child\" data-id=\"3412d25e\" data-element_type=\"container\" data-e-type=\"container\">\n\t\t\t\t<div class=\"elementor-element elementor-element-43b20068 elementor-widget elementor-widget-image\" data-id=\"43b20068\" data-element_type=\"widget\" data-e-type=\"widget\" data-widget_type=\"image.default\">\n\t\t\t\t<div class=\"elementor-widget-container\">\n\t\t\t\t\t\t\t\t\t\t\t\t\t\t\t\t<a href=\"#elementor-action%3Aaction%3Dpopup%3Aopen%26settings%3DeyJpZCI6IjE0MDIzIiwidG9nZ2xlIjpmYWxzZX0%3D\">\n\t\t\t\t\t\t\t<img decoding=\"async\" width=\"800\" height=\"450\" src=\"https:\/\/elixfpv.com\/wp-content\/uploads\/2025\/11\/photo-1497436072909-60f360e1d4b1-1024x576.jpeg\" class=\"attachment-large size-large wp-image-14022\" alt=\"\" srcset=\"https:\/\/elixfpv.com\/wp-content\/uploads\/2025\/11\/photo-1497436072909-60f360e1d4b1-1024x576.jpeg 1024w, https:\/\/elixfpv.com\/wp-content\/uploads\/2025\/11\/photo-1497436072909-60f360e1d4b1-300x169.jpeg 300w, https:\/\/elixfpv.com\/wp-content\/uploads\/2025\/11\/photo-1497436072909-60f360e1d4b1-768x432.jpeg 768w, https:\/\/elixfpv.com\/wp-content\/uploads\/2025\/11\/photo-1497436072909-60f360e1d4b1-1536x864.jpeg 1536w, https:\/\/elixfpv.com\/wp-content\/uploads\/2025\/11\/photo-1497436072909-60f360e1d4b1-2048x1152.jpeg 2048w\" sizes=\"(max-width: 800px) 100vw, 800px\" \/>\t\t\t\t\t\t\t\t<\/a>\n\t\t\t\t\t\t\t\t\t\t\t\t\t\t\t<\/div>\n\t\t\t\t<\/div>\n\t\t\t\t<div class=\"elementor-element elementor-element-79e5b838 elementor-widget elementor-widget-image\" data-id=\"79e5b838\" data-element_type=\"widget\" data-e-type=\"widget\" data-widget_type=\"image.default\">\n\t\t\t\t<div class=\"elementor-widget-container\">\n\t\t\t\t\t\t\t\t\t\t\t\t\t\t\t\t<a href=\"#elementor-action%3Aaction%3Dpopup%3Aopen%26settings%3DeyJpZCI6IjE0MDIzIiwidG9nZ2xlIjpmYWxzZX0%3D\">\n\t\t\t\t\t\t\t<img decoding=\"async\" width=\"800\" height=\"450\" src=\"https:\/\/elixfpv.com\/wp-content\/uploads\/2025\/11\/matt-wang-dBp9dbQCh4Q-unsplash-1024x576.jpg\" class=\"attachment-large size-large wp-image-14021\" alt=\"\" srcset=\"https:\/\/elixfpv.com\/wp-content\/uploads\/2025\/11\/matt-wang-dBp9dbQCh4Q-unsplash-1024x576.jpg 1024w, https:\/\/elixfpv.com\/wp-content\/uploads\/2025\/11\/matt-wang-dBp9dbQCh4Q-unsplash-300x169.jpg 300w, https:\/\/elixfpv.com\/wp-content\/uploads\/2025\/11\/matt-wang-dBp9dbQCh4Q-unsplash-768x432.jpg 768w, https:\/\/elixfpv.com\/wp-content\/uploads\/2025\/11\/matt-wang-dBp9dbQCh4Q-unsplash-1536x864.jpg 1536w, https:\/\/elixfpv.com\/wp-content\/uploads\/2025\/11\/matt-wang-dBp9dbQCh4Q-unsplash-2048x1152.jpg 2048w\" sizes=\"(max-width: 800px) 100vw, 800px\" \/>\t\t\t\t\t\t\t\t<\/a>\n\t\t\t\t\t\t\t\t\t\t\t\t\t\t\t<\/div>\n\t\t\t\t<\/div>\n\t\t\t\t<div class=\"elementor-element elementor-element-ac4e14 elementor-widget elementor-widget-image\" data-id=\"ac4e14\" data-element_type=\"widget\" data-e-type=\"widget\" data-widget_type=\"image.default\">\n\t\t\t\t<div class=\"elementor-widget-container\">\n\t\t\t\t\t\t\t\t\t\t\t\t\t\t\t\t<a href=\"#elementor-action%3Aaction%3Dpopup%3Aopen%26settings%3DeyJpZCI6IjE0MDIzIiwidG9nZ2xlIjpmYWxzZX0%3D\">\n\t\t\t\t\t\t\t<img loading=\"lazy\" decoding=\"async\" width=\"800\" height=\"500\" src=\"https:\/\/elixfpv.com\/wp-content\/uploads\/2025\/11\/luka-verc-grPhIvFoDGM-unsplash-1024x640.jpg\" class=\"attachment-large size-large wp-image-14020\" alt=\"\" srcset=\"https:\/\/elixfpv.com\/wp-content\/uploads\/2025\/11\/luka-verc-grPhIvFoDGM-unsplash-1024x640.jpg 1024w, https:\/\/elixfpv.com\/wp-content\/uploads\/2025\/11\/luka-verc-grPhIvFoDGM-unsplash-300x188.jpg 300w, https:\/\/elixfpv.com\/wp-content\/uploads\/2025\/11\/luka-verc-grPhIvFoDGM-unsplash-768x480.jpg 768w, https:\/\/elixfpv.com\/wp-content\/uploads\/2025\/11\/luka-verc-grPhIvFoDGM-unsplash-1536x960.jpg 1536w, https:\/\/elixfpv.com\/wp-content\/uploads\/2025\/11\/luka-verc-grPhIvFoDGM-unsplash-2048x1280.jpg 2048w\" sizes=\"(max-width: 800px) 100vw, 800px\" \/>\t\t\t\t\t\t\t\t<\/a>\n\t\t\t\t\t\t\t\t\t\t\t\t\t\t\t<\/div>\n\t\t\t\t<\/div>\n\t\t\t\t<\/div>\n\t\t\t\t\t<\/div>\n\t\t\t\t<\/div>\n\t\t<div class=\"elementor-element elementor-element-4673585e e-flex e-con-boxed e-con e-parent\" data-id=\"4673585e\" data-element_type=\"container\" data-e-type=\"container\" data-settings=\"{&quot;background_background&quot;:&quot;classic&quot;}\">\n\t\t\t\t\t<div class=\"e-con-inner\">\n\t\t\t\t<div class=\"elementor-element elementor-element-5352b54b elementor-widget elementor-widget-text-editor\" data-id=\"5352b54b\" data-element_type=\"widget\" data-e-type=\"widget\" data-widget_type=\"text-editor.default\">\n\t\t\t\t<div class=\"elementor-widget-container\">\n\t\t\t\t\t\t\t\t\t<p>Gopro est un incontournable pour le FPV :<\/p><p>Ce sont des cam\u00e9ras l\u00e9g\u00e8res, waterproof, ultra r\u00e9sistantes et capables de filmer avec une qualit\u00e9 d&rsquo;image et une plage dynamique amplement suffisante pour beaucoup de projets.<\/p><p>Je poss\u00e8de la Gopro Hero 10 Black et Hero 11 mini, deux excellentes cam\u00e9ras qui ont un tr\u00e8s bon rapport poids\/qualit\u00e9.<\/p><p>Ce sont des cam\u00e9ras que je monte sur mon <strong>7&Prime;Longue distance, 5&Prime;Deadcat et 3.5&Prime; Cinewhoop.<\/strong><\/p>\t\t\t\t\t\t\t\t<\/div>\n\t\t\t\t<\/div>\n\t\t\t\t<div class=\"elementor-element elementor-element-d77eb1c animated-slow elementor-invisible elementor-widget elementor-widget-html\" data-id=\"d77eb1c\" data-element_type=\"widget\" data-e-type=\"widget\" data-settings=\"{&quot;_animation&quot;:&quot;fadeInUp&quot;}\" data-widget_type=\"html.default\">\n\t\t\t\t<div class=\"elementor-widget-container\">\n\t\t\t\t\t<table border=\"1\" cellpadding=\"8\" cellspacing=\"0\">\n  <thead>\n    <tr>\n      <th colspan=\"2\">FICHE TECHNIQUE<\/th>\n    <\/tr>\n  <\/thead>\n  <tbody>\n    <tr>\n      <td>Nom<\/td>\n      <td>GoPro Hero 10 \/ 11 mini<\/td>\n    <\/tr>\n    <tr>\n      <td>Marque<\/td>\n      <td>Gopro<\/td>\n    <\/tr>\n    <tr>\n      <td>Poids<\/td>\n      <td>Hero 10 : 153g <br><br> Hero 11 mini : 126g <\/td>\n    <\/tr>\n    <tr>\n      <td>Dimensions<\/td>\n      <td>Hero 10 :27X72X50mm <br><br> Hero 11 mini :38X53X53mm<\/td>\n    <\/tr>\n    <tr>\n      <td>Waterproof ?<\/td>\n      <td>Oui (-10m max)<\/td>\n    <\/tr>\n <tr>\n      <td>F.O.V<\/td>\n      <td>Hero 10 : 148\u00b0 <br><br> Hero 11 mini : 151\u00b0<\/td>\n    <\/tr>\n     <tr>\n      <td>Resolution et FPS (Mode NTSC et PAL)\n      <td>Hero 10 :  <br>5K 4:3 (23.97\/24\/30FPS NTSC - 23.97\/24\/25FPS PAL)<br>5.3K 16:9 (23.97\/24\/30\/60FPS NTSC - 23.97\/24\/25\/50FPS PAL) <br> 4K 4:3 (23.97\/24\/30\/60FPS NTSC - 23.97\/24\/25\/50FPS PAL) <br> 4K 16:9 (23.97\/24\/30\/60\/120FPS NTSC - 23.97\/24\/25\/50\/100FPS PAL) <br>2.7K 4:3 (60\/120FPS NTSC - 50\/100FPS PAL)<br>2.7K 16:9 (60\/120\/240FPS NTSC - 50\/100\/200FPS PAL)<br>  <br> <br> Hero 11 mini : <br>5.3K 8:7 (23.97\/24\/30FPS NTSC -23.97\/24\/25FPS PAL) <br> 5.3K 4:3 (23.97\/24\/30FPS NTSC - 23.97\/24\/25FPS PAL) <br> 5.3K 16:9 (23.97\/24\/30\/60FPS NTSC -23.97\/24\/25\/50FPS PAL) Superview conseill\u00e9 <br> 4K 8:9 (60FPS NTSC - 50FPS PAL) <br> 4K 4:3 (23.97\/24\/30\/60FPS NTSC - 23.97\/24\/25\/50 PAL) <br> 4K 16:9 (23.97\/24\/30\/60\/120FPS NTSC - 23.97\/24\/25\/50\/100FPS PAL) Superview conseill\u00e9 <br> 2.7K 4:3 (60\/120FPS NTSC - 50\/100FPS PAL) <br> 2.7K 16:9 (60\/120\/240FPS NTSC - 50\/100\/200FPS PAL) Superview conseill\u00e9\n      <\/tr>\n      <tr>\n      <td>Plage ISO min \u00e0 max <\/td>\n      <td>100-6400<\/td>\n    <\/tr>\n    <tr>\n      <td>Vitesse d'obturateur min \u00e0 max p\/r au FPS <\/td>\n      <td>1\/24-1\/8022<\/td>\n    <\/tr>\n    <tr>\n      <td>Profil couleur<\/td>\n      <td>Hero 11 mini: Mode \"Flat\" (le Log de Gopro) \/ 10 bits \/ Rec.709 <br> <br> Hero 10: Mode \"Flat\" (le log de Gopro) \/ 8 bits \/ Rec.709 <\/td>\n    <\/tr>\n    <tr>\n      <td>Format Fichier<\/td>\n      <td>.MP4<\/td>\n    <\/tr>\n    <tr>\n      <td>Codec<\/td>\n      <td>H.264\/HEVC<\/td>\n    <\/tr>\n    <tr>\n      <td>Capteur<\/td>\n      <td>Hero 10: 1\/1.7\" CMOS (4:3 ratio)<br><br> Hero 11 mini: 1\/1.9\" (8:9 ratio)\n    <\/tr>\n    <tr>\n      <td>Stockage<\/td>\n      <td>Micro SD 128go (Environ 2h de rec en 5K 8:9)<\/td>\n    <\/tr>\n     <tr>\n      <td>Max Bitrate<\/td>\n      <td>Hero 10: 200 mbps\/s<br><br>\n      Hero 11 mini: 200 mbp\/s\n    <\/tr>\n  <\/tbody>\n<\/table>\n\t\t\t\t<\/div>\n\t\t\t\t<\/div>\n\t\t\t\t\t<\/div>\n\t\t\t\t<\/div>\n\t\t<div class=\"elementor-element elementor-element-6b3f7891 e-flex e-con-boxed e-con e-parent\" data-id=\"6b3f7891\" data-element_type=\"container\" data-e-type=\"container\">\n\t\t\t\t\t<div class=\"e-con-inner\">\n\t\t\t\t\t<\/div>\n\t\t\t\t<\/div>\n\t\t\t\t<\/div>","protected":false},"excerpt":{"rendered":"<p>GO PRO Gopro est un incontournable pour le FPV : Ce sont des cam\u00e9ras l\u00e9g\u00e8res, waterproof, ultra r\u00e9sistantes et capables de filmer avec une qualit\u00e9 d&rsquo;image et une plage dynamique amplement suffisante pour beaucoup de projets. Je poss\u00e8de la Gopro Hero 10 Black et Hero 11 mini, deux excellentes cam\u00e9ras qui ont un tr\u00e8s bon [&hellip;]<\/p>","protected":false},"author":3,"featured_media":0,"parent":0,"menu_order":0,"comment_status":"closed","ping_status":"closed","template":"","meta":{"footnotes":""},"class_list":["post-14635","page","type-page","status-publish","hentry"],"_links":{"self":[{"href":"https:\/\/elixfpv.com\/en\/wp-json\/wp\/v2\/pages\/14635","targetHints":{"allow":["GET"]}}],"collection":[{"href":"https:\/\/elixfpv.com\/en\/wp-json\/wp\/v2\/pages"}],"about":[{"href":"https:\/\/elixfpv.com\/en\/wp-json\/wp\/v2\/types\/page"}],"author":[{"embeddable":true,"href":"https:\/\/elixfpv.com\/en\/wp-json\/wp\/v2\/users\/3"}],"replies":[{"embeddable":true,"href":"https:\/\/elixfpv.com\/en\/wp-json\/wp\/v2\/comments?post=14635"}],"version-history":[{"count":65,"href":"https:\/\/elixfpv.com\/en\/wp-json\/wp\/v2\/pages\/14635\/revisions"}],"predecessor-version":[{"id":15574,"href":"https:\/\/elixfpv.com\/en\/wp-json\/wp\/v2\/pages\/14635\/revisions\/15574"}],"wp:attachment":[{"href":"https:\/\/elixfpv.com\/en\/wp-json\/wp\/v2\/media?parent=14635"}],"curies":[{"name":"wp","href":"https:\/\/api.w.org\/{rel}","templated":true}]}}