{"id":12598,"date":"2025-03-27T11:33:56","date_gmt":"2025-03-27T10:33:56","guid":{"rendered":"https:\/\/elixfpv.com\/?page_id=12598"},"modified":"2026-03-10T07:51:04","modified_gmt":"2026-03-10T06:51:04","slug":"gopro-naked-bones","status":"publish","type":"page","link":"https:\/\/elixfpv.com\/en\/gopro-naked-bones\/","title":{"rendered":"Gopro Naked\/bones"},"content":{"rendered":"<div data-elementor-type=\"wp-page\" data-elementor-id=\"12598\" class=\"elementor elementor-12598\" data-elementor-settings=\"{&quot;element_pack_global_tooltip_width&quot;:{&quot;unit&quot;:&quot;px&quot;,&quot;size&quot;:&quot;&quot;,&quot;sizes&quot;:[]},&quot;element_pack_global_tooltip_width_tablet&quot;:{&quot;unit&quot;:&quot;px&quot;,&quot;size&quot;:&quot;&quot;,&quot;sizes&quot;:[]},&quot;element_pack_global_tooltip_width_mobile&quot;:{&quot;unit&quot;:&quot;px&quot;,&quot;size&quot;:&quot;&quot;,&quot;sizes&quot;:[]},&quot;element_pack_global_tooltip_padding&quot;:{&quot;unit&quot;:&quot;px&quot;,&quot;top&quot;:&quot;&quot;,&quot;right&quot;:&quot;&quot;,&quot;bottom&quot;:&quot;&quot;,&quot;left&quot;:&quot;&quot;,&quot;isLinked&quot;:true},&quot;element_pack_global_tooltip_padding_tablet&quot;:{&quot;unit&quot;:&quot;px&quot;,&quot;top&quot;:&quot;&quot;,&quot;right&quot;:&quot;&quot;,&quot;bottom&quot;:&quot;&quot;,&quot;left&quot;:&quot;&quot;,&quot;isLinked&quot;:true},&quot;element_pack_global_tooltip_padding_mobile&quot;:{&quot;unit&quot;:&quot;px&quot;,&quot;top&quot;:&quot;&quot;,&quot;right&quot;:&quot;&quot;,&quot;bottom&quot;:&quot;&quot;,&quot;left&quot;:&quot;&quot;,&quot;isLinked&quot;:true},&quot;element_pack_global_tooltip_border_radius&quot;:{&quot;unit&quot;:&quot;px&quot;,&quot;top&quot;:&quot;&quot;,&quot;right&quot;:&quot;&quot;,&quot;bottom&quot;:&quot;&quot;,&quot;left&quot;:&quot;&quot;,&quot;isLinked&quot;:true},&quot;element_pack_global_tooltip_border_radius_tablet&quot;:{&quot;unit&quot;:&quot;px&quot;,&quot;top&quot;:&quot;&quot;,&quot;right&quot;:&quot;&quot;,&quot;bottom&quot;:&quot;&quot;,&quot;left&quot;:&quot;&quot;,&quot;isLinked&quot;:true},&quot;element_pack_global_tooltip_border_radius_mobile&quot;:{&quot;unit&quot;:&quot;px&quot;,&quot;top&quot;:&quot;&quot;,&quot;right&quot;:&quot;&quot;,&quot;bottom&quot;:&quot;&quot;,&quot;left&quot;:&quot;&quot;,&quot;isLinked&quot;:true}}\" data-elementor-post-type=\"page\">\n\t\t\t\t<div class=\"elementor-element elementor-element-567e70de e-flex e-con-boxed e-con e-parent\" data-id=\"567e70de\" data-element_type=\"container\" data-e-type=\"container\">\n\t\t\t\t\t<div class=\"e-con-inner\">\n\t\t\t\t<div class=\"elementor-element elementor-element-7a6f9f32 elementor-widget__width-initial elementor-widget elementor-widget-html\" data-id=\"7a6f9f32\" data-element_type=\"widget\" data-e-type=\"widget\" data-widget_type=\"html.default\">\n\t\t\t\t<div class=\"elementor-widget-container\">\n\t\t\t\t\t<style>\r\n    \/* Conteneur global pour aligner Titre et Bouton *\/\r\n    .elix-header-layout {\r\n        display: flex;\r\n        flex-direction: column; \/* Les empile verticalement *\/\r\n        gap: 20px; \/* Espace entre le titre et le bouton *\/\r\n        align-items: flex-start; \/* Align\u00e9 \u00e0 gauche *\/\r\n        margin-bottom: 40px; \/* Espace sous le bloc *\/\r\n    }\r\n\r\n    \/* Le Titre du Drone *\/\r\n    .elix-drone-title {\r\n        color: #fff;\r\n        font-family: \"Helvetica Neue\", Helvetica, Arial, sans-serif;\r\n        font-weight: 700;\r\n        text-transform: uppercase;\r\n        font-size: 32px; \/* Taille du titre *\/\r\n        line-height: 1.2;\r\n        margin: 0;\r\n        letter-spacing: 1px;\r\n    }\r\n\r\n    \/* Le Bouton Carr\u00e9 (Retour) *\/\r\n    .elix-back-box {\r\n        display: flex;\r\n        align-items: center;\r\n        justify-content: center;\r\n        width: 50px;  \/* Largeur du carr\u00e9 *\/\r\n        height: 50px; \/* Hauteur du carr\u00e9 *\/\r\n        border: 2px solid #ffffff; \/* Cadre blanc *\/\r\n        background: transparent;\r\n        color: #ffffff;\r\n        transition: all 0.3s ease;\r\n        text-decoration: none; \/* Pas de soulignement *\/\r\n        box-sizing: border-box; \/* Assure que la bordure ne change pas la taille *\/\r\n    }\r\n\r\n    \/* Effet au survol : Fond blanc, fl\u00e8che noire *\/\r\n    .elix-back-box:hover {\r\n        background-color: #ffffff;\r\n        color: #000000;\r\n        box-shadow: 0 0 15px rgba(255, 255, 255, 0.3);\r\n    }\r\n    \r\n     .elix-back-box svg:hover {\r\n        width: 18px;\r\n        height: 18px;\r\n        fill: black!important; \/* La couleur suit le texte (blanc puis noir) *\/\r\n    }\r\n\r\n    \/* L'ic\u00f4ne Fl\u00e8che (SVG) *\/\r\n    .elix-back-box svg {\r\n        width: 18px;\r\n        height: 18px;\r\n        fill: white; \/* La couleur suit le texte (blanc puis noir) *\/\r\n    }\r\n<\/style>\r\n\r\n<div class=\"elix-header-layout\">\r\n    \r\n\r\n\r\n    <a href=\"https:\/\/elixfpv.com\/en\/cameras\/\" class=\"elix-back-box\" aria-label=\"Retour aux drones\">\r\n        <svg viewbox=\"0 0 320 512\">\r\n            <path d=\"M34.52 239.03L228.87 44.69c9.37-9.37 24.57-9.37 33.94 0l22.67 22.67c9.36 9.36 9.37 24.52.04 33.9L131.49 256l154.02 154.75c9.34 9.38 9.32 24.54-.04 33.9l-22.67 22.67c-9.37 9.37-24.57 9.37-33.94 0L34.52 272.97c-9.37-9.37-9.37-24.57 0-33.94z\"\/>\r\n        <\/svg>\r\n    <\/a>\r\n\r\n<\/div>\t\t\t\t<\/div>\n\t\t\t\t<\/div>\n\t\t\t\t\t<\/div>\n\t\t\t\t<\/div>\n\t\t<div class=\"elementor-element elementor-element-2ce68330 e-flex e-con-boxed e-con e-parent\" data-id=\"2ce68330\" data-element_type=\"container\" data-e-type=\"container\" data-settings=\"{&quot;background_background&quot;:&quot;video&quot;}\">\n\t\t\t\t\t<div class=\"e-con-inner\">\n\t\t\t\t<div class=\"elementor-element elementor-element-5b9a99e1 elementor-widget elementor-widget-image\" data-id=\"5b9a99e1\" data-element_type=\"widget\" data-e-type=\"widget\" data-widget_type=\"image.default\">\n\t\t\t\t<div class=\"elementor-widget-container\">\n\t\t\t\t\t\t\t\t\t\t\t\t\t\t\t<img fetchpriority=\"high\" decoding=\"async\" width=\"800\" height=\"800\" src=\"https:\/\/elixfpv.com\/wp-content\/uploads\/2026\/01\/Gopro-Bones.png\" class=\"attachment-large size-large wp-image-14556\" alt=\"\" srcset=\"https:\/\/elixfpv.com\/wp-content\/uploads\/2026\/01\/Gopro-Bones.png 1024w, https:\/\/elixfpv.com\/wp-content\/uploads\/2026\/01\/Gopro-Bones-300x300.png 300w, https:\/\/elixfpv.com\/wp-content\/uploads\/2026\/01\/Gopro-Bones-150x150.png 150w, https:\/\/elixfpv.com\/wp-content\/uploads\/2026\/01\/Gopro-Bones-768x768.png 768w\" sizes=\"(max-width: 800px) 100vw, 800px\" \/>\t\t\t\t\t\t\t\t\t\t\t\t\t\t\t<\/div>\n\t\t\t\t<\/div>\n\t\t\t\t\t<\/div>\n\t\t\t\t<\/div>\n\t\t<div class=\"elementor-element elementor-element-79f2d7bf e-flex e-con-boxed e-con e-parent\" data-id=\"79f2d7bf\" data-element_type=\"container\" data-e-type=\"container\">\n\t\t\t\t\t<div class=\"e-con-inner\">\n\t\t\t\t<div class=\"elementor-element elementor-element-2985283b elementor-widget elementor-widget-heading\" data-id=\"2985283b\" data-element_type=\"widget\" data-e-type=\"widget\" data-widget_type=\"heading.default\">\n\t\t\t\t<div class=\"elementor-widget-container\">\n\t\t\t\t\t<h2 class=\"elementor-heading-title elementor-size-default\">GO PRO NAKED \/ BONES<\/h2>\t\t\t\t<\/div>\n\t\t\t\t<\/div>\n\t\t\t\t\t<\/div>\n\t\t\t\t<\/div>\n\t\t<div class=\"elementor-element elementor-element-67a916 e-flex e-con-boxed e-con e-parent\" data-id=\"67a916\" data-element_type=\"container\" data-e-type=\"container\">\n\t\t\t\t\t<div class=\"e-con-inner\">\n\t\t<div class=\"elementor-element elementor-element-6b842e54 e-grid e-con-full e-con e-child\" data-id=\"6b842e54\" data-element_type=\"container\" data-e-type=\"container\">\n\t\t\t\t<div class=\"elementor-element elementor-element-13902bf3 elementor-widget elementor-widget-image\" data-id=\"13902bf3\" data-element_type=\"widget\" data-e-type=\"widget\" data-widget_type=\"image.default\">\n\t\t\t\t<div class=\"elementor-widget-container\">\n\t\t\t\t\t\t\t\t\t\t\t\t\t\t\t\t<a href=\"#elementor-action%3Aaction%3Dpopup%3Aopen%26settings%3DeyJpZCI6IjE0MDIzIiwidG9nZ2xlIjpmYWxzZX0%3D\">\n\t\t\t\t\t\t\t<img decoding=\"async\" width=\"800\" height=\"450\" src=\"https:\/\/elixfpv.com\/wp-content\/uploads\/2025\/11\/photo-1497436072909-60f360e1d4b1-1024x576.jpeg\" class=\"attachment-large size-large wp-image-14022\" alt=\"\" srcset=\"https:\/\/elixfpv.com\/wp-content\/uploads\/2025\/11\/photo-1497436072909-60f360e1d4b1-1024x576.jpeg 1024w, https:\/\/elixfpv.com\/wp-content\/uploads\/2025\/11\/photo-1497436072909-60f360e1d4b1-300x169.jpeg 300w, https:\/\/elixfpv.com\/wp-content\/uploads\/2025\/11\/photo-1497436072909-60f360e1d4b1-768x432.jpeg 768w, https:\/\/elixfpv.com\/wp-content\/uploads\/2025\/11\/photo-1497436072909-60f360e1d4b1-1536x864.jpeg 1536w, https:\/\/elixfpv.com\/wp-content\/uploads\/2025\/11\/photo-1497436072909-60f360e1d4b1-2048x1152.jpeg 2048w\" sizes=\"(max-width: 800px) 100vw, 800px\" \/>\t\t\t\t\t\t\t\t<\/a>\n\t\t\t\t\t\t\t\t\t\t\t\t\t\t\t<\/div>\n\t\t\t\t<\/div>\n\t\t\t\t<div class=\"elementor-element elementor-element-1182f887 elementor-widget elementor-widget-image\" data-id=\"1182f887\" data-element_type=\"widget\" data-e-type=\"widget\" data-widget_type=\"image.default\">\n\t\t\t\t<div class=\"elementor-widget-container\">\n\t\t\t\t\t\t\t\t\t\t\t\t\t\t\t\t<a href=\"#elementor-action%3Aaction%3Dpopup%3Aopen%26settings%3DeyJpZCI6IjE0MDIzIiwidG9nZ2xlIjpmYWxzZX0%3D\">\n\t\t\t\t\t\t\t<img decoding=\"async\" width=\"800\" height=\"450\" src=\"https:\/\/elixfpv.com\/wp-content\/uploads\/2025\/11\/matt-wang-dBp9dbQCh4Q-unsplash-1024x576.jpg\" class=\"attachment-large size-large wp-image-14021\" alt=\"\" srcset=\"https:\/\/elixfpv.com\/wp-content\/uploads\/2025\/11\/matt-wang-dBp9dbQCh4Q-unsplash-1024x576.jpg 1024w, https:\/\/elixfpv.com\/wp-content\/uploads\/2025\/11\/matt-wang-dBp9dbQCh4Q-unsplash-300x169.jpg 300w, https:\/\/elixfpv.com\/wp-content\/uploads\/2025\/11\/matt-wang-dBp9dbQCh4Q-unsplash-768x432.jpg 768w, https:\/\/elixfpv.com\/wp-content\/uploads\/2025\/11\/matt-wang-dBp9dbQCh4Q-unsplash-1536x864.jpg 1536w, https:\/\/elixfpv.com\/wp-content\/uploads\/2025\/11\/matt-wang-dBp9dbQCh4Q-unsplash-2048x1152.jpg 2048w\" sizes=\"(max-width: 800px) 100vw, 800px\" \/>\t\t\t\t\t\t\t\t<\/a>\n\t\t\t\t\t\t\t\t\t\t\t\t\t\t\t<\/div>\n\t\t\t\t<\/div>\n\t\t\t\t<div class=\"elementor-element elementor-element-33cddd74 elementor-widget elementor-widget-image\" data-id=\"33cddd74\" data-element_type=\"widget\" data-e-type=\"widget\" data-widget_type=\"image.default\">\n\t\t\t\t<div class=\"elementor-widget-container\">\n\t\t\t\t\t\t\t\t\t\t\t\t\t\t\t\t<a href=\"#elementor-action%3Aaction%3Dpopup%3Aopen%26settings%3DeyJpZCI6IjE0MDIzIiwidG9nZ2xlIjpmYWxzZX0%3D\">\n\t\t\t\t\t\t\t<img loading=\"lazy\" decoding=\"async\" width=\"800\" height=\"500\" src=\"https:\/\/elixfpv.com\/wp-content\/uploads\/2025\/11\/luka-verc-grPhIvFoDGM-unsplash-1024x640.jpg\" class=\"attachment-large size-large wp-image-14020\" alt=\"\" srcset=\"https:\/\/elixfpv.com\/wp-content\/uploads\/2025\/11\/luka-verc-grPhIvFoDGM-unsplash-1024x640.jpg 1024w, https:\/\/elixfpv.com\/wp-content\/uploads\/2025\/11\/luka-verc-grPhIvFoDGM-unsplash-300x188.jpg 300w, https:\/\/elixfpv.com\/wp-content\/uploads\/2025\/11\/luka-verc-grPhIvFoDGM-unsplash-768x480.jpg 768w, https:\/\/elixfpv.com\/wp-content\/uploads\/2025\/11\/luka-verc-grPhIvFoDGM-unsplash-1536x960.jpg 1536w, https:\/\/elixfpv.com\/wp-content\/uploads\/2025\/11\/luka-verc-grPhIvFoDGM-unsplash-2048x1280.jpg 2048w\" sizes=\"(max-width: 800px) 100vw, 800px\" \/>\t\t\t\t\t\t\t\t<\/a>\n\t\t\t\t\t\t\t\t\t\t\t\t\t\t\t<\/div>\n\t\t\t\t<\/div>\n\t\t\t\t<\/div>\n\t\t\t\t\t<\/div>\n\t\t\t\t<\/div>\n\t\t<div class=\"elementor-element elementor-element-71ce99c6 e-flex e-con-boxed e-con e-parent\" data-id=\"71ce99c6\" data-element_type=\"container\" data-e-type=\"container\" data-settings=\"{&quot;background_background&quot;:&quot;classic&quot;}\">\n\t\t\t\t\t<div class=\"e-con-inner\">\n\t\t\t\t<div class=\"elementor-element elementor-element-19b0b43c elementor-widget elementor-widget-text-editor\" data-id=\"19b0b43c\" data-element_type=\"widget\" data-e-type=\"widget\" data-widget_type=\"text-editor.default\">\n\t\t\t\t<div class=\"elementor-widget-container\">\n\t\t\t\t\t\t\t\t\t<p>Unique au FPV, La Gopro \u00ab\u00a0naked\u00a0\u00bb est une Gopro qui a \u00e9t\u00e9 d\u00e9mont\u00e9e en pi\u00e8ces pour \u00eatre remont\u00e9e dans un boitier en plastique ultra leger.<\/p><p>L&rsquo;objectif est de retirer le moindre gramme possible pour ne garder que l&rsquo;essentiel au fonctionnement de la cam\u00e9ra, permettant de filmer en haute qualit\u00e9 sur des drones encore plus petits et l\u00e9ger.<\/p><p>Toutes les actions cams peuvent se naked, le deux que je poss\u00e8dent sont la Gopro Hero 9 et Hero 10.<\/p><p>Ce sont des cam\u00e9ras avec un excellent rapport qualit\u00e9\/poids, mais la modification fragilise la cam\u00e9ra, et lui enl\u00e8ve ses capacit\u00e9s 100% waterproof.<\/p><p>Pour cette raison, je privil\u00e9gie leurs utilisation sur mon drone <a href=\"https:\/\/elixfpv.com\/en\/cinewhoop-3-5\/\" target=\"_blank\" rel=\"noopener\"><strong><span style=\"text-decoration: underline;\">Cinewhoop 3.5&Prime; <\/span><\/strong><\/a>et\u00a0<a href=\"https:\/\/elixfpv.com\/en\/cinewhoop-2-5\/\" target=\"_blank\" rel=\"noopener\"><span style=\"text-decoration: underline;\"><strong>Cinewhoop 2.5&Prime;<\/strong><\/span><\/a>.<\/p><p>En conclusion, la Gopro Naked est la solution parfaite pour le <a href=\"https:\/\/elixfpv.com\/en\/vol-en-interieur\/\" target=\"_blank\" rel=\"noopener\"><span style=\"text-decoration: underline;\"><strong>vol en int\u00e9rieur<\/strong><\/span><\/a> et les plans \u00e0 proximit\u00e9s de personnes.<\/p>\t\t\t\t\t\t\t\t<\/div>\n\t\t\t\t<\/div>\n\t\t\t\t<div class=\"elementor-element elementor-element-1e808526 animated-slow elementor-invisible elementor-widget elementor-widget-html\" data-id=\"1e808526\" data-element_type=\"widget\" data-e-type=\"widget\" data-settings=\"{&quot;_animation&quot;:&quot;fadeInUp&quot;}\" data-widget_type=\"html.default\">\n\t\t\t\t<div class=\"elementor-widget-container\">\n\t\t\t\t\t<table border=\"1\" cellpadding=\"8\" cellspacing=\"0\">\n  <thead>\n    <tr>\n      <th colspan=\"2\">FICHE TECHNIQUE<\/th>\n    <\/tr>\n  <\/thead>\n  <tbody>\n    <tr>\n      <td>Nom<\/td>\n      <td>GoPro 10 Bones \/Gopro hero 9 Naked <\/td>\n    <\/tr>\n    <tr>\n      <td>Marque<\/td>\n      <td>Gopro<\/td>\n    <\/tr>\n    <tr>\n      <td>Poids<\/td>\n      <td>Hero 10 Bones : 54g <br><br> Hero 9 Naked : 33g <\/td>\n    <\/tr>\n    <tr>\n      <td>Dimensions<\/td>\n      <td>Hero 10 Bones :29X68X50mm <br><br> Hero 9 naked :38X53X53mm<\/td>\n    <\/tr>\n    <tr>\n      <td>Waterproof ?<\/td>\n      <td>Non<\/td>\n    <\/tr>\n <tr>\n      <td>F.O.V<\/td>\n      <td>148\u00b0<\/td>\n    <\/tr>\n     <tr>\n      <td>Resolution et FPS (Mode NTSC et PAL)\n      <td>Hero 10 Bones :  <br>5K 4:3 (24\/30FPS NTSC - 24\/25FPS PAL)<br>5.3K 16:9 (24,30,60FPS NTSC - 24\/25\/50FPS PAL) <br> 4K 4:3 (24\/30\/60FPS NTSC - 24\/25\/50FPS PAL) <br> 4K 16:9 (24\/30\/60\/120FPS NTSC - 24\/25\/50\/100FPS PAL) <br>2.7K 4:3 (60\/120FPS NTSC - 50\/100FPS PAL)<br>2.7K 16:9 (60\/120\/240FPS NTSC - 50\/100\/200FPS PAL)<br>  <br> <br> Hero 9 black : <br>5.3K 8:7 (24\/30FPS NTSC -14\/25FPS PAL) <br> 5.3K 4:3 (24\/3OFPS NTSC - 24\/25FPS PAL) <br> 5.3K 16:9 (24\/20\/60FPS NTSC -24\/25\/50FPS PAL) Superview conseill\u00e9 <br> 4K 8:9 (60FPS NTSC - 50FPS PAL) <br> 4K 4:3 (24\/30\/60FPS NTSC - 24\/25\/50 PAL) <br> 4K 16:9 (24\/30\/60\/120FPS NTSC - 24\/25\/50\/100FPS PAL) Superview conseill\u00e9 <br> 2.7K 4:3 (60\/120FPS NTSC - 50\/100FPS PAL) <br> 2.7K 16:9 (60\/120\/240FPS NTSC - 50\/100\/200FPS PAL) Superview conseill\u00e9\n      <\/tr>\n      <tr>\n      <td>Plage ISO min \u00e0 max <\/td>\n      <td>100-6400<\/td>\n    <\/tr>\n    <tr>\n      <td>Vitesse d' obturation <\/td>\n      <td>1\/24-1\/8022<\/td>\n    <\/tr>\n    <tr>\n      <td>Profil couleur<\/td>\n      <td>Hero 10 Bones: Mode \"Flat\" (le Log de Gopro) \/ 8 bits \/ Rec.709 <br> <br> Hero 9 naked: Mode \"Flat\" (le log de Gopro) \/ 8 bits \/ Rec.709 <\/td>\n    <\/tr>\n    <tr>\n      <td>Format Fichier<\/td>\n      <td>.MP4<\/td>\n    <\/tr>\n    <tr>\n      <td>Codec<\/td>\n      <td>H.264\/HEVC<\/td>\n    <\/tr>\n    <tr>\n      <td>Capteur<\/td>\n      <td>Hero 10 Bones : 1\/1.7\" CMOS (4:3 ratio)<br><br> Hero 9 black : 1\/2,3\" (8:9 ratio)\n    <\/tr>\n    <tr>\n      <td>Stockage<\/td>\n      <td> Micro SD 128go <\/td>\n    <\/tr>\n     <tr>\n      <td>Max Bitrate<\/td>\n      <td>200Mbps\n    <\/tr>\n  <\/tbody>\n<\/table>\n\t\t\t\t<\/div>\n\t\t\t\t<\/div>\n\t\t\t\t\t<\/div>\n\t\t\t\t<\/div>\n\t\t<div class=\"elementor-element elementor-element-696659b6 e-flex e-con-boxed e-con e-parent\" data-id=\"696659b6\" data-element_type=\"container\" data-e-type=\"container\">\n\t\t\t\t\t<div class=\"e-con-inner\">\n\t\t\t\t\t<\/div>\n\t\t\t\t<\/div>\n\t\t\t\t<\/div>","protected":false},"excerpt":{"rendered":"<p>GO PRO NAKED \/ BONES Unique au FPV, La Gopro \u00ab\u00a0naked\u00a0\u00bb est une Gopro qui a \u00e9t\u00e9 d\u00e9mont\u00e9e en pi\u00e8ces pour \u00eatre remont\u00e9e dans un boitier en plastique ultra leger. L&rsquo;objectif est de retirer le moindre gramme possible pour ne garder que l&rsquo;essentiel au fonctionnement de la cam\u00e9ra, permettant de filmer en haute qualit\u00e9 sur [&hellip;]<\/p>","protected":false},"author":2,"featured_media":0,"parent":0,"menu_order":0,"comment_status":"closed","ping_status":"closed","template":"","meta":{"footnotes":""},"class_list":["post-12598","page","type-page","status-publish","hentry"],"_links":{"self":[{"href":"https:\/\/elixfpv.com\/en\/wp-json\/wp\/v2\/pages\/12598","targetHints":{"allow":["GET"]}}],"collection":[{"href":"https:\/\/elixfpv.com\/en\/wp-json\/wp\/v2\/pages"}],"about":[{"href":"https:\/\/elixfpv.com\/en\/wp-json\/wp\/v2\/types\/page"}],"author":[{"embeddable":true,"href":"https:\/\/elixfpv.com\/en\/wp-json\/wp\/v2\/users\/2"}],"replies":[{"embeddable":true,"href":"https:\/\/elixfpv.com\/en\/wp-json\/wp\/v2\/comments?post=12598"}],"version-history":[{"count":69,"href":"https:\/\/elixfpv.com\/en\/wp-json\/wp\/v2\/pages\/12598\/revisions"}],"predecessor-version":[{"id":15325,"href":"https:\/\/elixfpv.com\/en\/wp-json\/wp\/v2\/pages\/12598\/revisions\/15325"}],"wp:attachment":[{"href":"https:\/\/elixfpv.com\/en\/wp-json\/wp\/v2\/media?parent=12598"}],"curies":[{"name":"wp","href":"https:\/\/api.w.org\/{rel}","templated":true}]}}