{"id":12588,"date":"2025-03-27T11:29:32","date_gmt":"2025-03-27T10:29:32","guid":{"rendered":"https:\/\/elixfpv.com\/?page_id=12588"},"modified":"2026-04-24T11:28:15","modified_gmt":"2026-04-24T09:28:15","slug":"5-deadcat","status":"publish","type":"page","link":"https:\/\/elixfpv.com\/en\/5-deadcat\/","title":{"rendered":"5&Prime; deadcat"},"content":{"rendered":"<div data-elementor-type=\"wp-page\" data-elementor-id=\"12588\" class=\"elementor elementor-12588\" data-elementor-settings=\"{&quot;element_pack_global_tooltip_width&quot;:{&quot;unit&quot;:&quot;px&quot;,&quot;size&quot;:&quot;&quot;,&quot;sizes&quot;:[]},&quot;element_pack_global_tooltip_width_tablet&quot;:{&quot;unit&quot;:&quot;px&quot;,&quot;size&quot;:&quot;&quot;,&quot;sizes&quot;:[]},&quot;element_pack_global_tooltip_width_mobile&quot;:{&quot;unit&quot;:&quot;px&quot;,&quot;size&quot;:&quot;&quot;,&quot;sizes&quot;:[]},&quot;element_pack_global_tooltip_padding&quot;:{&quot;unit&quot;:&quot;px&quot;,&quot;top&quot;:&quot;&quot;,&quot;right&quot;:&quot;&quot;,&quot;bottom&quot;:&quot;&quot;,&quot;left&quot;:&quot;&quot;,&quot;isLinked&quot;:true},&quot;element_pack_global_tooltip_padding_tablet&quot;:{&quot;unit&quot;:&quot;px&quot;,&quot;top&quot;:&quot;&quot;,&quot;right&quot;:&quot;&quot;,&quot;bottom&quot;:&quot;&quot;,&quot;left&quot;:&quot;&quot;,&quot;isLinked&quot;:true},&quot;element_pack_global_tooltip_padding_mobile&quot;:{&quot;unit&quot;:&quot;px&quot;,&quot;top&quot;:&quot;&quot;,&quot;right&quot;:&quot;&quot;,&quot;bottom&quot;:&quot;&quot;,&quot;left&quot;:&quot;&quot;,&quot;isLinked&quot;:true},&quot;element_pack_global_tooltip_border_radius&quot;:{&quot;unit&quot;:&quot;px&quot;,&quot;top&quot;:&quot;&quot;,&quot;right&quot;:&quot;&quot;,&quot;bottom&quot;:&quot;&quot;,&quot;left&quot;:&quot;&quot;,&quot;isLinked&quot;:true},&quot;element_pack_global_tooltip_border_radius_tablet&quot;:{&quot;unit&quot;:&quot;px&quot;,&quot;top&quot;:&quot;&quot;,&quot;right&quot;:&quot;&quot;,&quot;bottom&quot;:&quot;&quot;,&quot;left&quot;:&quot;&quot;,&quot;isLinked&quot;:true},&quot;element_pack_global_tooltip_border_radius_mobile&quot;:{&quot;unit&quot;:&quot;px&quot;,&quot;top&quot;:&quot;&quot;,&quot;right&quot;:&quot;&quot;,&quot;bottom&quot;:&quot;&quot;,&quot;left&quot;:&quot;&quot;,&quot;isLinked&quot;:true}}\" data-elementor-post-type=\"page\">\n\t\t\t\t<div class=\"elementor-element elementor-element-5933931b e-flex e-con-boxed e-con e-parent\" data-id=\"5933931b\" data-element_type=\"container\" data-e-type=\"container\">\n\t\t\t\t\t<div class=\"e-con-inner\">\n\t\t\t\t<div class=\"elementor-element elementor-element-1e56455b elementor-widget__width-initial elementor-widget elementor-widget-html\" data-id=\"1e56455b\" data-element_type=\"widget\" data-e-type=\"widget\" data-widget_type=\"html.default\">\n\t\t\t\t<div class=\"elementor-widget-container\">\n\t\t\t\t\t<style>\r\n    \/* Conteneur global pour aligner Titre et Bouton *\/\r\n    .elix-header-layout {\r\n        display: flex;\r\n        flex-direction: column; \/* Les empile verticalement *\/\r\n        gap: 20px; \/* Espace entre le titre et le bouton *\/\r\n        align-items: flex-start; \/* Align\u00e9 \u00e0 gauche *\/\r\n        margin-bottom: 40px; \/* Espace sous le bloc *\/\r\n    }\r\n\r\n    \/* Le Titre du Drone *\/\r\n    .elix-drone-title {\r\n        color: #fff;\r\n        font-family: \"Helvetica Neue\", Helvetica, Arial, sans-serif;\r\n        font-weight: 700;\r\n        text-transform: uppercase;\r\n        font-size: 32px; \/* Taille du titre *\/\r\n        line-height: 1.2;\r\n        margin: 0;\r\n        letter-spacing: 1px;\r\n    }\r\n\r\n    \/* Le Bouton Carr\u00e9 (Retour) *\/\r\n    .elix-back-box {\r\n        display: flex;\r\n        align-items: center;\r\n        justify-content: center;\r\n        width: 50px;  \/* Largeur du carr\u00e9 *\/\r\n        height: 50px; \/* Hauteur du carr\u00e9 *\/\r\n        border: 2px solid #ffffff; \/* Cadre blanc *\/\r\n        background: transparent;\r\n        color: #ffffff;\r\n        transition: all 0.3s ease;\r\n        text-decoration: none; \/* Pas de soulignement *\/\r\n        box-sizing: border-box; \/* Assure que la bordure ne change pas la taille *\/\r\n    }\r\n\r\n    \/* Effet au survol : Fond blanc, fl\u00e8che noire *\/\r\n    .elix-back-box:hover {\r\n        background-color: #ffffff;\r\n        color: #000000;\r\n        box-shadow: 0 0 15px rgba(255, 255, 255, 0.3);\r\n    }\r\n    \r\n     .elix-back-box svg:hover {\r\n        width: 18px;\r\n        height: 18px;\r\n        fill: black!important; \/* La couleur suit le texte (blanc puis noir) *\/\r\n    }\r\n\r\n    \/* L'ic\u00f4ne Fl\u00e8che (SVG) *\/\r\n    .elix-back-box svg {\r\n        width: 18px;\r\n        height: 18px;\r\n        fill: white; \/* La couleur suit le texte (blanc puis noir) *\/\r\n    }\r\n<\/style>\r\n\r\n<div class=\"elix-header-layout\">\r\n    \r\n\r\n\r\n    <a href=\"https:\/\/elixfpv.com\/en\/mes-drones\/\" class=\"elix-back-box\" aria-label=\"Retour aux drones\">\r\n        <svg viewbox=\"0 0 320 512\">\r\n            <path d=\"M34.52 239.03L228.87 44.69c9.37-9.37 24.57-9.37 33.94 0l22.67 22.67c9.36 9.36 9.37 24.52.04 33.9L131.49 256l154.02 154.75c9.34 9.38 9.32 24.54-.04 33.9l-22.67 22.67c-9.37 9.37-24.57 9.37-33.94 0L34.52 272.97c-9.37-9.37-9.37-24.57 0-33.94z\"\/>\r\n        <\/svg>\r\n    <\/a>\r\n\r\n<\/div>\t\t\t\t<\/div>\n\t\t\t\t<\/div>\n\t\t\t\t\t<\/div>\n\t\t\t\t<\/div>\n\t\t<div class=\"elementor-element elementor-element-2da5a1fe e-flex e-con-boxed e-con e-parent\" data-id=\"2da5a1fe\" data-element_type=\"container\" data-e-type=\"container\" data-settings=\"{&quot;background_background&quot;:&quot;video&quot;}\">\n\t\t\t\t\t<div class=\"e-con-inner\">\n\t\t\t\t<div class=\"elementor-element elementor-element-425f1305 elementor-widget__width-initial elementor-widget elementor-widget-html\" data-id=\"425f1305\" data-element_type=\"widget\" data-e-type=\"widget\" data-widget_type=\"html.default\">\n\t\t\t\t<div class=\"elementor-widget-container\">\n\t\t\t\t\t<iframe  id=\"viewer\" width=\"9  00\" height=\"300\" allow=\"fullscreen; xr-spatial-tracking\" src=\"https:\/\/superspl.at\/s?id=dc71d61a&noui\"><\/iframe>\t\t\t\t<\/div>\n\t\t\t\t<\/div>\n\t\t\t\t\t<\/div>\n\t\t\t\t<\/div>\n\t\t<div class=\"elementor-element elementor-element-7872b8b1 e-flex e-con-boxed e-con e-parent\" data-id=\"7872b8b1\" data-element_type=\"container\" data-e-type=\"container\">\n\t\t\t\t\t<div class=\"e-con-inner\">\n\t\t<div class=\"elementor-element elementor-element-128b4c74 e-grid e-con-full e-con e-child\" data-id=\"128b4c74\" data-element_type=\"container\" data-e-type=\"container\">\n\t\t\t\t<div class=\"elementor-element elementor-element-3410f965 elementor-widget elementor-widget-text-editor\" data-id=\"3410f965\" data-element_type=\"widget\" data-e-type=\"widget\" data-widget_type=\"text-editor.default\">\n\t\t\t\t<div class=\"elementor-widget-container\">\n\t\t\t\t\t\t\t\t\t<div class=\"space100%\">\u00a0<\/div>\t\t\t\t\t\t\t\t<\/div>\n\t\t\t\t<\/div>\n\t\t\t\t<div class=\"elementor-element elementor-element-4aa5f453 elementor-widget elementor-widget-heading\" data-id=\"4aa5f453\" data-element_type=\"widget\" data-e-type=\"widget\" data-widget_type=\"heading.default\">\n\t\t\t\t<div class=\"elementor-widget-container\">\n\t\t\t\t\t<h2 class=\"elementor-heading-title elementor-size-default\">5\" deadcat<\/h2>\t\t\t\t<\/div>\n\t\t\t\t<\/div>\n\t\t\t\t<div class=\"elementor-element elementor-element-217e4225 elementor-widget elementor-widget-text-editor\" data-id=\"217e4225\" data-element_type=\"widget\" data-e-type=\"widget\" data-widget_type=\"text-editor.default\">\n\t\t\t\t<div class=\"elementor-widget-container\">\n\t\t\t\t\t\t\t\t\t<div><span style=\"font-family: tahoma, sans-serif;\"><b>Clic Gauche:<\/b>\u00a0Orbit<\/span><\/div><div><span style=\"font-family: tahoma, sans-serif;\"><b>Scroll molette:<\/b>\u00a0Zoom\/Dezoom<\/span><\/div><div><span style=\"font-family: tahoma, sans-serif;\"><b>Espace:\u00a0<\/b>Reset<\/span><\/div>\t\t\t\t\t\t\t\t<\/div>\n\t\t\t\t<\/div>\n\t\t\t\t<\/div>\n\t\t\t\t\t<\/div>\n\t\t\t\t<\/div>\n\t\t<div class=\"elementor-element elementor-element-3d762be3 e-flex e-con-boxed e-con e-parent\" data-id=\"3d762be3\" data-element_type=\"container\" data-e-type=\"container\">\n\t\t\t\t\t<div class=\"e-con-inner\">\n\t\t<div class=\"elementor-element elementor-element-7d432eb9 e-grid e-con-full e-con e-child\" data-id=\"7d432eb9\" data-element_type=\"container\" data-e-type=\"container\">\n\t\t\t\t<div class=\"elementor-element elementor-element-420d765c elementor-widget elementor-widget-image\" data-id=\"420d765c\" data-element_type=\"widget\" data-e-type=\"widget\" data-widget_type=\"image.default\">\n\t\t\t\t<div class=\"elementor-widget-container\">\n\t\t\t\t\t\t\t\t\t\t\t\t\t\t\t\t<a href=\"#elementor-action%3Aaction%3Dpopup%3Aopen%26settings%3DeyJpZCI6IjE0MDIzIiwidG9nZ2xlIjpmYWxzZX0%3D\">\n\t\t\t\t\t\t\t<img fetchpriority=\"high\" decoding=\"async\" width=\"800\" height=\"450\" src=\"https:\/\/elixfpv.com\/wp-content\/uploads\/2025\/11\/photo-1497436072909-60f360e1d4b1-1024x576.jpeg\" class=\"attachment-large size-large wp-image-14022\" alt=\"\" srcset=\"https:\/\/elixfpv.com\/wp-content\/uploads\/2025\/11\/photo-1497436072909-60f360e1d4b1-1024x576.jpeg 1024w, https:\/\/elixfpv.com\/wp-content\/uploads\/2025\/11\/photo-1497436072909-60f360e1d4b1-300x169.jpeg 300w, https:\/\/elixfpv.com\/wp-content\/uploads\/2025\/11\/photo-1497436072909-60f360e1d4b1-768x432.jpeg 768w, https:\/\/elixfpv.com\/wp-content\/uploads\/2025\/11\/photo-1497436072909-60f360e1d4b1-1536x864.jpeg 1536w, https:\/\/elixfpv.com\/wp-content\/uploads\/2025\/11\/photo-1497436072909-60f360e1d4b1-2048x1152.jpeg 2048w\" sizes=\"(max-width: 800px) 100vw, 800px\" \/>\t\t\t\t\t\t\t\t<\/a>\n\t\t\t\t\t\t\t\t\t\t\t\t\t\t\t<\/div>\n\t\t\t\t<\/div>\n\t\t\t\t<div class=\"elementor-element elementor-element-e796b47 elementor-widget elementor-widget-image\" data-id=\"e796b47\" data-element_type=\"widget\" data-e-type=\"widget\" data-widget_type=\"image.default\">\n\t\t\t\t<div class=\"elementor-widget-container\">\n\t\t\t\t\t\t\t\t\t\t\t\t\t\t\t\t<a href=\"#elementor-action%3Aaction%3Dpopup%3Aopen%26settings%3DeyJpZCI6IjE0MDIzIiwidG9nZ2xlIjpmYWxzZX0%3D\">\n\t\t\t\t\t\t\t<img decoding=\"async\" width=\"800\" height=\"450\" src=\"https:\/\/elixfpv.com\/wp-content\/uploads\/2025\/11\/matt-wang-dBp9dbQCh4Q-unsplash-1024x576.jpg\" class=\"attachment-large size-large wp-image-14021\" alt=\"\" srcset=\"https:\/\/elixfpv.com\/wp-content\/uploads\/2025\/11\/matt-wang-dBp9dbQCh4Q-unsplash-1024x576.jpg 1024w, https:\/\/elixfpv.com\/wp-content\/uploads\/2025\/11\/matt-wang-dBp9dbQCh4Q-unsplash-300x169.jpg 300w, https:\/\/elixfpv.com\/wp-content\/uploads\/2025\/11\/matt-wang-dBp9dbQCh4Q-unsplash-768x432.jpg 768w, https:\/\/elixfpv.com\/wp-content\/uploads\/2025\/11\/matt-wang-dBp9dbQCh4Q-unsplash-1536x864.jpg 1536w, https:\/\/elixfpv.com\/wp-content\/uploads\/2025\/11\/matt-wang-dBp9dbQCh4Q-unsplash-2048x1152.jpg 2048w\" sizes=\"(max-width: 800px) 100vw, 800px\" \/>\t\t\t\t\t\t\t\t<\/a>\n\t\t\t\t\t\t\t\t\t\t\t\t\t\t\t<\/div>\n\t\t\t\t<\/div>\n\t\t\t\t<div class=\"elementor-element elementor-element-3fc534ae elementor-widget elementor-widget-image\" data-id=\"3fc534ae\" data-element_type=\"widget\" data-e-type=\"widget\" data-widget_type=\"image.default\">\n\t\t\t\t<div class=\"elementor-widget-container\">\n\t\t\t\t\t\t\t\t\t\t\t\t\t\t\t\t<a href=\"#elementor-action%3Aaction%3Dpopup%3Aopen%26settings%3DeyJpZCI6IjE0MDIzIiwidG9nZ2xlIjpmYWxzZX0%3D\">\n\t\t\t\t\t\t\t<img decoding=\"async\" width=\"800\" height=\"500\" src=\"https:\/\/elixfpv.com\/wp-content\/uploads\/2025\/11\/luka-verc-grPhIvFoDGM-unsplash-1024x640.jpg\" class=\"attachment-large size-large wp-image-14020\" alt=\"\" srcset=\"https:\/\/elixfpv.com\/wp-content\/uploads\/2025\/11\/luka-verc-grPhIvFoDGM-unsplash-1024x640.jpg 1024w, https:\/\/elixfpv.com\/wp-content\/uploads\/2025\/11\/luka-verc-grPhIvFoDGM-unsplash-300x188.jpg 300w, https:\/\/elixfpv.com\/wp-content\/uploads\/2025\/11\/luka-verc-grPhIvFoDGM-unsplash-768x480.jpg 768w, https:\/\/elixfpv.com\/wp-content\/uploads\/2025\/11\/luka-verc-grPhIvFoDGM-unsplash-1536x960.jpg 1536w, https:\/\/elixfpv.com\/wp-content\/uploads\/2025\/11\/luka-verc-grPhIvFoDGM-unsplash-2048x1280.jpg 2048w\" sizes=\"(max-width: 800px) 100vw, 800px\" \/>\t\t\t\t\t\t\t\t<\/a>\n\t\t\t\t\t\t\t\t\t\t\t\t\t\t\t<\/div>\n\t\t\t\t<\/div>\n\t\t\t\t<\/div>\n\t\t\t\t\t<\/div>\n\t\t\t\t<\/div>\n\t\t<div class=\"elementor-element elementor-element-44f16867 e-flex e-con-boxed e-con e-parent\" data-id=\"44f16867\" data-element_type=\"container\" data-e-type=\"container\" data-settings=\"{&quot;background_background&quot;:&quot;classic&quot;}\">\n\t\t\t\t\t<div class=\"e-con-inner\">\n\t\t\t\t<div class=\"elementor-element elementor-element-553ee2be elementor-widget elementor-widget-text-editor\" data-id=\"553ee2be\" data-element_type=\"widget\" data-e-type=\"widget\" data-widget_type=\"text-editor.default\">\n\t\t\t\t<div class=\"elementor-widget-container\">\n\t\t\t\t\t\t\t\t\t<p>Le 5&Prime; Deadcat est un drone polyvalent optimis\u00e9 et pens\u00e9 pour la captation vid\u00e9o.<\/p><p>On dit qu&rsquo;un ch\u00e2ssis de drone est en \u00ab\u00a0Deadcat\u00a0\u00bb quand les deux bras<span style=\"font-weight: 400;\"> avants sont mont\u00e9s asym\u00e9triquement aux deux bras arri\u00e8res.<\/span><\/p><p><span style=\"font-weight: 400;\">Cette structure permet de ne pas laisser les h\u00e9lices dans le champ de vision de la Action cam, qu&rsquo;importe l&rsquo;angle de la cam\u00e9ra. <\/span><\/p><p><em><span style=\"font-weight: 400;\">Pour comprendre l\u2019importance de<\/span><b> l\u2019angle cam\u00e9ra sur un drone FPV<\/b><span style=\"font-weight: 400;\">, Rdv dans la partie <\/span><b>F.A.Q<\/b><\/em><\/p><p>C&rsquo;est un indispensable sur un tournage qui peut tout autant apporter des plans freestyles dynamiques, que des plans maitris\u00e9s et calme.<\/p><p>Ce drone a la particularit\u00e9 de pouvoir \u00eatre mont\u00e9 avec un <strong>Syst\u00e8me cam\u00e9ra \u00e0 Inclinaison variable<\/strong>.<\/p><p><em>Pour en savoir + sur ce syst\u00e8me, R.D.V dans la page <strong>F.A.Q<\/strong><\/em><\/p><p><span style=\"font-weight: 400;\">Le ch\u00e2ssis que j\u2019utilise a \u00e9t\u00e9 d\u00e9velopp\u00e9 par la talentueuse marque fran\u00e7aise <\/span><b><i>Parallax FPV<\/i><\/b><span style=\"font-weight: 400;\">, avec qui je travaille en \u00e9troite collaboration.<\/span><\/p>\t\t\t\t\t\t\t\t<\/div>\n\t\t\t\t<\/div>\n\t\t\t\t<div class=\"elementor-element elementor-element-27ab1205 animated-slow bdt-backdrop-filter-yes elementor-invisible elementor-widget elementor-widget-html\" data-id=\"27ab1205\" data-element_type=\"widget\" data-e-type=\"widget\" data-settings=\"{&quot;_animation&quot;:&quot;fadeInUp&quot;}\" data-widget_type=\"html.default\">\n\t\t\t\t<div class=\"elementor-widget-container\">\n\t\t\t\t\t<table border=\"1\" cellpadding=\"8\" cellspacing=\"0\">\n  <thead>\n    <tr>\n      <th colspan=\"2\">Fiche technique<\/th>\n    <\/tr>\n  <\/thead>\n  <tbody>\n    <tr>\n      <td>Nom<\/td>\n      <td>5\" Valkyire Deadcat - By Parallax FPV<\/td>\n    <\/tr>\n    <tr>\n      <td>Poids<\/td>\n      <td> 902 grammes<\/td>\n    <\/tr>\n    <tr>\n      <td>Cam\u00e9ra<\/td>\n      <td>DJI ACTION 2 \/ GoPro 11 mini \/ Gopro 10 Black (Action Cam)<\/td>\n    <\/tr>\n    <tr>\n      <td>Vitesse Moyenne<\/td>\n      <td>60 Km\/h<\/td>\n    <\/tr>\n    <tr>\n      <td>Vitesse Max<\/td>\n      <td>120 Km\/h<\/td>\n    <\/tr>\n    <tr>\n      <td>Autonomie de vol<\/td>\n      <td>5\/6 minutes<\/td>\n    <\/tr>\n    <tr>\n      <td>Watrerproof ?<\/td>\n      <td>Oui\n<\/td>\n    <\/tr>\n    <tr>\n      <td>Syt\u00e8me vid\u00e9o (VTX)<\/td>\n      <td> Vtx Freestyle V2 HDZERO\n<\/td>\n    <\/tr>\n    <tr>\n      <td>Cam\u00e9ra FPV<\/td>\n      <td>  Nano 90-HDZERO\n<\/td>\n    <\/tr>\n    <tr>\n      <td>Moteurs<\/td>\n      <td>Axis Flying 2306\/ 2010 KV\n<\/td>\n    <\/tr>\n    <tr>\n      <td>Batterie<\/td>\n      <td>Bonka Lipos 6s\/ 1300 Mah<\/td>\n    <\/tr>\n    <tr>\n      <td>Helices<\/td>\n      <td>Gemfan F4S<\/td>\n    <\/tr>\n    <tr>\n      <td>Stack<\/td>\n      <td>FC: Hobywing Xrotor F7 \/ ESC: Rush Extreme 60A<\/td>\n          <tr>\n      <td>RX<\/td>\n      <td> Happymodel EP1 TCX0 2.4 Ghz<\/td>\n    <\/tr>\n    <tr>\n  <\/tbody>\n<\/table>\n\t\t\t\t<\/div>\n\t\t\t\t<\/div>\n\t\t\t\t\t<\/div>\n\t\t\t\t<\/div>\n\t\t<div class=\"elementor-element elementor-element-1c0f4a0b e-flex e-con-boxed e-con e-parent\" data-id=\"1c0f4a0b\" data-element_type=\"container\" data-e-type=\"container\">\n\t\t\t\t\t<div class=\"e-con-inner\">\n\t\t\t\t\t<\/div>\n\t\t\t\t<\/div>\n\t\t\t\t<\/div>","protected":false},"excerpt":{"rendered":"<p>\u00a0 5&Prime; deadcat Clic Gauche:\u00a0OrbitScroll molette:\u00a0Zoom\/DezoomEspace:\u00a0Reset Le 5&Prime; Deadcat est un drone polyvalent optimis\u00e9 et pens\u00e9 pour la captation vid\u00e9o. On dit qu&rsquo;un ch\u00e2ssis de drone est en \u00ab\u00a0Deadcat\u00a0\u00bb quand les deux bras avants sont mont\u00e9s asym\u00e9triquement aux deux bras arri\u00e8res. Cette structure permet de ne pas laisser les h\u00e9lices dans le champ de vision [&hellip;]<\/p>","protected":false},"author":2,"featured_media":0,"parent":0,"menu_order":0,"comment_status":"closed","ping_status":"closed","template":"","meta":{"footnotes":""},"class_list":["post-12588","page","type-page","status-publish","hentry"],"_links":{"self":[{"href":"https:\/\/elixfpv.com\/en\/wp-json\/wp\/v2\/pages\/12588","targetHints":{"allow":["GET"]}}],"collection":[{"href":"https:\/\/elixfpv.com\/en\/wp-json\/wp\/v2\/pages"}],"about":[{"href":"https:\/\/elixfpv.com\/en\/wp-json\/wp\/v2\/types\/page"}],"author":[{"embeddable":true,"href":"https:\/\/elixfpv.com\/en\/wp-json\/wp\/v2\/users\/2"}],"replies":[{"embeddable":true,"href":"https:\/\/elixfpv.com\/en\/wp-json\/wp\/v2\/comments?post=12588"}],"version-history":[{"count":36,"href":"https:\/\/elixfpv.com\/en\/wp-json\/wp\/v2\/pages\/12588\/revisions"}],"predecessor-version":[{"id":15518,"href":"https:\/\/elixfpv.com\/en\/wp-json\/wp\/v2\/pages\/12588\/revisions\/15518"}],"wp:attachment":[{"href":"https:\/\/elixfpv.com\/en\/wp-json\/wp\/v2\/media?parent=12588"}],"curies":[{"name":"wp","href":"https:\/\/api.w.org\/{rel}","templated":true}]}}