{"id":12580,"date":"2025-03-27T11:28:26","date_gmt":"2025-03-27T10:28:26","guid":{"rendered":"https:\/\/elixfpv.com\/?page_id=12580"},"modified":"2026-04-25T05:21:50","modified_gmt":"2026-04-25T03:21:50","slug":"cinewhoop-2-5","status":"publish","type":"page","link":"https:\/\/elixfpv.com\/en\/cinewhoop-2-5\/","title":{"rendered":"Cinewhoop 2.5&Prime;"},"content":{"rendered":"<div data-elementor-type=\"wp-page\" data-elementor-id=\"12580\" class=\"elementor elementor-12580\" data-elementor-settings=\"{&quot;element_pack_global_tooltip_width&quot;:{&quot;unit&quot;:&quot;px&quot;,&quot;size&quot;:&quot;&quot;,&quot;sizes&quot;:[]},&quot;element_pack_global_tooltip_width_tablet&quot;:{&quot;unit&quot;:&quot;px&quot;,&quot;size&quot;:&quot;&quot;,&quot;sizes&quot;:[]},&quot;element_pack_global_tooltip_width_mobile&quot;:{&quot;unit&quot;:&quot;px&quot;,&quot;size&quot;:&quot;&quot;,&quot;sizes&quot;:[]},&quot;element_pack_global_tooltip_padding&quot;:{&quot;unit&quot;:&quot;px&quot;,&quot;top&quot;:&quot;&quot;,&quot;right&quot;:&quot;&quot;,&quot;bottom&quot;:&quot;&quot;,&quot;left&quot;:&quot;&quot;,&quot;isLinked&quot;:true},&quot;element_pack_global_tooltip_padding_tablet&quot;:{&quot;unit&quot;:&quot;px&quot;,&quot;top&quot;:&quot;&quot;,&quot;right&quot;:&quot;&quot;,&quot;bottom&quot;:&quot;&quot;,&quot;left&quot;:&quot;&quot;,&quot;isLinked&quot;:true},&quot;element_pack_global_tooltip_padding_mobile&quot;:{&quot;unit&quot;:&quot;px&quot;,&quot;top&quot;:&quot;&quot;,&quot;right&quot;:&quot;&quot;,&quot;bottom&quot;:&quot;&quot;,&quot;left&quot;:&quot;&quot;,&quot;isLinked&quot;:true},&quot;element_pack_global_tooltip_border_radius&quot;:{&quot;unit&quot;:&quot;px&quot;,&quot;top&quot;:&quot;&quot;,&quot;right&quot;:&quot;&quot;,&quot;bottom&quot;:&quot;&quot;,&quot;left&quot;:&quot;&quot;,&quot;isLinked&quot;:true},&quot;element_pack_global_tooltip_border_radius_tablet&quot;:{&quot;unit&quot;:&quot;px&quot;,&quot;top&quot;:&quot;&quot;,&quot;right&quot;:&quot;&quot;,&quot;bottom&quot;:&quot;&quot;,&quot;left&quot;:&quot;&quot;,&quot;isLinked&quot;:true},&quot;element_pack_global_tooltip_border_radius_mobile&quot;:{&quot;unit&quot;:&quot;px&quot;,&quot;top&quot;:&quot;&quot;,&quot;right&quot;:&quot;&quot;,&quot;bottom&quot;:&quot;&quot;,&quot;left&quot;:&quot;&quot;,&quot;isLinked&quot;:true}}\" data-elementor-post-type=\"page\">\n\t\t\t\t<div class=\"elementor-element elementor-element-4dc6e2e2 e-flex e-con-boxed e-con e-parent\" data-id=\"4dc6e2e2\" data-element_type=\"container\" data-e-type=\"container\">\n\t\t\t\t\t<div class=\"e-con-inner\">\n\t\t\t\t<div class=\"elementor-element elementor-element-57e7c8f9 elementor-widget__width-initial elementor-widget elementor-widget-html\" data-id=\"57e7c8f9\" data-element_type=\"widget\" data-e-type=\"widget\" data-widget_type=\"html.default\">\n\t\t\t\t<div class=\"elementor-widget-container\">\n\t\t\t\t\t<style>\r\n    \/* Conteneur global pour aligner Titre et Bouton *\/\r\n    .elix-header-layout {\r\n        display: flex;\r\n        flex-direction: column; \/* Les empile verticalement *\/\r\n        gap: 20px; \/* Espace entre le titre et le bouton *\/\r\n        align-items: flex-start; \/* Align\u00e9 \u00e0 gauche *\/\r\n        margin-bottom: 40px; \/* Espace sous le bloc *\/\r\n    }\r\n\r\n    \/* Le Titre du Drone *\/\r\n    .elix-drone-title {\r\n        color: #fff;\r\n        font-family: \"Helvetica Neue\", Helvetica, Arial, sans-serif;\r\n        font-weight: 700;\r\n        text-transform: uppercase;\r\n        font-size: 32px; \/* Taille du titre *\/\r\n        line-height: 1.2;\r\n        margin: 0;\r\n        letter-spacing: 1px;\r\n    }\r\n\r\n    \/* Le Bouton Carr\u00e9 (Retour) *\/\r\n    .elix-back-box {\r\n        display: flex;\r\n        align-items: center;\r\n        justify-content: center;\r\n        width: 50px;  \/* Largeur du carr\u00e9 *\/\r\n        height: 50px; \/* Hauteur du carr\u00e9 *\/\r\n        border: 2px solid #ffffff; \/* Cadre blanc *\/\r\n        background: transparent;\r\n        color: #ffffff;\r\n        transition: all 0.3s ease;\r\n        text-decoration: none; \/* Pas de soulignement *\/\r\n        box-sizing: border-box; \/* Assure que la bordure ne change pas la taille *\/\r\n    }\r\n\r\n    \/* Effet au survol : Fond blanc, fl\u00e8che noire *\/\r\n    .elix-back-box:hover {\r\n        background-color: #ffffff;\r\n        color: #000000;\r\n        box-shadow: 0 0 15px rgba(255, 255, 255, 0.3);\r\n    }\r\n    \r\n     .elix-back-box svg:hover {\r\n        width: 18px;\r\n        height: 18px;\r\n        fill: black!important; \/* La couleur suit le texte (blanc puis noir) *\/\r\n    }\r\n\r\n    \/* L'ic\u00f4ne Fl\u00e8che (SVG) *\/\r\n    .elix-back-box svg {\r\n        width: 18px;\r\n        height: 18px;\r\n        fill: white; \/* La couleur suit le texte (blanc puis noir) *\/\r\n    }\r\n<\/style>\r\n\r\n<div class=\"elix-header-layout\">\r\n    \r\n\r\n\r\n    <a href=\"https:\/\/elixfpv.com\/en\/mes-drones\/\" class=\"elix-back-box\" aria-label=\"Retour aux drones\">\r\n        <svg viewbox=\"0 0 320 512\">\r\n            <path d=\"M34.52 239.03L228.87 44.69c9.37-9.37 24.57-9.37 33.94 0l22.67 22.67c9.36 9.36 9.37 24.52.04 33.9L131.49 256l154.02 154.75c9.34 9.38 9.32 24.54-.04 33.9l-22.67 22.67c-9.37 9.37-24.57 9.37-33.94 0L34.52 272.97c-9.37-9.37-9.37-24.57 0-33.94z\"\/>\r\n        <\/svg>\r\n    <\/a>\r\n\r\n<\/div>\t\t\t\t<\/div>\n\t\t\t\t<\/div>\n\t\t\t\t\t<\/div>\n\t\t\t\t<\/div>\n\t\t<div class=\"elementor-element elementor-element-4809d05f e-flex e-con-boxed e-con e-parent\" data-id=\"4809d05f\" data-element_type=\"container\" data-e-type=\"container\" data-settings=\"{&quot;background_background&quot;:&quot;video&quot;}\">\n\t\t\t\t\t<div class=\"e-con-inner\">\n\t\t\t\t<div class=\"elementor-element elementor-element-21638b8a elementor-widget__width-initial elementor-widget elementor-widget-html\" data-id=\"21638b8a\" data-element_type=\"widget\" data-e-type=\"widget\" data-widget_type=\"html.default\">\n\t\t\t\t<div class=\"elementor-widget-container\">\n\t\t\t\t\t<iframe  id=\"viewer\" width=\"9  00\" height=\"300\" allow=\"fullscreen; xr-spatial-tracking\" src=\"https:\/\/superspl.at\/s?id=5d24d1f8&noui\"><\/iframe>\t\t\t\t<\/div>\n\t\t\t\t<\/div>\n\t\t\t\t\t<\/div>\n\t\t\t\t<\/div>\n\t\t<div class=\"elementor-element elementor-element-5f0cad4e e-flex e-con-boxed e-con e-parent\" data-id=\"5f0cad4e\" data-element_type=\"container\" data-e-type=\"container\">\n\t\t\t\t\t<div class=\"e-con-inner\">\n\t\t<div class=\"elementor-element elementor-element-e539f7c e-grid e-con-full e-con e-child\" data-id=\"e539f7c\" data-element_type=\"container\" data-e-type=\"container\">\n\t\t\t\t<div class=\"elementor-element elementor-element-1c58cdaa elementor-widget elementor-widget-text-editor\" data-id=\"1c58cdaa\" data-element_type=\"widget\" data-e-type=\"widget\" data-widget_type=\"text-editor.default\">\n\t\t\t\t<div class=\"elementor-widget-container\">\n\t\t\t\t\t\t\t\t\t<div class=\"space100%\">\u00a0<\/div>\t\t\t\t\t\t\t\t<\/div>\n\t\t\t\t<\/div>\n\t\t\t\t<div class=\"elementor-element elementor-element-7bd4d27f elementor-widget elementor-widget-heading\" data-id=\"7bd4d27f\" data-element_type=\"widget\" data-e-type=\"widget\" data-widget_type=\"heading.default\">\n\t\t\t\t<div class=\"elementor-widget-container\">\n\t\t\t\t\t<h2 class=\"elementor-heading-title elementor-size-default\">cinewhoop 2.5\"<\/h2>\t\t\t\t<\/div>\n\t\t\t\t<\/div>\n\t\t\t\t<div class=\"elementor-element elementor-element-1e2fa5ea elementor-widget elementor-widget-text-editor\" data-id=\"1e2fa5ea\" data-element_type=\"widget\" data-e-type=\"widget\" data-widget_type=\"text-editor.default\">\n\t\t\t\t<div class=\"elementor-widget-container\">\n\t\t\t\t\t\t\t\t\t<div><span style=\"font-family: tahoma, sans-serif;\"><b>Clic Gauche:<\/b>\u00a0Orbit<\/span><\/div><div><span style=\"font-family: tahoma, sans-serif;\"><b>Scroll molette:<\/b>\u00a0Zoom\/Dezoom<\/span><\/div><div><span style=\"font-family: tahoma, sans-serif;\"><b>Espace:\u00a0<\/b>Reset<\/span><\/div>\t\t\t\t\t\t\t\t<\/div>\n\t\t\t\t<\/div>\n\t\t\t\t<\/div>\n\t\t\t\t\t<\/div>\n\t\t\t\t<\/div>\n\t\t<div class=\"elementor-element elementor-element-3b091af4 e-flex e-con-boxed e-con e-parent\" data-id=\"3b091af4\" data-element_type=\"container\" data-e-type=\"container\">\n\t\t\t\t\t<div class=\"e-con-inner\">\n\t\t<div class=\"elementor-element elementor-element-ec7d7bb e-grid e-con-full e-con e-child\" data-id=\"ec7d7bb\" data-element_type=\"container\" data-e-type=\"container\">\n\t\t\t\t<div class=\"elementor-element elementor-element-b4d8566 elementor-widget elementor-widget-image\" data-id=\"b4d8566\" data-element_type=\"widget\" data-e-type=\"widget\" data-widget_type=\"image.default\">\n\t\t\t\t<div class=\"elementor-widget-container\">\n\t\t\t\t\t\t\t\t\t\t\t\t\t\t\t\t<a href=\"#elementor-action%3Aaction%3Dpopup%3Aopen%26settings%3DeyJpZCI6IjE0MDIzIiwidG9nZ2xlIjpmYWxzZX0%3D\">\n\t\t\t\t\t\t\t<img fetchpriority=\"high\" decoding=\"async\" width=\"800\" height=\"450\" src=\"https:\/\/elixfpv.com\/wp-content\/uploads\/2025\/11\/photo-1497436072909-60f360e1d4b1-1024x576.jpeg\" class=\"attachment-large size-large wp-image-14022\" alt=\"\" srcset=\"https:\/\/elixfpv.com\/wp-content\/uploads\/2025\/11\/photo-1497436072909-60f360e1d4b1-1024x576.jpeg 1024w, https:\/\/elixfpv.com\/wp-content\/uploads\/2025\/11\/photo-1497436072909-60f360e1d4b1-300x169.jpeg 300w, https:\/\/elixfpv.com\/wp-content\/uploads\/2025\/11\/photo-1497436072909-60f360e1d4b1-768x432.jpeg 768w, https:\/\/elixfpv.com\/wp-content\/uploads\/2025\/11\/photo-1497436072909-60f360e1d4b1-1536x864.jpeg 1536w, https:\/\/elixfpv.com\/wp-content\/uploads\/2025\/11\/photo-1497436072909-60f360e1d4b1-2048x1152.jpeg 2048w\" sizes=\"(max-width: 800px) 100vw, 800px\" \/>\t\t\t\t\t\t\t\t<\/a>\n\t\t\t\t\t\t\t\t\t\t\t\t\t\t\t<\/div>\n\t\t\t\t<\/div>\n\t\t\t\t<div class=\"elementor-element elementor-element-7820d449 elementor-widget elementor-widget-image\" data-id=\"7820d449\" data-element_type=\"widget\" data-e-type=\"widget\" data-widget_type=\"image.default\">\n\t\t\t\t<div class=\"elementor-widget-container\">\n\t\t\t\t\t\t\t\t\t\t\t\t\t\t\t\t<a href=\"#elementor-action%3Aaction%3Dpopup%3Aopen%26settings%3DeyJpZCI6IjE0MDIzIiwidG9nZ2xlIjpmYWxzZX0%3D\">\n\t\t\t\t\t\t\t<img decoding=\"async\" width=\"800\" height=\"450\" src=\"https:\/\/elixfpv.com\/wp-content\/uploads\/2025\/11\/matt-wang-dBp9dbQCh4Q-unsplash-1024x576.jpg\" class=\"attachment-large size-large wp-image-14021\" alt=\"\" srcset=\"https:\/\/elixfpv.com\/wp-content\/uploads\/2025\/11\/matt-wang-dBp9dbQCh4Q-unsplash-1024x576.jpg 1024w, https:\/\/elixfpv.com\/wp-content\/uploads\/2025\/11\/matt-wang-dBp9dbQCh4Q-unsplash-300x169.jpg 300w, https:\/\/elixfpv.com\/wp-content\/uploads\/2025\/11\/matt-wang-dBp9dbQCh4Q-unsplash-768x432.jpg 768w, https:\/\/elixfpv.com\/wp-content\/uploads\/2025\/11\/matt-wang-dBp9dbQCh4Q-unsplash-1536x864.jpg 1536w, https:\/\/elixfpv.com\/wp-content\/uploads\/2025\/11\/matt-wang-dBp9dbQCh4Q-unsplash-2048x1152.jpg 2048w\" sizes=\"(max-width: 800px) 100vw, 800px\" \/>\t\t\t\t\t\t\t\t<\/a>\n\t\t\t\t\t\t\t\t\t\t\t\t\t\t\t<\/div>\n\t\t\t\t<\/div>\n\t\t\t\t<div class=\"elementor-element elementor-element-620aaa01 elementor-widget elementor-widget-image\" data-id=\"620aaa01\" data-element_type=\"widget\" data-e-type=\"widget\" data-widget_type=\"image.default\">\n\t\t\t\t<div class=\"elementor-widget-container\">\n\t\t\t\t\t\t\t\t\t\t\t\t\t\t\t\t<a href=\"#elementor-action%3Aaction%3Dpopup%3Aopen%26settings%3DeyJpZCI6IjE0MDIzIiwidG9nZ2xlIjpmYWxzZX0%3D\">\n\t\t\t\t\t\t\t<img decoding=\"async\" width=\"800\" height=\"500\" src=\"https:\/\/elixfpv.com\/wp-content\/uploads\/2025\/11\/luka-verc-grPhIvFoDGM-unsplash-1024x640.jpg\" class=\"attachment-large size-large wp-image-14020\" alt=\"\" srcset=\"https:\/\/elixfpv.com\/wp-content\/uploads\/2025\/11\/luka-verc-grPhIvFoDGM-unsplash-1024x640.jpg 1024w, https:\/\/elixfpv.com\/wp-content\/uploads\/2025\/11\/luka-verc-grPhIvFoDGM-unsplash-300x188.jpg 300w, https:\/\/elixfpv.com\/wp-content\/uploads\/2025\/11\/luka-verc-grPhIvFoDGM-unsplash-768x480.jpg 768w, https:\/\/elixfpv.com\/wp-content\/uploads\/2025\/11\/luka-verc-grPhIvFoDGM-unsplash-1536x960.jpg 1536w, https:\/\/elixfpv.com\/wp-content\/uploads\/2025\/11\/luka-verc-grPhIvFoDGM-unsplash-2048x1280.jpg 2048w\" sizes=\"(max-width: 800px) 100vw, 800px\" \/>\t\t\t\t\t\t\t\t<\/a>\n\t\t\t\t\t\t\t\t\t\t\t\t\t\t\t<\/div>\n\t\t\t\t<\/div>\n\t\t\t\t<\/div>\n\t\t\t\t\t<\/div>\n\t\t\t\t<\/div>\n\t\t<div class=\"elementor-element elementor-element-53a02d93 e-flex e-con-boxed e-con e-parent\" data-id=\"53a02d93\" data-element_type=\"container\" data-e-type=\"container\" data-settings=\"{&quot;background_background&quot;:&quot;classic&quot;}\">\n\t\t\t\t\t<div class=\"e-con-inner\">\n\t\t\t\t<div class=\"elementor-element elementor-element-564514d0 elementor-widget elementor-widget-text-editor\" data-id=\"564514d0\" data-element_type=\"widget\" data-e-type=\"widget\" data-widget_type=\"text-editor.default\">\n\t\t\t\t<div class=\"elementor-widget-container\">\n\t\t\t\t\t\t\t\t\t<p data-start=\"260\" data-end=\"753\">Le<strong> cinewhoop 2.5&Prime;<\/strong> est un FPV appartenant \u00e0 la cat\u00e9gories des <strong>whoop.<\/strong><\/p><p data-start=\"260\" data-end=\"753\">Le terme <strong>whoop<\/strong> fait r\u00e9f\u00e9rence \u00e0 un drone dont <strong>la structure comprend une protection autour des h\u00e9lices<\/strong>, un atout indispensable pour voler en int\u00e9rieur et \u00e0 proximit\u00e9 de sujets sans risques, au prix d&rsquo;un a\u00e9rodynamisme limit\u00e9.<\/p><p data-start=\"260\" data-end=\"753\">Plus compact et l\u00e9ger que le <a href=\"https:\/\/elixfpv.com\/en\/cinewhoop-3-5\/\" target=\"_blank\" rel=\"noopener\"><span style=\"text-decoration: underline;\"><strong>3.5&Prime; Cinewhoop<\/strong><\/span><\/a>, il a l&rsquo;avantage d&rsquo;etre parfaitement adapt\u00e9 au vol en int\u00e9rieur, apportant un excellent compromis entre Taille, puissance, poids et agilit\u00e9 pour ce sc\u00e9nario de vol.<\/p><p data-start=\"260\" data-end=\"753\">Il est possible de l&rsquo;\u00e9quiper d&rsquo;un <strong>syst\u00e8me cam\u00e9ra \u00e0 inclinaison variable<\/strong> si n\u00e9cessaire.<\/p><p data-start=\"260\" data-end=\"753\"><em>Pour en apprendre plus sur ce syst\u00e8me, rendez-vous dans la partie <span style=\"text-decoration: underline;\"><a href=\"https:\/\/elixfpv.com\/en\/faq\/\" target=\"_blank\" rel=\"noopener\"><strong>F.A.Q.<\/strong><\/a><\/span><\/em><\/p><p data-start=\"260\" data-end=\"753\">\u00a0<\/p>\t\t\t\t\t\t\t\t<\/div>\n\t\t\t\t<\/div>\n\t\t\t\t<div class=\"elementor-element elementor-element-12352c7d animated-slow elementor-invisible elementor-widget elementor-widget-html\" data-id=\"12352c7d\" data-element_type=\"widget\" data-e-type=\"widget\" data-settings=\"{&quot;_animation&quot;:&quot;fadeInUp&quot;}\" data-widget_type=\"html.default\">\n\t\t\t\t<div class=\"elementor-widget-container\">\n\t\t\t\t\t<table border=\"1\" cellpadding=\"8\" cellspacing=\"0\">\r\n  <thead>\r\n    <tr>\r\n      <th colspan=\"2\">\r\n        <div style=\"display: flex; justify-content: space-between; align-items: center;\">\r\n          <span>Fiche technique<\/span>\r\n          <a href=\"https:\/\/elixfpv.com\/wp-content\/uploads\/2026\/04\/Fiches_technique.pdf\" download title=\"T\u00e9l\u00e9charger la fiche technique en PDF\"\r\n            style=\"color: inherit; text-decoration: none; display: flex; align-items: center; gap: 6px; font-weight: normal; font-size: 0.85em; opacity: 0.85; transition: opacity 0.2s;\"\r\n            onmouseover=\"this.style.opacity='1'\" onmouseout=\"this.style.opacity='0.85'\" target=\"_blank\">\r\n            <svg xmlns=\"http:\/\/www.w3.org\/2000\/svg\" width=\"18\" height=\"18\" viewbox=\"0 0 24 24\"\r\n              fill=\"none\" stroke=\"currentColor\" stroke-width=\"2\" stroke-linecap=\"round\" stroke-linejoin=\"round\">\r\n              <path d=\"M21 15v4a2 2 0 0 1-2 2H5a2 2 0 0 1-2-2v-4\"\/>\r\n              <polyline points=\"7 10 12 15 17 10\"\/>\r\n              <line x1=\"12\" y1=\"15\" x2=\"12\" y2=\"3\"\/>\r\n            <\/svg>\r\n            PDF\r\n          <\/a>\r\n        <\/div>\r\n      <\/th>\r\n    <\/tr>\r\n  <\/thead>\r\n  <tbody>\r\n    <tr>\r\n      <td>Nom<\/td>\r\n      <td>2.5\" Cinewhoop God Mod V3 - By Dutch Drones Gods<\/td>\r\n    <\/tr>\r\n    <tr>\r\n      <td>Poids<\/td>\r\n      <td>244g<\/td>\r\n    <\/tr>\r\n    <tr>\r\n      <td>Cam\u00e9ra<\/td>\r\n      <td>Gopro Naked \/ Gopro 10 Bones<\/td>\r\n    <\/tr>\r\n    <tr>\r\n      <td>Vitesse Moyenne<\/td>\r\n      <td>45 Km\/h<\/td>\r\n    <\/tr>\r\n    <tr>\r\n      <td>Vitesse Max<\/td>\r\n      <td>90 Km\/h<\/td>\r\n    <\/tr>\r\n    <tr>\r\n      <td>Autonomie de vol<\/td>\r\n      <td>5\/6 minutes<\/td>\r\n    <\/tr>\r\n    <tr>\r\n      <td>Waterproof ?<\/td>\r\n      <td>Non<\/td>\r\n    <\/tr>\r\n    <tr>\r\n      <td>Syst\u00e8me vid\u00e9o (VTX)<\/td>\r\n      <td>Freestyle V2 Hdzero<\/td>\r\n    <\/tr>\r\n    <tr>\r\n      <td>Cam\u00e9ra FPV<\/td>\r\n      <td>Nano 90-HDZERO<\/td>\r\n    <\/tr>\r\n    <tr>\r\n      <td>Moteurs<\/td>\r\n      <td>Axis flying C145 \/ 4500 KV<\/td>\r\n    <\/tr>\r\n    <tr>\r\n      <td>Batterie<\/td>\r\n      <td>Lipos 4s 450 Mah - By TattuLipos<\/td>\r\n    <\/tr>\r\n    <tr>\r\n      <td>H\u00e9lices<\/td>\r\n      <td>HQ prop 2.5\"<\/td>\r\n    <\/tr>\r\n    <tr>\r\n      <td>Stack<\/td>\r\n      <td>Axis flying argus F7 AIO<\/td>\r\n    <\/tr>\r\n    <tr>\r\n      <td>RX<\/td>\r\n      <td>Happymodel EP1 TCX0 2.4 Ghz<\/td>\r\n    <\/tr>\r\n  <\/tbody>\r\n<\/table>\r\n\t\t\t\t<\/div>\n\t\t\t\t<\/div>\n\t\t\t\t\t<\/div>\n\t\t\t\t<\/div>\n\t\t<div class=\"elementor-element elementor-element-7c3632dc e-flex e-con-boxed e-con e-parent\" data-id=\"7c3632dc\" data-element_type=\"container\" data-e-type=\"container\">\n\t\t\t\t\t<div class=\"e-con-inner\">\n\t\t\t\t\t<\/div>\n\t\t\t\t<\/div>\n\t\t\t\t<\/div>","protected":false},"excerpt":{"rendered":"<p>\u00a0 cinewhoop 2.5&Prime; Clic Gauche:\u00a0OrbitScroll molette:\u00a0Zoom\/DezoomEspace:\u00a0Reset Le cinewhoop 2.5&Prime; est un FPV appartenant \u00e0 la cat\u00e9gories des whoop. Le terme whoop fait r\u00e9f\u00e9rence \u00e0 un drone dont la structure comprend une protection autour des h\u00e9lices, un atout indispensable pour voler en int\u00e9rieur et \u00e0 proximit\u00e9 de sujets sans risques, au prix d&rsquo;un a\u00e9rodynamisme limit\u00e9. Plus [&hellip;]<\/p>","protected":false},"author":2,"featured_media":0,"parent":0,"menu_order":0,"comment_status":"closed","ping_status":"closed","template":"","meta":{"footnotes":""},"class_list":["post-12580","page","type-page","status-publish","hentry"],"_links":{"self":[{"href":"https:\/\/elixfpv.com\/en\/wp-json\/wp\/v2\/pages\/12580","targetHints":{"allow":["GET"]}}],"collection":[{"href":"https:\/\/elixfpv.com\/en\/wp-json\/wp\/v2\/pages"}],"about":[{"href":"https:\/\/elixfpv.com\/en\/wp-json\/wp\/v2\/types\/page"}],"author":[{"embeddable":true,"href":"https:\/\/elixfpv.com\/en\/wp-json\/wp\/v2\/users\/2"}],"replies":[{"embeddable":true,"href":"https:\/\/elixfpv.com\/en\/wp-json\/wp\/v2\/comments?post=12580"}],"version-history":[{"count":33,"href":"https:\/\/elixfpv.com\/en\/wp-json\/wp\/v2\/pages\/12580\/revisions"}],"predecessor-version":[{"id":15537,"href":"https:\/\/elixfpv.com\/en\/wp-json\/wp\/v2\/pages\/12580\/revisions\/15537"}],"wp:attachment":[{"href":"https:\/\/elixfpv.com\/en\/wp-json\/wp\/v2\/media?parent=12580"}],"curies":[{"name":"wp","href":"https:\/\/api.w.org\/{rel}","templated":true}]}}