{"id":12578,"date":"2025-03-27T11:26:29","date_gmt":"2025-03-27T10:26:29","guid":{"rendered":"https:\/\/elixfpv.com\/?page_id=12578"},"modified":"2026-04-24T11:30:32","modified_gmt":"2026-04-24T09:30:32","slug":"cinewhoop-3-5","status":"publish","type":"page","link":"https:\/\/elixfpv.com\/en\/cinewhoop-3-5\/","title":{"rendered":"Cinewhoop 3.5"},"content":{"rendered":"<div data-elementor-type=\"wp-page\" data-elementor-id=\"12578\" class=\"elementor elementor-12578\" data-elementor-settings=\"{&quot;element_pack_global_tooltip_width&quot;:{&quot;unit&quot;:&quot;px&quot;,&quot;size&quot;:&quot;&quot;,&quot;sizes&quot;:[]},&quot;element_pack_global_tooltip_width_tablet&quot;:{&quot;unit&quot;:&quot;px&quot;,&quot;size&quot;:&quot;&quot;,&quot;sizes&quot;:[]},&quot;element_pack_global_tooltip_width_mobile&quot;:{&quot;unit&quot;:&quot;px&quot;,&quot;size&quot;:&quot;&quot;,&quot;sizes&quot;:[]},&quot;element_pack_global_tooltip_padding&quot;:{&quot;unit&quot;:&quot;px&quot;,&quot;top&quot;:&quot;&quot;,&quot;right&quot;:&quot;&quot;,&quot;bottom&quot;:&quot;&quot;,&quot;left&quot;:&quot;&quot;,&quot;isLinked&quot;:true},&quot;element_pack_global_tooltip_padding_tablet&quot;:{&quot;unit&quot;:&quot;px&quot;,&quot;top&quot;:&quot;&quot;,&quot;right&quot;:&quot;&quot;,&quot;bottom&quot;:&quot;&quot;,&quot;left&quot;:&quot;&quot;,&quot;isLinked&quot;:true},&quot;element_pack_global_tooltip_padding_mobile&quot;:{&quot;unit&quot;:&quot;px&quot;,&quot;top&quot;:&quot;&quot;,&quot;right&quot;:&quot;&quot;,&quot;bottom&quot;:&quot;&quot;,&quot;left&quot;:&quot;&quot;,&quot;isLinked&quot;:true},&quot;element_pack_global_tooltip_border_radius&quot;:{&quot;unit&quot;:&quot;px&quot;,&quot;top&quot;:&quot;&quot;,&quot;right&quot;:&quot;&quot;,&quot;bottom&quot;:&quot;&quot;,&quot;left&quot;:&quot;&quot;,&quot;isLinked&quot;:true},&quot;element_pack_global_tooltip_border_radius_tablet&quot;:{&quot;unit&quot;:&quot;px&quot;,&quot;top&quot;:&quot;&quot;,&quot;right&quot;:&quot;&quot;,&quot;bottom&quot;:&quot;&quot;,&quot;left&quot;:&quot;&quot;,&quot;isLinked&quot;:true},&quot;element_pack_global_tooltip_border_radius_mobile&quot;:{&quot;unit&quot;:&quot;px&quot;,&quot;top&quot;:&quot;&quot;,&quot;right&quot;:&quot;&quot;,&quot;bottom&quot;:&quot;&quot;,&quot;left&quot;:&quot;&quot;,&quot;isLinked&quot;:true}}\" data-elementor-post-type=\"page\">\n\t\t\t\t<div class=\"elementor-element elementor-element-48ec0501 e-flex e-con-boxed e-con e-parent\" data-id=\"48ec0501\" data-element_type=\"container\" data-e-type=\"container\">\n\t\t\t\t\t<div class=\"e-con-inner\">\n\t\t\t\t<div class=\"elementor-element elementor-element-69c500b8 elementor-widget__width-initial elementor-widget elementor-widget-html\" data-id=\"69c500b8\" data-element_type=\"widget\" data-e-type=\"widget\" data-widget_type=\"html.default\">\n\t\t\t\t<div class=\"elementor-widget-container\">\n\t\t\t\t\t<style>\r\n    \/* Conteneur global pour aligner Titre et Bouton *\/\r\n    .elix-header-layout {\r\n        display: flex;\r\n        flex-direction: column; \/* Les empile verticalement *\/\r\n        gap: 20px; \/* Espace entre le titre et le bouton *\/\r\n        align-items: flex-start; \/* Align\u00e9 \u00e0 gauche *\/\r\n        margin-bottom: 40px; \/* Espace sous le bloc *\/\r\n    }\r\n\r\n    \/* Le Titre du Drone *\/\r\n    .elix-drone-title {\r\n        color: #fff;\r\n        font-family: \"Helvetica Neue\", Helvetica, Arial, sans-serif;\r\n        font-weight: 700;\r\n        text-transform: uppercase;\r\n        font-size: 32px; \/* Taille du titre *\/\r\n        line-height: 1.2;\r\n        margin: 0;\r\n        letter-spacing: 1px;\r\n    }\r\n\r\n    \/* Le Bouton Carr\u00e9 (Retour) *\/\r\n    .elix-back-box {\r\n        display: flex;\r\n        align-items: center;\r\n        justify-content: center;\r\n        width: 50px;  \/* Largeur du carr\u00e9 *\/\r\n        height: 50px; \/* Hauteur du carr\u00e9 *\/\r\n        border: 2px solid #ffffff; \/* Cadre blanc *\/\r\n        background: transparent;\r\n        color: #ffffff;\r\n        transition: all 0.3s ease;\r\n        text-decoration: none; \/* Pas de soulignement *\/\r\n        box-sizing: border-box; \/* Assure que la bordure ne change pas la taille *\/\r\n    }\r\n\r\n    \/* Effet au survol : Fond blanc, fl\u00e8che noire *\/\r\n    .elix-back-box:hover {\r\n        background-color: #ffffff;\r\n        color: #000000;\r\n        box-shadow: 0 0 15px rgba(255, 255, 255, 0.3);\r\n    }\r\n    \r\n     .elix-back-box svg:hover {\r\n        width: 18px;\r\n        height: 18px;\r\n        fill: black!important; \/* La couleur suit le texte (blanc puis noir) *\/\r\n    }\r\n\r\n    \/* L'ic\u00f4ne Fl\u00e8che (SVG) *\/\r\n    .elix-back-box svg {\r\n        width: 18px;\r\n        height: 18px;\r\n        fill: white; \/* La couleur suit le texte (blanc puis noir) *\/\r\n    }\r\n<\/style>\r\n\r\n<div class=\"elix-header-layout\">\r\n    \r\n\r\n\r\n    <a href=\"https:\/\/elixfpv.com\/en\/mes-drones\/\" class=\"elix-back-box\" aria-label=\"Retour aux drones\">\r\n        <svg viewbox=\"0 0 320 512\">\r\n            <path d=\"M34.52 239.03L228.87 44.69c9.37-9.37 24.57-9.37 33.94 0l22.67 22.67c9.36 9.36 9.37 24.52.04 33.9L131.49 256l154.02 154.75c9.34 9.38 9.32 24.54-.04 33.9l-22.67 22.67c-9.37 9.37-24.57 9.37-33.94 0L34.52 272.97c-9.37-9.37-9.37-24.57 0-33.94z\"\/>\r\n        <\/svg>\r\n    <\/a>\r\n\r\n<\/div>\t\t\t\t<\/div>\n\t\t\t\t<\/div>\n\t\t\t\t\t<\/div>\n\t\t\t\t<\/div>\n\t\t<div class=\"elementor-element elementor-element-6e921997 e-flex e-con-boxed e-con e-parent\" data-id=\"6e921997\" data-element_type=\"container\" data-e-type=\"container\" data-settings=\"{&quot;background_background&quot;:&quot;video&quot;}\">\n\t\t\t\t\t<div class=\"e-con-inner\">\n\t\t\t\t<div class=\"elementor-element elementor-element-2f60b060 elementor-widget__width-initial elementor-widget elementor-widget-html\" data-id=\"2f60b060\" data-element_type=\"widget\" data-e-type=\"widget\" data-widget_type=\"html.default\">\n\t\t\t\t<div class=\"elementor-widget-container\">\n\t\t\t\t\t<iframe  id=\"viewer\" width=\"9  00\" height=\"300\" allow=\"fullscreen; xr-spatial-tracking\" src=\"https:\/\/superspl.at\/s?id=4de265b7&noui\"><\/iframe>\t\t\t\t<\/div>\n\t\t\t\t<\/div>\n\t\t\t\t\t<\/div>\n\t\t\t\t<\/div>\n\t\t<div class=\"elementor-element elementor-element-53995c69 e-flex e-con-boxed e-con e-parent\" data-id=\"53995c69\" data-element_type=\"container\" data-e-type=\"container\">\n\t\t\t\t\t<div class=\"e-con-inner\">\n\t\t<div class=\"elementor-element elementor-element-24f253b6 e-grid e-con-full e-con e-child\" data-id=\"24f253b6\" data-element_type=\"container\" data-e-type=\"container\">\n\t\t\t\t<div class=\"elementor-element elementor-element-4c42e000 elementor-widget elementor-widget-text-editor\" data-id=\"4c42e000\" data-element_type=\"widget\" data-e-type=\"widget\" data-widget_type=\"text-editor.default\">\n\t\t\t\t<div class=\"elementor-widget-container\">\n\t\t\t\t\t\t\t\t\t<div class=\"space100%\">\u00a0<\/div>\t\t\t\t\t\t\t\t<\/div>\n\t\t\t\t<\/div>\n\t\t\t\t<div class=\"elementor-element elementor-element-35264a89 elementor-widget elementor-widget-heading\" data-id=\"35264a89\" data-element_type=\"widget\" data-e-type=\"widget\" data-widget_type=\"heading.default\">\n\t\t\t\t<div class=\"elementor-widget-container\">\n\t\t\t\t\t<h2 class=\"elementor-heading-title elementor-size-default\">CINEWHOOP 3.5\"<\/h2>\t\t\t\t<\/div>\n\t\t\t\t<\/div>\n\t\t\t\t<div class=\"elementor-element elementor-element-3d0d18b1 elementor-widget elementor-widget-text-editor\" data-id=\"3d0d18b1\" data-element_type=\"widget\" data-e-type=\"widget\" data-widget_type=\"text-editor.default\">\n\t\t\t\t<div class=\"elementor-widget-container\">\n\t\t\t\t\t\t\t\t\t<div><span style=\"font-family: tahoma, sans-serif;\"><b>Clic Gauche:<\/b>\u00a0Orbit<\/span><\/div><div><span style=\"font-family: tahoma, sans-serif;\"><b>Scroll molette:<\/b>\u00a0Zoom\/Dezoom<\/span><\/div><div><span style=\"font-family: tahoma, sans-serif;\"><b>Espace:\u00a0<\/b>Reset<\/span><\/div>\t\t\t\t\t\t\t\t<\/div>\n\t\t\t\t<\/div>\n\t\t\t\t<\/div>\n\t\t\t\t\t<\/div>\n\t\t\t\t<\/div>\n\t\t<div class=\"elementor-element elementor-element-5f373b4f e-flex e-con-boxed e-con e-parent\" data-id=\"5f373b4f\" data-element_type=\"container\" data-e-type=\"container\">\n\t\t\t\t\t<div class=\"e-con-inner\">\n\t\t<div class=\"elementor-element elementor-element-7396828 e-grid e-con-full e-con e-child\" data-id=\"7396828\" data-element_type=\"container\" data-e-type=\"container\">\n\t\t\t\t<div class=\"elementor-element elementor-element-632a02de elementor-widget elementor-widget-image\" data-id=\"632a02de\" data-element_type=\"widget\" data-e-type=\"widget\" data-widget_type=\"image.default\">\n\t\t\t\t<div class=\"elementor-widget-container\">\n\t\t\t\t\t\t\t\t\t\t\t\t\t\t\t\t<a href=\"#elementor-action%3Aaction%3Dpopup%3Aopen%26settings%3DeyJpZCI6IjE0MDIzIiwidG9nZ2xlIjpmYWxzZX0%3D\">\n\t\t\t\t\t\t\t<img fetchpriority=\"high\" decoding=\"async\" width=\"800\" height=\"450\" src=\"https:\/\/elixfpv.com\/wp-content\/uploads\/2025\/11\/photo-1497436072909-60f360e1d4b1-1024x576.jpeg\" class=\"attachment-large size-large wp-image-14022\" alt=\"\" srcset=\"https:\/\/elixfpv.com\/wp-content\/uploads\/2025\/11\/photo-1497436072909-60f360e1d4b1-1024x576.jpeg 1024w, https:\/\/elixfpv.com\/wp-content\/uploads\/2025\/11\/photo-1497436072909-60f360e1d4b1-300x169.jpeg 300w, https:\/\/elixfpv.com\/wp-content\/uploads\/2025\/11\/photo-1497436072909-60f360e1d4b1-768x432.jpeg 768w, https:\/\/elixfpv.com\/wp-content\/uploads\/2025\/11\/photo-1497436072909-60f360e1d4b1-1536x864.jpeg 1536w, https:\/\/elixfpv.com\/wp-content\/uploads\/2025\/11\/photo-1497436072909-60f360e1d4b1-2048x1152.jpeg 2048w\" sizes=\"(max-width: 800px) 100vw, 800px\" \/>\t\t\t\t\t\t\t\t<\/a>\n\t\t\t\t\t\t\t\t\t\t\t\t\t\t\t<\/div>\n\t\t\t\t<\/div>\n\t\t\t\t<div class=\"elementor-element elementor-element-3480859d elementor-widget elementor-widget-image\" data-id=\"3480859d\" data-element_type=\"widget\" data-e-type=\"widget\" data-widget_type=\"image.default\">\n\t\t\t\t<div class=\"elementor-widget-container\">\n\t\t\t\t\t\t\t\t\t\t\t\t\t\t\t\t<a href=\"#elementor-action%3Aaction%3Dpopup%3Aopen%26settings%3DeyJpZCI6IjE0MDIzIiwidG9nZ2xlIjpmYWxzZX0%3D\">\n\t\t\t\t\t\t\t<img decoding=\"async\" width=\"800\" height=\"450\" src=\"https:\/\/elixfpv.com\/wp-content\/uploads\/2025\/11\/matt-wang-dBp9dbQCh4Q-unsplash-1024x576.jpg\" class=\"attachment-large size-large wp-image-14021\" alt=\"\" srcset=\"https:\/\/elixfpv.com\/wp-content\/uploads\/2025\/11\/matt-wang-dBp9dbQCh4Q-unsplash-1024x576.jpg 1024w, https:\/\/elixfpv.com\/wp-content\/uploads\/2025\/11\/matt-wang-dBp9dbQCh4Q-unsplash-300x169.jpg 300w, https:\/\/elixfpv.com\/wp-content\/uploads\/2025\/11\/matt-wang-dBp9dbQCh4Q-unsplash-768x432.jpg 768w, https:\/\/elixfpv.com\/wp-content\/uploads\/2025\/11\/matt-wang-dBp9dbQCh4Q-unsplash-1536x864.jpg 1536w, https:\/\/elixfpv.com\/wp-content\/uploads\/2025\/11\/matt-wang-dBp9dbQCh4Q-unsplash-2048x1152.jpg 2048w\" sizes=\"(max-width: 800px) 100vw, 800px\" \/>\t\t\t\t\t\t\t\t<\/a>\n\t\t\t\t\t\t\t\t\t\t\t\t\t\t\t<\/div>\n\t\t\t\t<\/div>\n\t\t\t\t<div class=\"elementor-element elementor-element-7f4f2592 elementor-widget elementor-widget-image\" data-id=\"7f4f2592\" data-element_type=\"widget\" data-e-type=\"widget\" data-widget_type=\"image.default\">\n\t\t\t\t<div class=\"elementor-widget-container\">\n\t\t\t\t\t\t\t\t\t\t\t\t\t\t\t\t<a href=\"#elementor-action%3Aaction%3Dpopup%3Aopen%26settings%3DeyJpZCI6IjE0MDIzIiwidG9nZ2xlIjpmYWxzZX0%3D\">\n\t\t\t\t\t\t\t<img decoding=\"async\" width=\"800\" height=\"500\" src=\"https:\/\/elixfpv.com\/wp-content\/uploads\/2025\/11\/luka-verc-grPhIvFoDGM-unsplash-1024x640.jpg\" class=\"attachment-large size-large wp-image-14020\" alt=\"\" srcset=\"https:\/\/elixfpv.com\/wp-content\/uploads\/2025\/11\/luka-verc-grPhIvFoDGM-unsplash-1024x640.jpg 1024w, https:\/\/elixfpv.com\/wp-content\/uploads\/2025\/11\/luka-verc-grPhIvFoDGM-unsplash-300x188.jpg 300w, https:\/\/elixfpv.com\/wp-content\/uploads\/2025\/11\/luka-verc-grPhIvFoDGM-unsplash-768x480.jpg 768w, https:\/\/elixfpv.com\/wp-content\/uploads\/2025\/11\/luka-verc-grPhIvFoDGM-unsplash-1536x960.jpg 1536w, https:\/\/elixfpv.com\/wp-content\/uploads\/2025\/11\/luka-verc-grPhIvFoDGM-unsplash-2048x1280.jpg 2048w\" sizes=\"(max-width: 800px) 100vw, 800px\" \/>\t\t\t\t\t\t\t\t<\/a>\n\t\t\t\t\t\t\t\t\t\t\t\t\t\t\t<\/div>\n\t\t\t\t<\/div>\n\t\t\t\t<\/div>\n\t\t\t\t\t<\/div>\n\t\t\t\t<\/div>\n\t\t<div class=\"elementor-element elementor-element-4062d482 e-flex e-con-boxed e-con e-parent\" data-id=\"4062d482\" data-element_type=\"container\" data-e-type=\"container\" data-settings=\"{&quot;background_background&quot;:&quot;classic&quot;}\">\n\t\t\t\t\t<div class=\"e-con-inner\">\n\t\t\t\t<div class=\"elementor-element elementor-element-43aadb1 elementor-widget elementor-widget-text-editor\" data-id=\"43aadb1\" data-element_type=\"widget\" data-e-type=\"widget\" data-widget_type=\"text-editor.default\">\n\t\t\t\t<div class=\"elementor-widget-container\">\n\t\t\t\t\t\t\t\t\t<p>Le<strong> cinewhoop 3.5&Prime;<\/strong> est un FPV appartenant \u00e0 la cat\u00e9gories des <strong>whoop<\/strong><\/p><p>Le terme <strong>whoop<\/strong> fait r\u00e9f\u00e9rence \u00e0 un drone dont <strong>la structure comprend une protection autour des h\u00e9lices<\/strong>, un atout indispensable pour voler en int\u00e9rieur ou \u00e0 proximit\u00e9 de sujets sans risques, au prix d&rsquo;un a\u00e9rodynamisme limit\u00e9.<\/p><p>Le 3.5&Prime; est un format relativement grand pour un cinewhoop, ce qui est assez avantageux pour voler en ext\u00e9rieur tout comme en int\u00e9rieur.<\/p><p><span style=\"font-weight: 400;\">J&rsquo;utilise le ch\u00e2ssis <strong>Valkyrie Mini<\/strong>, confectionn\u00e9 par la marque fran\u00e7aise <\/span><b>Parallax FPV<\/b><span style=\"font-weight: 400;\">, dont la rigidit\u00e9 et la stabilit\u00e9 est \u00e0 toute \u00e9preuve.<\/span><\/p>\t\t\t\t\t\t\t\t<\/div>\n\t\t\t\t<\/div>\n\t\t\t\t<div class=\"elementor-element elementor-element-31d0d497 animated-slow elementor-invisible elementor-widget elementor-widget-html\" data-id=\"31d0d497\" data-element_type=\"widget\" data-e-type=\"widget\" data-settings=\"{&quot;_animation&quot;:&quot;fadeInUp&quot;}\" data-widget_type=\"html.default\">\n\t\t\t\t<div class=\"elementor-widget-container\">\n\t\t\t\t\t<table border=\"1\" cellpadding=\"8\" cellspacing=\"0\">\n  <thead>\n    <tr>\n      <th colspan=\"2\">Fiche technique<\/th>\n    <\/tr>\n  <\/thead>\n  <tbody>\n    <tr>\n      <td>Nom<\/td>\n      <td>3.5\" Mini Valkyrie- By Parallax FPV<\/td>\n    <\/tr>\n    <tr>\n      <td>Poids<\/td>\n      <td>701 grammes<\/td>\n    <\/tr>\n    <tr>\n      <td>Cam\u00e9ra<\/td>\n      <td>GoPro 11 mini \/ Gopro hero 10 \/ (Action cam)<\/td>\n    <\/tr>\n    <tr>\n      <td>Vitesse Moyenne<\/td>\n      <td>45 Km\/h<\/td>\n    <\/tr>\n    <tr>\n      <td>Vitesse Max<\/td>\n      <td>90 Km\/h<\/td>\n    <\/tr>\n    <tr>\n      <td>Autonomie de vol<\/td>\n      <td>5 minutes<\/td>\n    <\/tr>\n    <tr>\n      <td>Waterproof ?<\/td>\n      <td>Oui\n<\/td>\n    <\/tr>\n    <tr>\n      <td>Syt\u00e8me vid\u00e9o (VTX)<\/td>\n      <td> Freestyle V2 Hdzero\n<\/td>\n    <\/tr>\n    <tr>\n      <td>Cam\u00e9ra FPV<\/td>\n      <td>Nano 90-HDZERO<\/td>\n    <\/tr>\n    <tr>\n      <td>Moteurs<\/td>\n      <td>T-Motor F2203 \/ 2850 KV<\/td>\n    <\/tr>\n    <tr>\n      <td>Batterie<\/td>\n      <td>Bonka Lipos 6S 1100 mah<\/td>\n    <\/tr>\n    <tr>\n      <td>Helices<\/td>\n      <td>HQ prop 3.5\u201d<\/td>\n    <\/tr>\n    <tr>\n      <td>Stack<\/td>\n      <td>FC mamba mini MK4 F722\/ ESC Foxeer reaper mini 65 A<\/td>\n          <tr>\n      <td>RX<\/td>\n      <td> Happymodel EP1 TCX0 2.4 Ghz<\/td>\n    <\/tr>\n    <tr>\n  <\/tbody>\n<\/table>\n\t\t\t\t<\/div>\n\t\t\t\t<\/div>\n\t\t\t\t\t<\/div>\n\t\t\t\t<\/div>\n\t\t<div class=\"elementor-element elementor-element-543e39a7 e-flex e-con-boxed e-con e-parent\" data-id=\"543e39a7\" data-element_type=\"container\" data-e-type=\"container\">\n\t\t\t\t\t<div class=\"e-con-inner\">\n\t\t\t\t\t<\/div>\n\t\t\t\t<\/div>\n\t\t\t\t<\/div>","protected":false},"excerpt":{"rendered":"<p>\u00a0 CINEWHOOP 3.5&Prime; Clic Gauche:\u00a0OrbitScroll molette:\u00a0Zoom\/DezoomEspace:\u00a0Reset Le cinewhoop 3.5&Prime; est un FPV appartenant \u00e0 la cat\u00e9gories des whoop Le terme whoop fait r\u00e9f\u00e9rence \u00e0 un drone dont la structure comprend une protection autour des h\u00e9lices, un atout indispensable pour voler en int\u00e9rieur ou \u00e0 proximit\u00e9 de sujets sans risques, au prix d&rsquo;un a\u00e9rodynamisme limit\u00e9. Le [&hellip;]<\/p>","protected":false},"author":2,"featured_media":0,"parent":0,"menu_order":0,"comment_status":"closed","ping_status":"closed","template":"","meta":{"footnotes":""},"class_list":["post-12578","page","type-page","status-publish","hentry"],"_links":{"self":[{"href":"https:\/\/elixfpv.com\/en\/wp-json\/wp\/v2\/pages\/12578","targetHints":{"allow":["GET"]}}],"collection":[{"href":"https:\/\/elixfpv.com\/en\/wp-json\/wp\/v2\/pages"}],"about":[{"href":"https:\/\/elixfpv.com\/en\/wp-json\/wp\/v2\/types\/page"}],"author":[{"embeddable":true,"href":"https:\/\/elixfpv.com\/en\/wp-json\/wp\/v2\/users\/2"}],"replies":[{"embeddable":true,"href":"https:\/\/elixfpv.com\/en\/wp-json\/wp\/v2\/comments?post=12578"}],"version-history":[{"count":141,"href":"https:\/\/elixfpv.com\/en\/wp-json\/wp\/v2\/pages\/12578\/revisions"}],"predecessor-version":[{"id":15521,"href":"https:\/\/elixfpv.com\/en\/wp-json\/wp\/v2\/pages\/12578\/revisions\/15521"}],"wp:attachment":[{"href":"https:\/\/elixfpv.com\/en\/wp-json\/wp\/v2\/media?parent=12578"}],"curies":[{"name":"wp","href":"https:\/\/api.w.org\/{rel}","templated":true}]}}