{"id":12564,"date":"2025-03-27T11:22:40","date_gmt":"2025-03-27T10:22:40","guid":{"rendered":"https:\/\/elixfpv.com\/?page_id=12564"},"modified":"2026-01-18T23:06:04","modified_gmt":"2026-01-18T22:06:04","slug":"contact-2","status":"publish","type":"page","link":"https:\/\/elixfpv.com\/en\/contact-2\/","title":{"rendered":"Contact"},"content":{"rendered":"<div data-elementor-type=\"wp-page\" data-elementor-id=\"12564\" class=\"elementor elementor-12564\" data-elementor-settings=\"{&quot;element_pack_global_tooltip_width&quot;:{&quot;unit&quot;:&quot;px&quot;,&quot;size&quot;:&quot;&quot;,&quot;sizes&quot;:[]},&quot;element_pack_global_tooltip_width_tablet&quot;:{&quot;unit&quot;:&quot;px&quot;,&quot;size&quot;:&quot;&quot;,&quot;sizes&quot;:[]},&quot;element_pack_global_tooltip_width_mobile&quot;:{&quot;unit&quot;:&quot;px&quot;,&quot;size&quot;:&quot;&quot;,&quot;sizes&quot;:[]},&quot;element_pack_global_tooltip_padding&quot;:{&quot;unit&quot;:&quot;px&quot;,&quot;top&quot;:&quot;&quot;,&quot;right&quot;:&quot;&quot;,&quot;bottom&quot;:&quot;&quot;,&quot;left&quot;:&quot;&quot;,&quot;isLinked&quot;:true},&quot;element_pack_global_tooltip_padding_tablet&quot;:{&quot;unit&quot;:&quot;px&quot;,&quot;top&quot;:&quot;&quot;,&quot;right&quot;:&quot;&quot;,&quot;bottom&quot;:&quot;&quot;,&quot;left&quot;:&quot;&quot;,&quot;isLinked&quot;:true},&quot;element_pack_global_tooltip_padding_mobile&quot;:{&quot;unit&quot;:&quot;px&quot;,&quot;top&quot;:&quot;&quot;,&quot;right&quot;:&quot;&quot;,&quot;bottom&quot;:&quot;&quot;,&quot;left&quot;:&quot;&quot;,&quot;isLinked&quot;:true},&quot;element_pack_global_tooltip_border_radius&quot;:{&quot;unit&quot;:&quot;px&quot;,&quot;top&quot;:&quot;&quot;,&quot;right&quot;:&quot;&quot;,&quot;bottom&quot;:&quot;&quot;,&quot;left&quot;:&quot;&quot;,&quot;isLinked&quot;:true},&quot;element_pack_global_tooltip_border_radius_tablet&quot;:{&quot;unit&quot;:&quot;px&quot;,&quot;top&quot;:&quot;&quot;,&quot;right&quot;:&quot;&quot;,&quot;bottom&quot;:&quot;&quot;,&quot;left&quot;:&quot;&quot;,&quot;isLinked&quot;:true},&quot;element_pack_global_tooltip_border_radius_mobile&quot;:{&quot;unit&quot;:&quot;px&quot;,&quot;top&quot;:&quot;&quot;,&quot;right&quot;:&quot;&quot;,&quot;bottom&quot;:&quot;&quot;,&quot;left&quot;:&quot;&quot;,&quot;isLinked&quot;:true}}\" data-elementor-post-type=\"page\">\n\t\t\t\t<div class=\"elementor-element elementor-element-90c20c5 e-flex e-con-boxed e-con e-parent\" data-id=\"90c20c5\" data-element_type=\"container\" data-e-type=\"container\" data-settings=\"{&quot;background_background&quot;:&quot;classic&quot;}\">\n\t\t\t\t\t<div class=\"e-con-inner\">\n\t\t\t\t<div class=\"elementor-element elementor-element-8cb72e9 elementor-widget elementor-widget-html\" data-id=\"8cb72e9\" data-element_type=\"widget\" data-e-type=\"widget\" data-widget_type=\"html.default\">\n\t\t\t\t<div class=\"elementor-widget-container\">\n\t\t\t\t\t<style>\r\n    \/* --- 1. CONTENEUR GLOBAL (Glassmorphism) --- *\/\r\n    .elix-contact-wrapper {\r\n        display: flex;\r\n        flex-wrap: wrap;\r\n        gap: 50px;\r\n        justify-content: space-between;\r\n        width: 100%;\r\n        max-width: 1100px;\r\n        margin: 0 auto;\r\n        padding: 50px;\r\n        background: rgba(10, 10, 10, 0.85);\r\n        backdrop-filter: blur(15px);\r\n        -webkit-backdrop-filter: blur(15px);\r\n        border: 1px solid rgba(255, 255, 255, 0.1);\r\n        border-radius: 15px;\r\n        box-shadow: 0 10px 40px rgba(0,0,0,0.5);\r\n    }\r\n\r\n    \/* --- 2. COLONNE GAUCHE (INFOS) --- *\/\r\n    .elix-contact-left {\r\n        flex: 1;\r\n        min-width: 300px;\r\n        color: #fff;\r\n        font-family: \"Helvetica Neue\", Helvetica, Arial, sans-serif;\r\n    }\r\n\r\n    .elix-contact-title {\r\n        font-size: 32px;\r\n        font-weight: 700;\r\n        text-transform: uppercase;\r\n        margin-bottom: 25px;\r\n        letter-spacing: 1px;\r\n        color: #fff;\r\n    }\r\n\r\n    .elix-contact-desc {\r\n        font-size: 16px;\r\n        line-height: 1.6;\r\n        color: #ccc;\r\n        margin-bottom: 40px;\r\n    }\r\n\r\n    .elix-info-link {\r\n        display: flex;\r\n        align-items: center;\r\n        margin-bottom: 25px;\r\n        text-decoration: none;\r\n        color: #fff;\r\n        font-size: 16px;\r\n        transition: 0.3s;\r\n    }\r\n    .elix-info-link:hover {\r\n        opacity: 0.7;\r\n        color: #ccc;\r\n    }\r\n    .elix-icon {\r\n        width: 24px;\r\n        height: 24px;\r\n        margin-right: 20px;\r\n        fill: #fff;\r\n    }\r\n\r\n    \/* --- 3. COLONNE DROITE (FORMULAIRE CF7 DESIGN) --- *\/\r\n    .elix-contact-right {\r\n        flex: 1.5; \/* Plus large pour le formulaire *\/\r\n        min-width: 300px;\r\n    }\r\n\r\n    \/* Style des champs (Input & Textarea) g\u00e9n\u00e9r\u00e9s par CF7 *\/\r\n    .elix-input {\r\n        width: 100%;\r\n        background: rgba(255, 255, 255, 0.05) !important;\r\n        border: 1px solid rgba(255, 255, 255, 0.2) !important;\r\n        padding: 15px !important;\r\n        border-radius: 8px !important;\r\n        color: #fff !important;\r\n        font-family: \"Helvetica Neue\", Helvetica, Arial, sans-serif !important;\r\n        font-size: 14px !important;\r\n        outline: none;\r\n        margin-bottom: 20px;\r\n        transition: all 0.3s ease;\r\n    }\r\n\r\n    .elix-input:focus {\r\n        background: rgba(255, 255, 255, 0.1) !important;\r\n        border-color: #fff !important;\r\n    }\r\n    \r\n    .elix-input::placeholder {\r\n        color: rgba(255, 255, 255, 0.5);\r\n    }\r\n\r\n    \/* Zone de texte plus haute *\/\r\n    textarea.elix-input {\r\n        height: 150px;\r\n        resize: vertical;\r\n    }\r\n\r\n    \/* --- BOUTON ENVOYER (Style Sobre) --- *\/\r\n    \/* On cible le bouton g\u00e9n\u00e9r\u00e9 par CF7 *\/\r\n    input.wpcf7-submit.elix-submit-btn {\r\n        background: transparent !important;\r\n        color: #fff !important;\r\n        font-family: \"Helvetica Neue\", Helvetica, Arial, sans-serif !important;\r\n        font-weight: 600 !important;\r\n        text-transform: uppercase !important;\r\n        font-size: 14px !important;\r\n        letter-spacing: 1.5px !important;\r\n        padding: 15px 40px !important;\r\n        border: 1px solid rgba(255, 255, 255, 0.3) !important;\r\n        border-radius: 4px !important;\r\n        cursor: pointer !important;\r\n        transition: all 0.4s ease !important;\r\n        width: auto !important; \/* Pas pleine largeur *\/\r\n        display: inline-block;\r\n    }\r\n\r\n    \/* Hover Bouton : Fond Blanc Texte Noir *\/\r\n    input.wpcf7-submit.elix-submit-btn:hover {\r\n        background: #fff !important;\r\n        color: #000 !important;\r\n        border-color: #fff !important;\r\n        box-shadow: 0 0 20px rgba(255, 255, 255, 0.3) !important;\r\n    }\r\n\r\n    \/* Nettoyage des messages d'erreur\/succ\u00e8s de CF7 pour qu'ils soient jolis *\/\r\n    .wpcf7-response-output {\r\n        border: 1px solid rgba(255, 255, 255, 0.2) !important;\r\n        background: rgba(0, 0, 0, 0.5) !important;\r\n        color: #fff !important;\r\n        border-radius: 8px !important;\r\n        padding: 15px !important;\r\n        font-size: 14px !important;\r\n        margin-top: 20px !important;\r\n    }\r\n\r\n    @media (max-width: 768px) {\r\n        .elix-contact-wrapper {\r\n            flex-direction: column;\r\n            padding: 25px;\r\n        }\r\n    }\r\n<\/style>\r\n\r\n<div class=\"elix-contact-wrapper\">\r\n    \r\n    <div class=\"elix-contact-left\">\r\n        <h2 class=\"elix-contact-title\">Contact<\/h2>\r\n        <p class=\"elix-contact-desc\">\r\n            Pr\u00eat \u00e0 collaborer sur votre prochain projet ?<br>\r\n            Envoyez-moi un message pour discuter de vos besoins en prises de vues FPV.\r\n        <\/p>\r\n\r\n        <a href=\"mailto:elixdnr@gmail.com\" class=\"elix-info-link\">\r\n            <svg class=\"elix-icon\" viewbox=\"0 0 512 512\"><path d=\"M48 64C21.5 64 0 85.5 0 112c0 15.1 7.1 29.3 19.2 38.4L236.8 313.6c11.4 8.5 27 8.5 38.4 0L492.8 150.4c12.1-9.1 19.2-23.3 19.2-38.4c0-26.5-21.5-48-48-48H48zM0 176V384c0 35.3 28.7 64 64 64H448c35.3 0 64-28.7 64-64V176L294.4 339.2c-22.8 17.1-54 17.1-76.8 0L0 176z\"\/><\/svg>\r\n            elixdnr@gmail.com\r\n        <\/a>\r\n\r\n        <a href=\"#\" class=\"elix-info-link\">\r\n            <svg class=\"elix-icon\" viewbox=\"0 0 448 512\"><path d=\"M224.1 141c-63.6 0-114.9 51.3-114.9 114.9s51.3 114.9 114.9 114.9S339 319.5 339 255.9 287.7 141 224.1 141zm0 189.6c-41.1 0-74.7-33.5-74.7-74.7s33.5-74.7 74.7-74.7 74.7 33.5 74.7 74.7-33.5 74.7-74.7 74.7zm146.4-194.3c0 14.9-12 26.8-26.8 26.8-14.9 0-26.8-12-26.8-26.8s12-26.8 26.8-26.8 26.8 12 26.8 26.8zm76.1 27.2c-1.7-35.9-9.9-67.7-36.2-93.9-26.2-26.2-58-34.4-93.9-36.2-37-2.1-147.9-2.1-184.9 0-35.8 1.7-67.6 9.9-93.9 36.1s-34.4 58-36.2 93.9c-2.1 37-2.1 147.9 0 184.9 1.7 35.9 9.9 67.7 36.2 93.9s58 34.4 93.9 36.2c37 2.1 147.9 2.1 184.9 0 35.9-1.7 67.7-9.9 93.9-36.2 26.2-26.2 34.4-58 36.2-93.9 2.1-37 2.1-147.9 0-184.9zM398.8 388c-7.8 19.6-22.9 34.7-42.6 42.6-29.5 11.7-99.5 9-132.1 9s-102.7 2.6-132.1-9c-19.6-7.8-34.7-22.9-42.6-42.6-11.7-29.5-9-99.5-9-132.1s-2.6-102.7 9-132.1c7.8-19.6 22.9-34.7 42.6-42.6 29.5-11.7 99.5-9 132.1-9s102.7-2.6 132.1 9c19.6 7.8 34.7 22.9 42.6 42.6 11.7 29.5 9 99.5 9 132.1s2.7 102.7-9 132.1z\"\/><\/svg>\r\n            elix.fpv\r\n        <\/a>\r\n    <\/div>\r\n\r\n    <div class=\"elix-contact-right\">\r\n        \r\n        \n<div class=\"wpcf7 no-js\" id=\"wpcf7-f14664-o1\" lang=\"fr-FR\" dir=\"ltr\" data-wpcf7-id=\"14664\">\n<div class=\"screen-reader-response\"><p role=\"status\" aria-live=\"polite\" aria-atomic=\"true\"><\/p> <ul><\/ul><\/div>\n<form action=\"\/en\/wp-json\/wp\/v2\/pages\/12564#wpcf7-f14664-o1\" method=\"post\" class=\"wpcf7-form init\" aria-label=\"Formulaire de contact\" novalidate=\"novalidate\" data-status=\"init\" data-trp-original-action=\"\/en\/wp-json\/wp\/v2\/pages\/12564#wpcf7-f14664-o1\">\n<fieldset class=\"hidden-fields-container\"><input type=\"hidden\" name=\"_wpcf7\" value=\"14664\" \/><input type=\"hidden\" name=\"_wpcf7_version\" value=\"6.1.5\" \/><input type=\"hidden\" name=\"_wpcf7_locale\" value=\"fr_FR\" \/><input type=\"hidden\" name=\"_wpcf7_unit_tag\" value=\"wpcf7-f14664-o1\" \/><input type=\"hidden\" name=\"_wpcf7_container_post\" value=\"0\" \/><input type=\"hidden\" name=\"_wpcf7_posted_data_hash\" value=\"\" \/>\n<\/fieldset>\n<div class=\"elix-cf7-container\">\n\t<div class=\"elix-field-row\">\n\t\t<p><span class=\"wpcf7-form-control-wrap\" data-name=\"your-name\"><input size=\"40\" maxlength=\"400\" class=\"wpcf7-form-control wpcf7-text wpcf7-validates-as-required elix-input\" aria-required=\"true\" aria-invalid=\"false\" placeholder=\"VOTRE NOM\" value=\"\" type=\"text\" name=\"your-name\" \/><\/span>\n\t\t<\/p>\n\t<\/div>\n\t<div class=\"elix-field-row\">\n\t\t<p><span class=\"wpcf7-form-control-wrap\" data-name=\"your-email\"><input size=\"40\" maxlength=\"400\" class=\"wpcf7-form-control wpcf7-email wpcf7-validates-as-required wpcf7-text wpcf7-validates-as-email elix-input\" aria-required=\"true\" aria-invalid=\"false\" placeholder=\"VOTRE EMAIL\" value=\"\" type=\"email\" name=\"your-email\" \/><\/span>\n\t\t<\/p>\n\t<\/div>\n\t<div class=\"elix-field-row\">\n\t\t<p><span class=\"wpcf7-form-control-wrap\" data-name=\"your-subject\"><input size=\"40\" maxlength=\"400\" class=\"wpcf7-form-control wpcf7-text wpcf7-validates-as-required elix-input\" aria-required=\"true\" aria-invalid=\"false\" placeholder=\"SUJET\" value=\"\" type=\"text\" name=\"your-subject\" \/><\/span>\n\t\t<\/p>\n\t<\/div>\n\t<div class=\"elix-field-row\">\n\t\t<p><span class=\"wpcf7-form-control-wrap\" data-name=\"your-message\"><textarea cols=\"40\" rows=\"10\" maxlength=\"2000\" class=\"wpcf7-form-control wpcf7-textarea wpcf7-validates-as-required elix-input\" aria-required=\"true\" aria-invalid=\"false\" placeholder=\"VOTRE MESSAGE...\" name=\"your-message\"><\/textarea><\/span>\n\t\t<\/p>\n\t<\/div>\n\t<div class=\"elix-submit-row\">\n\t\t<p><input class=\"wpcf7-form-control wpcf7-submit has-spinner elix-submit-btn\" type=\"submit\" value=\"ENVOYER\" \/>\n\t\t<\/p>\n\t<\/div>\n<\/div><div class=\"wpcf7-response-output\" aria-hidden=\"true\"><\/div>\n<input type=\"hidden\" name=\"trp-form-language\" value=\"en\"\/><\/form>\n<\/div>\n\r\n\r\n    <\/div>\r\n\r\n<\/div>\t\t\t\t<\/div>\n\t\t\t\t<\/div>\n\t\t\t\t\t<\/div>\n\t\t\t\t<\/div>\n\t\t\t\t<\/div>","protected":false},"excerpt":{"rendered":"<p>Contact Pr\u00eat \u00e0 collaborer sur votre prochain projet ? Envoyez-moi un message pour discuter de vos besoins en prises de vues FPV. elixdnr@gmail.com elix.fpv<\/p>","protected":false},"author":2,"featured_media":0,"parent":0,"menu_order":0,"comment_status":"closed","ping_status":"closed","template":"","meta":{"footnotes":""},"class_list":["post-12564","page","type-page","status-publish","hentry"],"_links":{"self":[{"href":"https:\/\/elixfpv.com\/en\/wp-json\/wp\/v2\/pages\/12564","targetHints":{"allow":["GET"]}}],"collection":[{"href":"https:\/\/elixfpv.com\/en\/wp-json\/wp\/v2\/pages"}],"about":[{"href":"https:\/\/elixfpv.com\/en\/wp-json\/wp\/v2\/types\/page"}],"author":[{"embeddable":true,"href":"https:\/\/elixfpv.com\/en\/wp-json\/wp\/v2\/users\/2"}],"replies":[{"embeddable":true,"href":"https:\/\/elixfpv.com\/en\/wp-json\/wp\/v2\/comments?post=12564"}],"version-history":[{"count":36,"href":"https:\/\/elixfpv.com\/en\/wp-json\/wp\/v2\/pages\/12564\/revisions"}],"predecessor-version":[{"id":14670,"href":"https:\/\/elixfpv.com\/en\/wp-json\/wp\/v2\/pages\/12564\/revisions\/14670"}],"wp:attachment":[{"href":"https:\/\/elixfpv.com\/en\/wp-json\/wp\/v2\/media?parent=12564"}],"curies":[{"name":"wp","href":"https:\/\/api.w.org\/{rel}","templated":true}]}}