{"id":12547,"date":"2025-03-27T11:18:59","date_gmt":"2025-03-27T10:18:59","guid":{"rendered":"https:\/\/elixfpv.com\/?page_id=12547"},"modified":"2026-04-28T12:10:32","modified_gmt":"2026-04-28T10:10:32","slug":"projets-perso","status":"publish","type":"page","link":"https:\/\/elixfpv.com\/en\/projets-perso\/","title":{"rendered":"Projets perso"},"content":{"rendered":"<div data-elementor-type=\"wp-page\" data-elementor-id=\"12547\" class=\"elementor elementor-12547\" data-elementor-settings=\"{&quot;element_pack_global_tooltip_width&quot;:{&quot;unit&quot;:&quot;px&quot;,&quot;size&quot;:&quot;&quot;,&quot;sizes&quot;:[]},&quot;element_pack_global_tooltip_width_tablet&quot;:{&quot;unit&quot;:&quot;px&quot;,&quot;size&quot;:&quot;&quot;,&quot;sizes&quot;:[]},&quot;element_pack_global_tooltip_width_mobile&quot;:{&quot;unit&quot;:&quot;px&quot;,&quot;size&quot;:&quot;&quot;,&quot;sizes&quot;:[]},&quot;element_pack_global_tooltip_padding&quot;:{&quot;unit&quot;:&quot;px&quot;,&quot;top&quot;:&quot;&quot;,&quot;right&quot;:&quot;&quot;,&quot;bottom&quot;:&quot;&quot;,&quot;left&quot;:&quot;&quot;,&quot;isLinked&quot;:true},&quot;element_pack_global_tooltip_padding_tablet&quot;:{&quot;unit&quot;:&quot;px&quot;,&quot;top&quot;:&quot;&quot;,&quot;right&quot;:&quot;&quot;,&quot;bottom&quot;:&quot;&quot;,&quot;left&quot;:&quot;&quot;,&quot;isLinked&quot;:true},&quot;element_pack_global_tooltip_padding_mobile&quot;:{&quot;unit&quot;:&quot;px&quot;,&quot;top&quot;:&quot;&quot;,&quot;right&quot;:&quot;&quot;,&quot;bottom&quot;:&quot;&quot;,&quot;left&quot;:&quot;&quot;,&quot;isLinked&quot;:true},&quot;element_pack_global_tooltip_border_radius&quot;:{&quot;unit&quot;:&quot;px&quot;,&quot;top&quot;:&quot;&quot;,&quot;right&quot;:&quot;&quot;,&quot;bottom&quot;:&quot;&quot;,&quot;left&quot;:&quot;&quot;,&quot;isLinked&quot;:true},&quot;element_pack_global_tooltip_border_radius_tablet&quot;:{&quot;unit&quot;:&quot;px&quot;,&quot;top&quot;:&quot;&quot;,&quot;right&quot;:&quot;&quot;,&quot;bottom&quot;:&quot;&quot;,&quot;left&quot;:&quot;&quot;,&quot;isLinked&quot;:true},&quot;element_pack_global_tooltip_border_radius_mobile&quot;:{&quot;unit&quot;:&quot;px&quot;,&quot;top&quot;:&quot;&quot;,&quot;right&quot;:&quot;&quot;,&quot;bottom&quot;:&quot;&quot;,&quot;left&quot;:&quot;&quot;,&quot;isLinked&quot;:true}}\" data-elementor-post-type=\"page\">\n\t\t\t\t<div class=\"elementor-element elementor-element-7433cf13 e-flex e-con-boxed e-con e-parent\" data-id=\"7433cf13\" data-element_type=\"container\" data-e-type=\"container\" data-settings=\"{&quot;background_background&quot;:&quot;video&quot;,&quot;background_video_link&quot;:&quot;http:\\\/\\\/elixfpv.com\\\/wp-content\\\/uploads\\\/2026\\\/01\\\/Kayoumini-in-Barcelona.mp4&quot;,&quot;background_video_start&quot;:5}\">\n\t\t\t\t\t<div class=\"e-con-inner\">\n\t\t<div class=\"elementor-background-video-container elementor-hidden-mobile\">\n\t\t\t\t\t\t\t<video class=\"elementor-background-video-hosted\" role=\"presentation\" autoplay muted playsinline loop><\/video>\n\t\t\t\t\t<\/div><div class=\"elementor-element elementor-element-3463c09b e-con-full e-flex e-con e-child\" data-id=\"3463c09b\" data-element_type=\"container\" data-e-type=\"container\">\n\t\t\t\t<div class=\"elementor-element elementor-element-4c4e5db2 elementor-widget elementor-widget-heading\" data-id=\"4c4e5db2\" data-element_type=\"widget\" data-e-type=\"widget\" data-widget_type=\"heading.default\">\n\t\t\t\t<div class=\"elementor-widget-container\">\n\t\t\t\t\t<h2 class=\"elementor-heading-title elementor-size-default\">PROJETS PERSO<\/h2>\t\t\t\t<\/div>\n\t\t\t\t<\/div>\n\t\t\t\t<\/div>\n\t\t<div class=\"elementor-element elementor-element-7002bb42 e-con-full e-flex e-con e-child\" data-id=\"7002bb42\" data-element_type=\"container\" data-e-type=\"container\">\n\t\t\t\t<div class=\"elementor-element elementor-element-6195b3c elementor-align-center elementor-invisible elementor-widget elementor-widget-button\" data-id=\"6195b3c\" data-element_type=\"widget\" data-e-type=\"widget\" data-settings=\"{&quot;_animation&quot;:&quot;fadeIn&quot;}\" data-widget_type=\"button.default\">\n\t\t\t\t<div class=\"elementor-widget-container\">\n\t\t\t\t\t\t\t\t\t<div class=\"elementor-button-wrapper\">\n\t\t\t\t\t<a class=\"elementor-button elementor-button-link elementor-size-sm\" href=\"#travail\">\n\t\t\t\t\t\t<span class=\"elementor-button-content-wrapper\">\n\t\t\t\t\t\t<span class=\"elementor-button-icon\">\n\t\t\t\t<svg xmlns=\"http:\/\/www.w3.org\/2000\/svg\" id=\"Layer_1\" viewbox=\"0 0 800 800\"><defs><style>      .st0 {        fill: #fff;      }    <\/style><\/defs><path class=\"st0\" d=\"M737.9,337.9l-337.9,337.9L62.1,337.9c-14.2-14.2-37.2-14.2-51.4,0-14.2,14.2-14.2,37.2,0,51.4l363.6,363.6c6.8,6.8,16.1,10.6,25.7,10.6s18.9-3.8,25.7-10.7l363.6-363.6c14.2-14.2,14.2-37.2,0-51.4-14.2-14.2-37.2-14.2-51.4,0Z\"><\/path><path class=\"st0\" d=\"M374.3,462.1c6.8,6.8,16.1,10.6,25.7,10.6s18.9-3.8,25.7-10.7L789.3,98.4c14.2-14.2,14.2-37.2,0-51.4-14.2-14.2-37.2-14.2-51.4,0l-337.9,337.9L62.1,47c-14.2-14.2-37.2-14.2-51.4,0s-14.2,37.2,0,51.4l363.6,363.6Z\"><\/path><\/svg>\t\t\t<\/span>\n\t\t\t\t\t\t\t\t<\/span>\n\t\t\t\t\t<\/a>\n\t\t\t\t<\/div>\n\t\t\t\t\t\t\t\t<\/div>\n\t\t\t\t<\/div>\n\t\t\t\t<\/div>\n\t\t\t\t\t<\/div>\n\t\t\t\t<\/div>\n\t\t<div class=\"elementor-element elementor-element-27723d5d e-flex e-con-boxed e-con e-parent\" data-id=\"27723d5d\" data-element_type=\"container\" data-e-type=\"container\" data-settings=\"{&quot;background_background&quot;:&quot;classic&quot;}\">\n\t\t\t\t\t<div class=\"e-con-inner\">\n\t\t<div class=\"elementor-element elementor-element-40c53d48 e-con-full e-flex e-con e-child\" data-id=\"40c53d48\" data-element_type=\"container\" data-e-type=\"container\">\n\t\t<div class=\"elementor-element elementor-element-776f9cfb e-grid e-con-full e-con e-child\" data-id=\"776f9cfb\" data-element_type=\"container\" data-e-type=\"container\">\n\t\t\t\t<div class=\"elementor-element elementor-element-622314c1 elementor-widget elementor-widget-image\" data-id=\"622314c1\" data-element_type=\"widget\" data-e-type=\"widget\" data-widget_type=\"image.default\">\n\t\t\t\t<div class=\"elementor-widget-container\">\n\t\t\t\t\t\t\t\t\t\t\t\t\t\t\t\t<a href=\"#elementor-action%3Aaction%3Dpopup%3Aopen%26settings%3DeyJpZCI6IjE1NTk4IiwidG9nZ2xlIjpmYWxzZX0%3D\">\n\t\t\t\t\t\t\t<img fetchpriority=\"high\" decoding=\"async\" width=\"800\" height=\"450\" src=\"https:\/\/elixfpv.com\/wp-content\/uploads\/2026\/02\/Assetto-Minia-Web-1024x576.jpg\" class=\"attachment-large size-large wp-image-14691\" alt=\"\" srcset=\"https:\/\/elixfpv.com\/wp-content\/uploads\/2026\/02\/Assetto-Minia-Web-1024x576.jpg 1024w, https:\/\/elixfpv.com\/wp-content\/uploads\/2026\/02\/Assetto-Minia-Web-300x169.jpg 300w, https:\/\/elixfpv.com\/wp-content\/uploads\/2026\/02\/Assetto-Minia-Web-768x432.jpg 768w, https:\/\/elixfpv.com\/wp-content\/uploads\/2026\/02\/Assetto-Minia-Web-1536x864.jpg 1536w, https:\/\/elixfpv.com\/wp-content\/uploads\/2026\/02\/Assetto-Minia-Web.jpg 1920w\" sizes=\"(max-width: 800px) 100vw, 800px\" \/>\t\t\t\t\t\t\t\t<\/a>\n\t\t\t\t\t\t\t\t\t\t\t\t\t\t\t<\/div>\n\t\t\t\t<\/div>\n\t\t\t\t<div class=\"elementor-element elementor-element-10987442 elementor-widget elementor-widget-image\" data-id=\"10987442\" data-element_type=\"widget\" data-e-type=\"widget\" data-widget_type=\"image.default\">\n\t\t\t\t<div class=\"elementor-widget-container\">\n\t\t\t\t\t\t\t\t\t\t\t\t\t\t\t\t<a href=\"#elementor-action%3Aaction%3Dpopup%3Aopen%26settings%3DeyJpZCI6IjE0MDIzIiwidG9nZ2xlIjpmYWxzZX0%3D\">\n\t\t\t\t\t\t\t<img decoding=\"async\" src=\"http:\/\/elixfpv.com\/wp-content\/uploads\/2026\/02\/Liberte-Minia-Web.jpg\" title=\"\" alt=\"\" loading=\"lazy\" \/>\t\t\t\t\t\t\t\t<\/a>\n\t\t\t\t\t\t\t\t\t\t\t\t\t\t\t<\/div>\n\t\t\t\t<\/div>\n\t\t\t\t<div class=\"elementor-element elementor-element-23df5b56 elementor-widget elementor-widget-image\" data-id=\"23df5b56\" data-element_type=\"widget\" data-e-type=\"widget\" data-widget_type=\"image.default\">\n\t\t\t\t<div class=\"elementor-widget-container\">\n\t\t\t\t\t\t\t\t\t\t\t\t\t\t\t\t<a href=\"#elementor-action%3Aaction%3Dpopup%3Aopen%26settings%3DeyJpZCI6IjE1NjYwIiwidG9nZ2xlIjpmYWxzZX0%3D\">\n\t\t\t\t\t\t\t<img decoding=\"async\" width=\"800\" height=\"450\" src=\"https:\/\/elixfpv.com\/wp-content\/uploads\/2026\/02\/Minaiture-Web-1024x576.jpg\" class=\"attachment-large size-large wp-image-14708\" alt=\"\" srcset=\"https:\/\/elixfpv.com\/wp-content\/uploads\/2026\/02\/Minaiture-Web-1024x576.jpg 1024w, https:\/\/elixfpv.com\/wp-content\/uploads\/2026\/02\/Minaiture-Web-300x169.jpg 300w, https:\/\/elixfpv.com\/wp-content\/uploads\/2026\/02\/Minaiture-Web-768x432.jpg 768w, https:\/\/elixfpv.com\/wp-content\/uploads\/2026\/02\/Minaiture-Web-1536x864.jpg 1536w, https:\/\/elixfpv.com\/wp-content\/uploads\/2026\/02\/Minaiture-Web.jpg 1920w\" sizes=\"(max-width: 800px) 100vw, 800px\" \/>\t\t\t\t\t\t\t\t<\/a>\n\t\t\t\t\t\t\t\t\t\t\t\t\t\t\t<\/div>\n\t\t\t\t<\/div>\n\t\t\t\t<\/div>\n\t\t\t\t<\/div>\n\t\t\t\t\t<\/div>\n\t\t\t\t<\/div>\n\t\t<div class=\"elementor-element elementor-element-761908a e-flex e-con-boxed e-con e-parent\" data-id=\"761908a\" data-element_type=\"container\" data-e-type=\"container\">\n\t\t\t\t\t<div class=\"e-con-inner\">\n\t\t<div class=\"elementor-element elementor-element-03af213 e-con-full e-flex e-con e-child\" data-id=\"03af213\" data-element_type=\"container\" data-e-type=\"container\">\n\t\t\t\t<div class=\"elementor-element elementor-element-b322c9e elementor-cta--skin-cover elementor-widget elementor-widget-call-to-action\" data-id=\"b322c9e\" data-element_type=\"widget\" data-e-type=\"widget\" data-widget_type=\"call-to-action.default\">\n\t\t\t\t<div class=\"elementor-widget-container\">\n\t\t\t\t\t\t\t<a class=\"elementor-cta\" href=\"#elementor-action%3Aaction%3Dpopup%3Aopen%26settings%3DeyJpZCI6IjE1NzMwIiwidG9nZ2xlIjpmYWxzZX0%3D\">\r\n\t\t\t\t\t<div class=\"elementor-cta__bg-wrapper\">\r\n\t\t\t\t<div class=\"elementor-cta__bg elementor-bg\" style=\"background-image: url(https:\/\/elixfpv.com\/wp-content\/uploads\/2026\/02\/Assetto-Minia-Web.jpg);\" role=\"img\" aria-label=\"Assetto Minia Web\"><\/div>\r\n\t\t\t\t<div class=\"elementor-cta__bg-overlay\"><\/div>\r\n\t\t\t<\/div>\r\n\t\t\t\t\t\t\t<div class=\"elementor-cta__content\">\r\n\t\t\t\t\r\n\t\t\t\t\t\t\t\t\t<h1 class=\"elementor-cta__title elementor-cta__content-item elementor-content-item\">\r\n\t\t\t\t\t\tChasing dans Assetto corsa\t\t\t\t\t<\/h1>\r\n\t\t\t\t\r\n\t\t\t\t\r\n\t\t\t\t\t\t\t<\/div>\r\n\t\t\t\t\t\t<\/a>\r\n\t\t\t\t\t\t<\/div>\n\t\t\t\t<\/div>\n\t\t\t\t<\/div>\n\t\t<div class=\"elementor-element elementor-element-a1133bb e-con-full e-flex e-con e-child\" data-id=\"a1133bb\" data-element_type=\"container\" data-e-type=\"container\">\n\t\t\t\t<div class=\"elementor-element elementor-element-415f35e elementor-cta--skin-cover elementor-widget elementor-widget-call-to-action\" data-id=\"415f35e\" data-element_type=\"widget\" data-e-type=\"widget\" data-widget_type=\"call-to-action.default\">\n\t\t\t\t<div class=\"elementor-widget-container\">\n\t\t\t\t\t\t\t<a class=\"elementor-cta\" href=\"#elementor-action%3Aaction%3Dpopup%3Aopen%26settings%3DeyJpZCI6IjE1NjYwIiwidG9nZ2xlIjpmYWxzZX0%3D\">\r\n\t\t\t\t\t<div class=\"elementor-cta__bg-wrapper\">\r\n\t\t\t\t<div class=\"elementor-cta__bg elementor-bg\" style=\"background-image: url(https:\/\/elixfpv.com\/wp-content\/uploads\/2026\/02\/Liberte-Minia-Web.jpg);\" role=\"img\" aria-label=\"Libert\u00e9 Minia Web\"><\/div>\r\n\t\t\t\t<div class=\"elementor-cta__bg-overlay\"><\/div>\r\n\t\t\t<\/div>\r\n\t\t\t\t\t\t\t<div class=\"elementor-cta__content\">\r\n\t\t\t\t\r\n\t\t\t\t\t\t\t\t\t<h1 class=\"elementor-cta__title elementor-cta__content-item elementor-content-item\">\r\n\t\t\t\t\t\tLibert\u00e9\t\t\t\t\t<\/h1>\r\n\t\t\t\t\r\n\t\t\t\t\r\n\t\t\t\t\t\t\t<\/div>\r\n\t\t\t\t\t\t<\/a>\r\n\t\t\t\t\t\t<\/div>\n\t\t\t\t<\/div>\n\t\t\t\t<\/div>\n\t\t<div class=\"elementor-element elementor-element-1aab7de e-con-full e-flex e-con e-child\" data-id=\"1aab7de\" data-element_type=\"container\" data-e-type=\"container\">\n\t\t\t\t<div class=\"elementor-element elementor-element-5a1cac6 elementor-cta--skin-cover elementor-widget elementor-widget-call-to-action\" data-id=\"5a1cac6\" data-element_type=\"widget\" data-e-type=\"widget\" data-widget_type=\"call-to-action.default\">\n\t\t\t\t<div class=\"elementor-widget-container\">\n\t\t\t\t\t\t\t<a class=\"elementor-cta\" href=\"#elementor-action%3Aaction%3Dpopup%3Aopen%26settings%3DeyJpZCI6IjE1NjYwIiwidG9nZ2xlIjpmYWxzZX0%3D\">\r\n\t\t\t\t\t<div class=\"elementor-cta__bg-wrapper\">\r\n\t\t\t\t<div class=\"elementor-cta__bg elementor-bg\" style=\"background-image: url(https:\/\/elixfpv.com\/wp-content\/uploads\/2026\/02\/Minaiture-Web.jpg);\" role=\"img\" aria-label=\"Freestyle in paris Vol.2 minia Web\"><\/div>\r\n\t\t\t\t<div class=\"elementor-cta__bg-overlay\"><\/div>\r\n\t\t\t<\/div>\r\n\t\t\t\t\t\t\t<div class=\"elementor-cta__content\">\r\n\t\t\t\t\r\n\t\t\t\t\t\t\t\t\t<h1 class=\"elementor-cta__title elementor-cta__content-item elementor-content-item\">\r\n\t\t\t\t\t\tReverse Car\t\t\t\t\t<\/h1>\r\n\t\t\t\t\r\n\t\t\t\t\r\n\t\t\t\t\t\t\t<\/div>\r\n\t\t\t\t\t\t<\/a>\r\n\t\t\t\t\t\t<\/div>\n\t\t\t\t<\/div>\n\t\t\t\t<\/div>\n\t\t<div class=\"elementor-element elementor-element-8d89839 e-con-full e-flex e-con e-child\" data-id=\"8d89839\" data-element_type=\"container\" data-e-type=\"container\">\n\t\t\t\t<div class=\"elementor-element elementor-element-1ad3522 elementor-cta--skin-cover elementor-widget elementor-widget-call-to-action\" data-id=\"1ad3522\" data-element_type=\"widget\" data-e-type=\"widget\" data-widget_type=\"call-to-action.default\">\n\t\t\t\t<div class=\"elementor-widget-container\">\n\t\t\t\t\t\t\t<a class=\"elementor-cta\" href=\"#elementor-action%3Aaction%3Dpopup%3Aopen%26settings%3DeyJpZCI6IjE1NjYwIiwidG9nZ2xlIjpmYWxzZX0%3D\">\r\n\t\t\t\t\t<div class=\"elementor-cta__bg-wrapper\">\r\n\t\t\t\t<div class=\"elementor-cta__bg elementor-bg\" style=\"background-image: url(https:\/\/elixfpv.com\/wp-content\/uploads\/2026\/02\/Nagano-Minaiture-Web.jpg);\" role=\"img\" aria-label=\"Nagano Minaiture Web\"><\/div>\r\n\t\t\t\t<div class=\"elementor-cta__bg-overlay\"><\/div>\r\n\t\t\t<\/div>\r\n\t\t\t\t\t\t\t<div class=\"elementor-cta__content\">\r\n\t\t\t\t\r\n\t\t\t\t\t\t\t\t\t<h1 class=\"elementor-cta__title elementor-cta__content-item elementor-content-item\">\r\n\t\t\t\t\t\tNAGANO\t\t\t\t\t<\/h1>\r\n\t\t\t\t\r\n\t\t\t\t\r\n\t\t\t\t\t\t\t<\/div>\r\n\t\t\t\t\t\t<\/a>\r\n\t\t\t\t\t\t<\/div>\n\t\t\t\t<\/div>\n\t\t\t\t<\/div>\n\t\t<div class=\"elementor-element elementor-element-2ad0ce8 e-con-full e-flex e-con e-child\" data-id=\"2ad0ce8\" data-element_type=\"container\" data-e-type=\"container\">\n\t\t\t\t<div class=\"elementor-element elementor-element-16880bf elementor-cta--skin-cover elementor-widget elementor-widget-call-to-action\" data-id=\"16880bf\" data-element_type=\"widget\" data-e-type=\"widget\" data-widget_type=\"call-to-action.default\">\n\t\t\t\t<div class=\"elementor-widget-container\">\n\t\t\t\t\t\t\t<a class=\"elementor-cta\" href=\"#elementor-action%3Aaction%3Dpopup%3Aopen%26settings%3DeyJpZCI6IjE1NjYwIiwidG9nZ2xlIjpmYWxzZX0%3D\">\r\n\t\t\t\t\t<div class=\"elementor-cta__bg-wrapper\">\r\n\t\t\t\t<div class=\"elementor-cta__bg elementor-bg\" style=\"background-image: url(https:\/\/elixfpv.com\/wp-content\/uploads\/2026\/02\/Nagano-Minaiture-Web.jpg);\" role=\"img\" aria-label=\"Nagano Minaiture Web\"><\/div>\r\n\t\t\t\t<div class=\"elementor-cta__bg-overlay\"><\/div>\r\n\t\t\t<\/div>\r\n\t\t\t\t\t\t\t<div class=\"elementor-cta__content\">\r\n\t\t\t\t\r\n\t\t\t\t\t\t\t\t\t<h1 class=\"elementor-cta__title elementor-cta__content-item elementor-content-item\">\r\n\t\t\t\t\t\tNAGANO\t\t\t\t\t<\/h1>\r\n\t\t\t\t\r\n\t\t\t\t\r\n\t\t\t\t\t\t\t<\/div>\r\n\t\t\t\t\t\t<\/a>\r\n\t\t\t\t\t\t<\/div>\n\t\t\t\t<\/div>\n\t\t\t\t<\/div>\n\t\t\t\t\t<\/div>\n\t\t\t\t<\/div>\n\t\t<div class=\"elementor-element elementor-element-6adabb0c e-flex e-con-boxed e-con e-parent\" data-id=\"6adabb0c\" data-element_type=\"container\" data-e-type=\"container\">\n\t\t\t\t\t<div class=\"e-con-inner\">\n\t\t\t\t<div class=\"elementor-element elementor-element-573d2368 elementor-widget elementor-widget-text-editor\" data-id=\"573d2368\" data-element_type=\"widget\" data-e-type=\"widget\" data-widget_type=\"text-editor.default\">\n\t\t\t\t<div class=\"elementor-widget-container\">\n\t\t\t\t\t\t\t\t\t<p data-start=\"372\" data-end=\"714\" class=\"translation-block\">La r\u00e9alisation de clips musicaux en <strong data-start=\"408\" data-end=\"421\">drone FPV<\/strong> m\u2019a permis d\u2019explorer une mani\u00e8re totalement nouvelle de raconter la musique en image.<br data-start=\"508\" data-end=\"511\">Gr\u00e2ce \u00e0 la libert\u00e9 de mouvement du FPV \u2014 impossible \u00e0 obtenir avec un drone classique ou une cam\u00e9ra au sol \u2014 chaque clip devient une exp\u00e9rience <strong data-start=\"655\" data-end=\"668\">immersive<\/strong>, <strong data-start=\"670\" data-end=\"681\">rythm\u00e9e<\/strong> et profond\u00e9ment <strong data-start=\"698\" data-end=\"713\">sensorielle<\/strong>.<\/p><p data-start=\"716\" data-end=\"1090\">Le FPV permet d\u2019\u00e9pouser l\u2019\u00e9nergie d\u2019un morceau, de suivre les artistes au plus pr\u00e8s, de jouer avec la vitesse, l\u2019espace et les perspectives pour cr\u00e9er des plans qui amplifient l\u2019\u00e9motion.<br data-start=\"902\" data-end=\"905\" \/>Qu\u2019il s\u2019agisse d\u2019une ambiance douce et a\u00e9rienne ou d\u2019un univers plus dynamique et percutant, chaque vol est pens\u00e9 comme un <strong data-start=\"1028\" data-end=\"1052\">cadrage chor\u00e9graphi\u00e9<\/strong>, synchronis\u00e9 au rythme de la musique.<\/p><p data-start=\"1092\" data-end=\"1466\">J\u2019accorde une importance particuli\u00e8re \u00e0 la <strong data-start=\"1135\" data-end=\"1152\">mise en sc\u00e8ne<\/strong>, \u00e0 la <strong data-start=\"1159\" data-end=\"1185\">pr\u00e9paration artistique<\/strong> et \u00e0 la fa\u00e7on dont chaque mouvement de cam\u00e9ra peut raconter quelque chose.<br data-start=\"1260\" data-end=\"1263\" \/>Le FPV est une v\u00e9ritable extension du langage cin\u00e9matographique : il cr\u00e9e des transitions, ouvre des espaces, traverse les environnements et capte des instants de mani\u00e8re organique, fluide et expressive.<\/p><p data-start=\"1468\" data-end=\"1672\">Gr\u00e2ce \u00e0 cette approche, j\u2019ai eu la chance de collaborer avec des artistes aux univers tr\u00e8s diff\u00e9rents, en adaptant toujours mes drones, mes trajectoires et mes intentions d\u2019image \u00e0 leur identit\u00e9 visuelle.<\/p>\t\t\t\t\t\t\t\t<\/div>\n\t\t\t\t<\/div>\n\t\t\t\t\t<\/div>\n\t\t\t\t<\/div>\n\t\t\t\t<\/div>","protected":false},"excerpt":{"rendered":"<p>PROJETS PERSO Chasing dans Assetto corsa Libert\u00e9 Reverse Car NAGANO NAGANO La r\u00e9alisation de clips musicaux en drone FPV m\u2019a permis d\u2019explorer une mani\u00e8re totalement nouvelle de raconter la musique en image.Gr\u00e2ce \u00e0 la libert\u00e9 de mouvement du FPV \u2014 impossible \u00e0 obtenir avec un drone classique ou une cam\u00e9ra au sol \u2014 chaque clip [&hellip;]<\/p>","protected":false},"author":2,"featured_media":0,"parent":0,"menu_order":0,"comment_status":"closed","ping_status":"closed","template":"","meta":{"footnotes":""},"class_list":["post-12547","page","type-page","status-publish","hentry"],"_links":{"self":[{"href":"https:\/\/elixfpv.com\/en\/wp-json\/wp\/v2\/pages\/12547","targetHints":{"allow":["GET"]}}],"collection":[{"href":"https:\/\/elixfpv.com\/en\/wp-json\/wp\/v2\/pages"}],"about":[{"href":"https:\/\/elixfpv.com\/en\/wp-json\/wp\/v2\/types\/page"}],"author":[{"embeddable":true,"href":"https:\/\/elixfpv.com\/en\/wp-json\/wp\/v2\/users\/2"}],"replies":[{"embeddable":true,"href":"https:\/\/elixfpv.com\/en\/wp-json\/wp\/v2\/comments?post=12547"}],"version-history":[{"count":51,"href":"https:\/\/elixfpv.com\/en\/wp-json\/wp\/v2\/pages\/12547\/revisions"}],"predecessor-version":[{"id":15770,"href":"https:\/\/elixfpv.com\/en\/wp-json\/wp\/v2\/pages\/12547\/revisions\/15770"}],"wp:attachment":[{"href":"https:\/\/elixfpv.com\/en\/wp-json\/wp\/v2\/media?parent=12547"}],"curies":[{"name":"wp","href":"https:\/\/api.w.org\/{rel}","templated":true}]}}